{"id":21805,"date":"2023-08-29T15:19:55","date_gmt":"2023-08-29T07:19:55","guid":{"rendered":"https:\/\/suncasesupply.com\/?post_type=product&#038;p=21805"},"modified":"2025-02-26T11:44:20","modified_gmt":"2025-02-26T03:44:20","slug":"custom-made-keyboard-flight-case-with-heavy-duty-hardware","status":"publish","type":"product","link":"https:\/\/suncasesupply.com\/pt\/product\/custom-made-keyboard-flight-case-with-heavy-duty-hardware\/","title":{"rendered":"Capa de voo de teclado personalizada com hardware resistente"},"content":{"rendered":"<p>&nbsp;<\/p>\n<table width=\"774\">\n<tbody>\n<tr>\n<td width=\"177\">Item<\/td>\n<td width=\"597\">Caso de v\u00f4o<\/td>\n<\/tr>\n<tr>\n<td>Dimens\u00e3o<\/td>\n<td>Customizar<\/td>\n<\/tr>\n<tr>\n<td>Cores<\/td>\n<td>Como as imagens mostram ou personalizam<\/td>\n<\/tr>\n<tr>\n<td>Materiais<\/td>\n<td>Alum\u00ednio, madeira compensada, EVA\/espuma\/tecido\/forro de PU, ferragens<\/td>\n<\/tr>\n<tr>\n<td>Logotipo<\/td>\n<td>Logotipo da placa de metal, logotipo impresso, logotipo em relevo, logotipo do laser<\/td>\n<\/tr>\n<tr>\n<td>Tempo de amostra<\/td>\n<td>7 dias<\/td>\n<\/tr>\n<tr>\n<td>Porto de embarque<\/td>\n<td>Cant\u00e3o, Shenzhen<\/td>\n<\/tr>\n<tr>\n<td>Termos de negocia\u00e7\u00e3o<\/td>\n<td>EXW, FOB, CIF, DDU, DDP<\/td>\n<\/tr>\n<tr>\n<td>M\u00e9todos de Pagamento<\/td>\n<td>T\/T, dinheiro, PayPal, cart\u00e3o de cr\u00e9dito<\/td>\n<\/tr>\n<\/tbody>\n<\/table>\n<p><span style=\"color: #003366;\">Caracter\u00edsticas:<\/span><\/p>\n<p>As capas de voo do teclado s\u00e3o fabricadas com altos padr\u00f5es de qualidade. \u00c9 forte, mas tamb\u00e9m leve, tornando-os ideais para proteger seu valioso instrumento durante shows ou turn\u00eas. Sua constru\u00e7\u00e3o Astraboard de 7 mm e rodas de arrasto facilitam o manuseio, o que significa menos complica\u00e7\u00f5es no transporte do seu instrumento para os locais.<\/p>\n<p>Constru\u00e7\u00e3o de case de voo Astraboard forte e leve de 7 mm<br \/>\nCantos de a\u00e7o e extrus\u00e3o de alum\u00ednio<br \/>\nCapturas de borboleta embutidas com cadeado<br \/>\nCompartimento principal acolchoado com aberturas de eleva\u00e7\u00e3o para f\u00e1cil remo\u00e7\u00e3o do teclado<br \/>\nCompartimento adicional de 100 mm de largura para cabos, pedais e acess\u00f3rios<br \/>\nRodas de arrasto integradas (opcional)<br \/>\nTampa articulada com tampa permanece para segurar a tampa logo ap\u00f3s 90 graus<br \/>\nAl\u00e7as de transporte e al\u00e7as de arrasto com molas de a\u00e7o<br \/>\nFornecido com espuma adapt\u00e1vel para dar prote\u00e7\u00e3o adicional ao seu teclado<\/p>","protected":false},"excerpt":{"rendered":"<p>Modelo: Z57<\/p>\n<p>Tamanho: Personalizar<\/p>\n<p>Quantidade m\u00ednima: 100 pe\u00e7as<\/p>\n<p>Prazo de entrega: 15-25 dias<\/p>\n<p>Amostra: Dispon\u00edvel<\/p>","protected":false},"featured_media":21813,"template":"","meta":{"_gspb_post_css":""},"product_cat":[88],"product_tag":[],"featured_image_urls":{"full":["https:\/\/suncasesupply.com\/wp-content\/uploads\/2023\/08\/1-9.png",1001,1001,false],"thumbnail":["https:\/\/suncasesupply.com\/wp-content\/uploads\/2023\/08\/1-9-150x150.png",150,150,true],"medium":["https:\/\/suncasesupply.com\/wp-content\/uploads\/2023\/08\/1-9-300x300.png",300,300,true],"medium_large":["https:\/\/suncasesupply.com\/wp-content\/uploads\/2023\/08\/1-9-768x768.png",768,768,true],"large":["https:\/\/suncasesupply.com\/wp-content\/uploads\/2023\/08\/1-9.png",1001,1001,false],"1536x1536":["https:\/\/suncasesupply.com\/wp-content\/uploads\/2023\/08\/1-9.png",1001,1001,false],"2048x2048":["https:\/\/suncasesupply.com\/wp-content\/uploads\/2023\/08\/1-9.png",1001,1001,false],"trp-custom-language-flag":["https:\/\/suncasesupply.com\/wp-content\/uploads\/2023\/08\/1-9.png",12,12,false],"woocommerce_thumbnail":["https:\/\/suncasesupply.com\/wp-content\/uploads\/2023\/08\/1-9-300x300.png",300,300,true],"woocommerce_single":["https:\/\/suncasesupply.com\/wp-content\/uploads\/2023\/08\/1-9-600x600.png",600,600,true],"woocommerce_gallery_thumbnail":["https:\/\/suncasesupply.com\/wp-content\/uploads\/2023\/08\/1-9-100x100.png",100,100,true]},"post_excerpt_stackable":"<p>Model : Z57<\/p>\n<p>Size: Customize<\/p>\n<p>MOQ: 100pcs<\/p>\n<p>Delivery Time : 15-25 Days<\/p>\n<p>Sample : Available<\/p>\n","category_list":"","author_info":{"name":"","url":""},"comments_num":"0 comments","_links":{"self":[{"href":"https:\/\/suncasesupply.com\/pt\/wp-json\/wp\/v2\/product\/21805"}],"collection":[{"href":"https:\/\/suncasesupply.com\/pt\/wp-json\/wp\/v2\/product"}],"about":[{"href":"https:\/\/suncasesupply.com\/pt\/wp-json\/wp\/v2\/types\/product"}],"wp:featuredmedia":[{"embeddable":true,"href":"https:\/\/suncasesupply.com\/pt\/wp-json\/wp\/v2\/media\/21813"}],"wp:attachment":[{"href":"https:\/\/suncasesupply.com\/pt\/wp-json\/wp\/v2\/media?parent=21805"}],"wp:term":[{"taxonomy":"product_cat","embeddable":true,"href":"https:\/\/suncasesupply.com\/pt\/wp-json\/wp\/v2\/product_cat?post=21805"},{"taxonomy":"product_tag","embeddable":true,"href":"https:\/\/suncasesupply.com\/pt\/wp-json\/wp\/v2\/product_tag?post=21805"}],"curies":[{"name":"wp","href":"https:\/\/api.w.org\/{rel}","templated":true}]}}