{"id":21773,"date":"2023-08-29T14:29:52","date_gmt":"2023-08-29T06:29:52","guid":{"rendered":"https:\/\/suncasesupply.com\/?post_type=product&#038;p=21773"},"modified":"2025-02-26T11:34:25","modified_gmt":"2025-02-26T03:34:25","slug":"heavy-duty-flight-case-transport-flight-cable-storage-case-1800-x-580-x-580-mm","status":"publish","type":"product","link":"https:\/\/suncasesupply.com\/pt\/product\/heavy-duty-flight-case-transport-flight-cable-storage-case-1800-x-580-x-580-mm\/","title":{"rendered":"Caixa de armazenamento de cabo de v\u00f4o de transporte de caixa de v\u00f4o resistente 1800 x 580 x 580 mm"},"content":{"rendered":"<p>&nbsp;<\/p>\n<table width=\"774\">\n<tbody>\n<tr>\n<td width=\"177\">Item<\/td>\n<td width=\"597\">Caso de v\u00f4o<\/td>\n<\/tr>\n<tr>\n<td>Dimens\u00e3o<\/td>\n<td>1800 x 580 x 580 mm ou personalizar<\/td>\n<\/tr>\n<tr>\n<td>Cores<\/td>\n<td>Como as imagens mostram ou personalizam<\/td>\n<\/tr>\n<tr>\n<td>Materiais<\/td>\n<td>Alum\u00ednio, madeira compensada, EVA\/espuma\/tecido\/forro de PU, ferragens<\/td>\n<\/tr>\n<tr>\n<td>Logotipo<\/td>\n<td>Logotipo da placa de metal, logotipo impresso, logotipo em relevo, logotipo do laser<\/td>\n<\/tr>\n<tr>\n<td>Tempo de amostra<\/td>\n<td>7 dias<\/td>\n<\/tr>\n<tr>\n<td>Porto de embarque<\/td>\n<td>Cant\u00e3o, Shenzhen<\/td>\n<\/tr>\n<tr>\n<td>Termos de negocia\u00e7\u00e3o<\/td>\n<td>EXW, FOB, CIF, DDU, DDP<\/td>\n<\/tr>\n<tr>\n<td>M\u00e9todos de Pagamento<\/td>\n<td>T\/T, dinheiro, PayPal, cart\u00e3o de cr\u00e9dito<\/td>\n<\/tr>\n<\/tbody>\n<\/table>\n<p><span style=\"color: #003366;\">Caracter\u00edsticas:<\/span><\/p>\n<p>Os troncos telef\u00e9ricos s\u00e3o um dos cases de voo mais populares do mercado devido \u00e0 sua versatilidade. Os ba\u00fas de estrada s\u00e3o adequados para praticamente qualquer setor, incluindo esportes motorizados, transmiss\u00e3o, eventos audiovisuais, shows ao vivo, para citar alguns, e projetamos nossa linha de ba\u00fas para servi\u00e7o pesado para sobreviver por toda a vida. no mercado, travas resistentes para maior vida \u00fatil e fixa\u00e7\u00e3o mais forte, bordas de alum\u00ednio resistentes de 35 mm tornam a constru\u00e7\u00e3o ultra forte, rod\u00edzios de borracha do Reino Unido com uma alta classifica\u00e7\u00e3o de carga.<\/p>\n<p>Nossa linha de ba\u00fas resistentes \u00e9 constru\u00edda para durar a vida toda.<\/p>\n<p>&nbsp;<\/p>","protected":false},"excerpt":{"rendered":"<p>Modelo: SC-FL0009<\/p>\n<p>Tamanho: 1800 x 580 x 580 mm<\/p>\n<p>Quantidade m\u00ednima: 5 pe\u00e7as<\/p>\n<p>Prazo de entrega: 15-25 dias<\/p>\n<p>Amostra: Dispon\u00edvel<\/p>","protected":false},"featured_media":21785,"template":"","meta":{"_gspb_post_css":""},"product_cat":[91],"product_tag":[],"featured_image_urls":{"full":["https:\/\/suncasesupply.com\/wp-content\/uploads\/2023\/08\/1-66.jpg",1000,863,false],"thumbnail":["https:\/\/suncasesupply.com\/wp-content\/uploads\/2023\/08\/1-66-150x150.jpg",150,150,true],"medium":["https:\/\/suncasesupply.com\/wp-content\/uploads\/2023\/08\/1-66-300x259.jpg",300,259,true],"medium_large":["https:\/\/suncasesupply.com\/wp-content\/uploads\/2023\/08\/1-66-768x663.jpg",768,663,true],"large":["https:\/\/suncasesupply.com\/wp-content\/uploads\/2023\/08\/1-66.jpg",1000,863,false],"1536x1536":["https:\/\/suncasesupply.com\/wp-content\/uploads\/2023\/08\/1-66.jpg",1000,863,false],"2048x2048":["https:\/\/suncasesupply.com\/wp-content\/uploads\/2023\/08\/1-66.jpg",1000,863,false],"trp-custom-language-flag":["https:\/\/suncasesupply.com\/wp-content\/uploads\/2023\/08\/1-66.jpg",14,12,false],"woocommerce_thumbnail":["https:\/\/suncasesupply.com\/wp-content\/uploads\/2023\/08\/1-66-300x300.jpg",300,300,true],"woocommerce_single":["https:\/\/suncasesupply.com\/wp-content\/uploads\/2023\/08\/1-66-600x518.jpg",600,518,true],"woocommerce_gallery_thumbnail":["https:\/\/suncasesupply.com\/wp-content\/uploads\/2023\/08\/1-66-100x100.jpg",100,100,true]},"post_excerpt_stackable":"<p>Model : SC-FL0009<\/p>\n<p>Size: 1800 X 580 X 580 mm<\/p>\n<p>MOQ: 5pcs<\/p>\n<p>Delivery Time : 15-25 Days<\/p>\n<p>Sample : Available<\/p>\n","category_list":"","author_info":{"name":"","url":""},"comments_num":"0 comments","_links":{"self":[{"href":"https:\/\/suncasesupply.com\/pt\/wp-json\/wp\/v2\/product\/21773"}],"collection":[{"href":"https:\/\/suncasesupply.com\/pt\/wp-json\/wp\/v2\/product"}],"about":[{"href":"https:\/\/suncasesupply.com\/pt\/wp-json\/wp\/v2\/types\/product"}],"wp:featuredmedia":[{"embeddable":true,"href":"https:\/\/suncasesupply.com\/pt\/wp-json\/wp\/v2\/media\/21785"}],"wp:attachment":[{"href":"https:\/\/suncasesupply.com\/pt\/wp-json\/wp\/v2\/media?parent=21773"}],"wp:term":[{"taxonomy":"product_cat","embeddable":true,"href":"https:\/\/suncasesupply.com\/pt\/wp-json\/wp\/v2\/product_cat?post=21773"},{"taxonomy":"product_tag","embeddable":true,"href":"https:\/\/suncasesupply.com\/pt\/wp-json\/wp\/v2\/product_tag?post=21773"}],"curies":[{"name":"wp","href":"https:\/\/api.w.org\/{rel}","templated":true}]}}