{"id":21754,"date":"2023-08-29T14:05:11","date_gmt":"2023-08-29T06:05:11","guid":{"rendered":"https:\/\/suncasesupply.com\/?post_type=product&#038;p=21754"},"modified":"2025-02-26T11:34:52","modified_gmt":"2025-02-26T03:34:52","slug":"43%e2%80%b3-x-27-5%e2%80%b3-x-24%e2%80%b3-trunk-pack-utility-touring-flight-case","status":"publish","type":"product","link":"https:\/\/suncasesupply.com\/pt\/product\/43%e2%80%b3-x-27-5%e2%80%b3-x-24%e2%80%b3-trunk-pack-utility-touring-flight-case\/","title":{"rendered":"43\u2033 x 27,5\u2033 x 24\u2033 Trunk Pack Utility Touring Flight Case"},"content":{"rendered":"<p>&nbsp;<\/p>\n<table width=\"774\">\n<tbody>\n<tr>\n<td width=\"177\">Item<\/td>\n<td width=\"597\">Caso de v\u00f4o<\/td>\n<\/tr>\n<tr>\n<td>Dimens\u00e3o<\/td>\n<td>43&quot; x 27,5&quot; x 24&quot;ou Personalizar<\/td>\n<\/tr>\n<tr>\n<td>Cores<\/td>\n<td>Como as imagens mostram ou personalizam<\/td>\n<\/tr>\n<tr>\n<td>Materiais<\/td>\n<td>Alum\u00ednio, madeira compensada, EVA\/espuma\/tecido\/forro de PU, ferragens<\/td>\n<\/tr>\n<tr>\n<td>Logotipo<\/td>\n<td>Logotipo da placa de metal, logotipo impresso, logotipo em relevo, logotipo do laser<\/td>\n<\/tr>\n<tr>\n<td>Tempo de amostra<\/td>\n<td>7 dias<\/td>\n<\/tr>\n<tr>\n<td>Porto de embarque<\/td>\n<td>Cant\u00e3o, Shenzhen<\/td>\n<\/tr>\n<tr>\n<td>Termos de negocia\u00e7\u00e3o<\/td>\n<td>EXW, FOB, CIF, DDU, DDP<\/td>\n<\/tr>\n<tr>\n<td>M\u00e9todos de Pagamento<\/td>\n<td>T\/T, dinheiro, PayPal, cart\u00e3o de cr\u00e9dito<\/td>\n<\/tr>\n<\/tbody>\n<\/table>\n<p>Aproximadamente. Dimens\u00f5es externas: 45,5\u2033 L x 30\u2033 P x 32,25\u2033 A<br \/>\nAproximadamente. Dimens\u00f5es internas: 43\u2033 L x 27,75\u2033 P x 24\u2033 A<br \/>\nAproximadamente. Peso: 136 libras<\/p>\n<p>Constru\u00e7\u00f5es da caixa: Todas as ferragens anodizadas pretas e com revestimento em p\u00f3<br \/>\nCaracter\u00edsticas do case: rod\u00edzios<\/p>\n<p>O case de v\u00f4o \u00e9 feito de acabamento e ferragens de alum\u00ednio preto, que \u00e9 anodizado e\/ou revestido em p\u00f3 em \u201cPreto\u201d para uma apar\u00eancia \u00fanica que \u00e9 t\u00e3o elegante que \u00e9 al\u00e9m de legal.<\/p>\n<p>Este grande case pode conter uma tonelada de equipamentos e manter tudo organizado! Os recursos incluem um interior forrado de carpete, travas e al\u00e7as embutidas, cantos esf\u00e9ricos resistentes, tampas articuladas e placas de rod\u00edzios empilh\u00e1veis. Ele pode conter equipamentos de at\u00e9 43\u2033 x 27,5\u2033 x 24\u2033.<\/p>\n<p>Recursos e especifica\u00e7\u00f5es<br \/>\n\u2022 Interior forrado com espuma<br \/>\n\u2022 Travas e al\u00e7as embutidas<br \/>\n\u2022 Rod\u00edzios para servi\u00e7o pesado de 3,5\u2033, 2 com freios *\u00c9 necess\u00e1rio conjunto de rod\u00edzios*<br \/>\n\u2022 Tampa articulada<br \/>\n\u2022 Empilhamento de placas de rod\u00edzio<br \/>\n\u2022 Cantos Esf\u00e9ricos Refor\u00e7ados<br \/>\n\u2022 43\u2033L x 27,5\u2033A x 24\u2033D Interior<br \/>\n\u2022 24\u2033 de altura do piso interno at\u00e9 a tampa superior interna<br \/>\n\u2022 A altura interna da tampa \u00e9 de 4\u2033 de altura<\/p>","protected":false},"excerpt":{"rendered":"<p>Modelo: Z50<\/p>\n<p>Tamanho: 43&quot; x 27,5&quot; x 24&quot;<\/p>\n<p>Quantidade m\u00ednima: 5 pe\u00e7as<\/p>\n<p>Prazo de entrega: 15-25 dias<\/p>\n<p>Amostra: Dispon\u00edvel<\/p>","protected":false},"featured_media":21755,"template":"","meta":{"_gspb_post_css":""},"product_cat":[91],"product_tag":[],"featured_image_urls":{"full":["https:\/\/suncasesupply.com\/wp-content\/uploads\/2023\/08\/10-8.jpg",1500,1500,false],"thumbnail":["https:\/\/suncasesupply.com\/wp-content\/uploads\/2023\/08\/10-8-150x150.jpg",150,150,true],"medium":["https:\/\/suncasesupply.com\/wp-content\/uploads\/2023\/08\/10-8-300x300.jpg",300,300,true],"medium_large":["https:\/\/suncasesupply.com\/wp-content\/uploads\/2023\/08\/10-8-768x768.jpg",768,768,true],"large":["https:\/\/suncasesupply.com\/wp-content\/uploads\/2023\/08\/10-8-1024x1024.jpg",1024,1024,true],"1536x1536":["https:\/\/suncasesupply.com\/wp-content\/uploads\/2023\/08\/10-8.jpg",1500,1500,false],"2048x2048":["https:\/\/suncasesupply.com\/wp-content\/uploads\/2023\/08\/10-8.jpg",1500,1500,false],"trp-custom-language-flag":["https:\/\/suncasesupply.com\/wp-content\/uploads\/2023\/08\/10-8.jpg",12,12,false],"woocommerce_thumbnail":["https:\/\/suncasesupply.com\/wp-content\/uploads\/2023\/08\/10-8-300x300.jpg",300,300,true],"woocommerce_single":["https:\/\/suncasesupply.com\/wp-content\/uploads\/2023\/08\/10-8-600x600.jpg",600,600,true],"woocommerce_gallery_thumbnail":["https:\/\/suncasesupply.com\/wp-content\/uploads\/2023\/08\/10-8-100x100.jpg",100,100,true]},"post_excerpt_stackable":"<p>Model : Z50<\/p>\n<p>Size: 43&#8221; x 27.5&#8221; x 24&#8221;<\/p>\n<p>MOQ: 5pcs<\/p>\n<p>Delivery Time : 15-25 Days<\/p>\n<p>Sample : Available<\/p>\n","category_list":"","author_info":{"name":"","url":""},"comments_num":"0 comments","_links":{"self":[{"href":"https:\/\/suncasesupply.com\/pt\/wp-json\/wp\/v2\/product\/21754"}],"collection":[{"href":"https:\/\/suncasesupply.com\/pt\/wp-json\/wp\/v2\/product"}],"about":[{"href":"https:\/\/suncasesupply.com\/pt\/wp-json\/wp\/v2\/types\/product"}],"wp:featuredmedia":[{"embeddable":true,"href":"https:\/\/suncasesupply.com\/pt\/wp-json\/wp\/v2\/media\/21755"}],"wp:attachment":[{"href":"https:\/\/suncasesupply.com\/pt\/wp-json\/wp\/v2\/media?parent=21754"}],"wp:term":[{"taxonomy":"product_cat","embeddable":true,"href":"https:\/\/suncasesupply.com\/pt\/wp-json\/wp\/v2\/product_cat?post=21754"},{"taxonomy":"product_tag","embeddable":true,"href":"https:\/\/suncasesupply.com\/pt\/wp-json\/wp\/v2\/product_tag?post=21754"}],"curies":[{"name":"wp","href":"https:\/\/api.w.org\/{rel}","templated":true}]}}