{"id":21727,"date":"2023-08-29T13:36:44","date_gmt":"2023-08-29T05:36:44","guid":{"rendered":"https:\/\/suncasesupply.com\/?post_type=product&#038;p=21727"},"modified":"2025-10-28T18:00:39","modified_gmt":"2025-10-28T10:00:39","slug":"aluminum-turntable-case-custom-carrying-case-with-with-side-compartment","status":"publish","type":"product","link":"https:\/\/suncasesupply.com\/pt\/product\/aluminum-turntable-case-custom-carrying-case-with-with-side-compartment\/","title":{"rendered":"Caixa de DJ de alum\u00ednio para Numark PT01 com compartimento lateral Caixa de toca-discos personalizada"},"content":{"rendered":"<h4><span style=\"color: #003366;\">Caracter\u00edsticas:<\/span><\/h4>\n<ul>\n<li><strong><b>Armazenar<\/b><\/strong>: O revestimento inferior deste estojo Turatable \u00e9 feito de espuma EVA moldada de alta densidade, o lado esquerdo \u00e9 adequado para acomodar a m\u00e1quina Numark PT01 Turatable, o compartimento do lado direito \u00e9 adequado para armazenar mixers compactos de 10 polegadas, fones de ouvido, alto-falantes Bluetooth, agulhas extras e outros itens port\u00e1teis essenciais.<\/li>\n<li><strong><b>Materiais<\/b><\/strong>: Acabamento externo preto e interior totalmente revestido com espuma.<\/li>\n<li><strong><b>Costumiza\u00e7\u00e3o<\/b><\/strong>: A cor, os materiais, o logotipo da marca etc., tudo pode ser personalizado de acordo com as solicita\u00e7\u00f5es dos clientes.<\/li>\n<\/ul>\n<h4><span style=\"color: #003366;\">Detalhes do produto:<\/span><\/h4>\n<div style=\"display: flex; gap: 20px;\">\n<p><!-- \u7b2c\u4e00\u680f --><\/p>\n<div style=\"flex: 1; text-align: center;\">\n<p><img decoding=\"async\" style=\"max-width: 100%; height: auto; margin-bottom: 10px;\" src=\"https:\/\/suncasesupply.com\/wp-content\/uploads\/2025\/03\/1-Moulded-EVA.jpg\" alt=\"EVA moldado\" \/><\/p>\n<p><b><\/b><strong><b>EVA moldado<\/b><\/strong><\/p>\n<p style=\"margin: 0;\">Na parte inferior do estojo girat\u00f3rio Numark PT01, h\u00e1 um molde personalizado de espuma EVA para encaixar e fixar o Numark PT01.<\/p>\n<p>&nbsp;<\/p>\n<\/div>\n<p><!-- \u7b2c\u4e8c\u680f --><\/p>\n<div style=\"flex: 1; text-align: center;\">\n<p><img decoding=\"async\" style=\"max-width: 100%; height: auto; margin-bottom: 10px;\" src=\"https:\/\/suncasesupply.com\/wp-content\/uploads\/2025\/03\/2-Protective-Foam.jpg\" alt=\"Espuma protetora\" \/><\/p>\n<p><b><\/b><strong><b>Espuma protetora<\/b><\/strong><\/p>\n<p style=\"margin: 0;\">A tampa superior interna \u00e9 feita de espuma de ovo, o que pode proteger os produtos durante o transporte e, ao mesmo tempo, pode fixar a m\u00e1quina internamente, mantendo-a parada.<\/p>\n<\/div>\n<p><!-- \u7b2c\u4e09\u680f --><\/p>\n<div style=\"flex: 1; text-align: center;\">\n<p><img decoding=\"async\" style=\"max-width: 100%; height: auto; margin-bottom: 10px;\" src=\"https:\/\/suncasesupply.com\/wp-content\/uploads\/2025\/03\/3-Locks-with-Key.jpg\" alt=\"Fechaduras com Chave\" \/><\/p>\n<p><b><\/b><b><\/b><strong><b>Fechaduras com Chave<\/b><\/strong><\/p>\n<p>Este estojo de toca-discos \u00e9 feito com 2 travas de seguran\u00e7a e combinado com 2 chaves. Desempenha principalmente o papel de prote\u00e7\u00e3o de seguran\u00e7a.<\/p>\n<\/div>\n<p><!-- \u7b2c\u56db\u680f --><\/p>\n<div style=\"flex: 1; text-align: center;\">\n<p><img decoding=\"async\" style=\"max-width: 100%; height: auto; margin-bottom: 10px;\" src=\"https:\/\/suncasesupply.com\/wp-content\/uploads\/2025\/03\/4-Stacking.jpg\" alt=\"Empilhamento\" \/><\/p>\n<p><strong><b>Empilhamento<\/b><\/strong><\/p>\n<p style=\"margin: 0;\">Vire a tampa remov\u00edvel do estojo para baixo, a parte inferior fica muito bem empilhada e segura na parte superior.<\/p>\n<\/div>\n<\/div>\n<h4><span style=\"color: #003366;\">Processo de fabrica\u00e7\u00e3o:<\/span><\/h4>\n<p><img decoding=\"async\" style=\"max-width: 100%; height: auto; margin-bottom: 10px;\" src=\"https:\/\/suncasesupply.com\/wp-content\/uploads\/2025\/07\/Manufacturing-Process.png\" alt=\"Processo de fabrica\u00e7\u00e3o do Suncase\" \/><\/p>\n<div style=\"display: flex; gap: 20px;\"><\/div>\n<div style=\"display: flex; gap: 20px;\">\n<div style=\"flex: 1; text-align: center;\">\n<p style=\"font-weight: bold; margin: 5px 0;\">\n<\/div>\n<\/div>\n<h4><span style=\"color: #003366;\">Informa\u00e7\u00f5es \u00fateis para compradores em massa:<\/span><\/h4>\n<ul>\n<li class=\"page-title\" title=\"O que torna os cart\u00f5es esportivos t\u00e3o valiosos?\">\n<p class=\"page-title\" title=\"6 raz\u00f5es pelas quais voc\u00ea deve se organizar com caixa de armazenamento de alum\u00ednio\"><a href=\"https:\/\/suncasesupply.com\/pt\/blog\/custom-aluminum-case\/6-reasons-to-use-aluminum-storage-box-today\/\">6 raz\u00f5es pelas quais voc\u00ea deve se organizar com uma caixa de armazenamento de alum\u00ednio &gt;&gt;<\/a><\/p>\n<\/li>\n<li title=\"O que torna os cart\u00f5es esportivos t\u00e3o valiosos?\">\n<p class=\"page-title\" title=\"Tudo o que voc\u00ea precisa saber sobre caixas de alum\u00ednio\"><a href=\"https:\/\/suncasesupply.com\/pt\/blog\/all-you-need-to-know-about-aluminum-cases\/\">Tudo o que voc\u00ea precisa saber sobre gabinetes de alum\u00ednio &gt;&gt;<\/a><\/p>\n<\/li>\n<li title=\"O que torna os cart\u00f5es esportivos t\u00e3o valiosos?\">\n<p class=\"page-title\" title=\"Duas maneiras de proteger seu equipamento de DJ com uma capa para controlador de DJ\"><a href=\"https:\/\/suncasesupply.com\/pt\/blog\/custom-aluminum-case\/two-ways-to-protect-your-dj-gear-with-a-dj-controller-case\/\">Duas maneiras de proteger seu equipamento de DJ com um estojo para controlador de DJ &gt;&gt;<\/a><\/p>\n<\/li>\n<\/ul>","protected":false},"excerpt":{"rendered":"<p>Modelo:BA-25002<\/p>\n<p>Tamanho: 24,75\u2033 L x 16,50\u2033 P x 5,75\u2033 A<\/p>\n<p>M\u00e1quina: Para segurar Numark PT01<\/p>\n<p>Cores: Cor prata<\/p>\n<p>Materiais: Madeira compensada, cantos em K de alum\u00ednio, placa de MDF, ferragens.<\/p>\n<p>Logotipo: Logotipo de impress\u00e3o em seda \/ Logotipo de placa de metal<\/p>\n<p>Quantidade m\u00ednima: 100 pe\u00e7as<\/p>\n<p>Condi\u00e7\u00f5es de pagamento: T\/T, dep\u00f3sito+saldo<\/p>","protected":false},"featured_media":21728,"template":"","meta":{"_gspb_post_css":""},"product_cat":[42,80],"product_tag":[],"featured_image_urls":{"full":["https:\/\/suncasesupply.com\/wp-content\/uploads\/2023\/08\/2-8.png",1500,1500,false],"thumbnail":["https:\/\/suncasesupply.com\/wp-content\/uploads\/2023\/08\/2-8-150x150.png",150,150,true],"medium":["https:\/\/suncasesupply.com\/wp-content\/uploads\/2023\/08\/2-8-300x300.png",300,300,true],"medium_large":["https:\/\/suncasesupply.com\/wp-content\/uploads\/2023\/08\/2-8-768x768.png",768,768,true],"large":["https:\/\/suncasesupply.com\/wp-content\/uploads\/2023\/08\/2-8-1024x1024.png",1024,1024,true],"1536x1536":["https:\/\/suncasesupply.com\/wp-content\/uploads\/2023\/08\/2-8.png",1500,1500,false],"2048x2048":["https:\/\/suncasesupply.com\/wp-content\/uploads\/2023\/08\/2-8.png",1500,1500,false],"trp-custom-language-flag":["https:\/\/suncasesupply.com\/wp-content\/uploads\/2023\/08\/2-8.png",12,12,false],"woocommerce_thumbnail":["https:\/\/suncasesupply.com\/wp-content\/uploads\/2023\/08\/2-8-300x300.png",300,300,true],"woocommerce_single":["https:\/\/suncasesupply.com\/wp-content\/uploads\/2023\/08\/2-8-600x600.png",600,600,true],"woocommerce_gallery_thumbnail":["https:\/\/suncasesupply.com\/wp-content\/uploads\/2023\/08\/2-8-100x100.png",100,100,true]},"post_excerpt_stackable":"<p>Model:BA-25002<\/p>\n<p>Size: 24.75&#8243; W x 16.50&#8243; D x 5.75&#8243; H<\/p>\n<p>Machine: To hold Numark PT01<\/p>\n<p>Colors: Silver color<\/p>\n<p>Materials: Plywood,\u00a0K-Corner Aluminum, MDF Board,Hardware.<\/p>\n<p>Logo: Silk Printing Logo \/ Metal Plate Logo<\/p>\n<p>MOQ: 100pcs<\/p>\n<p>Payment Terms: T\/T, Deposit+Balance<\/p>\n","category_list":"","author_info":{"name":"","url":""},"comments_num":"0 comments","_links":{"self":[{"href":"https:\/\/suncasesupply.com\/pt\/wp-json\/wp\/v2\/product\/21727"}],"collection":[{"href":"https:\/\/suncasesupply.com\/pt\/wp-json\/wp\/v2\/product"}],"about":[{"href":"https:\/\/suncasesupply.com\/pt\/wp-json\/wp\/v2\/types\/product"}],"wp:featuredmedia":[{"embeddable":true,"href":"https:\/\/suncasesupply.com\/pt\/wp-json\/wp\/v2\/media\/21728"}],"wp:attachment":[{"href":"https:\/\/suncasesupply.com\/pt\/wp-json\/wp\/v2\/media?parent=21727"}],"wp:term":[{"taxonomy":"product_cat","embeddable":true,"href":"https:\/\/suncasesupply.com\/pt\/wp-json\/wp\/v2\/product_cat?post=21727"},{"taxonomy":"product_tag","embeddable":true,"href":"https:\/\/suncasesupply.com\/pt\/wp-json\/wp\/v2\/product_tag?post=21727"}],"curies":[{"name":"wp","href":"https:\/\/api.w.org\/{rel}","templated":true}]}}