{"id":21718,"date":"2023-08-29T11:52:55","date_gmt":"2023-08-29T03:52:55","guid":{"rendered":"https:\/\/suncasesupply.com\/?post_type=product&#038;p=21718"},"modified":"2025-07-15T11:09:51","modified_gmt":"2025-07-15T03:09:51","slug":"wine-portable-aluminum-framed-wine-glass-carrying-case-with-custom-wine-glass-fit-foam-inserts","status":"publish","type":"product","link":"https:\/\/suncasesupply.com\/pt\/product\/wine-portable-aluminum-framed-wine-glass-carrying-case-with-custom-wine-glass-fit-foam-inserts\/","title":{"rendered":"Estojo de transporte em alum\u00ednio port\u00e1til para vidro de vinho com inser\u00e7\u00f5es de espuma adequadas para vidro de vinho personalizado"},"content":{"rendered":"<h4><span style=\"color: #003366;\">Caracter\u00edsticas:<\/span><\/h4>\n<ul>\n<li><strong><b>Dur\u00e1vel:<\/b><\/strong>Esta caixa de vinho de alum\u00ednio possui uma estrutura de alum\u00ednio com cantos de alum\u00ednio e pain\u00e9is de melamina de alto impacto para mant\u00ea-la resistente a impactos.<\/li>\n<li><strong><b>Costumiza\u00e7\u00e3o<\/b><\/strong>: Inser\u00e7\u00f5es de espuma remov\u00edveis e personalizadas permitem o encaixe perfeito de duas ta\u00e7as de vinho, envoltas em espuma na parte inferior e superior da caixa, impedindo o movimento das ta\u00e7as durante o transporte. As inser\u00e7\u00f5es de espuma incluem um espa\u00e7o recortado para o abridor de vinho. Vem com cadeado e chave para proteger a caixa durante o armazenamento ou transporte. Tamb\u00e9m \u00e9 ideal como caixa para duas garrafas de vinho ou como suporte para duas garrafas de vinho para uso pessoal ou comercial.<\/li>\n<li><strong><b>F\u00e1cil de transportar<\/b><\/strong>: Esta caixa de viagem para vinho \u00e9 f\u00e1cil de transportar, pesando menos de 1,9 kg. \u00c9 a caixa perfeita para levar com voc\u00ea a restaurantes, eventos de degusta\u00e7\u00e3o de vinhos ou reuni\u00f5es familiares onde se aprecia um bom vinho. Seja para transportar garrafas de vinho em uma caixa ou apenas copos, ela garante prote\u00e7\u00e3o e portabilidade.<\/li>\n<\/ul>\n<h4><span style=\"color: #003366;\">Detalhes do produto:<\/span><\/h4>\n<p><!-- \u7b2c\u4e00\u680f --><\/p>\n<div style=\"display: flex; gap: 20px;\">\n<div style=\"flex: 1; text-align: center;\">\n<p><img decoding=\"async\" style=\"max-width: 100%; height: auto; margin-bottom: 10px;\" src=\"https:\/\/suncasesupply.com\/wp-content\/uploads\/2025\/05\/1-Egg-Foam.jpg\" alt=\"Espuma de ovo\" \/><\/p>\n<p style=\"font-weight: bold; margin: 5px 0;\"><strong><b>Espuma de ovo<\/b><\/strong><\/p>\n<p style=\"margin: 0;\">A parte interna da tampa superior da caixa para guardar ta\u00e7as de vinho \u00e9 feita de espuma de ovo, que se adapta e protege as ta\u00e7as quando a caixa est\u00e1 fechada. A altura e a densidade da espuma de ovo podem ser personalizadas, tornando-a adequada para diversos tipos de porta-garrafas.<\/p>\n<\/div>\n<p><!-- \u7b2c\u4e8c\u680f --><\/p>\n<div style=\"flex: 1; text-align: center;\">\n<p><img decoding=\"async\" style=\"max-width: 100%; height: auto; margin-bottom: 10px;\" src=\"https:\/\/suncasesupply.com\/wp-content\/uploads\/2025\/05\/2-Custom-Mould-Foam.jpg\" alt=\"Espuma de molde personalizada\" \/><\/p>\n<p style=\"font-weight: bold; margin: 5px 0;\"><strong><b>Espuma de molde personalizada<\/b><\/strong><\/p>\n<p data-start=\"1318\" data-end=\"1662\">Os clientes podem escolher o material e o design adequados com base no tamanho, peso, formato e ambiente de uso do produto para criar a espuma moldada personalizada. O interior desta caixa \u00e9 feito com espuma moldada personalizada, moldada especificamente para ta\u00e7as de vinho, mas tamb\u00e9m pode ser adaptada para transportar uma caixa de viagem para champanhe ou uma caixa para garrafas de u\u00edsque.<\/p>\n<\/div>\n<p><!-- \u7b2c\u4e09\u680f --><\/p>\n<div style=\"flex: 1; text-align: center;\">\n<p><img decoding=\"async\" style=\"max-width: 100%; height: auto; margin-bottom: 10px;\" src=\"https:\/\/suncasesupply.com\/wp-content\/uploads\/2025\/05\/3-Strong-Panel.jpg\" alt=\"Painel Forte\" \/><\/p>\n<p style=\"font-weight: bold; margin: 5px 0;\"><strong><b>Painel Forte<\/b><\/strong><\/p>\n<p data-start=\"1689\" data-end=\"2022\">As op\u00e7\u00f5es de painel externo para caixas de alum\u00ednio geralmente incluem: painel ABS, painel de melamina, painel de alum\u00ednio, painel de couro PU, etc. Esta caixa para ta\u00e7as de vinho \u00e9 feita de painel de melamina, que \u00e9 suave ao toque, forte e resistente a quedas. Tamb\u00e9m \u00e9 ideal como caixa para champanhe, especialmente para eventos de alto padr\u00e3o ou comemora\u00e7\u00f5es.<\/p>\n<p style=\"margin: 0;\">.<\/p>\n<\/div>\n<p><!-- \u7b2c\u56db\u680f --><\/p>\n<div style=\"flex: 1; text-align: center;\">\n<p><img decoding=\"async\" style=\"max-width: 100%; height: auto; margin-bottom: 10px;\" src=\"https:\/\/suncasesupply.com\/wp-content\/uploads\/2025\/05\/4-Tool-Lock-with-key.jpg\" alt=\"Trava de ferramenta com chave\" \/><\/p>\n<p style=\"font-weight: bold; margin: 5px 0;\"><strong><b>Trava de ferramenta com chave<\/b><\/strong><\/p>\n<p style=\"margin: 0;\">Para proteger os produtos dentro da caixa, combinaremos a chave com a fechadura de cada caixa. A fechadura desta caixa, feita com travas para ferramentas, oferece boa prote\u00e7\u00e3o e capacidade de carga, garantindo a seguran\u00e7a da sua maleta de bebidas.<\/p>\n<\/div>\n<\/div>\n<div style=\"background-color: #29599a; padding: 40px 20px; text-align: center; color: #ffffff; border-radius: 10px; margin: 40px auto; max-width: 960px;\">\n<h2 style=\"font-size: 22px; margin-bottom: 20px; font-weight: bold;\"><span style=\"color: #ffffff;\">Comece seu pedido personalizado hoje mesmo \u2014 quantidade m\u00ednima a partir de 200, pre\u00e7o direto de f\u00e1brica garantido!<\/span><\/h2>\n<p><a style=\"display: inline-block; padding: 12px 28px; background-color: #ffffff; color: #29599a; text-decoration: none; border-radius: 6px; font-weight: bold;\" href=\"https:\/\/suncasesupply.com\/pt\/contact-us\/\" target=\"_blank\" rel=\"noopener\">Obter uma cota\u00e7\u00e3o<br \/>\n<\/a><\/p>\n<\/div>\n<h4><span style=\"color: #003366;\">Processo de fabrica\u00e7\u00e3o:<\/span><\/h4>\n<p><img decoding=\"async\" style=\"max-width: 100%; height: auto; margin-bottom: 10px;\" src=\"https:\/\/suncasesupply.com\/wp-content\/uploads\/2025\/07\/Manufacturing-Process.png\" alt=\"Processo de fabrica\u00e7\u00e3o do Suncase\" \/><\/p>\n<h4><span style=\"color: #003366;\">Informa\u00e7\u00f5es \u00fateis para compradores em massa:<\/span><\/h4>\n<ul>\n<li class=\"page-title\" title=\"O que torna os cart\u00f5es esportivos t\u00e3o valiosos?\">\n<p class=\"page-title\" title=\"Qual \u00e9 o tamanho da caixa do disco de vinil?\"><a href=\"https:\/\/suncasesupply.com\/pt\/blog\/custom-aluminum-case\/types-of-materials-used-in-tool-cases\/\">Explorando caixas de ferramentas de alum\u00ednio e outros tipos de materiais&gt;&gt;<\/a><\/p>\n<\/li>\n<li title=\"O que torna os cart\u00f5es esportivos t\u00e3o valiosos?\"><a href=\"https:\/\/suncasesupply.com\/pt\/blog\/reason-to-have-aluminum-tool-case\/\">Por que voc\u00ea precisa de uma maleta de ferramentas de alum\u00ednio?&gt;&gt;<\/a><\/li>\n<\/ul>\n<p>Se voc\u00ea precisa de um <strong data-start=\"2725\" data-end=\"2752\">porta-vinho para duas garrafas<\/strong>, um <strong data-start=\"2756\" data-end=\"2788\">estojo para transporte de garrafas de u\u00edsque<\/strong>, ou um <strong data-start=\"2795\" data-end=\"2818\">caixa de vinho para duas garrafas<\/strong>A Sun Case oferece op\u00e7\u00f5es personaliz\u00e1veis de alta qualidade para voc\u00ea.<\/p>\n<p><a href=\"https:\/\/suncasesupply.com\/pt\/contact-us\/\">Solicite um or\u00e7amento agora!! &gt;&gt;<\/a><\/p>","protected":false},"excerpt":{"rendered":"<p>Modelo: Z47<\/p>\n<p>Tamanho: 25,4 x 28 x 14 cm<\/p>\n<p>Cores: Cor prata<\/p>\n<p>Materiais: Estrutura de alum\u00ednio, painel de melamina, placa de MDF, ferragens.<\/p>\n<p>Logotipo: Logotipo de impress\u00e3o em placa de metal\/seda<\/p>\n<p>Quantidade m\u00ednima: 200 pe\u00e7as<\/p>\n<p>Amostra: Dispon\u00edvel, tempo de amostra de cerca de 7 dias.<\/p>\n<p>Tempo de entrega: cerca de 15 dias<\/p>","protected":false},"featured_media":21720,"template":"","meta":{"_gspb_post_css":""},"product_cat":[80],"product_tag":[],"featured_image_urls":{"full":["https:\/\/suncasesupply.com\/wp-content\/uploads\/2023\/08\/1-64.jpg",1548,1549,false],"thumbnail":["https:\/\/suncasesupply.com\/wp-content\/uploads\/2023\/08\/1-64-150x150.jpg",150,150,true],"medium":["https:\/\/suncasesupply.com\/wp-content\/uploads\/2023\/08\/1-64-300x300.jpg",300,300,true],"medium_large":["https:\/\/suncasesupply.com\/wp-content\/uploads\/2023\/08\/1-64-768x768.jpg",768,768,true],"large":["https:\/\/suncasesupply.com\/wp-content\/uploads\/2023\/08\/1-64-1024x1024.jpg",1024,1024,true],"1536x1536":["https:\/\/suncasesupply.com\/wp-content\/uploads\/2023\/08\/1-64-1536x1536.jpg",1536,1536,true],"2048x2048":["https:\/\/suncasesupply.com\/wp-content\/uploads\/2023\/08\/1-64.jpg",1548,1549,false],"trp-custom-language-flag":["https:\/\/suncasesupply.com\/wp-content\/uploads\/2023\/08\/1-64.jpg",12,12,false],"woocommerce_thumbnail":["https:\/\/suncasesupply.com\/wp-content\/uploads\/2023\/08\/1-64-300x300.jpg",300,300,true],"woocommerce_single":["https:\/\/suncasesupply.com\/wp-content\/uploads\/2023\/08\/1-64-600x600.jpg",600,600,true],"woocommerce_gallery_thumbnail":["https:\/\/suncasesupply.com\/wp-content\/uploads\/2023\/08\/1-64-100x100.jpg",100,100,true]},"post_excerpt_stackable":"<p>Model:Z47<\/p>\n<p>Size: 25.4 x 28 x 14 cm<\/p>\n<p>Colors:\u00a0Silver color<\/p>\n<p>Materials: Aluminum\u00a0frame,\u00a0Melamine Panel,\u00a0MDF Board, Hardware.<\/p>\n<p>Logo: Metal Plate\/Silk Printing logo<\/p>\n<p>MOQ: 200pcs<\/p>\n<p>Sample: Available, sample time about 7 days.<\/p>\n<p>Deliver Time: About 15 days<\/p>\n","category_list":"","author_info":{"name":"","url":""},"comments_num":"0 comments","_links":{"self":[{"href":"https:\/\/suncasesupply.com\/pt\/wp-json\/wp\/v2\/product\/21718"}],"collection":[{"href":"https:\/\/suncasesupply.com\/pt\/wp-json\/wp\/v2\/product"}],"about":[{"href":"https:\/\/suncasesupply.com\/pt\/wp-json\/wp\/v2\/types\/product"}],"wp:featuredmedia":[{"embeddable":true,"href":"https:\/\/suncasesupply.com\/pt\/wp-json\/wp\/v2\/media\/21720"}],"wp:attachment":[{"href":"https:\/\/suncasesupply.com\/pt\/wp-json\/wp\/v2\/media?parent=21718"}],"wp:term":[{"taxonomy":"product_cat","embeddable":true,"href":"https:\/\/suncasesupply.com\/pt\/wp-json\/wp\/v2\/product_cat?post=21718"},{"taxonomy":"product_tag","embeddable":true,"href":"https:\/\/suncasesupply.com\/pt\/wp-json\/wp\/v2\/product_tag?post=21718"}],"curies":[{"name":"wp","href":"https:\/\/api.w.org\/{rel}","templated":true}]}}