{"id":21695,"date":"2023-08-29T11:24:23","date_gmt":"2023-08-29T03:24:23","guid":{"rendered":"https:\/\/suncasesupply.com\/?post_type=product&#038;p=21695"},"modified":"2025-09-04T15:23:33","modified_gmt":"2025-09-04T07:23:33","slug":"custom-aluminum-case-for-universal-transmitter-aluminum-box-for-jr-futaba-flysky-for-lover","status":"publish","type":"product","link":"https:\/\/suncasesupply.com\/pt\/product\/custom-aluminum-case-for-universal-transmitter-aluminum-box-for-jr-futaba-flysky-for-lover\/","title":{"rendered":"Caixa de alum\u00ednio personalizada para caixa de alum\u00ednio do transmissor universal para JR\/FUTABA\/Flysky para amante"},"content":{"rendered":"<p>&nbsp;<\/p>\n<table width=\"774\">\n<tbody>\n<tr>\n<td width=\"177\">Item<\/td>\n<td width=\"597\">Caixa de alum\u00ednio personalizada<\/td>\n<\/tr>\n<tr>\n<td>Dimens\u00e3o<\/td>\n<td>Customizar<\/td>\n<\/tr>\n<tr>\n<td>Cores<\/td>\n<td>Como as imagens mostram ou personalizam<\/td>\n<\/tr>\n<tr>\n<td>Materiais<\/td>\n<td>Alum\u00ednio, painel ABS, placa MDF, forro de EVA\/espuma\/tecido\/PU, ferragens<\/td>\n<\/tr>\n<tr>\n<td>Logotipo<\/td>\n<td>Logotipo da placa de metal, logotipo impresso, logotipo em relevo, logotipo do laser<\/td>\n<\/tr>\n<tr>\n<td>Tempo de amostra<\/td>\n<td>7 dias<\/td>\n<\/tr>\n<tr>\n<td>Porto de embarque<\/td>\n<td>Cant\u00e3o, Shenzhen<\/td>\n<\/tr>\n<tr>\n<td>Termos de negocia\u00e7\u00e3o<\/td>\n<td>EXW, FOB, CIF, DDU, DDP<\/td>\n<\/tr>\n<tr>\n<td>M\u00e9todos de Pagamento<\/td>\n<td>T\/T, dinheiro, PayPal, cart\u00e3o de cr\u00e9dito<\/td>\n<\/tr>\n<\/tbody>\n<\/table>\n<p><span style=\"color: #003366;\">Caracter\u00edsticas:<\/span><\/p>\n<p>O case \u00e9 equipado com couro de alum\u00ednio com capa dura e forrado com esponja de alta qualidade, que pode proteger melhor o seu controlador de amor.<\/p>\n<p>Este estojo de armazenamento possui p\u00e9s protetores e trilhos deslizantes confort\u00e1veis, adequados para transporte ao ar livre.<\/p>\n<p>Inv\u00f3lucro de alum\u00ednio robusto com revestimento protetor dur\u00e1vel, trava com trava e acess\u00f3rios internos de espuma de alta densidade.<\/p>\n<p>Fino acabamento, apar\u00eancia bonita e elegante. Adequado para JR\/FUTABA\/FLYSKY.<\/p>","protected":false},"excerpt":{"rendered":"<p>Modelo: Z81<\/p>\n<p>Tamanho: Personalizar<\/p>\n<p>Quantidade m\u00ednima: 100 pe\u00e7as<\/p>\n<p>Prazo de entrega: 15-25 dias<\/p>\n<p>Amostra: Dispon\u00edvel<\/p>","protected":false},"featured_media":21703,"template":"","meta":{"_gspb_post_css":""},"product_cat":[80],"product_tag":[],"featured_image_urls":{"full":["https:\/\/suncasesupply.com\/wp-content\/uploads\/2023\/08\/1-63.jpg",1572,1572,false],"thumbnail":["https:\/\/suncasesupply.com\/wp-content\/uploads\/2023\/08\/1-63-150x150.jpg",150,150,true],"medium":["https:\/\/suncasesupply.com\/wp-content\/uploads\/2023\/08\/1-63-300x300.jpg",300,300,true],"medium_large":["https:\/\/suncasesupply.com\/wp-content\/uploads\/2023\/08\/1-63-768x768.jpg",768,768,true],"large":["https:\/\/suncasesupply.com\/wp-content\/uploads\/2023\/08\/1-63-1024x1024.jpg",1024,1024,true],"1536x1536":["https:\/\/suncasesupply.com\/wp-content\/uploads\/2023\/08\/1-63-1536x1536.jpg",1536,1536,true],"2048x2048":["https:\/\/suncasesupply.com\/wp-content\/uploads\/2023\/08\/1-63.jpg",1572,1572,false],"trp-custom-language-flag":["https:\/\/suncasesupply.com\/wp-content\/uploads\/2023\/08\/1-63.jpg",12,12,false],"woocommerce_thumbnail":["https:\/\/suncasesupply.com\/wp-content\/uploads\/2023\/08\/1-63-300x300.jpg",300,300,true],"woocommerce_single":["https:\/\/suncasesupply.com\/wp-content\/uploads\/2023\/08\/1-63-600x600.jpg",600,600,true],"woocommerce_gallery_thumbnail":["https:\/\/suncasesupply.com\/wp-content\/uploads\/2023\/08\/1-63-100x100.jpg",100,100,true]},"post_excerpt_stackable":"<p>Model : Z81<\/p>\n<p>Size:\u00a0 Customize<\/p>\n<p>MOQ: 100pcs<\/p>\n<p>Delivery Time : 15-25 Days<\/p>\n<p>Sample : Available<\/p>\n","category_list":"","author_info":{"name":"","url":""},"comments_num":"0 comments","_links":{"self":[{"href":"https:\/\/suncasesupply.com\/pt\/wp-json\/wp\/v2\/product\/21695"}],"collection":[{"href":"https:\/\/suncasesupply.com\/pt\/wp-json\/wp\/v2\/product"}],"about":[{"href":"https:\/\/suncasesupply.com\/pt\/wp-json\/wp\/v2\/types\/product"}],"wp:featuredmedia":[{"embeddable":true,"href":"https:\/\/suncasesupply.com\/pt\/wp-json\/wp\/v2\/media\/21703"}],"wp:attachment":[{"href":"https:\/\/suncasesupply.com\/pt\/wp-json\/wp\/v2\/media?parent=21695"}],"wp:term":[{"taxonomy":"product_cat","embeddable":true,"href":"https:\/\/suncasesupply.com\/pt\/wp-json\/wp\/v2\/product_cat?post=21695"},{"taxonomy":"product_tag","embeddable":true,"href":"https:\/\/suncasesupply.com\/pt\/wp-json\/wp\/v2\/product_tag?post=21695"}],"curies":[{"name":"wp","href":"https:\/\/api.w.org\/{rel}","templated":true}]}}