{"id":21687,"date":"2023-08-29T11:13:17","date_gmt":"2023-08-29T03:13:17","guid":{"rendered":"https:\/\/suncasesupply.com\/?post_type=product&#038;p=21687"},"modified":"2025-02-20T09:37:40","modified_gmt":"2025-02-20T01:37:40","slug":"aluminum-case-with-compartment-for-mixer","status":"publish","type":"product","link":"https:\/\/suncasesupply.com\/pt\/product\/aluminum-case-with-compartment-for-mixer\/","title":{"rendered":"Estojo de alum\u00ednio com compartimento para estojo girat\u00f3rio Mixer Flight"},"content":{"rendered":"<p>&nbsp;<\/p>\n<table width=\"774\">\n<tbody>\n<tr>\n<td width=\"177\">Item<\/td>\n<td width=\"597\">Caixa de alum\u00ednio<\/td>\n<\/tr>\n<tr>\n<td>Dimens\u00e3o<\/td>\n<td>628*420*146mm ou personalizar<\/td>\n<\/tr>\n<tr>\n<td>Cores<\/td>\n<td>Como as imagens mostram ou personalizam<\/td>\n<\/tr>\n<tr>\n<td>Materiais<\/td>\n<td>Alum\u00ednio, madeira compensada, EVA\/espuma\/tecido\/forro de PU, ferragens<\/td>\n<\/tr>\n<tr>\n<td>Logotipo<\/td>\n<td>Logotipo da placa de metal, logotipo impresso, logotipo em relevo, logotipo do laser<\/td>\n<\/tr>\n<tr>\n<td>Tempo de amostra<\/td>\n<td>7 dias<\/td>\n<\/tr>\n<tr>\n<td>Porto de embarque<\/td>\n<td>Cant\u00e3o, Shenzhen<\/td>\n<\/tr>\n<tr>\n<td>Termos de negocia\u00e7\u00e3o<\/td>\n<td>EXW, FOB, CIF, DDU, DDP<\/td>\n<\/tr>\n<tr>\n<td>M\u00e9todos de Pagamento<\/td>\n<td>T\/T, dinheiro, PayPal, cart\u00e3o de cr\u00e9dito<\/td>\n<\/tr>\n<\/tbody>\n<\/table>\n<p><span style=\"color: #003366;\">Caracter\u00edsticas:<\/span><\/p>\n<p>Este case possui um interior totalmente forrado de espuma com um compartimento inferior para armazenamento de discos de vinil de 7\u2033 e um compartimento lateral que \u00e9 perfeito para mixers compactos de formato de 10\u2033, fones de ouvido, alto-falantes Bluetooth, agulhas sobressalentes e faders de scratch e outros itens essenciais do port\u00e1til. A espuma de ovo interna protetora da capa permite transportar e armazenar o PT01 Scratch dentro dela sem a capa, mas se preferir mant\u00ea-la, basta retirar a espuma de ovo e ela caber\u00e1 perfeitamente na almofada im\u00f3vel protegida pelo forro de espuma macia. interior do caso. Para uma configura\u00e7\u00e3o cl\u00e1ssica de toca-discos e caixa, vire a tampa remov\u00edvel da caixa voltada para baixo e a parte inferior empilha-se muito bem e segura na parte superior. O exterior robusto apresenta uma al\u00e7a macia e travas com chave.<\/p>\n<p>\u2013 Acabamento Exterior Preto<br \/>\n\u2013 Interior totalmente forrado de espuma<br \/>\n\u2013 Pode segurar o arranh\u00e3o Numark PT01 com ou sem capa<br \/>\n\u2013 O compartimento inferior cont\u00e9m registros de 7\u2033<br \/>\n\u2013 Travas com chave<br \/>\n\u2013 Tampa remov\u00edvel<br \/>\n- Al\u00e7a macia estilo maleta e p\u00e9s de borracha<br \/>\n- Dimens\u00f5es internas do compartimento lateral: 9,25 \u2033 x 14,25 \u2033 com fundo de 3,25 \u2033 H + tampa de 1,75 \u2033 H<\/p>\n<p>.<\/p>","protected":false},"excerpt":{"rendered":"<p>Modelo: SC-FL0009<\/p>\n<p>Tamanho: 628*420*146mm<\/p>\n<p>Quantidade m\u00ednima: 100 pe\u00e7as<\/p>\n<p>Prazo de entrega: 15-25 dias<\/p>\n<p>Amostra: Dispon\u00edvel<\/p>","protected":false},"featured_media":21689,"template":"","meta":{"_gspb_post_css":""},"product_cat":[80],"product_tag":[],"featured_image_urls":{"full":["https:\/\/suncasesupply.com\/wp-content\/uploads\/2023\/08\/1-5.png",1500,1500,false],"thumbnail":["https:\/\/suncasesupply.com\/wp-content\/uploads\/2023\/08\/1-5-150x150.png",150,150,true],"medium":["https:\/\/suncasesupply.com\/wp-content\/uploads\/2023\/08\/1-5-300x300.png",300,300,true],"medium_large":["https:\/\/suncasesupply.com\/wp-content\/uploads\/2023\/08\/1-5-768x768.png",768,768,true],"large":["https:\/\/suncasesupply.com\/wp-content\/uploads\/2023\/08\/1-5-1024x1024.png",1024,1024,true],"1536x1536":["https:\/\/suncasesupply.com\/wp-content\/uploads\/2023\/08\/1-5.png",1500,1500,false],"2048x2048":["https:\/\/suncasesupply.com\/wp-content\/uploads\/2023\/08\/1-5.png",1500,1500,false],"trp-custom-language-flag":["https:\/\/suncasesupply.com\/wp-content\/uploads\/2023\/08\/1-5.png",12,12,false],"woocommerce_thumbnail":["https:\/\/suncasesupply.com\/wp-content\/uploads\/2023\/08\/1-5-300x300.png",300,300,true],"woocommerce_single":["https:\/\/suncasesupply.com\/wp-content\/uploads\/2023\/08\/1-5-600x600.png",600,600,true],"woocommerce_gallery_thumbnail":["https:\/\/suncasesupply.com\/wp-content\/uploads\/2023\/08\/1-5-100x100.png",100,100,true]},"post_excerpt_stackable":"<p>Model : SC-FL0009<\/p>\n<p>Size: \u00a0628*420*146mm<\/p>\n<p>MOQ: 100pcs<\/p>\n<p>Delivery Time : 15-25 Days<\/p>\n<p>Sample : Available<\/p>\n","category_list":"","author_info":{"name":"","url":""},"comments_num":"0 comments","_links":{"self":[{"href":"https:\/\/suncasesupply.com\/pt\/wp-json\/wp\/v2\/product\/21687"}],"collection":[{"href":"https:\/\/suncasesupply.com\/pt\/wp-json\/wp\/v2\/product"}],"about":[{"href":"https:\/\/suncasesupply.com\/pt\/wp-json\/wp\/v2\/types\/product"}],"wp:featuredmedia":[{"embeddable":true,"href":"https:\/\/suncasesupply.com\/pt\/wp-json\/wp\/v2\/media\/21689"}],"wp:attachment":[{"href":"https:\/\/suncasesupply.com\/pt\/wp-json\/wp\/v2\/media?parent=21687"}],"wp:term":[{"taxonomy":"product_cat","embeddable":true,"href":"https:\/\/suncasesupply.com\/pt\/wp-json\/wp\/v2\/product_cat?post=21687"},{"taxonomy":"product_tag","embeddable":true,"href":"https:\/\/suncasesupply.com\/pt\/wp-json\/wp\/v2\/product_tag?post=21687"}],"curies":[{"name":"wp","href":"https:\/\/api.w.org\/{rel}","templated":true}]}}