{"id":21680,"date":"2023-08-29T10:43:51","date_gmt":"2023-08-29T02:43:51","guid":{"rendered":"https:\/\/suncasesupply.com\/?post_type=product&#038;p=21680"},"modified":"2025-07-15T11:00:24","modified_gmt":"2025-07-15T03:00:24","slug":"aluminum-rolling-makeup-case-with-bluetooth-speakers-full-screen-lighted-mirror-3-light-colors","status":"publish","type":"product","link":"https:\/\/suncasesupply.com\/pt\/product\/aluminum-rolling-makeup-case-with-bluetooth-speakers-full-screen-lighted-mirror-3-light-colors\/","title":{"rendered":"Estojo de maquiagem com rolamento de alum\u00ednio com alto-falantes Bluetooth, espelho iluminado em tela cheia e 3 cores claras"},"content":{"rendered":"<h4><span style=\"color: #003366;\">Caracter\u00edsticas:<\/span><\/h4>\n<p><strong>1. Design de haste de tra\u00e7\u00e3o ajust\u00e1vel<\/strong><\/p>\n<ul>\n<li><strong>Altamente flex\u00edvel:<\/strong> A altura deste estojo de maquiagem com rodinhas de alum\u00ednio pode ser ajustada livremente atrav\u00e9s da haste telesc\u00f3pica para se adaptar a usu\u00e1rios de diferentes alturas ou diferentes cen\u00e1rios. Equipado com 4 dire\u00e7\u00f5es, \u00e9 conveniente para transportar ou armazenar, tornando-o adequado para trabalhos ao ar livre (como est\u00fadios fotogr\u00e1ficos e maquiagem para casamentos).<\/li>\n<\/ul>\n<p><strong>2. Ilumina\u00e7\u00e3o profissional<\/strong><\/p>\n<ul>\n<li><strong>Luz uniforme:<\/strong> O anel de luz LED integrado ou painel de luz suave fornece luz sem sombras e com alta reprodu\u00e7\u00e3o de cores, restaura a cor real da pele e evita diferen\u00e7as na cor da maquiagem.<\/li>\n<li><strong>Temperatura de cor\/brilho ajust\u00e1vel:<\/strong> A maioria dos produtos suporta luz fria, luz quente ou ajuste de v\u00e1rias velocidades para atender \u00e0s necessidades de diferentes ambientes (como maquiagem natural e maquiagem para boate). Esse recurso o torna uma caixa de maquiagem ideal com espelho de LED.<\/li>\n<\/ul>\n<p><strong>3. Fun\u00e7\u00f5es pr\u00e1ticas adicionais<\/strong><\/p>\n<ul>\n<li><strong>Design de armazenamento:<\/strong> A bandeja inferior ou o gancho lateral podem ser usados para colocar cosm\u00e9ticos e manter a mesa organizada, oferecendo amplo espa\u00e7o dentro deste estojo de alum\u00ednio para cosm\u00e9ticos.<\/li>\n<li><strong>Interface Bluetooth\/USB:<\/strong> Alguns modelos oferecem suporte para conex\u00e3o com celulares para reproduzir m\u00fasica ou como dispositivo de carregamento.<\/li>\n<li><strong>Material leve:<\/strong> Feito com pl\u00e1stico ABS ou uma estrutura de alum\u00ednio dur\u00e1vel para mala de maquiagem, combinando resist\u00eancia com portabilidade.<\/li>\n<\/ul>\n<p><strong>4. Ampla gama de cen\u00e1rios aplic\u00e1veis<\/strong><\/p>\n<ul>\n<li>Maquiagem di\u00e1ria para a fam\u00edlia, camarim profissional, bastidores de cinema e televis\u00e3o, beleza ao vivo, mesa de maquiagem de shopping, etc. Este estojo de maquiagem de alum\u00ednio se encaixa perfeitamente em todos esses ambientes.<\/li>\n<\/ul>\n<div style=\"background-color: #29599a; padding: 40px 20px; text-align: center; color: #ffffff; border-radius: 10px; margin: 40px auto; max-width: 960px;\">\n<h2 style=\"font-size: 22px; margin-bottom: 20px; font-weight: bold;\"><span style=\"color: #ffffff;\">Trust Sun Case para estojos de maquiagem profissionais com rodinhas \u2014 MOQ 10 pe\u00e7as, pre\u00e7o direto de f\u00e1brica!<\/span><\/h2>\n<p><a style=\"display: inline-block; padding: 12px 28px; background-color: #ffffff; color: #29599a; text-decoration: none; border-radius: 6px; font-weight: bold;\" href=\"https:\/\/suncasesupply.com\/pt\/contact-us\/\" target=\"_blank\" rel=\"noopener\">Entre em contato conosco agora<br \/>\n<\/a><\/p>\n<\/div>\n<h4><span style=\"color: #003366;\">Detalhes do produto:<\/span><\/h4>\n<div style=\"display: flex; gap: 20px;\">\n<p><!-- \u7b2c\u4e00\u680f --><\/p>\n<div style=\"flex: 1; text-align: center;\">\n<p><img decoding=\"async\" style=\"max-width: 100%; height: auto; margin-bottom: 10px;\" src=\"https:\/\/suncasesupply.com\/wp-content\/uploads\/2025\/05\/sturdy-back-hinges.jpg\" alt=\"dobradi\u00e7as traseiras resistentes\" \/><\/p>\n<p style=\"font-weight: bold; margin: 5px 0;\">Dobradi\u00e7a traseira resistente<\/p>\n<p style=\"margin: 0;\">Ele adota uma fivela traseira de seis furos para aumentar a estabilidade estrutural, e o design com v\u00e1rios furos permite que os usu\u00e1rios ajustem a altura de fechamento da tampa de acordo com a espessura dos itens na caixa.<\/p>\n<\/div>\n<p><!-- \u7b2c\u4e8c\u680f --><\/p>\n<div style=\"flex: 1; text-align: center;\">\n<p><img decoding=\"async\" style=\"max-width: 100%; height: auto; margin-bottom: 10px;\" src=\"https:\/\/suncasesupply.com\/wp-content\/uploads\/2025\/05\/Combination-lock.jpg\" alt=\"Fechadura de combina\u00e7\u00e3o\" \/><\/p>\n<p style=\"font-weight: bold; margin: 5px 0;\">Cadeado de combina\u00e7\u00e3o<\/p>\n<p style=\"margin: 0;\">Equipado com uma trava alfandeg\u00e1ria, ele pode proteger seus cosm\u00e9ticos valiosos. E durante a viagem, os agentes alfandeg\u00e1rios podem usar uma chave universal para abrir a trava para inspe\u00e7\u00e3o sem causar danos, evitando danos violentos \u00e0 caixa ou \u00e0 trava.<\/p>\n<\/div>\n<p><!-- \u7b2c\u4e09\u680f --><\/p>\n<div style=\"flex: 1; text-align: center;\">\n<p><img decoding=\"async\" style=\"max-width: 100%; height: auto; margin-bottom: 10px;\" src=\"https:\/\/suncasesupply.com\/wp-content\/uploads\/2025\/05\/LED-lighted-mirror.jpg\" alt=\"Espelho iluminado por LED\" \/><\/p>\n<p style=\"font-weight: bold; margin: 5px 0;\">Espelho iluminado por LED<\/p>\n<p style=\"margin: 0;\">Equipado com um espelho de tela cheia com 6 luzes LED integradas, ele substitui a l\u00e2mpada e economiza espa\u00e7o. A luz LED circular integrada ou painel de luz suave proporciona luz sem sombras e com alta reprodu\u00e7\u00e3o de cores, restaura a cor real da pele e evita a diferen\u00e7a na cor da maquiagem. Suporta luz fria, luz quente ou ajuste de v\u00e1rias velocidades para se adaptar a diferentes necessidades ambientais (como maquiagem natural ou maquiagem para boate). A luz \u00e9 suave e n\u00e3o causa fadiga ocular ap\u00f3s uso prolongado.<\/p>\n<\/div>\n<p><!-- \u7b2c\u56db\u680f --><\/p>\n<div style=\"flex: 1; text-align: center;\">\n<p><img decoding=\"async\" style=\"max-width: 100%; height: auto; margin-bottom: 10px;\" src=\"https:\/\/suncasesupply.com\/wp-content\/uploads\/2025\/05\/inner-trays.jpg\" alt=\"bandejas internas\" \/><\/p>\n<p style=\"font-weight: bold; margin: 5px 0;\">Bandejas internas<\/p>\n<p style=\"margin: 0;\">As bandejas s\u00e3o revestidas com PU, que \u00e9 macio e protege seus cosm\u00e9ticos, al\u00e9m de serem f\u00e1ceis de limpar quando sujas. H\u00e1 4 bandejas internas, proporcionando grande capacidade para seus cosm\u00e9ticos e utens\u00edlios de beleza \u2014 exatamente como uma mala de trem de alum\u00ednio de n\u00edvel profissional foi projetada para oferecer.<\/p>\n<\/div>\n<\/div>\n<div style=\"background-color: #29599a; padding: 40px 20px; text-align: center; color: #ffffff; border-radius: 10px; margin: 40px auto; max-width: 960px;\">\n<h2 style=\"font-size: 22px; margin-bottom: 20px; font-weight: bold;\"><span style=\"color: #ffffff;\">Ilumine seu neg\u00f3cio de maquiagem com nosso estojo com rodinhas \u2014 MOQ 10, LED premium e recursos Bluetooth!<\/span><\/h2>\n<p><a style=\"display: inline-block; padding: 12px 28px; background-color: #ffffff; color: #29599a; text-decoration: none; border-radius: 6px; font-weight: bold;\" href=\"https:\/\/suncasesupply.com\/pt\/contact-us\/\" target=\"_blank\" rel=\"noopener\">Obtenha uma cota\u00e7\u00e3o hoje<br \/>\n<\/a><\/p>\n<\/div>\n<h4><span style=\"color: #003366;\">Processo de fabrica\u00e7\u00e3o de estojo de maquiagem iluminado com rodinhas:<\/span><\/h4>\n<p><img decoding=\"async\" style=\"max-width: 100%; height: auto; margin-bottom: 10px;\" src=\"https:\/\/suncasesupply.com\/wp-content\/uploads\/2025\/07\/Manufacturing-Process.png\" alt=\"Processo de fabrica\u00e7\u00e3o do Suncase\" \/><\/p>\n<h4><span style=\"color: #003366;\">Informa\u00e7\u00f5es \u00fateis para compradores em massa:<\/span><\/h4>\n<p><a href=\"https:\/\/suncasesupply.com\/pt\/blog\/makeup-case\/best-makeup-case-lighted-mirror\/\">1. As 3 melhores escolhas para estojos de maquiagem com espelho iluminado em 2024 &gt;&gt;<\/a><\/p>\n<p><a href=\"https:\/\/suncasesupply.com\/pt\/blog\/makeup-case\/evolution-in-the-past-30-years\/\">2, A evolu\u00e7\u00e3o dos estojos de maquiagem &gt;&gt;<\/a><\/p>\n<p><a href=\"https:\/\/suncasesupply.com\/pt\/blog\/makeup-case\/best-makeup-train-case\/\">3. Estojo de maquiagem: nossas escolhas de especialistas para organizar seus cosm\u00e9ticos &gt;&gt;<\/a><\/p>\n<p>&nbsp;<\/p>","protected":false},"excerpt":{"rendered":"<p>Modelo: BL-0048<\/p>\n<p>Tamanho: 600*450*215cm<\/p>\n<p>Cores: Preto ou personalizar<\/p>\n<p>Materiais: Alum\u00ednio, painel ABS, painel acr\u00edlico<\/p>\n<p>Logotipo: Logotipo em placa de metal, logotipo em serigrafia<\/p>\n<p>Quantidade m\u00ednima: 10 pe\u00e7as<\/p>","protected":false},"featured_media":21681,"template":"","meta":{"_gspb_post_css":""},"product_cat":[98],"product_tag":[],"featured_image_urls":{"full":["https:\/\/suncasesupply.com\/wp-content\/uploads\/2023\/08\/11-5-2.jpg",1000,1000,false],"thumbnail":["https:\/\/suncasesupply.com\/wp-content\/uploads\/2023\/08\/11-5-2-150x150.jpg",150,150,true],"medium":["https:\/\/suncasesupply.com\/wp-content\/uploads\/2023\/08\/11-5-2-300x300.jpg",300,300,true],"medium_large":["https:\/\/suncasesupply.com\/wp-content\/uploads\/2023\/08\/11-5-2-768x768.jpg",768,768,true],"large":["https:\/\/suncasesupply.com\/wp-content\/uploads\/2023\/08\/11-5-2.jpg",1000,1000,false],"1536x1536":["https:\/\/suncasesupply.com\/wp-content\/uploads\/2023\/08\/11-5-2.jpg",1000,1000,false],"2048x2048":["https:\/\/suncasesupply.com\/wp-content\/uploads\/2023\/08\/11-5-2.jpg",1000,1000,false],"trp-custom-language-flag":["https:\/\/suncasesupply.com\/wp-content\/uploads\/2023\/08\/11-5-2.jpg",12,12,false],"woocommerce_thumbnail":["https:\/\/suncasesupply.com\/wp-content\/uploads\/2023\/08\/11-5-2-300x300.jpg",300,300,true],"woocommerce_single":["https:\/\/suncasesupply.com\/wp-content\/uploads\/2023\/08\/11-5-2-600x600.jpg",600,600,true],"woocommerce_gallery_thumbnail":["https:\/\/suncasesupply.com\/wp-content\/uploads\/2023\/08\/11-5-2-100x100.jpg",100,100,true]},"post_excerpt_stackable":"<p>Model : \u00a0BL-0048<\/p>\n<p>Size: \u00a0600*450*215cm<\/p>\n<p>Colors: Black or customize<\/p>\n<p>Materials: Aluminum, ABS panel, Acrylic Panel<\/p>\n<p>Logo: Metal plate logo, silk screen logo<\/p>\n<p>MOQ: 10pcs<\/p>\n","category_list":"","author_info":{"name":"","url":""},"comments_num":"0 comments","_links":{"self":[{"href":"https:\/\/suncasesupply.com\/pt\/wp-json\/wp\/v2\/product\/21680"}],"collection":[{"href":"https:\/\/suncasesupply.com\/pt\/wp-json\/wp\/v2\/product"}],"about":[{"href":"https:\/\/suncasesupply.com\/pt\/wp-json\/wp\/v2\/types\/product"}],"wp:featuredmedia":[{"embeddable":true,"href":"https:\/\/suncasesupply.com\/pt\/wp-json\/wp\/v2\/media\/21681"}],"wp:attachment":[{"href":"https:\/\/suncasesupply.com\/pt\/wp-json\/wp\/v2\/media?parent=21680"}],"wp:term":[{"taxonomy":"product_cat","embeddable":true,"href":"https:\/\/suncasesupply.com\/pt\/wp-json\/wp\/v2\/product_cat?post=21680"},{"taxonomy":"product_tag","embeddable":true,"href":"https:\/\/suncasesupply.com\/pt\/wp-json\/wp\/v2\/product_tag?post=21680"}],"curies":[{"name":"wp","href":"https:\/\/api.w.org\/{rel}","templated":true}]}}