{"id":21630,"date":"2023-08-29T10:04:09","date_gmt":"2023-08-29T02:04:09","guid":{"rendered":"https:\/\/suncasesupply.com\/?post_type=product&#038;p=21630"},"modified":"2025-02-26T11:47:02","modified_gmt":"2025-02-26T03:47:02","slug":"aluminum-turntable-case-universal-1200-style-dj-turntable-ata-case-fitting-pioneer-technics-or-similar-size-turntables","status":"publish","type":"product","link":"https:\/\/suncasesupply.com\/pt\/product\/aluminum-turntable-case-universal-1200-style-dj-turntable-ata-case-fitting-pioneer-technics-or-similar-size-turntables\/","title":{"rendered":"Caixa girat\u00f3ria de alum\u00ednio universal 1200 estilo DJ plataforma girat\u00f3ria ATA case montagem Pioneer, Technics ou plataformas girat\u00f3rias de tamanho semelhante"},"content":{"rendered":"<p>&nbsp;<\/p>\n<table width=\"774\">\n<tbody>\n<tr>\n<td width=\"177\">Item<\/td>\n<td width=\"597\">Estojo para toca-discos<\/td>\n<\/tr>\n<tr>\n<td>Dimens\u00e3o<\/td>\n<td>Customizar<\/td>\n<\/tr>\n<tr>\n<td>Cores<\/td>\n<td>Como as imagens mostram ou personalizam<\/td>\n<\/tr>\n<tr>\n<td>Materiais<\/td>\n<td>Alum\u00ednio, painel ABS, placa MDF, forro de EVA\/espuma\/tecido\/PU, ferragens<\/td>\n<\/tr>\n<tr>\n<td>Logotipo<\/td>\n<td>Logotipo da placa de metal, logotipo impresso, logotipo em relevo, logotipo do laser<\/td>\n<\/tr>\n<tr>\n<td>Tempo de amostra<\/td>\n<td>7 dias<\/td>\n<\/tr>\n<tr>\n<td>Porto de embarque<\/td>\n<td>Cant\u00e3o, Shenzhen<\/td>\n<\/tr>\n<tr>\n<td>Termos de negocia\u00e7\u00e3o<\/td>\n<td>EXW, FOB, CIF, DDU, DDP<\/td>\n<\/tr>\n<tr>\n<td>M\u00e9todos de Pagamento<\/td>\n<td>T\/T, dinheiro, PayPal, cart\u00e3o de cr\u00e9dito<\/td>\n<\/tr>\n<\/tbody>\n<\/table>\n<p><span style=\"color: #003366;\">Caracter\u00edsticas:<\/span><\/p>\n<p>Design Exterior Krom e Preto<br \/>\nTampa remov\u00edvel<br \/>\nFerragens cromadas<br \/>\nInterior forrado de espuma<br \/>\nP\u00e9s de borracha<\/p>\n<p>Proteja seus toca-discos de qualquer acidente e \u00e9 ideal para armazenamento e transporte. A estrutura s\u00f3lida defender\u00e1 seu toca-discos favorito de qualquer golpe, enquanto seu interior acolchoado evitar\u00e1 arranh\u00f5es durante o transporte para qualquer lugar.<\/p>\n<p>Modelos compat\u00edveis:<br \/>\n-T\u00e9cnica 1200<br \/>\n-\u00c1udio Technica LP 120<br \/>\n-Pioneer PXL 1000<\/p>\n<p>Dimens\u00f5es:<br \/>\n*Comprimento 45cm<br \/>\n*Largura 45cm<br \/>\n*Altura 20cm<\/p>","protected":false},"excerpt":{"rendered":"<p>Modelo: Z45<\/p>\n<p>Tamanho: 45 x 45 x 20 cm<\/p>\n<p>Quantidade m\u00ednima: 100 pe\u00e7as<\/p>\n<p>Prazo de entrega: 15-25 dias<\/p>\n<p>Amostra: Dispon\u00edvel<\/p>","protected":false},"featured_media":21658,"template":"","meta":{"_gspb_post_css":""},"product_cat":[93],"product_tag":[],"featured_image_urls":{"full":["https:\/\/suncasesupply.com\/wp-content\/uploads\/2023\/08\/D_NQ_NP_2X_634090-MLM69946781293_062023-F.jpg",1198,1198,false],"thumbnail":["https:\/\/suncasesupply.com\/wp-content\/uploads\/2023\/08\/D_NQ_NP_2X_634090-MLM69946781293_062023-F-150x150.jpg",150,150,true],"medium":["https:\/\/suncasesupply.com\/wp-content\/uploads\/2023\/08\/D_NQ_NP_2X_634090-MLM69946781293_062023-F-300x300.jpg",300,300,true],"medium_large":["https:\/\/suncasesupply.com\/wp-content\/uploads\/2023\/08\/D_NQ_NP_2X_634090-MLM69946781293_062023-F-768x768.jpg",768,768,true],"large":["https:\/\/suncasesupply.com\/wp-content\/uploads\/2023\/08\/D_NQ_NP_2X_634090-MLM69946781293_062023-F-1024x1024.jpg",1024,1024,true],"1536x1536":["https:\/\/suncasesupply.com\/wp-content\/uploads\/2023\/08\/D_NQ_NP_2X_634090-MLM69946781293_062023-F.jpg",1198,1198,false],"2048x2048":["https:\/\/suncasesupply.com\/wp-content\/uploads\/2023\/08\/D_NQ_NP_2X_634090-MLM69946781293_062023-F.jpg",1198,1198,false],"trp-custom-language-flag":["https:\/\/suncasesupply.com\/wp-content\/uploads\/2023\/08\/D_NQ_NP_2X_634090-MLM69946781293_062023-F.jpg",12,12,false],"woocommerce_thumbnail":["https:\/\/suncasesupply.com\/wp-content\/uploads\/2023\/08\/D_NQ_NP_2X_634090-MLM69946781293_062023-F-300x300.jpg",300,300,true],"woocommerce_single":["https:\/\/suncasesupply.com\/wp-content\/uploads\/2023\/08\/D_NQ_NP_2X_634090-MLM69946781293_062023-F-600x600.jpg",600,600,true],"woocommerce_gallery_thumbnail":["https:\/\/suncasesupply.com\/wp-content\/uploads\/2023\/08\/D_NQ_NP_2X_634090-MLM69946781293_062023-F-100x100.jpg",100,100,true]},"post_excerpt_stackable":"<p>Model : Z45<\/p>\n<p>Size:\u00a0 45 x 45 x 20 cm<\/p>\n<p>MOQ: 100pcs<\/p>\n<p>Delivery Time : 15-25 Days<\/p>\n<p>Sample : Available<\/p>\n","category_list":"","author_info":{"name":"","url":""},"comments_num":"0 comments","_links":{"self":[{"href":"https:\/\/suncasesupply.com\/pt\/wp-json\/wp\/v2\/product\/21630"}],"collection":[{"href":"https:\/\/suncasesupply.com\/pt\/wp-json\/wp\/v2\/product"}],"about":[{"href":"https:\/\/suncasesupply.com\/pt\/wp-json\/wp\/v2\/types\/product"}],"wp:featuredmedia":[{"embeddable":true,"href":"https:\/\/suncasesupply.com\/pt\/wp-json\/wp\/v2\/media\/21658"}],"wp:attachment":[{"href":"https:\/\/suncasesupply.com\/pt\/wp-json\/wp\/v2\/media?parent=21630"}],"wp:term":[{"taxonomy":"product_cat","embeddable":true,"href":"https:\/\/suncasesupply.com\/pt\/wp-json\/wp\/v2\/product_cat?post=21630"},{"taxonomy":"product_tag","embeddable":true,"href":"https:\/\/suncasesupply.com\/pt\/wp-json\/wp\/v2\/product_tag?post=21630"}],"curies":[{"name":"wp","href":"https:\/\/api.w.org\/{rel}","templated":true}]}}