{"id":21612,"date":"2023-08-29T09:59:42","date_gmt":"2023-08-29T01:59:42","guid":{"rendered":"https:\/\/suncasesupply.com\/?post_type=product&#038;p=21612"},"modified":"2025-02-26T11:35:13","modified_gmt":"2025-02-26T03:35:13","slug":"utility-trunk-touring-flight-case-with-organizing-dividers","status":"publish","type":"product","link":"https:\/\/suncasesupply.com\/pt\/product\/utility-trunk-touring-flight-case-with-organizing-dividers\/","title":{"rendered":"Maleta de voo utilit\u00e1rio para turismo com divis\u00f3rias organizadoras"},"content":{"rendered":"<p>&nbsp;<\/p>\n<table width=\"774\">\n<tbody>\n<tr>\n<td width=\"177\">Item<\/td>\n<td width=\"597\">Caso de v\u00f4o<\/td>\n<\/tr>\n<tr>\n<td>Dimens\u00e3o<\/td>\n<td>1118 x 813 x 686 mm ou personalizar<\/td>\n<\/tr>\n<tr>\n<td>Cores<\/td>\n<td>Como as imagens mostram ou personalizam<\/td>\n<\/tr>\n<tr>\n<td>Materiais<\/td>\n<td>Alum\u00ednio, madeira compensada, EVA\/espuma\/tecido\/forro de PU, ferragens<\/td>\n<\/tr>\n<tr>\n<td>Logotipo<\/td>\n<td>Logotipo da placa de metal, logotipo impresso, logotipo em relevo, logotipo do laser<\/td>\n<\/tr>\n<tr>\n<td>Tempo de amostra<\/td>\n<td>7 dias<\/td>\n<\/tr>\n<tr>\n<td>Porto de embarque<\/td>\n<td>Cant\u00e3o, Shenzhen<\/td>\n<\/tr>\n<tr>\n<td>Termos de negocia\u00e7\u00e3o<\/td>\n<td>EXW, FOB, CIF, DDU, DDP<\/td>\n<\/tr>\n<tr>\n<td>M\u00e9todos de Pagamento<\/td>\n<td>T\/T, dinheiro, PayPal, cart\u00e3o de cr\u00e9dito<\/td>\n<\/tr>\n<\/tbody>\n<\/table>\n<p><span style=\"color: #003366;\">Caracter\u00edsticas:<\/span><\/p>\n<p>Mantenha todos os seus equipamentos essenciais seguros durante o transporte e organizados para inicializar com nossos ba\u00fas utilit\u00e1rios. Este modelo pode conter equipamentos de at\u00e9 41,5 \u2033 de largura x 20 \u2033 de altura (a tampa tem 3 \u2033 de altura) x 19,5 \u2033 de profundidade. Ele vem equipado com 2 divis\u00f3rias remov\u00edveis e possui rod\u00edzios resistentes de 4 \u2033, dois com freios super stop e placas de empilhamento de rod\u00edzios.<\/p>\n<p>Recursos e especifica\u00e7\u00f5es<\/p>\n<p>\u2022 Duas divis\u00f3rias internas remov\u00edveis<br \/>\n\u2022 Interior forrado de espuma<br \/>\n\u2022 Tampa com dobradi\u00e7a de piano<br \/>\n\u2022 Travas e al\u00e7as embutidas<br \/>\n\u2022 41,5\u2033L x 20\u2033A (incluindo tampa de 3\u2033H) x 19,5\u2033D Interior<br \/>\n\u2022 Dimens\u00f5es do Pacote de Caminh\u00e3o<br \/>\n\u2022 Cantos Esf\u00e9ricos Refor\u00e7ados<br \/>\n\u2022 Rod\u00edzios resistentes de 4\u2033, 2 com freios *\u00c9 necess\u00e1rio conjunto de rod\u00edzios*<br \/>\n\u2022 Placas de empilhamento de rod\u00edzios<\/p>\n<p>.<\/p>","protected":false},"excerpt":{"rendered":"<p>Modelo: SC-FL0008<\/p>\n<p>Tamanho: 1118 x 813 x 686 mm<\/p>\n<p>Quantidade m\u00ednima: 5 pe\u00e7as<\/p>\n<p>Prazo de entrega: 15-25 dias<\/p>\n<p>Amostra: Dispon\u00edvel<\/p>","protected":false},"featured_media":21620,"template":"","meta":{"_gspb_post_css":""},"product_cat":[91],"product_tag":[],"featured_image_urls":{"full":["https:\/\/suncasesupply.com\/wp-content\/uploads\/2023\/08\/5-1.png",1500,1500,false],"thumbnail":["https:\/\/suncasesupply.com\/wp-content\/uploads\/2023\/08\/5-1-150x150.png",150,150,true],"medium":["https:\/\/suncasesupply.com\/wp-content\/uploads\/2023\/08\/5-1-300x300.png",300,300,true],"medium_large":["https:\/\/suncasesupply.com\/wp-content\/uploads\/2023\/08\/5-1-768x768.png",768,768,true],"large":["https:\/\/suncasesupply.com\/wp-content\/uploads\/2023\/08\/5-1-1024x1024.png",1024,1024,true],"1536x1536":["https:\/\/suncasesupply.com\/wp-content\/uploads\/2023\/08\/5-1.png",1500,1500,false],"2048x2048":["https:\/\/suncasesupply.com\/wp-content\/uploads\/2023\/08\/5-1.png",1500,1500,false],"trp-custom-language-flag":["https:\/\/suncasesupply.com\/wp-content\/uploads\/2023\/08\/5-1.png",12,12,false],"woocommerce_thumbnail":["https:\/\/suncasesupply.com\/wp-content\/uploads\/2023\/08\/5-1-300x300.png",300,300,true],"woocommerce_single":["https:\/\/suncasesupply.com\/wp-content\/uploads\/2023\/08\/5-1-600x600.png",600,600,true],"woocommerce_gallery_thumbnail":["https:\/\/suncasesupply.com\/wp-content\/uploads\/2023\/08\/5-1-100x100.png",100,100,true]},"post_excerpt_stackable":"<p>Model : SC-FL0008<\/p>\n<p>Size: \u00a01118 x 813 x 686mm<\/p>\n<p>MOQ: 5pcs<\/p>\n<p>Delivery Time : 15-25 Days<\/p>\n<p>Sample : Available<\/p>\n","category_list":"","author_info":{"name":"","url":""},"comments_num":"0 comments","_links":{"self":[{"href":"https:\/\/suncasesupply.com\/pt\/wp-json\/wp\/v2\/product\/21612"}],"collection":[{"href":"https:\/\/suncasesupply.com\/pt\/wp-json\/wp\/v2\/product"}],"about":[{"href":"https:\/\/suncasesupply.com\/pt\/wp-json\/wp\/v2\/types\/product"}],"wp:featuredmedia":[{"embeddable":true,"href":"https:\/\/suncasesupply.com\/pt\/wp-json\/wp\/v2\/media\/21620"}],"wp:attachment":[{"href":"https:\/\/suncasesupply.com\/pt\/wp-json\/wp\/v2\/media?parent=21612"}],"wp:term":[{"taxonomy":"product_cat","embeddable":true,"href":"https:\/\/suncasesupply.com\/pt\/wp-json\/wp\/v2\/product_cat?post=21612"},{"taxonomy":"product_tag","embeddable":true,"href":"https:\/\/suncasesupply.com\/pt\/wp-json\/wp\/v2\/product_tag?post=21612"}],"curies":[{"name":"wp","href":"https:\/\/api.w.org\/{rel}","templated":true}]}}