{"id":21520,"date":"2023-08-29T09:28:06","date_gmt":"2023-08-29T01:28:06","guid":{"rendered":"https:\/\/suncasesupply.com\/?post_type=product&#038;p=21520"},"modified":"2026-03-17T00:36:10","modified_gmt":"2026-03-16T16:36:10","slug":"aluminum-case-with-custom-size-color-locking-aluminum-box-for-storing-item","status":"publish","type":"product","link":"https:\/\/suncasesupply.com\/pt\/product\/aluminum-case-with-custom-size-color-locking-aluminum-box-for-storing-item\/","title":{"rendered":"Caixa de alum\u00ednio para armazenar itens Caixa de alum\u00ednio com tamanho personalizado"},"content":{"rendered":"<h4><span style=\"color: #003366;\">Caracter\u00edsticas:<\/span><\/h4>\n<ul>\n<li><strong><b>Estilo<\/b><\/strong>Esta caixa de alum\u00ednio personalizada tem um estilo simples e elegante. A apar\u00eancia cinza-ferro combina com acess\u00f3rios pretos, conferindo \u00e0 caixa um aspecto sofisticado e refinado.<\/li>\n<li><strong><b>Durabilidade<\/b><\/strong>Toda a estrutura desta caixa de armazenamento de alum\u00ednio \u00e9 feita de uma arma\u00e7\u00e3o robusta, com tr\u00eas camadas de material (material de superf\u00edcie\/placa de MDF e espuma de revestimento), e ferragens de alta qualidade, tornando a caixa muito resistente e com capacidade de carga superior a 15 kg.<\/li>\n<li><strong><b>Funcionalidade: <\/b><\/strong>O interior da caixa de alum\u00ednio personalizada \u00e9 feito com espuma Egg Foam na tampa superior e com inser\u00e7\u00f5es de espuma Pick &amp; Pluck na tampa inferior, que amortecem e protegem seu equipamento durante viagens ou uso ao ar livre.<\/li>\n<\/ul>\n<div style=\"display: flex; gap: 20px;\">\n<p><!-- \u7b2c\u4e00\u680f --><\/p>\n<div style=\"flex: 1; text-align: center;\">\n<p><img decoding=\"async\" style=\"max-width: 100%; height: auto; margin-bottom: 10px;\" src=\"https:\/\/suncasesupply.com\/wp-content\/uploads\/2025\/03\/1-Combination-Locks.jpg\" alt=\"Fechaduras de combina\u00e7\u00e3o\" \/><\/p>\n<p><b><\/b><b><\/b><strong><b>Fechaduras de combina\u00e7\u00e3o<\/b><\/strong><\/p>\n<p style=\"margin: 0;\">O sistema de fechadura de combina\u00e7\u00e3o oferece um m\u00e9todo de travamento mais conveniente e seguro do que as fechaduras tradicionais com chave, permitindo que somente voc\u00ea abra sua caixa de ferramentas de alum\u00ednio personalizada, melhorando significativamente a privacidade e a seguran\u00e7a contra roubo.<\/p>\n<p>&nbsp;<\/p>\n<\/div>\n<p><!-- \u7b2c\u4e8c\u680f --><\/p>\n<div style=\"flex: 1; text-align: center;\">\n<p><img decoding=\"async\" style=\"max-width: 100%; height: auto; margin-bottom: 10px;\" src=\"https:\/\/suncasesupply.com\/wp-content\/uploads\/2025\/03\/2-DIY-Foam.jpg\" alt=\"Espuma fa\u00e7a voc\u00ea mesmo\" \/><\/p>\n<p><b><\/b><b><\/b><strong><b>Espuma fa\u00e7a voc\u00ea mesmo<\/b><\/strong><\/p>\n<p style=\"margin: 0;\">A parte interna da tampa inferior \u00e9 feita com espuma DIY, que pode ser moldada e adaptada ao seu gosto, permitindo que voc\u00ea personalize as dimens\u00f5es e o formato dos seus pertences. A espuma DIY est\u00e1 dispon\u00edvel em diferentes densidades, permitindo que voc\u00ea a molde de acordo com suas necessidades, sendo perfeita para uma caixa de alum\u00ednio personalizada.<\/p>\n<\/div>\n<p><!-- \u7b2c\u4e09\u680f --><\/p>\n<div style=\"flex: 1; text-align: center;\">\n<p><img decoding=\"async\" style=\"max-width: 100%; height: auto; margin-bottom: 10px;\" src=\"https:\/\/suncasesupply.com\/wp-content\/uploads\/2025\/03\/3-Back-Support-Hinge.jpg\" alt=\"Dobradi\u00e7a de apoio para as costas\" \/><\/p>\n<p><b><\/b><b><\/b><strong><b>Dobradi\u00e7a de apoio para as costas<\/b><\/strong><\/p>\n<p>\u00c9 um acess\u00f3rio utilizado para conectar a tampa superior e a tampa inferior da caixa de alum\u00ednio, permitindo a rota\u00e7\u00e3o relativa entre as duas, o que o torna adequado para malas de viagem de alum\u00ednio feitas sob medida.<\/p>\n<\/div>\n<p><!-- \u7b2c\u56db\u680f --><\/p>\n<div style=\"flex: 1; text-align: center;\">\n<p><img decoding=\"async\" style=\"max-width: 100%; height: auto; margin-bottom: 10px;\" src=\"https:\/\/suncasesupply.com\/wp-content\/uploads\/2025\/03\/4-Handle-3.jpg\" alt=\"Lidar\" \/><\/p>\n<p><strong><b>Lidar<\/b><\/strong><\/p>\n<p style=\"margin: 0;\">A principal fun\u00e7\u00e3o da al\u00e7a \u00e9 proporcionar uma sensa\u00e7\u00e3o de ader\u00eancia e controle, permitindo que os usu\u00e1rios manuseiem os objetos com facilidade. As fun\u00e7\u00f5es da al\u00e7a s\u00e3o mais diversas. Al\u00e9m de proporcionar ader\u00eancia e controle, ela tamb\u00e9m pode oferecer suporte, estabilidade ou equil\u00edbrio, sendo ideal para qualquer projeto personalizado de caixa de alum\u00ednio.<\/p>\n<\/div>\n<\/div>\n<div style=\"background-color: #29599a; padding: 40px 20px; text-align: center; color: #ffffff; border-radius: 10px; margin: 40px auto; max-width: 960px;\">\n<h2 style=\"font-size: 22px; margin-bottom: 20px; font-weight: bold;\"><span style=\"color: #ffffff;\">Adquira caixas de armazenamento de alum\u00ednio premium na Sun Case, a partir de 100 unidades!<\/span><\/h2>\n<p><a style=\"display: inline-block; padding: 12px 28px; background-color: #ffffff; color: #29599a; text-decoration: none; border-radius: 6px; font-weight: bold;\" href=\"https:\/\/suncasesupply.com\/pt\/contact-us\/\" target=\"_blank\" rel=\"noopener\">Obter uma cota\u00e7\u00e3o<br \/>\n<\/a><\/p>\n<\/div>\n<h4><span style=\"color: #003366;\">Processo de fabrica\u00e7\u00e3o:<\/span><\/h4>\n<p><img decoding=\"async\" style=\"max-width: 100%; height: auto; margin-bottom: 10px;\" src=\"https:\/\/suncasesupply.com\/wp-content\/uploads\/2025\/07\/Manufacturing-Process.png\" alt=\"Processo de fabrica\u00e7\u00e3o do Suncase\" \/><\/p>\n<div style=\"display: flex; gap: 20px;\">\n<p><!-- \u7b2c\u4e00\u680f \u6d41\u7a0b1--><\/p>\n<div style=\"flex: 1; text-align: center;\"><\/div>\n<\/div>\n<div style=\"display: flex; gap: 20px;\">\n<div style=\"flex: 1; text-align: center;\">\n<p style=\"font-weight: bold; margin: 5px 0;\">\n<\/div>\n<\/div>\n<h4><span style=\"color: #003366;\">Informa\u00e7\u00f5es \u00fateis para compradores em massa:<\/span><\/h4>\n<ul>\n<li class=\"page-title\" title=\"O que torna os cart\u00f5es esportivos t\u00e3o valiosos?\">\n<p class=\"page-title\" title=\"Diferentes tipos de estojos de transporte de alum\u00ednio\"><a href=\"https:\/\/suncasesupply.com\/pt\/blog\/custom-aluminum-case\/different-types-of-aluminum-carrying-cases\/\">Diferentes tipos de estojos de transporte de alum\u00ednio &gt;&gt;<\/a><\/p>\n<\/li>\n<li title=\"O que torna os cart\u00f5es esportivos t\u00e3o valiosos?\">\n<p class=\"page-title\" title=\"Tudo o que voc\u00ea precisa saber sobre caixas de alum\u00ednio\"><a href=\"https:\/\/suncasesupply.com\/pt\/blog\/all-you-need-to-know-about-aluminum-cases\/\">Tudo o que voc\u00ea precisa saber sobre gabinetes de alum\u00ednio &gt;&gt;<\/a><\/p>\n<\/li>\n<li title=\"O que torna os cart\u00f5es esportivos t\u00e3o valiosos?\">\n<p class=\"page-title\" title=\"Como escolher a caixa de alum\u00ednio certa?\"><a href=\"https:\/\/suncasesupply.com\/pt\/blog\/selection-of-aluminum-case\/\">Como escolher o gabinete de alum\u00ednio certo? &gt;&gt;<\/a><\/p>\n<\/li>\n<\/ul>","protected":false},"excerpt":{"rendered":"<p>Modelo:BA-25003<\/p>\n<p>Tamanho: 450x330x120mm<\/p>\n<p>Cores: Cor cinza<\/p>\n<p>Materiais: Estrutura de alum\u00ednio, placa de MDF, painel de melamina, ferragens.<\/p>\n<p>Logotipo: Logotipo de impress\u00e3o em seda \/ Logotipo de placa de metal<\/p>\n<p>Quantidade m\u00ednima: 100 pe\u00e7as<\/p>\n<p>Condi\u00e7\u00f5es de pagamento: T\/T, dep\u00f3sito+saldo<\/p>","protected":false},"featured_media":25288,"template":"","meta":{"_gspb_post_css":""},"product_cat":[80],"product_tag":[],"featured_image_urls":{"full":["https:\/\/suncasesupply.com\/wp-content\/uploads\/2023\/08\/aa-6.jpg",800,800,false],"thumbnail":["https:\/\/suncasesupply.com\/wp-content\/uploads\/2023\/08\/aa-6-150x150.jpg",150,150,true],"medium":["https:\/\/suncasesupply.com\/wp-content\/uploads\/2023\/08\/aa-6-300x300.jpg",300,300,true],"medium_large":["https:\/\/suncasesupply.com\/wp-content\/uploads\/2023\/08\/aa-6-768x768.jpg",768,768,true],"large":["https:\/\/suncasesupply.com\/wp-content\/uploads\/2023\/08\/aa-6.jpg",800,800,false],"1536x1536":["https:\/\/suncasesupply.com\/wp-content\/uploads\/2023\/08\/aa-6.jpg",800,800,false],"2048x2048":["https:\/\/suncasesupply.com\/wp-content\/uploads\/2023\/08\/aa-6.jpg",800,800,false],"trp-custom-language-flag":["https:\/\/suncasesupply.com\/wp-content\/uploads\/2023\/08\/aa-6-12x12.jpg",12,12,true],"woocommerce_thumbnail":["https:\/\/suncasesupply.com\/wp-content\/uploads\/2023\/08\/aa-6-300x300.jpg",300,300,true],"woocommerce_single":["https:\/\/suncasesupply.com\/wp-content\/uploads\/2023\/08\/aa-6-600x600.jpg",600,600,true],"woocommerce_gallery_thumbnail":["https:\/\/suncasesupply.com\/wp-content\/uploads\/2023\/08\/aa-6-100x100.jpg",100,100,true]},"post_excerpt_stackable":"<p>Model:BA-25003<\/p>\n<p>Size: 450x330x120mm<\/p>\n<p>Colors: Grey color<\/p>\n<p>Materials: Aluminum Frame, MDF Board, Melamine Panel, Hardware.<\/p>\n<p>Logo: Silk Printing Logo \/ Metal Plate Logo<\/p>\n<p>MOQ: 100pcs<\/p>\n<p>Payment Terms: T\/T, Deposit+Balance<\/p>\n","category_list":"","author_info":{"name":"","url":""},"comments_num":"0 comments","_links":{"self":[{"href":"https:\/\/suncasesupply.com\/pt\/wp-json\/wp\/v2\/product\/21520"}],"collection":[{"href":"https:\/\/suncasesupply.com\/pt\/wp-json\/wp\/v2\/product"}],"about":[{"href":"https:\/\/suncasesupply.com\/pt\/wp-json\/wp\/v2\/types\/product"}],"wp:featuredmedia":[{"embeddable":true,"href":"https:\/\/suncasesupply.com\/pt\/wp-json\/wp\/v2\/media\/25288"}],"wp:attachment":[{"href":"https:\/\/suncasesupply.com\/pt\/wp-json\/wp\/v2\/media?parent=21520"}],"wp:term":[{"taxonomy":"product_cat","embeddable":true,"href":"https:\/\/suncasesupply.com\/pt\/wp-json\/wp\/v2\/product_cat?post=21520"},{"taxonomy":"product_tag","embeddable":true,"href":"https:\/\/suncasesupply.com\/pt\/wp-json\/wp\/v2\/product_tag?post=21520"}],"curies":[{"name":"wp","href":"https:\/\/api.w.org\/{rel}","templated":true}]}}