{"id":21453,"date":"2023-08-28T16:26:44","date_gmt":"2023-08-28T08:26:44","guid":{"rendered":"https:\/\/suncasesupply.com\/?post_type=product&#038;p=21453"},"modified":"2025-02-20T11:27:42","modified_gmt":"2025-02-20T03:27:42","slug":"single-row-graded-card-trading-case-full-black-color-cards-slabs-storage-hard-box","status":"publish","type":"product","link":"https:\/\/suncasesupply.com\/pt\/product\/single-row-graded-card-trading-case-full-black-color-cards-slabs-storage-hard-box\/","title":{"rendered":"Caixa de negocia\u00e7\u00e3o de cart\u00e3o graduado de fileira \u00fanica, caixa r\u00edgida de armazenamento de lajes de cart\u00f5es de cor preta completa"},"content":{"rendered":"<p>&nbsp;<\/p>\n<table width=\"774\">\n<tbody>\n<tr>\n<td width=\"177\">Item<\/td>\n<td width=\"597\">Estojo para cart\u00e3o esportivo em alum\u00ednio<\/td>\n<\/tr>\n<tr>\n<td>Dimens\u00e3o<\/td>\n<td>27,9 x 17,8 x 11,9 cm ou personalizar<\/td>\n<\/tr>\n<tr>\n<td>Cores<\/td>\n<td>Como as imagens mostram ou personalizam<\/td>\n<\/tr>\n<tr>\n<td>Materiais<\/td>\n<td>Alum\u00ednio, painel ABS, placa MDF, forro de EVA\/espuma\/tecido\/PU, ferragens<\/td>\n<\/tr>\n<tr>\n<td>Logotipo<\/td>\n<td>Logotipo da placa de metal, logotipo impresso, logotipo em relevo, logotipo do laser<\/td>\n<\/tr>\n<tr>\n<td>Tempo de amostra<\/td>\n<td>7 dias<\/td>\n<\/tr>\n<tr>\n<td>Porto de embarque<\/td>\n<td>Cant\u00e3o, Shenzhen<\/td>\n<\/tr>\n<tr>\n<td>Termos de negocia\u00e7\u00e3o<\/td>\n<td>EXW, FOB, CIF, DDU, DDP<\/td>\n<\/tr>\n<tr>\n<td>M\u00e9todos de Pagamento<\/td>\n<td>T\/T, dinheiro, PayPal, cart\u00e3o de cr\u00e9dito<\/td>\n<\/tr>\n<\/tbody>\n<\/table>\n<p><span style=\"color: #003366;\">Caracter\u00edsticas:<\/span><\/p>\n<p>Este estojo \u00e9 uma \u00f3tima caixa de armazenamento para colecionadores de cart\u00f5es esportivos que desejam manter seus cart\u00f5es com classifica\u00e7\u00e3o PSA e BGS seguros.<\/p>\n<p>\u00c9 feito de material resistente para garantir que seus cart\u00f5es permane\u00e7am seguros.<\/p>\n<p>As inser\u00e7\u00f5es de espuma foram projetadas para manter seus cart\u00f5es seguros, mesmo que o estojo n\u00e3o esteja lotado.<\/p>\n<p>\u00c9 resistente \u00e0 \u00e1gua, mas n\u00e3o \u00e0 prova d&#039;\u00e1gua.<\/p>\n<p>Ele tamb\u00e9m cabe em cart\u00f5es PSA e graduados com algum espa\u00e7o livre.<\/p>\n<p>Comporta at\u00e9 40 cart\u00f5es avaliados.<\/p>","protected":false},"excerpt":{"rendered":"<p>Modelo: BL-0028<\/p>\n<p>Tamanho: 27,9 x 17,8 x 11,9 cm ou personalizar<\/p>\n<p>Quantidade m\u00ednima: 100 pe\u00e7as<\/p>\n<p>Prazo de entrega: 15-25 dias<\/p>\n<p>Amostra: Dispon\u00edvel<\/p>","protected":false},"featured_media":21463,"template":"","meta":{"_gspb_post_css":""},"product_cat":[87],"product_tag":[],"featured_image_urls":{"full":["https:\/\/suncasesupply.com\/wp-content\/uploads\/2023\/08\/6-5-1.jpg",600,600,false],"thumbnail":["https:\/\/suncasesupply.com\/wp-content\/uploads\/2023\/08\/6-5-1-150x150.jpg",150,150,true],"medium":["https:\/\/suncasesupply.com\/wp-content\/uploads\/2023\/08\/6-5-1-300x300.jpg",300,300,true],"medium_large":["https:\/\/suncasesupply.com\/wp-content\/uploads\/2023\/08\/6-5-1.jpg",600,600,false],"large":["https:\/\/suncasesupply.com\/wp-content\/uploads\/2023\/08\/6-5-1.jpg",600,600,false],"1536x1536":["https:\/\/suncasesupply.com\/wp-content\/uploads\/2023\/08\/6-5-1.jpg",600,600,false],"2048x2048":["https:\/\/suncasesupply.com\/wp-content\/uploads\/2023\/08\/6-5-1.jpg",600,600,false],"trp-custom-language-flag":["https:\/\/suncasesupply.com\/wp-content\/uploads\/2023\/08\/6-5-1.jpg",12,12,false],"woocommerce_thumbnail":["https:\/\/suncasesupply.com\/wp-content\/uploads\/2023\/08\/6-5-1-300x300.jpg",300,300,true],"woocommerce_single":["https:\/\/suncasesupply.com\/wp-content\/uploads\/2023\/08\/6-5-1.jpg",600,600,false],"woocommerce_gallery_thumbnail":["https:\/\/suncasesupply.com\/wp-content\/uploads\/2023\/08\/6-5-1-100x100.jpg",100,100,true]},"post_excerpt_stackable":"<p>Model : BL-0028<\/p>\n<p>Size: 27.9 x 17.8x 11.9cm or customize<\/p>\n<p>MOQ: 100pcs<\/p>\n<p>Delivery Time : 15-25 Days<\/p>\n<p>Sample : Available<\/p>\n","category_list":"","author_info":{"name":"","url":""},"comments_num":"0 comments","_links":{"self":[{"href":"https:\/\/suncasesupply.com\/pt\/wp-json\/wp\/v2\/product\/21453"}],"collection":[{"href":"https:\/\/suncasesupply.com\/pt\/wp-json\/wp\/v2\/product"}],"about":[{"href":"https:\/\/suncasesupply.com\/pt\/wp-json\/wp\/v2\/types\/product"}],"wp:featuredmedia":[{"embeddable":true,"href":"https:\/\/suncasesupply.com\/pt\/wp-json\/wp\/v2\/media\/21463"}],"wp:attachment":[{"href":"https:\/\/suncasesupply.com\/pt\/wp-json\/wp\/v2\/media?parent=21453"}],"wp:term":[{"taxonomy":"product_cat","embeddable":true,"href":"https:\/\/suncasesupply.com\/pt\/wp-json\/wp\/v2\/product_cat?post=21453"},{"taxonomy":"product_tag","embeddable":true,"href":"https:\/\/suncasesupply.com\/pt\/wp-json\/wp\/v2\/product_tag?post=21453"}],"curies":[{"name":"wp","href":"https:\/\/api.w.org\/{rel}","templated":true}]}}