{"id":21440,"date":"2023-08-28T16:22:50","date_gmt":"2023-08-28T08:22:50","guid":{"rendered":"https:\/\/suncasesupply.com\/?post_type=product&#038;p=21440"},"modified":"2025-07-15T10:56:58","modified_gmt":"2025-07-15T02:56:58","slug":"acrylic-clear-display-vinyl-lp-record-case-aluminum-album-storage-box-for-12-record","status":"publish","type":"product","link":"https:\/\/suncasesupply.com\/pt\/product\/acrylic-clear-display-vinyl-lp-record-case-aluminum-album-storage-box-for-12-record\/","title":{"rendered":"Acr\u00edlico Clear Display Vinil LP Record Case Caixa de armazenamento de \u00e1lbum de alum\u00ednio para registro de 12&quot;"},"content":{"rendered":"<h4><span style=\"color: #003366;\">Caracter\u00edsticas:<\/span><\/h4>\n<ul>\n<li><strong><b>Durabilidade e Resist\u00eancia<\/b><\/strong>: Uma das principais vantagens das caixas de acr\u00edlico para discos em rela\u00e7\u00e3o ao vidro \u00e9 sua durabilidade e resist\u00eancia superiores. O acr\u00edlico \u00e9 um material termopl\u00e1stico conhecido por sua resist\u00eancia a impactos, tornando-o altamente resistente a estilha\u00e7os ou rachaduras. Isso o torna ideal para proteger sua cole\u00e7\u00e3o em uma caixa de acr\u00edlico transparente para discos de vinil.<\/li>\n<li><strong><b>Clareza \u00d3ptica e Transpar\u00eancia<\/b><\/strong>: O acr\u00edlico oferece excelente clareza \u00f3ptica, rivalizando com a do vidro. Sua transpar\u00eancia o torna perfeito para fins de exibi\u00e7\u00e3o. Quando usado em armazenamento de discos de vinil em acr\u00edlico, permite que sua cole\u00e7\u00e3o seja visualizada com clareza, mantendo-se totalmente protegida \u2014 ideal para colecionadores e varejistas.<\/li>\n<li><strong><b>Grande capacidade<\/b><\/strong>: A capacidade e as dimens\u00f5es da caixa podem ser personalizadas de acordo com suas necessidades. Estas caixas para guardar discos de vinil s\u00e3o comumente usadas para armazenar e organizar formatos de armazenamento de \u00e1lbuns de vinil de 7&quot; e 12&quot;, combinando prote\u00e7\u00e3o com apresenta\u00e7\u00e3o.<\/li>\n<li><strong><b>Leve<\/b><\/strong>: A estrutura de acr\u00edlico \u00e9 significativamente mais leve que a de vidro, tornando o estojo para discos de vinil f\u00e1cil de transportar e exibir em exposi\u00e7\u00f5es, lojas ou instala\u00e7\u00f5es residenciais.<\/li>\n<\/ul>\n<h4><span style=\"color: #003366;\">Detalhes do produto:<\/span><\/h4>\n<div style=\"display: flex; gap: 20px;\">\n<p><!-- \u7b2c\u4e00\u680f --><\/p>\n<div style=\"flex: 1; text-align: center;\">\n<p><img decoding=\"async\" style=\"max-width: 100%; height: auto; margin-bottom: 10px;\" src=\"https:\/\/suncasesupply.com\/wp-content\/uploads\/2024\/12\/1-Strong-Corner.webp\" alt=\"Canto Forte\" \/><\/p>\n<p style=\"font-weight: bold; margin: 5px 0;\"><strong><b>Canto Forte<\/b><\/strong><\/p>\n<p style=\"margin: 0;\">A principal fun\u00e7\u00e3o dos cantos \u00e9 a prote\u00e7\u00e3o, eles mant\u00eam uma junta protetora nos pontos de impacto mais comuns de um case. O material met\u00e1lico e o formato semicircular o tornam melhor resistente a impactos. Sua cor pode ser personalizada para combinar com a cor do case\/painel.<\/p>\n<\/div>\n<p><!-- \u7b2c\u4e8c\u680f --><\/p>\n<div style=\"flex: 1; text-align: center;\">\n<p><img decoding=\"async\" style=\"max-width: 100%; height: auto; margin-bottom: 10px;\" src=\"https:\/\/suncasesupply.com\/wp-content\/uploads\/2024\/12\/2-Butterfly-Latches.webp\" alt=\"2-Travas borboleta\" \/><\/p>\n<p style=\"font-weight: bold; margin: 5px 0;\"><strong><b>Travas de borboleta<\/b><\/strong><\/p>\n<p style=\"margin: 0;\">Os nomes s\u00e3o identificados pelo formato que lembra uma borboleta. \u00c9 feito de a\u00e7o inoxid\u00e1vel e a\u00e7o de alta qualidade. \u00c9 muito potente porque o aperto \u00e9 feito girando o bot\u00e3o. Normalmente, o cadeado pode ser adicionado a ele se precisar de mais seguran\u00e7a. A cor regular \u00e9 prata, mas pode ser feito em qualquer cor que voc\u00ea precisar.<\/p>\n<\/div>\n<p><!-- \u7b2c\u4e09\u680f --><\/p>\n<div style=\"flex: 1; text-align: center;\">\n<p><img decoding=\"async\" style=\"max-width: 100%; height: auto; margin-bottom: 10px;\" src=\"https:\/\/suncasesupply.com\/wp-content\/uploads\/2024\/12\/3-Aluminum-Frame.webp\" alt=\"Inser\u00e7\u00e3o de espuma personalizada (EVA)\" \/><\/p>\n<p style=\"font-weight: bold; margin: 5px 0;\">Moldura de alum\u00ednio<\/p>\n<p style=\"margin: 0;\">A estrutura de alum\u00ednio forma a espinha dorsal da caixa, proporcionando resist\u00eancia estrutural. A espessura e a largura s\u00e3o personalizadas para atender \u00e0s suas necessidades de armazenamento de discos de acr\u00edlico, com base no tamanho da caixa e nas exig\u00eancias de carga. As cores comuns incluem prata e preto.<\/p>\n<\/div>\n<p><!-- \u7b2c\u56db\u680f --><\/p>\n<div style=\"flex: 1; text-align: center;\">\n<p><img decoding=\"async\" style=\"max-width: 100%; height: auto; margin-bottom: 10px;\" src=\"https:\/\/suncasesupply.com\/wp-content\/uploads\/2024\/12\/4-Acrylic-Panel.webp\" alt=\"4-Painel Acr\u00edlico\" \/><\/p>\n<p style=\"font-weight: bold; margin: 5px 0;\"><strong><b>4-Painel Acr\u00edlico<\/b><\/strong><\/p>\n<p data-start=\"2082\" data-end=\"2362\">Todos os seis pain\u00e9is s\u00e3o feitos de acr\u00edlico transparente de 4 mm, com resist\u00eancia moderada a arranh\u00f5es. O conte\u00fado dentro do organizador de LPs pode ser visto e apreciado sem precisar abrir a caixa \u2014 uma solu\u00e7\u00e3o elegante para quem procura uma caixa de acr\u00edlico funcional para exibi\u00e7\u00e3o.<\/p>\n<\/div>\n<\/div>\n<div style=\"background-color: #29599a; padding: 40px 20px; text-align: center; color: #ffffff; border-radius: 10px; margin: 40px auto; max-width: 960px;\">\n<h2 style=\"font-size: 22px; margin-bottom: 20px; font-weight: bold;\"><span style=\"color: #ffffff;\">Proteja e exiba sua cole\u00e7\u00e3o de vinil \u2014 MOQ 100, design dur\u00e1vel em acr\u00edlico e alum\u00ednio!<\/span><\/h2>\n<p><a style=\"display: inline-block; padding: 12px 28px; background-color: #ffffff; color: #29599a; text-decoration: none; border-radius: 6px; font-weight: bold;\" href=\"https:\/\/suncasesupply.com\/pt\/contact-us\/\" target=\"_blank\" rel=\"noopener\">Obtenha sua cota\u00e7\u00e3o hoje<br \/>\n<\/a><\/p>\n<\/div>\n<h4><span style=\"color: #003366;\">Processo de fabrica\u00e7\u00e3o da caixa de armazenamento de \u00e1lbuns de alum\u00ednio:<\/span><\/h4>\n<p><img decoding=\"async\" style=\"max-width: 100%; height: auto; margin-bottom: 10px;\" src=\"https:\/\/suncasesupply.com\/wp-content\/uploads\/2025\/07\/Manufacturing-Process.png\" alt=\"Processo de fabrica\u00e7\u00e3o do Suncase\" \/><\/p>\n<h4><span style=\"color: #003366;\">Informa\u00e7\u00f5es \u00fateis para compradores em massa:<\/span><\/h4>\n<ul>\n<li class=\"page-title\" title=\"O que torna os cart\u00f5es esportivos t\u00e3o valiosos?\">\n<p class=\"page-title\" title=\"Qual \u00e9 o tamanho da caixa do disco de vinil?\"><a href=\"https:\/\/suncasesupply.com\/pt\/blog\/size-of-the-vinyl-record-case\/\">Qual \u00e9 o tamanho da caixa do disco de vinil &gt;&gt;<\/a><\/p>\n<\/li>\n<li class=\"page-title\" title=\"O que torna os cart\u00f5es esportivos t\u00e3o valiosos?\">\n<p class=\"page-title\" title=\"Qual \u00e9 o tamanho da caixa do disco de vinil?\"><a href=\"https:\/\/suncasesupply.com\/pt\/blog\/what-vinyl-record-case-made-of\/\">Do que s\u00e3o feitas as caixas de discos de vinil?<\/a><\/p>\n<\/li>\n<li title=\"O que torna os cart\u00f5es esportivos t\u00e3o valiosos?\"><a href=\"https:\/\/suncasesupply.com\/pt\/blog\/custom-aluminum-case\/aluminum-storage-box-for-organization\/\">Como armazenar discos de vinil em uma caixa de alum\u00ednio?<\/a><\/li>\n<\/ul>","protected":false},"excerpt":{"rendered":"<p>Modelo: SC-BA001<\/p>\n<p>Tamanho: 360*190*360mm ou personalizar<\/p>\n<p>Capacidade: 50 unidades x 12 polegadas LPs\/vinil\/discos<\/p>\n<p>Cores: Transparente<\/p>\n<p>Materiais: Alum\u00ednio, painel de acr\u00edlico, painel de ABS, acess\u00f3rios.<\/p>\n<p>Logotipo: Logotipo em placa de metal, logotipo em serigrafia<\/p>\n<p>Quantidade m\u00ednima: 100 pe\u00e7as<\/p>","protected":false},"featured_media":21443,"template":"","meta":{"_gspb_post_css":""},"product_cat":[83],"product_tag":[],"featured_image_urls":{"full":["https:\/\/suncasesupply.com\/wp-content\/uploads\/2023\/08\/230.jpg",800,800,false],"thumbnail":["https:\/\/suncasesupply.com\/wp-content\/uploads\/2023\/08\/230-150x150.jpg",150,150,true],"medium":["https:\/\/suncasesupply.com\/wp-content\/uploads\/2023\/08\/230-300x300.jpg",300,300,true],"medium_large":["https:\/\/suncasesupply.com\/wp-content\/uploads\/2023\/08\/230-768x768.jpg",768,768,true],"large":["https:\/\/suncasesupply.com\/wp-content\/uploads\/2023\/08\/230.jpg",800,800,false],"1536x1536":["https:\/\/suncasesupply.com\/wp-content\/uploads\/2023\/08\/230.jpg",800,800,false],"2048x2048":["https:\/\/suncasesupply.com\/wp-content\/uploads\/2023\/08\/230.jpg",800,800,false],"trp-custom-language-flag":["https:\/\/suncasesupply.com\/wp-content\/uploads\/2023\/08\/230.jpg",12,12,false],"woocommerce_thumbnail":["https:\/\/suncasesupply.com\/wp-content\/uploads\/2023\/08\/230-300x300.jpg",300,300,true],"woocommerce_single":["https:\/\/suncasesupply.com\/wp-content\/uploads\/2023\/08\/230-600x600.jpg",600,600,true],"woocommerce_gallery_thumbnail":["https:\/\/suncasesupply.com\/wp-content\/uploads\/2023\/08\/230-100x100.jpg",100,100,true]},"post_excerpt_stackable":"<p>Model: SC-BA001<\/p>\n<p>Size: 360*190*360mm or Customize<\/p>\n<p>Capacity: 50pcs x\u00a012inch LPs\/Vinyl\/Records<\/p>\n<p>Colors: Transparent<\/p>\n<p>Materials: Aluminum, Acrylic\u00a0panel, ABS\u00a0Panel, Accessories.<\/p>\n<p>Logo: Metal plate logo, silk screen logo<\/p>\n<p>MOQ: 100pcs<\/p>\n","category_list":"","author_info":{"name":"","url":""},"comments_num":"0 comments","_links":{"self":[{"href":"https:\/\/suncasesupply.com\/pt\/wp-json\/wp\/v2\/product\/21440"}],"collection":[{"href":"https:\/\/suncasesupply.com\/pt\/wp-json\/wp\/v2\/product"}],"about":[{"href":"https:\/\/suncasesupply.com\/pt\/wp-json\/wp\/v2\/types\/product"}],"wp:featuredmedia":[{"embeddable":true,"href":"https:\/\/suncasesupply.com\/pt\/wp-json\/wp\/v2\/media\/21443"}],"wp:attachment":[{"href":"https:\/\/suncasesupply.com\/pt\/wp-json\/wp\/v2\/media?parent=21440"}],"wp:term":[{"taxonomy":"product_cat","embeddable":true,"href":"https:\/\/suncasesupply.com\/pt\/wp-json\/wp\/v2\/product_cat?post=21440"},{"taxonomy":"product_tag","embeddable":true,"href":"https:\/\/suncasesupply.com\/pt\/wp-json\/wp\/v2\/product_tag?post=21440"}],"curies":[{"name":"wp","href":"https:\/\/api.w.org\/{rel}","templated":true}]}}