{"id":21407,"date":"2023-08-28T16:14:35","date_gmt":"2023-08-28T08:14:35","guid":{"rendered":"https:\/\/suncasesupply.com\/?post_type=product&#038;p=21407"},"modified":"2025-02-20T09:47:33","modified_gmt":"2025-02-20T01:47:33","slug":"aluminum-alloy-carrying-case-portable-storage-box-for-wireless-mic-system-storage-camera-gear","status":"publish","type":"product","link":"https:\/\/suncasesupply.com\/pt\/product\/aluminum-alloy-carrying-case-portable-storage-box-for-wireless-mic-system-storage-camera-gear\/","title":{"rendered":"Caixa de armazenamento port\u00e1til de liga de alum\u00ednio para armazenamento de sistema de microfone sem fio e equipamento de c\u00e2mera"},"content":{"rendered":"<p>&nbsp;<\/p>\n<table width=\"774\">\n<tbody>\n<tr>\n<td width=\"177\">Item<\/td>\n<td width=\"597\">Caixa de alum\u00ednio<\/td>\n<\/tr>\n<tr>\n<td>Dimens\u00e3o<\/td>\n<td>43,5 cm X 32 cm X 10,5 cm ou personalizar<\/td>\n<\/tr>\n<tr>\n<td>Cores<\/td>\n<td>Como as imagens mostram ou personalizam<\/td>\n<\/tr>\n<tr>\n<td>Materiais<\/td>\n<td>Alum\u00ednio, painel ABS, placa MDF, forro de EVA\/espuma\/tecido\/PU, ferragens<\/td>\n<\/tr>\n<tr>\n<td>Logotipo<\/td>\n<td>Logotipo da placa de metal, logotipo impresso, logotipo em relevo, logotipo do laser<\/td>\n<\/tr>\n<tr>\n<td>Tempo de amostra<\/td>\n<td>7 dias<\/td>\n<\/tr>\n<tr>\n<td>Porto de embarque<\/td>\n<td>Cant\u00e3o, Shenzhen<\/td>\n<\/tr>\n<tr>\n<td>Termos de negocia\u00e7\u00e3o<\/td>\n<td>EXW, FOB, CIF, DDU, DDP<\/td>\n<\/tr>\n<tr>\n<td>M\u00e9todos de Pagamento<\/td>\n<td>T\/T, dinheiro, PayPal, cart\u00e3o de cr\u00e9dito<\/td>\n<\/tr>\n<\/tbody>\n<\/table>\n<p><span style=\"color: #003366;\">Caracter\u00edsticas:<\/span><\/p>\n<p>Constru\u00e7\u00e3o em liga de alum\u00ednio premium: esta maleta de transporte resistente e dur\u00e1vel tem um exterior de liga de alum\u00ednio duro e seu interior tem uma borda de parede com absor\u00e7\u00e3o de impacto para proteger suas engrenagens contra quedas e impactos repentinos<\/p>\n<p>Espuma personaliz\u00e1vel de duas camadas: o estojo de transporte apresenta uma camada de espuma pr\u00e9-cortada personaliz\u00e1vel que pode ser removida para caber em seus sistemas e acess\u00f3rios, incluindo transmissores, receptores e microfone de fone de ouvido\/lapela. Voc\u00ea pode projetar seus pr\u00f3prios compartimentos.<\/p>\n<p>Especifica\u00e7\u00e3o: Dimens\u00e3o externa: 43,5 cm X 32 cm X 10,5 cm. Dimens\u00e3o interna: 42 cm X 30 cm X 5,7 cm. Peso: 1,7kg.<\/p>\n<p>Refor\u00e7o da al\u00e7a de metal: Refor\u00e7o da al\u00e7a de metal no exterior da maleta de transporte, qualidade de constru\u00e7\u00e3o extremamente robusta para suportar uso pesado e transporte frequente durante passeios\/shows<\/p>","protected":false},"excerpt":{"rendered":"<p>Modelo: CC-0002<\/p>\n<p>Tamanho: 43,5 cm X 32 cm X 10,5 cm<\/p>\n<p>Quantidade m\u00ednima: 100 pe\u00e7as<\/p>\n<p>Prazo de entrega: 15-25 dias<\/p>\n<p>Amostra: Dispon\u00edvel<\/p>","protected":false},"featured_media":21419,"template":"","meta":{"_gspb_post_css":""},"product_cat":[42,80],"product_tag":[],"featured_image_urls":{"full":["https:\/\/suncasesupply.com\/wp-content\/uploads\/2023\/08\/81OoffT0ycL._AC_SL1500_.jpg",1441,1500,false],"thumbnail":["https:\/\/suncasesupply.com\/wp-content\/uploads\/2023\/08\/81OoffT0ycL._AC_SL1500_-150x150.jpg",150,150,true],"medium":["https:\/\/suncasesupply.com\/wp-content\/uploads\/2023\/08\/81OoffT0ycL._AC_SL1500_-288x300.jpg",288,300,true],"medium_large":["https:\/\/suncasesupply.com\/wp-content\/uploads\/2023\/08\/81OoffT0ycL._AC_SL1500_-768x799.jpg",768,799,true],"large":["https:\/\/suncasesupply.com\/wp-content\/uploads\/2023\/08\/81OoffT0ycL._AC_SL1500_-984x1024.jpg",984,1024,true],"1536x1536":["https:\/\/suncasesupply.com\/wp-content\/uploads\/2023\/08\/81OoffT0ycL._AC_SL1500_.jpg",1441,1500,false],"2048x2048":["https:\/\/suncasesupply.com\/wp-content\/uploads\/2023\/08\/81OoffT0ycL._AC_SL1500_.jpg",1441,1500,false],"trp-custom-language-flag":["https:\/\/suncasesupply.com\/wp-content\/uploads\/2023\/08\/81OoffT0ycL._AC_SL1500_.jpg",12,12,false],"woocommerce_thumbnail":["https:\/\/suncasesupply.com\/wp-content\/uploads\/2023\/08\/81OoffT0ycL._AC_SL1500_-300x300.jpg",300,300,true],"woocommerce_single":["https:\/\/suncasesupply.com\/wp-content\/uploads\/2023\/08\/81OoffT0ycL._AC_SL1500_-600x625.jpg",600,625,true],"woocommerce_gallery_thumbnail":["https:\/\/suncasesupply.com\/wp-content\/uploads\/2023\/08\/81OoffT0ycL._AC_SL1500_-100x100.jpg",100,100,true]},"post_excerpt_stackable":"<p>Model : CC-0002<\/p>\n<p>Size: 43.5 cm X 32 cm X 10.5 cm<\/p>\n<p>MOQ: 100pcs<\/p>\n<p>Delivery Time : 15-25 Days<\/p>\n<p>Sample : Available<\/p>\n","category_list":"","author_info":{"name":"","url":""},"comments_num":"0 comments","_links":{"self":[{"href":"https:\/\/suncasesupply.com\/pt\/wp-json\/wp\/v2\/product\/21407"}],"collection":[{"href":"https:\/\/suncasesupply.com\/pt\/wp-json\/wp\/v2\/product"}],"about":[{"href":"https:\/\/suncasesupply.com\/pt\/wp-json\/wp\/v2\/types\/product"}],"wp:featuredmedia":[{"embeddable":true,"href":"https:\/\/suncasesupply.com\/pt\/wp-json\/wp\/v2\/media\/21419"}],"wp:attachment":[{"href":"https:\/\/suncasesupply.com\/pt\/wp-json\/wp\/v2\/media?parent=21407"}],"wp:term":[{"taxonomy":"product_cat","embeddable":true,"href":"https:\/\/suncasesupply.com\/pt\/wp-json\/wp\/v2\/product_cat?post=21407"},{"taxonomy":"product_tag","embeddable":true,"href":"https:\/\/suncasesupply.com\/pt\/wp-json\/wp\/v2\/product_tag?post=21407"}],"curies":[{"name":"wp","href":"https:\/\/api.w.org\/{rel}","templated":true}]}}