{"id":21375,"date":"2023-08-28T16:01:30","date_gmt":"2023-08-28T08:01:30","guid":{"rendered":"https:\/\/suncasesupply.com\/?post_type=product&#038;p=21375"},"modified":"2025-02-20T14:36:07","modified_gmt":"2025-02-20T06:36:07","slug":"carbon-aluminum-storage-case-holds-100-12-lp-display-vinyl-record-case-for-collection","status":"publish","type":"product","link":"https:\/\/suncasesupply.com\/pt\/product\/carbon-aluminum-storage-case-holds-100-12-lp-display-vinyl-record-case-for-collection\/","title":{"rendered":"Estojo de armazenamento de alum\u00ednio carbono cont\u00e9m 100 estojos de discos de vinil com display LP de 12 \u2033 para cole\u00e7\u00e3o"},"content":{"rendered":"<p>&nbsp;<\/p>\n<table width=\"774\">\n<tbody>\n<tr>\n<td width=\"177\">Item<\/td>\n<td width=\"597\">Estojo de registro de alum\u00ednio<\/td>\n<\/tr>\n<tr>\n<td>Dimens\u00e3o<\/td>\n<td>36 x 36 x 36 cm ou personalizar<\/td>\n<\/tr>\n<tr>\n<td>Cores<\/td>\n<td>Como as imagens mostram ou personalizam<\/td>\n<\/tr>\n<tr>\n<td>Materiais<\/td>\n<td>Alum\u00ednio, painel ABS, placa MDF, forro de EVA\/espuma\/tecido\/PU, ferragens<\/td>\n<\/tr>\n<tr>\n<td>Logotipo<\/td>\n<td>Logotipo da placa de metal, logotipo impresso, logotipo em relevo, logotipo do laser<\/td>\n<\/tr>\n<tr>\n<td>Tempo de amostra<\/td>\n<td>7 dias<\/td>\n<\/tr>\n<tr>\n<td>Porto de embarque<\/td>\n<td>Cant\u00e3o, Shenzhen<\/td>\n<\/tr>\n<tr>\n<td>Termos de negocia\u00e7\u00e3o<\/td>\n<td>EXW, FOB, CIF, DDU, DDP<\/td>\n<\/tr>\n<tr>\n<td>M\u00e9todos de Pagamento<\/td>\n<td>T\/T, dinheiro, PayPal, cart\u00e3o de cr\u00e9dito<\/td>\n<\/tr>\n<\/tbody>\n<\/table>\n<p><span style=\"color: #003366;\">Caracter\u00edsticas:<\/span><\/p>\n<p>A caixa de discos de 12\u2033 foi projetada para armazenar e transportar at\u00e9 50 discos de 12\u2033. Com sua constru\u00e7\u00e3o est\u00e1vel de perfis de alum\u00ednio, pain\u00e9is de MDF revestidos de pl\u00e1stico, rebites e forro de espuma macia, a caixa do disco oferece prote\u00e7\u00e3o ideal contra choques, luz e calor.<\/p>\n<p>A tampa do estojo para discos LP est\u00e1 firmemente instalada em 2 dobradi\u00e7as de metal resistentes. Uma trava de press\u00e3o fornece prote\u00e7\u00e3o confi\u00e1vel contra roubo. Devido ao seu baixo peso pr\u00f3prio e constru\u00e7\u00e3o est\u00e1vel, a caixa de disco de alum\u00ednio \u00e9 uma caixa de disco de DJ ideal que tamb\u00e9m pode ser transportada regularmente sem problemas. A caixa est\u00e1 dispon\u00edvel em tr\u00eas variantes de cores: prata\/prata, prata\/preto e preto\/preto.<\/p>\n<p>Detalhes t\u00e9cnicos:<br \/>\n\u2022 Capacidade: m\u00e1x. 100 unidades. registros de 12\u2033<br \/>\n\u2022 Material: alum\u00ednio, pain\u00e9is de MDF revestidos de pl\u00e1stico<br \/>\n\u2022 Cantos protetores de metal protegem contra choques e desgaste<br \/>\n\u2022 Dispon\u00edvel em tr\u00eas cores: Prata\/Prata, Prata\/Preto; Preto Preto.<br \/>\n\u2022 P\u00e9s de borracha antiderrapantes<br \/>\n\u2022 Dimens\u00f5es (CxLxA): 36 x 36 x 36 cm<br \/>\n\u2022 Peso 2,5 kg<\/p>","protected":false},"excerpt":{"rendered":"<p>Modelo: Z34<\/p>\n<p>Tamanho: 36 x 36 x 36 cm<\/p>\n<p>Capacidade: LPs de 100 x 12\u2033<\/p>\n<p>Quantidade m\u00ednima: 100 pe\u00e7as<\/p>\n<p>Prazo de entrega: 15-25 dias<\/p>\n<p>Amostra: Dispon\u00edvel<\/p>","protected":false},"featured_media":21377,"template":"","meta":{"_gspb_post_css":""},"product_cat":[83],"product_tag":[],"featured_image_urls":{"full":["https:\/\/suncasesupply.com\/wp-content\/uploads\/2023\/08\/20-2.jpg",800,800,false],"thumbnail":["https:\/\/suncasesupply.com\/wp-content\/uploads\/2023\/08\/20-2-150x150.jpg",150,150,true],"medium":["https:\/\/suncasesupply.com\/wp-content\/uploads\/2023\/08\/20-2-300x300.jpg",300,300,true],"medium_large":["https:\/\/suncasesupply.com\/wp-content\/uploads\/2023\/08\/20-2-768x768.jpg",768,768,true],"large":["https:\/\/suncasesupply.com\/wp-content\/uploads\/2023\/08\/20-2.jpg",800,800,false],"1536x1536":["https:\/\/suncasesupply.com\/wp-content\/uploads\/2023\/08\/20-2.jpg",800,800,false],"2048x2048":["https:\/\/suncasesupply.com\/wp-content\/uploads\/2023\/08\/20-2.jpg",800,800,false],"trp-custom-language-flag":["https:\/\/suncasesupply.com\/wp-content\/uploads\/2023\/08\/20-2.jpg",12,12,false],"woocommerce_thumbnail":["https:\/\/suncasesupply.com\/wp-content\/uploads\/2023\/08\/20-2-300x300.jpg",300,300,true],"woocommerce_single":["https:\/\/suncasesupply.com\/wp-content\/uploads\/2023\/08\/20-2-600x600.jpg",600,600,true],"woocommerce_gallery_thumbnail":["https:\/\/suncasesupply.com\/wp-content\/uploads\/2023\/08\/20-2-100x100.jpg",100,100,true]},"post_excerpt_stackable":"<p>Model : Z34<\/p>\n<p>Size: 36 x 36 x 36 cm<\/p>\n<p>Capacity: 100 x 12&#8243; LPs<\/p>\n<p>MOQ: 100pcs<\/p>\n<p>Delivery Time : 15-25 Days<\/p>\n<p>Sample : Available<\/p>\n","category_list":"","author_info":{"name":"","url":""},"comments_num":"0 comments","_links":{"self":[{"href":"https:\/\/suncasesupply.com\/pt\/wp-json\/wp\/v2\/product\/21375"}],"collection":[{"href":"https:\/\/suncasesupply.com\/pt\/wp-json\/wp\/v2\/product"}],"about":[{"href":"https:\/\/suncasesupply.com\/pt\/wp-json\/wp\/v2\/types\/product"}],"wp:featuredmedia":[{"embeddable":true,"href":"https:\/\/suncasesupply.com\/pt\/wp-json\/wp\/v2\/media\/21377"}],"wp:attachment":[{"href":"https:\/\/suncasesupply.com\/pt\/wp-json\/wp\/v2\/media?parent=21375"}],"wp:term":[{"taxonomy":"product_cat","embeddable":true,"href":"https:\/\/suncasesupply.com\/pt\/wp-json\/wp\/v2\/product_cat?post=21375"},{"taxonomy":"product_tag","embeddable":true,"href":"https:\/\/suncasesupply.com\/pt\/wp-json\/wp\/v2\/product_tag?post=21375"}],"curies":[{"name":"wp","href":"https:\/\/api.w.org\/{rel}","templated":true}]}}