{"id":21280,"date":"2023-08-28T15:15:17","date_gmt":"2023-08-28T07:15:17","guid":{"rendered":"https:\/\/suncasesupply.com\/?post_type=product&#038;p=21280"},"modified":"2025-02-20T10:27:08","modified_gmt":"2025-02-20T02:27:08","slug":"aluminium-wheeled-trolley-pilot-case-hard-briefcase-flight-bag-attache-case","status":"publish","type":"product","link":"https:\/\/suncasesupply.com\/pt\/product\/aluminium-wheeled-trolley-pilot-case-hard-briefcase-flight-bag-attache-case\/","title":{"rendered":"Mala piloto de carrinho com rodas de alum\u00ednio maleta r\u00edgida bolsa de v\u00f4o maleta anexada"},"content":{"rendered":"<p>&nbsp;<\/p>\n<table width=\"774\">\n<tbody>\n<tr>\n<td width=\"177\">Item<\/td>\n<td width=\"597\">Caixa de alum\u00ednio<\/td>\n<\/tr>\n<tr>\n<td>Dimens\u00e3o<\/td>\n<td>49 x 41 x 23 cm ou personalizar<\/td>\n<\/tr>\n<tr>\n<td>Cores<\/td>\n<td>Como as imagens mostram ou personalizam<\/td>\n<\/tr>\n<tr>\n<td>Materiais<\/td>\n<td>Alum\u00ednio, painel ABS, placa MDF, forro de EVA\/espuma\/tecido\/PU, ferragens<\/td>\n<\/tr>\n<tr>\n<td>Logotipo<\/td>\n<td>Logotipo da placa de metal, logotipo impresso, logotipo em relevo, logotipo do laser<\/td>\n<\/tr>\n<tr>\n<td>Tempo de amostra<\/td>\n<td>7 dias<\/td>\n<\/tr>\n<tr>\n<td>Porto de embarque<\/td>\n<td>Cant\u00e3o, Shenzhen<\/td>\n<\/tr>\n<tr>\n<td>Termos de negocia\u00e7\u00e3o<\/td>\n<td>EXW, FOB, CIF, DDU, DDP<\/td>\n<\/tr>\n<tr>\n<td>M\u00e9todos de Pagamento<\/td>\n<td>T\/T, dinheiro, PayPal, cart\u00e3o de cr\u00e9dito<\/td>\n<\/tr>\n<\/tbody>\n<\/table>\n<p><span style=\"color: #003366;\">Caracter\u00edsticas:<\/span><\/p>\n<p>Apar\u00eancia profissional elegante em cor elegante Alum\u00ednio com nervuras pretas com acess\u00f3rios Gun Metal<br \/>\nPesado com aproximadamente 5,4 kg de peso. Tamanho duplo de bolso para arquivo\/documento com fecho de velcro: 40 x 25 x 4 cm<br \/>\nDimens\u00f5es externas: 49 x 41 x 23cm. Cabe na maioria das bagagens de m\u00e3o da companhia a\u00e9rea: 49 x 41 x 23 cm (verifique primeiro o tamanho permitido com sua companhia a\u00e9rea)<br \/>\nEscurecimento interno: 47 x 38,5 x 16,5 cm<br \/>\nGrande compartimento principal. A tampa interna inclui: quatro porta-canetas, bolsa para cart\u00e3o de visita. Acess\u00f3rios exteriores de cor preta. Fechaduras de combina\u00e7\u00e3o dupla. Al\u00e7a de transporte forte em cromo polido. Al\u00e7a telesc\u00f3pica forte ajusta-se a 90cm. Rodas inliner de rolamento suave.<\/p>","protected":false},"excerpt":{"rendered":"<p>Modelo: BC-0009<\/p>\n<p>Tamanho: 49x41x23cm<\/p>\n<p>Quantidade m\u00ednima: 100 pe\u00e7as<\/p>\n<p>Prazo de entrega: 15-25 dias<\/p>\n<p>Amostra: Dispon\u00edvel<\/p>","protected":false},"featured_media":21285,"template":"","meta":{"_gspb_post_css":""},"product_cat":[82],"product_tag":[],"featured_image_urls":{"full":["https:\/\/suncasesupply.com\/wp-content\/uploads\/2023\/08\/1-54-scaled.jpg",2560,2560,false],"thumbnail":["https:\/\/suncasesupply.com\/wp-content\/uploads\/2023\/08\/1-54-150x150.jpg",150,150,true],"medium":["https:\/\/suncasesupply.com\/wp-content\/uploads\/2023\/08\/1-54-300x300.jpg",300,300,true],"medium_large":["https:\/\/suncasesupply.com\/wp-content\/uploads\/2023\/08\/1-54-768x768.jpg",768,768,true],"large":["https:\/\/suncasesupply.com\/wp-content\/uploads\/2023\/08\/1-54-1024x1024.jpg",1024,1024,true],"1536x1536":["https:\/\/suncasesupply.com\/wp-content\/uploads\/2023\/08\/1-54-1536x1536.jpg",1536,1536,true],"2048x2048":["https:\/\/suncasesupply.com\/wp-content\/uploads\/2023\/08\/1-54-2048x2048.jpg",2048,2048,true],"trp-custom-language-flag":["https:\/\/suncasesupply.com\/wp-content\/uploads\/2023\/08\/1-54-scaled.jpg",12,12,false],"woocommerce_thumbnail":["https:\/\/suncasesupply.com\/wp-content\/uploads\/2023\/08\/1-54-300x300.jpg",300,300,true],"woocommerce_single":["https:\/\/suncasesupply.com\/wp-content\/uploads\/2023\/08\/1-54-600x600.jpg",600,600,true],"woocommerce_gallery_thumbnail":["https:\/\/suncasesupply.com\/wp-content\/uploads\/2023\/08\/1-54-100x100.jpg",100,100,true]},"post_excerpt_stackable":"<p>Model : BC-0009<\/p>\n<p>Size: 49 x 41 x 23cm<\/p>\n<p>MOQ: 100pcs<\/p>\n<p>Delivery Time : 15-25 Days<\/p>\n<p>Sample : Available<\/p>\n","category_list":"","author_info":{"name":"","url":""},"comments_num":"0 comments","_links":{"self":[{"href":"https:\/\/suncasesupply.com\/pt\/wp-json\/wp\/v2\/product\/21280"}],"collection":[{"href":"https:\/\/suncasesupply.com\/pt\/wp-json\/wp\/v2\/product"}],"about":[{"href":"https:\/\/suncasesupply.com\/pt\/wp-json\/wp\/v2\/types\/product"}],"wp:featuredmedia":[{"embeddable":true,"href":"https:\/\/suncasesupply.com\/pt\/wp-json\/wp\/v2\/media\/21285"}],"wp:attachment":[{"href":"https:\/\/suncasesupply.com\/pt\/wp-json\/wp\/v2\/media?parent=21280"}],"wp:term":[{"taxonomy":"product_cat","embeddable":true,"href":"https:\/\/suncasesupply.com\/pt\/wp-json\/wp\/v2\/product_cat?post=21280"},{"taxonomy":"product_tag","embeddable":true,"href":"https:\/\/suncasesupply.com\/pt\/wp-json\/wp\/v2\/product_tag?post=21280"}],"curies":[{"name":"wp","href":"https:\/\/api.w.org\/{rel}","templated":true}]}}