{"id":21265,"date":"2023-08-28T14:56:18","date_gmt":"2023-08-28T06:56:18","guid":{"rendered":"https:\/\/suncasesupply.com\/?post_type=product&#038;p=21265"},"modified":"2026-03-17T01:30:02","modified_gmt":"2026-03-16T17:30:02","slug":"aluminum-tool-case-18-x-14-x-6-tools-storage-carrying-case-hot-selling","status":"publish","type":"product","link":"https:\/\/suncasesupply.com\/pt\/product\/aluminum-tool-case-18-x-14-x-6-tools-storage-carrying-case-hot-selling\/","title":{"rendered":"Maleta de ferramentas de alum\u00ednio 18 \u2033 x 14 \u2033 x 6 \u2033 Maleta de transporte para armazenamento de ferramentas Venda quente"},"content":{"rendered":"<h4><span style=\"color: #003366;\">Caracter\u00edsticas:<\/span><\/h4>\n<ul>\n<li><strong>Grande capacidade<\/strong>Esta caixa de ferramentas de alum\u00ednio vem com um painel para ferramentas, divis\u00f3rias de espuma destac\u00e1vel e EVA, com capacidade suficiente para armazenar suas diversas ferramentas. Seu design a torna uma solu\u00e7\u00e3o vers\u00e1til para armazenamento de ferramentas em caixa de alum\u00ednio.<\/li>\n<li><strong>F\u00e1cil de transportar<\/strong>: constru\u00eddo com al\u00e7a leve e resistente, este estojo de armazenamento de ferramentas \u00e9 uma boa escolha quando voc\u00ea sai, e tem uma al\u00e7a de ombro, que pode deixar suas m\u00e3os livres.<\/li>\n<li><strong>Fun\u00e7\u00e3o de armazenamento universal<\/strong>A caixa de alum\u00ednio n\u00e3o serve apenas para guardar suas ferramentas, mas tamb\u00e9m diversos outros produtos. Ela permite armazenar e transportar sua c\u00e2mera, dispositivos eletr\u00f4nicos e outros equipamentos. Al\u00e9m disso, o revestimento de espuma protege seus pertences contra danos, tornando-a uma pr\u00e1tica caixa de ferramentas de alum\u00ednio com espuma.<\/li>\n<\/ul>\n<h4><span style=\"color: #003366;\">Detalhes do produto:<\/span><\/h4>\n<div style=\"display: flex; gap: 20px;\">\n<p><!-- \u7b2c\u4e00\u680f --><\/p>\n<div style=\"flex: 1; text-align: center;\">\n<p><img decoding=\"async\" style=\"max-width: 100%; height: auto; margin-bottom: 10px;\" src=\"https:\/\/suncasesupply.com\/wp-content\/uploads\/2025\/03\/DIY-Foam.png\" alt=\"Espuma fa\u00e7a voc\u00ea mesmo\" \/><\/p>\n<p style=\"font-weight: bold; margin: 5px 0;\">Espuma fa\u00e7a voc\u00ea mesmo<\/p>\n<p style=\"margin: 0;\">Equipada com um compartimento interno de espuma destac\u00e1vel, voc\u00ea pode personalizar o espa\u00e7o para suas diferentes ferramentas. A espuma \u00e9 muito macia e protege bem os itens armazenados. Ali\u00e1s, se a espuma n\u00e3o for necess\u00e1ria, ela pode ser removida para criar mais espa\u00e7o nesta maleta de alum\u00ednio para ferramentas.<\/p>\n<\/div>\n<p><!-- \u7b2c\u4e8c\u680f --><\/p>\n<div style=\"flex: 1; text-align: center;\">\n<p><img decoding=\"async\" style=\"max-width: 100%; height: auto; margin-bottom: 10px;\" src=\"https:\/\/suncasesupply.com\/wp-content\/uploads\/2025\/03\/EVA-dividers-1.png\" alt=\"Divis\u00f3rias de EVA\" \/><\/p>\n<p style=\"font-weight: bold; margin: 5px 0;\">Divis\u00f3rias de EVA<\/p>\n<p style=\"margin: 0;\">Equipado com divis\u00f3rias de EVA de diferentes comprimentos, essas divis\u00f3rias s\u00e3o remov\u00edveis, para que voc\u00ea possa personalizar o espa\u00e7o interno de acordo com diferentes produtos e deixar as coisas l\u00e1 dentro organizadas e sem bagun\u00e7a.<\/p>\n<\/div>\n<p><!-- \u7b2c\u4e09\u680f --><\/p>\n<div style=\"flex: 1; text-align: center;\">\n<p><img decoding=\"async\" style=\"max-width: 100%; height: auto; margin-bottom: 10px;\" src=\"https:\/\/suncasesupply.com\/wp-content\/uploads\/2025\/03\/Shoulder-Strap.png\" alt=\"Al\u00e7a\" \/><\/p>\n<p style=\"font-weight: bold; margin: 5px 0;\">Al\u00e7a<\/p>\n<p style=\"margin: 0;\">Possui uma al\u00e7a de ombro, que permite manter as m\u00e3os livres ao transportar a maleta em viagens. Al\u00e9m disso, a al\u00e7a \u00e9 ajust\u00e1vel \u00e0 sua altura, tornando-a muito pr\u00e1tica e port\u00e1til. Esta maleta tamb\u00e9m funciona como uma caixa de ferramentas met\u00e1lica confi\u00e1vel, perfeita para guardar ferramentas tanto em casa quanto ao ar livre.<\/p>\n<\/div>\n<p><!-- \u7b2c\u56db\u680f --><\/p>\n<div style=\"flex: 1; text-align: center;\">\n<p><img decoding=\"async\" style=\"max-width: 100%; height: auto; margin-bottom: 10px;\" src=\"https:\/\/suncasesupply.com\/wp-content\/uploads\/2025\/03\/Tool-panel.png\" alt=\"Painel de ferramentas\" \/><\/p>\n<p style=\"font-weight: bold; margin: 5px 0;\">Painel de ferramentas<\/p>\n<p style=\"margin: 0;\">O painel de ferramentas na tampa superior permite armazenar tesouras, pin\u00e7as, chaves inglesas, chaves de fenda e muito mais. Feito de PU e f\u00e1cil de limpar, ele \u00e9 remov\u00edvel quando n\u00e3o estiver em uso, completando esta solu\u00e7\u00e3o vers\u00e1til para armazenamento de ferramentas.<\/p>\n<\/div>\n<\/div>\n<div style=\"background-color: #29599a; padding: 40px 20px; text-align: center; color: #ffffff; border-radius: 10px; margin: 40px auto; max-width: 960px;\">\n<h2 style=\"font-size: 22px; margin-bottom: 20px; font-weight: bold;\"><span style=\"color: #ffffff;\">Adquira j\u00e1 seu estojo de alum\u00ednio Sun Case para ferramentas, pedido m\u00ednimo de 100 unidades, perfeito para manter suas ferramentas organizadas.<\/span><\/h2>\n<p><a style=\"display: inline-block; padding: 12px 28px; background-color: #ffffff; color: #29599a; text-decoration: none; border-radius: 6px; font-weight: bold;\" href=\"https:\/\/suncasesupply.com\/pt\/contact-us\/\" target=\"_blank\" rel=\"noopener\">Obter uma cota\u00e7\u00e3o<br \/>\n<\/a><\/p>\n<\/div>\n<h4><span style=\"color: #003366;\">Processo de fabrica\u00e7\u00e3o de caixa de ferramentas de alum\u00ednio:<\/span><\/h4>\n<p><img decoding=\"async\" style=\"max-width: 100%; height: auto; margin-bottom: 10px;\" src=\"https:\/\/suncasesupply.com\/wp-content\/uploads\/2025\/07\/Manufacturing-Process.png\" alt=\"Processo de fabrica\u00e7\u00e3o do Suncase\" \/><\/p>\n<div style=\"display: flex; gap: 20px;\">\n<p><!-- \u7b2c\u4e00\u680f \u6d41\u7a0b1--><\/p>\n<div style=\"flex: 1; text-align: center;\"><\/div>\n<\/div>\n<div style=\"display: flex; gap: 20px;\">\n<div style=\"flex: 1; text-align: center;\">\n<p style=\"font-weight: bold; margin: 5px 0;\">\n<\/div>\n<\/div>\n<h4><span style=\"color: #003366;\">Informa\u00e7\u00f5es \u00fateis para compradores em massa:<\/span><\/h4>\n<ul>\n<li><a href=\"https:\/\/suncasesupply.com\/pt\/blog\/custom-aluminum-case\/types-of-materials-used-in-tool-cases\/\">Explorando caixas de ferramentas de alum\u00ednio e outros tipos de materiais<\/a><\/li>\n<li><a href=\"https:\/\/suncasesupply.com\/pt\/blog\/reason-to-have-aluminum-tool-case\/\">Por que voc\u00ea precisa de uma maleta de ferramentas de alum\u00ednio?<\/a><\/li>\n<\/ul>","protected":false},"excerpt":{"rendered":"<p>Modelo: BL-0022<\/p>\n<p>Tamanho: 45x33x15cm<\/p>\n<p>Cores: Prata ou personalizar<\/p>\n<p>Materiais: Alum\u00ednio, painel ABS, divis\u00f3rias EVA, espuma Pluck, couro PU<\/p>\n<p>Logotipo: Logotipo em placa de metal, logotipo em serigrafia<\/p>\n<p>Quantidade m\u00ednima: 100 pe\u00e7as<\/p>","protected":false},"featured_media":21267,"template":"","meta":{"_gspb_post_css":""},"product_cat":[81],"product_tag":[],"featured_image_urls":{"full":["https:\/\/suncasesupply.com\/wp-content\/uploads\/2023\/08\/18-2.jpg",500,500,false],"thumbnail":["https:\/\/suncasesupply.com\/wp-content\/uploads\/2023\/08\/18-2-150x150.jpg",150,150,true],"medium":["https:\/\/suncasesupply.com\/wp-content\/uploads\/2023\/08\/18-2-300x300.jpg",300,300,true],"medium_large":["https:\/\/suncasesupply.com\/wp-content\/uploads\/2023\/08\/18-2.jpg",500,500,false],"large":["https:\/\/suncasesupply.com\/wp-content\/uploads\/2023\/08\/18-2.jpg",500,500,false],"1536x1536":["https:\/\/suncasesupply.com\/wp-content\/uploads\/2023\/08\/18-2.jpg",500,500,false],"2048x2048":["https:\/\/suncasesupply.com\/wp-content\/uploads\/2023\/08\/18-2.jpg",500,500,false],"trp-custom-language-flag":["https:\/\/suncasesupply.com\/wp-content\/uploads\/2023\/08\/18-2.jpg",12,12,false],"woocommerce_thumbnail":["https:\/\/suncasesupply.com\/wp-content\/uploads\/2023\/08\/18-2-300x300.jpg",300,300,true],"woocommerce_single":["https:\/\/suncasesupply.com\/wp-content\/uploads\/2023\/08\/18-2.jpg",500,500,false],"woocommerce_gallery_thumbnail":["https:\/\/suncasesupply.com\/wp-content\/uploads\/2023\/08\/18-2-100x100.jpg",100,100,true]},"post_excerpt_stackable":"<p>Model : BL-0022<\/p>\n<p>Size:\u00a0 45 x 33 x 15cm<\/p>\n<p>Colors: Silver or customize<\/p>\n<p>Materials: Aluminum, ABS panel, EVA dividers, Pluck foam, PU leather<\/p>\n<p>Logo: Metal plate logo, silk screen logo<\/p>\n<p>MOQ: 100pcs<\/p>\n","category_list":"","author_info":{"name":"","url":""},"comments_num":"0 comments","_links":{"self":[{"href":"https:\/\/suncasesupply.com\/pt\/wp-json\/wp\/v2\/product\/21265"}],"collection":[{"href":"https:\/\/suncasesupply.com\/pt\/wp-json\/wp\/v2\/product"}],"about":[{"href":"https:\/\/suncasesupply.com\/pt\/wp-json\/wp\/v2\/types\/product"}],"wp:featuredmedia":[{"embeddable":true,"href":"https:\/\/suncasesupply.com\/pt\/wp-json\/wp\/v2\/media\/21267"}],"wp:attachment":[{"href":"https:\/\/suncasesupply.com\/pt\/wp-json\/wp\/v2\/media?parent=21265"}],"wp:term":[{"taxonomy":"product_cat","embeddable":true,"href":"https:\/\/suncasesupply.com\/pt\/wp-json\/wp\/v2\/product_cat?post=21265"},{"taxonomy":"product_tag","embeddable":true,"href":"https:\/\/suncasesupply.com\/pt\/wp-json\/wp\/v2\/product_tag?post=21265"}],"curies":[{"name":"wp","href":"https:\/\/api.w.org\/{rel}","templated":true}]}}