{"id":21237,"date":"2023-08-28T14:43:40","date_gmt":"2023-08-28T06:43:40","guid":{"rendered":"https:\/\/suncasesupply.com\/?post_type=product&#038;p=21237"},"modified":"2025-02-20T09:47:59","modified_gmt":"2025-02-20T01:47:59","slug":"silver-small-aluminum-hard-case-portable-carrying-tool-suitcase","status":"publish","type":"product","link":"https:\/\/suncasesupply.com\/pt\/product\/silver-small-aluminum-hard-case-portable-carrying-tool-suitcase\/","title":{"rendered":"Mala de ferramentas de transporte port\u00e1til de alum\u00ednio pequeno prateado"},"content":{"rendered":"<p>&nbsp;<\/p>\n<table width=\"774\">\n<tbody>\n<tr>\n<td width=\"177\">Item<\/td>\n<td width=\"597\">Caixa de alum\u00ednio<\/td>\n<\/tr>\n<tr>\n<td>Dimens\u00e3o<\/td>\n<td>330x240x120 mm ou personalizar<\/td>\n<\/tr>\n<tr>\n<td>Cores<\/td>\n<td>Como as imagens mostram ou personalizam<\/td>\n<\/tr>\n<tr>\n<td>Materiais<\/td>\n<td>Alum\u00ednio, painel ABS, placa MDF, forro de EVA\/espuma\/tecido\/PU, ferragens<\/td>\n<\/tr>\n<tr>\n<td>Logotipo<\/td>\n<td>Logotipo da placa de metal, logotipo impresso, logotipo em relevo, logotipo do laser<\/td>\n<\/tr>\n<tr>\n<td>Tempo de amostra<\/td>\n<td>7 dias<\/td>\n<\/tr>\n<tr>\n<td>Porto de embarque<\/td>\n<td>Cant\u00e3o, Shenzhen<\/td>\n<\/tr>\n<tr>\n<td>Termos de negocia\u00e7\u00e3o<\/td>\n<td>EXW, FOB, CIF, DDU, DDP<\/td>\n<\/tr>\n<tr>\n<td>M\u00e9todos de Pagamento<\/td>\n<td>T\/T, dinheiro, PayPal, cart\u00e3o de cr\u00e9dito<\/td>\n<\/tr>\n<\/tbody>\n<\/table>\n<p><span style=\"color: #003366;\">Caracter\u00edsticas:<\/span><\/p>\n<p>Pode ser uma pasta, caixa de ferramentas ou um estojo de armazenamento, etc., conforme voc\u00ea desejar.<br \/>\nComo coloca\u00e7\u00e3o de documentos importantes, chaves de fenda, ferramentas de martelo, ve\u00edculos, jardim ou outras ferramentas.<br \/>\nNome: estojo r\u00edgido de alum\u00ednio (caixa de ferramentas\/pasta)<br \/>\nCor: Prata<br \/>\nMaterial: estrutura de alum\u00ednio\/pain\u00e9is laterais de pl\u00e1stico ABS de alto impacto\/canto de metal\/base de borracha\/al\u00e7a de pl\u00e1stico<br \/>\nMaterial de forro: pano de forro sem cheiro<br \/>\nTamanho interno: 12,2&quot;Comprimento x 8,66&quot;Largura x(1,18&quot; + 2,75&quot;)Altura<br \/>\nTamanho total: 12,99&quot;Comprimento *9,45&quot;Largura *4,7&quot;Altura<\/p>","protected":false},"excerpt":{"rendered":"<p>Modelo: BC-0027<\/p>\n<p>Tamanho: 42\u00d730x15cm<\/p>\n<p>Quantidade m\u00ednima: 100 pe\u00e7as<\/p>\n<p>Prazo de entrega: 15-25 dias<\/p>\n<p>Amostra: Dispon\u00edvel<\/p>","protected":false},"featured_media":21244,"template":"","meta":{"_gspb_post_css":""},"product_cat":[42,80],"product_tag":[],"featured_image_urls":{"full":["https:\/\/suncasesupply.com\/wp-content\/uploads\/2023\/08\/s-l1600-8-2.jpg",800,800,false],"thumbnail":["https:\/\/suncasesupply.com\/wp-content\/uploads\/2023\/08\/s-l1600-8-2-150x150.jpg",150,150,true],"medium":["https:\/\/suncasesupply.com\/wp-content\/uploads\/2023\/08\/s-l1600-8-2-300x300.jpg",300,300,true],"medium_large":["https:\/\/suncasesupply.com\/wp-content\/uploads\/2023\/08\/s-l1600-8-2-768x768.jpg",768,768,true],"large":["https:\/\/suncasesupply.com\/wp-content\/uploads\/2023\/08\/s-l1600-8-2.jpg",800,800,false],"1536x1536":["https:\/\/suncasesupply.com\/wp-content\/uploads\/2023\/08\/s-l1600-8-2.jpg",800,800,false],"2048x2048":["https:\/\/suncasesupply.com\/wp-content\/uploads\/2023\/08\/s-l1600-8-2.jpg",800,800,false],"trp-custom-language-flag":["https:\/\/suncasesupply.com\/wp-content\/uploads\/2023\/08\/s-l1600-8-2.jpg",12,12,false],"woocommerce_thumbnail":["https:\/\/suncasesupply.com\/wp-content\/uploads\/2023\/08\/s-l1600-8-2-300x300.jpg",300,300,true],"woocommerce_single":["https:\/\/suncasesupply.com\/wp-content\/uploads\/2023\/08\/s-l1600-8-2-600x600.jpg",600,600,true],"woocommerce_gallery_thumbnail":["https:\/\/suncasesupply.com\/wp-content\/uploads\/2023\/08\/s-l1600-8-2-100x100.jpg",100,100,true]},"post_excerpt_stackable":"<p>Model : BC-0027<\/p>\n<p>Size: 42&#215;30 x15cm<\/p>\n<p>MOQ: 100pcs<\/p>\n<p>Delivery Time : 15-25 Days<\/p>\n<p>Sample : Available<\/p>\n","category_list":"","author_info":{"name":"","url":""},"comments_num":"0 comments","_links":{"self":[{"href":"https:\/\/suncasesupply.com\/pt\/wp-json\/wp\/v2\/product\/21237"}],"collection":[{"href":"https:\/\/suncasesupply.com\/pt\/wp-json\/wp\/v2\/product"}],"about":[{"href":"https:\/\/suncasesupply.com\/pt\/wp-json\/wp\/v2\/types\/product"}],"wp:featuredmedia":[{"embeddable":true,"href":"https:\/\/suncasesupply.com\/pt\/wp-json\/wp\/v2\/media\/21244"}],"wp:attachment":[{"href":"https:\/\/suncasesupply.com\/pt\/wp-json\/wp\/v2\/media?parent=21237"}],"wp:term":[{"taxonomy":"product_cat","embeddable":true,"href":"https:\/\/suncasesupply.com\/pt\/wp-json\/wp\/v2\/product_cat?post=21237"},{"taxonomy":"product_tag","embeddable":true,"href":"https:\/\/suncasesupply.com\/pt\/wp-json\/wp\/v2\/product_tag?post=21237"}],"curies":[{"name":"wp","href":"https:\/\/api.w.org\/{rel}","templated":true}]}}