{"id":21174,"date":"2023-08-28T14:12:38","date_gmt":"2023-08-28T06:12:38","guid":{"rendered":"https:\/\/suncasesupply.com\/?post_type=product&#038;p=21174"},"modified":"2025-07-15T10:55:30","modified_gmt":"2025-07-15T02:55:30","slug":"53-rifle-gun-case-aluminum-long-gun-hard-case-portable-locking-shotgun-storage-box","status":"publish","type":"product","link":"https:\/\/suncasesupply.com\/pt\/product\/53-rifle-gun-case-aluminum-long-gun-hard-case-portable-locking-shotgun-storage-box\/","title":{"rendered":"Estojo para arma de rifle de 53 \u2033 Estojo r\u00edgido de alum\u00ednio para arma longa Caixa de armazenamento de espingarda com trava port\u00e1til"},"content":{"rendered":"<h4><span style=\"color: #003366;\">Caracter\u00edsticas:<\/span><\/h4>\n<p><strong>1. Alta resist\u00eancia e durabilidade<\/strong><br \/>\nGeralmente feito de alum\u00ednio leve, mas de alta resist\u00eancia, este estojo de alum\u00ednio para rifles \u00e9 resistente a impactos e press\u00e3o, e pode suportar ambientes agressivos ou quedas acidentais. A estrutura do estojo \u00e9 robusta e as bordas costumam ser equipadas com nervuras de refor\u00e7o para resistir a danos externos. \u00c9 ideal para quem precisa de estojos r\u00edgidos para rifles para uso profissional ou ao ar livre.<\/p>\n<p><strong>2. Seguran\u00e7a<\/strong><br \/>\nFechaduras certificadas: Fechaduras de combina\u00e7\u00e3o padr\u00e3o de alta seguran\u00e7a garantem a seguran\u00e7a da arma em seu interior. O design \u00e0 prova d&#039;\u00e1gua e de poeira garante que o interior permane\u00e7a seco, tornando este estojo de alum\u00ednio com trava para rifle e chaves adequado para ambientes externos ou t\u00e1ticos onde a confiabilidade \u00e9 fundamental.<\/p>\n<p><strong>3. Leve e port\u00e1til<\/strong><br \/>\nGeralmente pesa de 5 a 10 kg (dependendo do tamanho) e alguns modelos s\u00e3o equipados com polias ou correias para facilitar o transporte. Apesar de ser um estojo r\u00edgido para rifles, ele \u00e9 f\u00e1cil de transportar sozinho, oferecendo o m\u00e1ximo em prote\u00e7\u00e3o e portabilidade.<\/p>\n<h4><span style=\"color: #003366;\">Detalhes do produto:<\/span><\/h4>\n<div style=\"display: flex; gap: 20px;\">\n<p><!-- \u7b2c\u4e00\u680f --><\/p>\n<div style=\"flex: 1; text-align: center;\">\n<p><img decoding=\"async\" style=\"max-width: 100%; height: auto; margin-bottom: 10px;\" src=\"https:\/\/suncasesupply.com\/wp-content\/uploads\/2025\/05\/strong-handle.jpg\" alt=\"Al\u00e7a dur\u00e1vel e confort\u00e1vel\" \/><\/p>\n<p style=\"font-weight: bold; margin: 5px 0;\">Al\u00e7a dur\u00e1vel<\/p>\n<p style=\"margin: 0;\">A al\u00e7a \u00e9 feita de borracha antiderrapante e amortecedora para reduzir a fadiga da m\u00e3o ao levantar a arma por longos per\u00edodos, adaptando-se ao arco da empunhadura para maior conforto. Ela \u00e9 firmemente conectada ao corpo da caixa por meio de suportes ou rebites de metal, o que n\u00e3o s\u00f3 oferece forte capacidade de carga, como tamb\u00e9m fortalece a estrutura geral da caixa para evitar deforma\u00e7\u00f5es. Este design inteligente \u00e9 comum em estojos r\u00edgidos de alta qualidade para rifles.<\/p>\n<\/div>\n<p><!-- \u7b2c\u4e8c\u680f --><\/p>\n<div style=\"flex: 1; text-align: center;\">\n<p><img decoding=\"async\" style=\"max-width: 100%; height: auto; margin-bottom: 10px;\" src=\"https:\/\/suncasesupply.com\/wp-content\/uploads\/2025\/05\/Protective-foam.jpg\" alt=\"Espuma protetora\" \/><\/p>\n<p style=\"font-weight: bold; margin: 5px 0;\">Espuma protetora<\/p>\n<p style=\"margin: 0;\">O algod\u00e3o ondulado absorve eficazmente choques e vibra\u00e7\u00f5es, reduzindo o impacto direto de for\u00e7as externas na arma de fogo durante o transporte ou colis\u00e3o, e evitando que pe\u00e7as de precis\u00e3o (como lunetas, canos, etc.) sejam danificadas pela vibra\u00e7\u00e3o. O design com ranhuras que se adaptam ao formato da arma de fogo permite trav\u00e1-la firmemente no lugar, tornando-a uma excelente op\u00e7\u00e3o para estojos de rifles de longo alcance. Alguns modelos tamb\u00e9m servem como estojos para espingardas, oferecendo compatibilidade flex\u00edvel com armas de fogo.<\/p>\n<\/div>\n<p><!-- \u7b2c\u4e09\u680f --><\/p>\n<div style=\"flex: 1; text-align: center;\">\n<p><img decoding=\"async\" style=\"max-width: 100%; height: auto; margin-bottom: 10px;\" src=\"https:\/\/suncasesupply.com\/wp-content\/uploads\/2025\/05\/Diamond-surface.jpg\" alt=\"Superf\u00edcie de diamante\" \/><\/p>\n<p style=\"font-weight: bold; margin: 5px 0;\">Superf\u00edcie de diamante<\/p>\n<p style=\"margin: 0;\">O painel ABS com padr\u00e3o diamante evita efetivamente que a caixa seja arranhada durante o transporte e o uso, prolongando assim sua vida \u00fatil. Este design de superf\u00edcie aumenta a atratividade e a resist\u00eancia de qualquer modelo de rifle com estojo r\u00edgido usado em condi\u00e7\u00f5es adversas.<\/p>\n<\/div>\n<p><!-- \u7b2c\u56db\u680f --><\/p>\n<div style=\"flex: 1; text-align: center;\">\n<p><img decoding=\"async\" style=\"max-width: 100%; height: auto; margin-bottom: 10px;\" src=\"https:\/\/suncasesupply.com\/wp-content\/uploads\/2025\/05\/Commbination-lock.jpg\" alt=\"Fechadura de combina\u00e7\u00e3o\" \/><\/p>\n<p style=\"font-weight: bold; margin: 5px 0;\">Cadeado de combina\u00e7\u00e3o<\/p>\n<p style=\"margin: 0;\">Travas de combina\u00e7\u00e3o podem garantir a seguran\u00e7a das armas e impedir que outras pessoas (como crian\u00e7as, ladr\u00f5es ou usu\u00e1rios n\u00e3o autorizados) as acessem. Comparadas \u00e0s travas de chave, as travas de combina\u00e7\u00e3o n\u00e3o exigem o uso de chaves, bastando digitar a combina\u00e7\u00e3o para abrir rapidamente o porta-armas (especialmente conveniente em situa\u00e7\u00f5es de emerg\u00eancia).<\/p>\n<\/div>\n<\/div>\n<div style=\"background-color: #29599a; padding: 40px 20px; text-align: center; color: #ffffff; border-radius: 10px; margin: 40px auto; max-width: 960px;\">\n<h2 style=\"font-size: 22px; margin-bottom: 20px; font-weight: bold;\"><span style=\"color: #ffffff;\">Quantidade m\u00ednima de 100 para estojos de alum\u00ednio dur\u00e1veis para armas \u2014 entre em contato com a Sun Case para obter a melhor oferta!<\/span><\/h2>\n<p><a style=\"display: inline-block; padding: 12px 28px; background-color: #ffffff; color: #29599a; text-decoration: none; border-radius: 6px; font-weight: bold;\" href=\"https:\/\/suncasesupply.com\/pt\/contact-us\/\" target=\"_blank\" rel=\"noopener\">Solicitar pre\u00e7os<br \/>\n<\/a><\/p>\n<\/div>\n<h4><span style=\"color: #003366;\">Processo de fabrica\u00e7\u00e3o do estojo para arma:<\/span><\/h4>\n<p><img decoding=\"async\" style=\"max-width: 100%; height: auto; margin-bottom: 10px;\" src=\"https:\/\/suncasesupply.com\/wp-content\/uploads\/2025\/07\/Manufacturing-Process.png\" alt=\"Processo de fabrica\u00e7\u00e3o do Suncase\" \/><\/p>\n<h4><span style=\"color: #003366;\">Informa\u00e7\u00f5es \u00fateis para compradores em massa:<\/span><\/h4>\n<p><a href=\"https:\/\/suncasesupply.com\/pt\/blog\/aluminum-gun-case\/gun-case-durability-test-aluminum-vs-plastic\/\">1, Teste de durabilidade do estojo de arma: alum\u00ednio vs pl\u00e1stico<\/a><\/p>\n<p><a href=\"https:\/\/suncasesupply.com\/pt\/blog\/aluminum-gun-case\/consider-gun-case-factors\/\">2. O que voc\u00ea procura ao considerar diferentes estojos para armas?<\/a><\/p>\n<p><a href=\"https:\/\/suncasesupply.com\/pt\/blog\/aluminum-gun-case\/best-aluminum-gun-cases\/\">3 Melhores Estojos de Alum\u00ednio para Armas da Suncase em 2024<\/a><\/p>\n<p><a href=\"https:\/\/suncasesupply.com\/pt\/blog\/aluminum-gun-case\/top-3-aluminum-gun-cases-manufacturers-of-china\/\">4. Os 3 principais fabricantes de estojos de alum\u00ednio para armas na China<\/a><\/p>\n<p><a href=\"https:\/\/suncasesupply.com\/pt\/blog\/aluminum-gun-case\/hard-vs-soft-rifle-case\/\">5. Estojo r\u00edgido vs. macio para rifle: qual estojo de alum\u00ednio para arma \u00e9 melhor?<\/a><\/p>\n<p><a href=\"https:\/\/suncasesupply.com\/pt\/blog\/aluminum-gun-case\/best-foam-for-aluminum-gun-cases\/\">6. A melhor espuma para uma caixa de arma de alum\u00ednio<\/a><\/p>","protected":false},"excerpt":{"rendered":"<p>Modelo: Z22<\/p>\n<p>Tamanho: 150 x 35 x 12 cm<\/p>\n<p>Cores: Preto ou personalizar<\/p>\n<p>Materiais: Alum\u00ednio, painel ABS, painel acr\u00edlico<\/p>\n<p>Logotipo: Logotipo em placa de metal, logotipo em serigrafia<\/p>\n<p>Quantidade m\u00ednima: 100 pe\u00e7as<\/p>","protected":false},"featured_media":21175,"template":"","meta":{"_gspb_post_css":""},"product_cat":[85],"product_tag":[],"featured_image_urls":{"full":["https:\/\/suncasesupply.com\/wp-content\/uploads\/2023\/08\/12-7.jpg",947,947,false],"thumbnail":["https:\/\/suncasesupply.com\/wp-content\/uploads\/2023\/08\/12-7-150x150.jpg",150,150,true],"medium":["https:\/\/suncasesupply.com\/wp-content\/uploads\/2023\/08\/12-7-300x300.jpg",300,300,true],"medium_large":["https:\/\/suncasesupply.com\/wp-content\/uploads\/2023\/08\/12-7-768x768.jpg",768,768,true],"large":["https:\/\/suncasesupply.com\/wp-content\/uploads\/2023\/08\/12-7.jpg",947,947,false],"1536x1536":["https:\/\/suncasesupply.com\/wp-content\/uploads\/2023\/08\/12-7.jpg",947,947,false],"2048x2048":["https:\/\/suncasesupply.com\/wp-content\/uploads\/2023\/08\/12-7.jpg",947,947,false],"trp-custom-language-flag":["https:\/\/suncasesupply.com\/wp-content\/uploads\/2023\/08\/12-7.jpg",12,12,false],"woocommerce_thumbnail":["https:\/\/suncasesupply.com\/wp-content\/uploads\/2023\/08\/12-7-300x300.jpg",300,300,true],"woocommerce_single":["https:\/\/suncasesupply.com\/wp-content\/uploads\/2023\/08\/12-7-600x600.jpg",600,600,true],"woocommerce_gallery_thumbnail":["https:\/\/suncasesupply.com\/wp-content\/uploads\/2023\/08\/12-7-100x100.jpg",100,100,true]},"post_excerpt_stackable":"<p>Model : Z22<\/p>\n<p>Size: 150 x 35 x 12 cm<\/p>\n<p>Colors: Black or customize<\/p>\n<p>Materials: Aluminum, ABS panel, Acrylic Panel<\/p>\n<p>Logo: Metal plate logo, silk screen logo<\/p>\n<p>MOQ: 100pcs<\/p>\n","category_list":"","author_info":{"name":"","url":""},"comments_num":"0 comments","_links":{"self":[{"href":"https:\/\/suncasesupply.com\/pt\/wp-json\/wp\/v2\/product\/21174"}],"collection":[{"href":"https:\/\/suncasesupply.com\/pt\/wp-json\/wp\/v2\/product"}],"about":[{"href":"https:\/\/suncasesupply.com\/pt\/wp-json\/wp\/v2\/types\/product"}],"wp:featuredmedia":[{"embeddable":true,"href":"https:\/\/suncasesupply.com\/pt\/wp-json\/wp\/v2\/media\/21175"}],"wp:attachment":[{"href":"https:\/\/suncasesupply.com\/pt\/wp-json\/wp\/v2\/media?parent=21174"}],"wp:term":[{"taxonomy":"product_cat","embeddable":true,"href":"https:\/\/suncasesupply.com\/pt\/wp-json\/wp\/v2\/product_cat?post=21174"},{"taxonomy":"product_tag","embeddable":true,"href":"https:\/\/suncasesupply.com\/pt\/wp-json\/wp\/v2\/product_tag?post=21174"}],"curies":[{"name":"wp","href":"https:\/\/api.w.org\/{rel}","templated":true}]}}