{"id":21173,"date":"2023-08-28T14:11:46","date_gmt":"2023-08-28T06:11:46","guid":{"rendered":"https:\/\/suncasesupply.com\/?post_type=product&#038;p=21173"},"modified":"2025-02-20T09:50:27","modified_gmt":"2025-02-20T01:50:27","slug":"silver-portable-aluminum-tool-storage-case-hard-carrying-box","status":"publish","type":"product","link":"https:\/\/suncasesupply.com\/pt\/product\/silver-portable-aluminum-tool-storage-case-hard-carrying-box\/","title":{"rendered":"Caixa de armazenamento de ferramentas de alum\u00ednio port\u00e1til prateada, caixa de transporte r\u00edgido"},"content":{"rendered":"<p>&nbsp;<\/p>\n<table width=\"774\">\n<tbody>\n<tr>\n<td width=\"177\">Item<\/td>\n<td width=\"597\">Caixa de alum\u00ednio<\/td>\n<\/tr>\n<tr>\n<td>Dimens\u00e3o<\/td>\n<td>33\u00d728 x11cm ou personalizar<\/td>\n<\/tr>\n<tr>\n<td>Cores<\/td>\n<td>Como as imagens mostram ou personalizam<\/td>\n<\/tr>\n<tr>\n<td>Materiais<\/td>\n<td>Alum\u00ednio, painel ABS, placa MDF, forro de EVA\/espuma\/tecido\/PU, ferragens<\/td>\n<\/tr>\n<tr>\n<td>Logotipo<\/td>\n<td>Logotipo da placa de metal, logotipo impresso, logotipo em relevo, logotipo do laser<\/td>\n<\/tr>\n<tr>\n<td>Tempo de amostra<\/td>\n<td>7 dias<\/td>\n<\/tr>\n<tr>\n<td>Porto de embarque<\/td>\n<td>Cant\u00e3o, Shenzhen<\/td>\n<\/tr>\n<tr>\n<td>Termos de negocia\u00e7\u00e3o<\/td>\n<td>EXW, FOB, CIF, DDU, DDP<\/td>\n<\/tr>\n<tr>\n<td>M\u00e9todos de Pagamento<\/td>\n<td>T\/T, dinheiro, PayPal, cart\u00e3o de cr\u00e9dito<\/td>\n<\/tr>\n<\/tbody>\n<\/table>\n<p><span style=\"color: #003366;\">Caracter\u00edsticas:<\/span><\/p>\n<p>Estojo de trem de cabeleireiro para sal\u00e3o de beleza de maquiagem port\u00e1til para viagens dif\u00edceis. Projetado com travas, confidencialidade super forte.<\/p>\n<p>Equipado com al\u00e7a grande estilo americano, feito de material de mistura ABS, alta estabilidade, forte capacidade de carga e confort\u00e1vel e bonito.<\/p>\n<p>suporte, que torna a conex\u00e3o entre a tampa da caixa e o corpo da caixa mais forte, mais conveniente para abrir e fechar e dur\u00e1vel.<\/p>\n<p>Envolt\u00f3rio de canto liso redondo de metal alargado e espesso exclusivo e refor\u00e7ado com rebites, para garantir que a bagagem tenha uma capacidade de carga mais forte.<\/p>","protected":false},"excerpt":{"rendered":"<p>Modelo: BC-0025<\/p>\n<p>Tamanho: 33\u00d728x11cm<\/p>\n<p>Quantidade m\u00ednima: 100 pe\u00e7as<\/p>\n<p>Prazo de entrega: 15-25 dias<\/p>\n<p>Amostra: Dispon\u00edvel<\/p>","protected":false},"featured_media":21167,"template":"","meta":{"_gspb_post_css":""},"product_cat":[42,80],"product_tag":[],"featured_image_urls":{"full":["https:\/\/suncasesupply.com\/wp-content\/uploads\/2023\/08\/04f39834-9b81-46f2-98e2-68cd91ff9f83.a1cbdb999a1a1293e77fa2b50c72a93d.jpeg",768,768,false],"thumbnail":["https:\/\/suncasesupply.com\/wp-content\/uploads\/2023\/08\/04f39834-9b81-46f2-98e2-68cd91ff9f83.a1cbdb999a1a1293e77fa2b50c72a93d-150x150.jpeg",150,150,true],"medium":["https:\/\/suncasesupply.com\/wp-content\/uploads\/2023\/08\/04f39834-9b81-46f2-98e2-68cd91ff9f83.a1cbdb999a1a1293e77fa2b50c72a93d-300x300.jpeg",300,300,true],"medium_large":["https:\/\/suncasesupply.com\/wp-content\/uploads\/2023\/08\/04f39834-9b81-46f2-98e2-68cd91ff9f83.a1cbdb999a1a1293e77fa2b50c72a93d.jpeg",768,768,false],"large":["https:\/\/suncasesupply.com\/wp-content\/uploads\/2023\/08\/04f39834-9b81-46f2-98e2-68cd91ff9f83.a1cbdb999a1a1293e77fa2b50c72a93d.jpeg",768,768,false],"1536x1536":["https:\/\/suncasesupply.com\/wp-content\/uploads\/2023\/08\/04f39834-9b81-46f2-98e2-68cd91ff9f83.a1cbdb999a1a1293e77fa2b50c72a93d.jpeg",768,768,false],"2048x2048":["https:\/\/suncasesupply.com\/wp-content\/uploads\/2023\/08\/04f39834-9b81-46f2-98e2-68cd91ff9f83.a1cbdb999a1a1293e77fa2b50c72a93d.jpeg",768,768,false],"trp-custom-language-flag":["https:\/\/suncasesupply.com\/wp-content\/uploads\/2023\/08\/04f39834-9b81-46f2-98e2-68cd91ff9f83.a1cbdb999a1a1293e77fa2b50c72a93d.jpeg",12,12,false],"woocommerce_thumbnail":["https:\/\/suncasesupply.com\/wp-content\/uploads\/2023\/08\/04f39834-9b81-46f2-98e2-68cd91ff9f83.a1cbdb999a1a1293e77fa2b50c72a93d-300x300.jpeg",300,300,true],"woocommerce_single":["https:\/\/suncasesupply.com\/wp-content\/uploads\/2023\/08\/04f39834-9b81-46f2-98e2-68cd91ff9f83.a1cbdb999a1a1293e77fa2b50c72a93d-600x600.jpeg",600,600,true],"woocommerce_gallery_thumbnail":["https:\/\/suncasesupply.com\/wp-content\/uploads\/2023\/08\/04f39834-9b81-46f2-98e2-68cd91ff9f83.a1cbdb999a1a1293e77fa2b50c72a93d-100x100.jpeg",100,100,true]},"post_excerpt_stackable":"<p>Model : BC-0025<\/p>\n<p>Size: 33&#215;28 x11cm<\/p>\n<p>MOQ: 100pcs<\/p>\n<p>Delivery Time : 15-25 Days<\/p>\n<p>Sample : Available<\/p>\n","category_list":"","author_info":{"name":"","url":""},"comments_num":"0 comments","_links":{"self":[{"href":"https:\/\/suncasesupply.com\/pt\/wp-json\/wp\/v2\/product\/21173"}],"collection":[{"href":"https:\/\/suncasesupply.com\/pt\/wp-json\/wp\/v2\/product"}],"about":[{"href":"https:\/\/suncasesupply.com\/pt\/wp-json\/wp\/v2\/types\/product"}],"wp:featuredmedia":[{"embeddable":true,"href":"https:\/\/suncasesupply.com\/pt\/wp-json\/wp\/v2\/media\/21167"}],"wp:attachment":[{"href":"https:\/\/suncasesupply.com\/pt\/wp-json\/wp\/v2\/media?parent=21173"}],"wp:term":[{"taxonomy":"product_cat","embeddable":true,"href":"https:\/\/suncasesupply.com\/pt\/wp-json\/wp\/v2\/product_cat?post=21173"},{"taxonomy":"product_tag","embeddable":true,"href":"https:\/\/suncasesupply.com\/pt\/wp-json\/wp\/v2\/product_tag?post=21173"}],"curies":[{"name":"wp","href":"https:\/\/api.w.org\/{rel}","templated":true}]}}