{"id":21160,"date":"2023-08-28T14:09:09","date_gmt":"2023-08-28T06:09:09","guid":{"rendered":"https:\/\/suncasesupply.com\/?post_type=product&#038;p=21160"},"modified":"2025-02-20T11:15:13","modified_gmt":"2025-02-20T03:15:13","slug":"double-open-design-portable-pistol-storage-aluminum-gun-case-with-egg-sponge-interior","status":"publish","type":"product","link":"https:\/\/suncasesupply.com\/pt\/product\/double-open-design-portable-pistol-storage-aluminum-gun-case-with-egg-sponge-interior\/","title":{"rendered":"Caixa de alum\u00ednio para armazenamento de pistola port\u00e1til com design duplo aberto e interior de esponja de ovo"},"content":{"rendered":"<p>&nbsp;<\/p>\n<table width=\"774\">\n<tbody>\n<tr>\n<td width=\"177\">Item<\/td>\n<td width=\"597\">Estojo de arma de alum\u00ednio<\/td>\n<\/tr>\n<tr>\n<td>Dimens\u00e3o<\/td>\n<td>31,8 x 25,4 x 16,5 cm ou personalizar<\/td>\n<\/tr>\n<tr>\n<td>Cores<\/td>\n<td>Como as imagens mostram ou personalizam<\/td>\n<\/tr>\n<tr>\n<td>Materiais<\/td>\n<td>Alum\u00ednio, painel ABS, placa MDF, forro de EVA\/espuma\/tecido\/PU, ferragens<\/td>\n<\/tr>\n<tr>\n<td>Logotipo<\/td>\n<td>Logotipo da placa de metal, logotipo impresso, logotipo em relevo, logotipo do laser<\/td>\n<\/tr>\n<tr>\n<td>Tempo de amostra<\/td>\n<td>7 dias<\/td>\n<\/tr>\n<tr>\n<td>Porto de embarque<\/td>\n<td>Cant\u00e3o, Shenzhen<\/td>\n<\/tr>\n<tr>\n<td>Termos de negocia\u00e7\u00e3o<\/td>\n<td>EXW, FOB, CIF, DDU, DDP<\/td>\n<\/tr>\n<tr>\n<td>M\u00e9todos de Pagamento<\/td>\n<td>T\/T, dinheiro, PayPal, cart\u00e3o de cr\u00e9dito<\/td>\n<\/tr>\n<\/tbody>\n<\/table>\n<p><span style=\"color: #003366;\">Caracter\u00edsticas:<\/span><\/p>\n<p>Estojo para arma estilo Attash Case.<\/p>\n<p>Um estojo de arma resistente com pe\u00e7as de liga de alum\u00ednio nos cantos e bordas. Pode ser usado para armazenar e transportar armas com confian\u00e7a.<\/p>\n<p>O espa\u00e7o interior \u00e9 uma base militar original. 1 esponja plana cortada grossa com linha de corte no papel quadriculado familiar, 2 esponjas planas normais finas, 1 esponja ondulada na tampa Pode ser cortada para caber em armas e revistas para obter um ajuste excelente.<\/p>\n<p>Ele pode ser usado como um moedor sozinho em uma caixa anexa que \u00e9 como um Hitman. Tamb\u00e9m pode ser usado para transportar e armazenar equipamentos de precis\u00e3o fr\u00e1geis, como c\u00e2meras e PCs.<\/p>\n<p>\u2013 Pode armazenar armas pequenas e grandes e revistas<br \/>\nPode armazenar v\u00e1rias armas da s\u00e9rie Glock, M9\/M92, Government, DE e outros tamanhos pequenos a grandes. A esponja de grade \u00e9 f\u00e1cil de cortar em qualquer formato e pode segurar sua arma ou revista<\/p>","protected":false},"excerpt":{"rendered":"<p>Modelo: Z21<\/p>\n<p>Tamanho: 31,8 x 25,4 x 16,5 cm<\/p>\n<p>Quantidade m\u00ednima: 100 pe\u00e7as<\/p>\n<p>Prazo de entrega: 15-25 dias<\/p>\n<p>Amostra: Dispon\u00edvel<\/p>","protected":false},"featured_media":21161,"template":"","meta":{"_gspb_post_css":""},"product_cat":[85],"product_tag":[],"featured_image_urls":{"full":["https:\/\/suncasesupply.com\/wp-content\/uploads\/2023\/08\/7-12.jpg",768,768,false],"thumbnail":["https:\/\/suncasesupply.com\/wp-content\/uploads\/2023\/08\/7-12-150x150.jpg",150,150,true],"medium":["https:\/\/suncasesupply.com\/wp-content\/uploads\/2023\/08\/7-12-300x300.jpg",300,300,true],"medium_large":["https:\/\/suncasesupply.com\/wp-content\/uploads\/2023\/08\/7-12.jpg",768,768,false],"large":["https:\/\/suncasesupply.com\/wp-content\/uploads\/2023\/08\/7-12.jpg",768,768,false],"1536x1536":["https:\/\/suncasesupply.com\/wp-content\/uploads\/2023\/08\/7-12.jpg",768,768,false],"2048x2048":["https:\/\/suncasesupply.com\/wp-content\/uploads\/2023\/08\/7-12.jpg",768,768,false],"trp-custom-language-flag":["https:\/\/suncasesupply.com\/wp-content\/uploads\/2023\/08\/7-12.jpg",12,12,false],"woocommerce_thumbnail":["https:\/\/suncasesupply.com\/wp-content\/uploads\/2023\/08\/7-12-300x300.jpg",300,300,true],"woocommerce_single":["https:\/\/suncasesupply.com\/wp-content\/uploads\/2023\/08\/7-12-600x600.jpg",600,600,true],"woocommerce_gallery_thumbnail":["https:\/\/suncasesupply.com\/wp-content\/uploads\/2023\/08\/7-12-100x100.jpg",100,100,true]},"post_excerpt_stackable":"<p>Model : Z21<\/p>\n<p>Size: 31.8 x 25.4 x 16.5 cm<\/p>\n<p>MOQ: 100pcs<\/p>\n<p>Delivery Time : 15-25 Days<\/p>\n<p>Sample : Available<\/p>\n","category_list":"","author_info":{"name":"","url":""},"comments_num":"0 comments","_links":{"self":[{"href":"https:\/\/suncasesupply.com\/pt\/wp-json\/wp\/v2\/product\/21160"}],"collection":[{"href":"https:\/\/suncasesupply.com\/pt\/wp-json\/wp\/v2\/product"}],"about":[{"href":"https:\/\/suncasesupply.com\/pt\/wp-json\/wp\/v2\/types\/product"}],"wp:featuredmedia":[{"embeddable":true,"href":"https:\/\/suncasesupply.com\/pt\/wp-json\/wp\/v2\/media\/21161"}],"wp:attachment":[{"href":"https:\/\/suncasesupply.com\/pt\/wp-json\/wp\/v2\/media?parent=21160"}],"wp:term":[{"taxonomy":"product_cat","embeddable":true,"href":"https:\/\/suncasesupply.com\/pt\/wp-json\/wp\/v2\/product_cat?post=21160"},{"taxonomy":"product_tag","embeddable":true,"href":"https:\/\/suncasesupply.com\/pt\/wp-json\/wp\/v2\/product_tag?post=21160"}],"curies":[{"name":"wp","href":"https:\/\/api.w.org\/{rel}","templated":true}]}}