{"id":21148,"date":"2023-08-28T14:03:51","date_gmt":"2023-08-28T06:03:51","guid":{"rendered":"https:\/\/suncasesupply.com\/?post_type=product&#038;p=21148"},"modified":"2025-02-20T10:29:16","modified_gmt":"2025-02-20T02:29:16","slug":"purpose-black-aluminum-briefcase-pilot-aluminum-attache-briefcase","status":"publish","type":"product","link":"https:\/\/suncasesupply.com\/pt\/product\/purpose-black-aluminum-briefcase-pilot-aluminum-attache-briefcase\/","title":{"rendered":"Pasta de alum\u00ednio preta da finalidade Pasta piloto de alum\u00ednio do adido"},"content":{"rendered":"<p>&nbsp;<\/p>\n<table width=\"774\">\n<tbody>\n<tr>\n<td width=\"177\">Item<\/td>\n<td width=\"597\">Caixa de alum\u00ednio<\/td>\n<\/tr>\n<tr>\n<td>Dimens\u00e3o<\/td>\n<td>460*330*135mm ou personalizar<\/td>\n<\/tr>\n<tr>\n<td>Cores<\/td>\n<td>Como as imagens mostram ou personalizam<\/td>\n<\/tr>\n<tr>\n<td>Materiais<\/td>\n<td>Alum\u00ednio, painel ABS, placa MDF, forro de EVA\/espuma\/tecido\/PU, ferragens<\/td>\n<\/tr>\n<tr>\n<td>Logotipo<\/td>\n<td>Logotipo da placa de metal, logotipo impresso, logotipo em relevo, logotipo do laser<\/td>\n<\/tr>\n<tr>\n<td>Tempo de amostra<\/td>\n<td>7 dias<\/td>\n<\/tr>\n<tr>\n<td>Porto de embarque<\/td>\n<td>Cant\u00e3o, Shenzhen<\/td>\n<\/tr>\n<tr>\n<td>Termos de negocia\u00e7\u00e3o<\/td>\n<td>EXW, FOB, CIF, DDU, DDP<\/td>\n<\/tr>\n<tr>\n<td>M\u00e9todos de Pagamento<\/td>\n<td>T\/T, dinheiro, PayPal, cart\u00e3o de cr\u00e9dito<\/td>\n<\/tr>\n<\/tbody>\n<\/table>\n<p><span style=\"color: #003366;\">Caracter\u00edsticas:<\/span><\/p>\n<p>Esta maleta piloto de alum\u00ednio na cor da arma anodizada \u00e9 feita de estrutura de alum\u00ednio na cor da arma e cor do diamante em alum\u00ednio na cor da arma. Possui duas travas de combina\u00e7\u00e3o e uma al\u00e7a. As dobradi\u00e7as longas na parte traseira tornam a caixa mais resistente do que o design normal.<\/p>\n<p>As maletas internas com bolso para documentos, podem transportar todos os documentos para o trabalho, voc\u00ea tamb\u00e9m pode usar esta maleta de alum\u00ednio de alta qualidade para transportar notebooks de 14 \u201de 15\u201d.<\/p>\n<p>Como a fechadura combinada \u00e9 muito segura, voc\u00ea n\u00e3o precisa se preocupar com seguran\u00e7a. \u00c9 muito seguro quando voc\u00ea viaja pelo mundo.<\/p>","protected":false},"excerpt":{"rendered":"<p>Modelo: BC-0002<\/p>\n<p>Tamanho: 460*330*135mm<\/p>\n<p>Quantidade m\u00ednima: 100 pe\u00e7as<\/p>\n<p>Prazo de entrega: 15-25 dias<\/p>\n<p>Amostra: Dispon\u00edvel<\/p>","protected":false},"featured_media":21149,"template":"","meta":{"_gspb_post_css":""},"product_cat":[82],"product_tag":[],"featured_image_urls":{"full":["https:\/\/suncasesupply.com\/wp-content\/uploads\/2023\/08\/IMG_3863.webp",1000,902,false],"thumbnail":["https:\/\/suncasesupply.com\/wp-content\/uploads\/2023\/08\/IMG_3863-150x150.webp",150,150,true],"medium":["https:\/\/suncasesupply.com\/wp-content\/uploads\/2023\/08\/IMG_3863-300x271.webp",300,271,true],"medium_large":["https:\/\/suncasesupply.com\/wp-content\/uploads\/2023\/08\/IMG_3863-768x693.webp",768,693,true],"large":["https:\/\/suncasesupply.com\/wp-content\/uploads\/2023\/08\/IMG_3863.webp",1000,902,false],"1536x1536":["https:\/\/suncasesupply.com\/wp-content\/uploads\/2023\/08\/IMG_3863.webp",1000,902,false],"2048x2048":["https:\/\/suncasesupply.com\/wp-content\/uploads\/2023\/08\/IMG_3863.webp",1000,902,false],"trp-custom-language-flag":["https:\/\/suncasesupply.com\/wp-content\/uploads\/2023\/08\/IMG_3863.webp",13,12,false],"woocommerce_thumbnail":["https:\/\/suncasesupply.com\/wp-content\/uploads\/2023\/08\/IMG_3863-300x300.webp",300,300,true],"woocommerce_single":["https:\/\/suncasesupply.com\/wp-content\/uploads\/2023\/08\/IMG_3863-600x541.webp",600,541,true],"woocommerce_gallery_thumbnail":["https:\/\/suncasesupply.com\/wp-content\/uploads\/2023\/08\/IMG_3863-100x100.webp",100,100,true]},"post_excerpt_stackable":"<p>Model : BC-0002<\/p>\n<p>Size: \u00a0460*330*135mm<\/p>\n<p>MOQ: 100pcs<\/p>\n<p>Delivery Time : 15-25 Days<\/p>\n<p>Sample : Available<\/p>\n","category_list":"","author_info":{"name":"","url":""},"comments_num":"0 comments","_links":{"self":[{"href":"https:\/\/suncasesupply.com\/pt\/wp-json\/wp\/v2\/product\/21148"}],"collection":[{"href":"https:\/\/suncasesupply.com\/pt\/wp-json\/wp\/v2\/product"}],"about":[{"href":"https:\/\/suncasesupply.com\/pt\/wp-json\/wp\/v2\/types\/product"}],"wp:featuredmedia":[{"embeddable":true,"href":"https:\/\/suncasesupply.com\/pt\/wp-json\/wp\/v2\/media\/21149"}],"wp:attachment":[{"href":"https:\/\/suncasesupply.com\/pt\/wp-json\/wp\/v2\/media?parent=21148"}],"wp:term":[{"taxonomy":"product_cat","embeddable":true,"href":"https:\/\/suncasesupply.com\/pt\/wp-json\/wp\/v2\/product_cat?post=21148"},{"taxonomy":"product_tag","embeddable":true,"href":"https:\/\/suncasesupply.com\/pt\/wp-json\/wp\/v2\/product_tag?post=21148"}],"curies":[{"name":"wp","href":"https:\/\/api.w.org\/{rel}","templated":true}]}}