{"id":21110,"date":"2023-08-28T13:53:05","date_gmt":"2023-08-28T05:53:05","guid":{"rendered":"https:\/\/suncasesupply.com\/?post_type=product&#038;p=21110"},"modified":"2025-02-20T10:29:45","modified_gmt":"2025-02-20T02:29:45","slug":"aluminum-briefcase-with-foam-insert-hard-document-carry-case","status":"publish","type":"product","link":"https:\/\/suncasesupply.com\/pt\/product\/aluminum-briefcase-with-foam-insert-hard-document-carry-case\/","title":{"rendered":"Pasta de alum\u00ednio com estojo r\u00edgido para transporte de documentos com inser\u00e7\u00e3o de espuma"},"content":{"rendered":"<p>&nbsp;<\/p>\n<table width=\"774\">\n<tbody>\n<tr>\n<td width=\"177\">Item<\/td>\n<td width=\"597\">Caixa de alum\u00ednio<\/td>\n<\/tr>\n<tr>\n<td>Dimens\u00e3o<\/td>\n<td>400 x 300 x 100 mm ou personalizar<\/td>\n<\/tr>\n<tr>\n<td>Cores<\/td>\n<td>Como as imagens mostram ou personalizam<\/td>\n<\/tr>\n<tr>\n<td>Materiais<\/td>\n<td>Alum\u00ednio, painel ABS, placa MDF, forro de EVA\/espuma\/tecido\/PU, ferragens<\/td>\n<\/tr>\n<tr>\n<td>Logotipo<\/td>\n<td>Logotipo da placa de metal, logotipo impresso, logotipo em relevo, logotipo do laser<\/td>\n<\/tr>\n<tr>\n<td>Tempo de amostra<\/td>\n<td>7 dias<\/td>\n<\/tr>\n<tr>\n<td>Porto de embarque<\/td>\n<td>Cant\u00e3o, Shenzhen<\/td>\n<\/tr>\n<tr>\n<td>Termos de negocia\u00e7\u00e3o<\/td>\n<td>EXW, FOB, CIF, DDU, DDP<\/td>\n<\/tr>\n<tr>\n<td>M\u00e9todos de Pagamento<\/td>\n<td>T\/T, dinheiro, PayPal, cart\u00e3o de cr\u00e9dito<\/td>\n<\/tr>\n<\/tbody>\n<\/table>\n<p><span style=\"color: #003366;\">Caracter\u00edsticas:<\/span><\/p>\n<p>Este estojo com estrutura de alum\u00ednio de alta qualidade protege ferramentas e instrumentos delicados durante viagens ou a caminho do trabalho.<br \/>\nA tampa da mala tem espa\u00e7o para documentos em formato A4, utens\u00edlios de escrita, cart\u00f5es de visita ou telem\u00f3vel.<br \/>\nO case \u00e9 fabricado com uma estrutura robusta com bordas refor\u00e7adas e cantos arredondados e \u00e9 fornecido com um inserto de espuma em forma de cubo remov\u00edvel.<br \/>\nA ranhura dupla na borda de fechamento evita a entrada de poeira e respingos de \u00e1gua, enquanto o interior acolchoado protege os aparelhos contra danos causados por quedas.<\/p>\n<ul>\n<li>Dimens\u00f5es (externas) 400 x 300 x 100 mm<\/li>\n<li>Dimens\u00f5es (internas) 380 x 285 x 80 mm<\/li>\n<li>carga \u00fatil m\u00e1x. 19kg<\/li>\n<li>Estrutura em alum\u00ednio e materiais comp\u00f3sitos<\/li>\n<li>Bloqueio de press\u00e3o (trav\u00e1vel)<\/li>\n<li>Cor prata tit\u00e2nio<\/li>\n<li>Inser\u00e7\u00e3o de espuma em cubo<\/li>\n<\/ul>","protected":false},"excerpt":{"rendered":"<p>Modelo: BC-0001<\/p>\n<p>Tamanho: 400 x 300 x 100 mm<\/p>\n<p>Quantidade m\u00ednima: 100 pe\u00e7as<\/p>\n<p>Prazo de entrega: 15-25 dias<\/p>\n<p>Amostra: Dispon\u00edvel<\/p>","protected":false},"featured_media":21127,"template":"","meta":{"_gspb_post_css":""},"product_cat":[82],"product_tag":[],"featured_image_urls":{"full":["https:\/\/suncasesupply.com\/wp-content\/uploads\/2023\/08\/peaktech-7330-valise-universelle-400-x-300-x-100-mm-avec-cubed-foam-couleur-titanium-silver-8.jpg",600,600,false],"thumbnail":["https:\/\/suncasesupply.com\/wp-content\/uploads\/2023\/08\/peaktech-7330-valise-universelle-400-x-300-x-100-mm-avec-cubed-foam-couleur-titanium-silver-8-150x150.jpg",150,150,true],"medium":["https:\/\/suncasesupply.com\/wp-content\/uploads\/2023\/08\/peaktech-7330-valise-universelle-400-x-300-x-100-mm-avec-cubed-foam-couleur-titanium-silver-8-300x300.jpg",300,300,true],"medium_large":["https:\/\/suncasesupply.com\/wp-content\/uploads\/2023\/08\/peaktech-7330-valise-universelle-400-x-300-x-100-mm-avec-cubed-foam-couleur-titanium-silver-8.jpg",600,600,false],"large":["https:\/\/suncasesupply.com\/wp-content\/uploads\/2023\/08\/peaktech-7330-valise-universelle-400-x-300-x-100-mm-avec-cubed-foam-couleur-titanium-silver-8.jpg",600,600,false],"1536x1536":["https:\/\/suncasesupply.com\/wp-content\/uploads\/2023\/08\/peaktech-7330-valise-universelle-400-x-300-x-100-mm-avec-cubed-foam-couleur-titanium-silver-8.jpg",600,600,false],"2048x2048":["https:\/\/suncasesupply.com\/wp-content\/uploads\/2023\/08\/peaktech-7330-valise-universelle-400-x-300-x-100-mm-avec-cubed-foam-couleur-titanium-silver-8.jpg",600,600,false],"trp-custom-language-flag":["https:\/\/suncasesupply.com\/wp-content\/uploads\/2023\/08\/peaktech-7330-valise-universelle-400-x-300-x-100-mm-avec-cubed-foam-couleur-titanium-silver-8.jpg",12,12,false],"woocommerce_thumbnail":["https:\/\/suncasesupply.com\/wp-content\/uploads\/2023\/08\/peaktech-7330-valise-universelle-400-x-300-x-100-mm-avec-cubed-foam-couleur-titanium-silver-8-300x300.jpg",300,300,true],"woocommerce_single":["https:\/\/suncasesupply.com\/wp-content\/uploads\/2023\/08\/peaktech-7330-valise-universelle-400-x-300-x-100-mm-avec-cubed-foam-couleur-titanium-silver-8.jpg",600,600,false],"woocommerce_gallery_thumbnail":["https:\/\/suncasesupply.com\/wp-content\/uploads\/2023\/08\/peaktech-7330-valise-universelle-400-x-300-x-100-mm-avec-cubed-foam-couleur-titanium-silver-8-100x100.jpg",100,100,true]},"post_excerpt_stackable":"<p>Model : BC-0001<\/p>\n<p>Size: 400 x 300 x 100 mm<\/p>\n<p>MOQ: 100pcs<\/p>\n<p>Delivery Time : 15-25 Days<\/p>\n<p>Sample : Available<\/p>\n","category_list":"","author_info":{"name":"","url":""},"comments_num":"0 comments","_links":{"self":[{"href":"https:\/\/suncasesupply.com\/pt\/wp-json\/wp\/v2\/product\/21110"}],"collection":[{"href":"https:\/\/suncasesupply.com\/pt\/wp-json\/wp\/v2\/product"}],"about":[{"href":"https:\/\/suncasesupply.com\/pt\/wp-json\/wp\/v2\/types\/product"}],"wp:featuredmedia":[{"embeddable":true,"href":"https:\/\/suncasesupply.com\/pt\/wp-json\/wp\/v2\/media\/21127"}],"wp:attachment":[{"href":"https:\/\/suncasesupply.com\/pt\/wp-json\/wp\/v2\/media?parent=21110"}],"wp:term":[{"taxonomy":"product_cat","embeddable":true,"href":"https:\/\/suncasesupply.com\/pt\/wp-json\/wp\/v2\/product_cat?post=21110"},{"taxonomy":"product_tag","embeddable":true,"href":"https:\/\/suncasesupply.com\/pt\/wp-json\/wp\/v2\/product_tag?post=21110"}],"curies":[{"name":"wp","href":"https:\/\/api.w.org\/{rel}","templated":true}]}}