{"id":21089,"date":"2023-08-28T13:43:50","date_gmt":"2023-08-28T05:43:50","guid":{"rendered":"https:\/\/suncasesupply.com\/?post_type=product&#038;p=21089"},"modified":"2025-02-20T09:50:49","modified_gmt":"2025-02-20T01:50:49","slug":"carrying-case-with-a-foam-cube-insert-aluminum-hard-tool-storage-box","status":"publish","type":"product","link":"https:\/\/suncasesupply.com\/pt\/product\/carrying-case-with-a-foam-cube-insert-aluminum-hard-tool-storage-box\/","title":{"rendered":"Maleta de transporte com inser\u00e7\u00e3o de cubo de espuma Caixa de armazenamento de ferramentas r\u00edgidas de alum\u00ednio"},"content":{"rendered":"<p>&nbsp;<\/p>\n<table width=\"774\">\n<tbody>\n<tr>\n<td width=\"177\">Item<\/td>\n<td width=\"597\">Caixa de alum\u00ednio<\/td>\n<\/tr>\n<tr>\n<td>Dimens\u00e3o<\/td>\n<td>\u00a0550 x 400 x 200 mm ou personalizar<\/td>\n<\/tr>\n<tr>\n<td>Cores<\/td>\n<td>Como as imagens mostram ou personalizam<\/td>\n<\/tr>\n<tr>\n<td>Materiais<\/td>\n<td>Alum\u00ednio, painel ABS, placa MDF, forro de EVA\/espuma\/tecido\/PU, ferragens<\/td>\n<\/tr>\n<tr>\n<td>Logotipo<\/td>\n<td>Logotipo da placa de metal, logotipo impresso, logotipo em relevo, logotipo do laser<\/td>\n<\/tr>\n<tr>\n<td>Tempo de amostra<\/td>\n<td>7 dias<\/td>\n<\/tr>\n<tr>\n<td>Porto de embarque<\/td>\n<td>Cant\u00e3o, Shenzhen<\/td>\n<\/tr>\n<tr>\n<td>Termos de negocia\u00e7\u00e3o<\/td>\n<td>EXW, FOB, CIF, DDU, DDP<\/td>\n<\/tr>\n<tr>\n<td>M\u00e9todos de Pagamento<\/td>\n<td>T\/T, dinheiro, PayPal, cart\u00e3o de cr\u00e9dito<\/td>\n<\/tr>\n<\/tbody>\n<\/table>\n<p><span style=\"color: #003366;\">Caracter\u00edsticas:<\/span><\/p>\n<p>Este estojo com estrutura de alum\u00ednio de alta qualidade protege ferramentas e instrumentos delicados durante viagens ou a caminho do trabalho.<br \/>\nA tampa da mala tem espa\u00e7o para documentos em formato A4, utens\u00edlios de escrita, cart\u00f5es de visita ou telem\u00f3vel.<br \/>\nO case \u00e9 fabricado com uma estrutura robusta com bordas refor\u00e7adas e cantos arredondados e \u00e9 fornecido com um inserto de espuma em forma de cubo remov\u00edvel.<br \/>\nA ranhura dupla na borda de fechamento evita a entrada de poeira e respingos de \u00e1gua, enquanto o interior acolchoado protege os aparelhos contra danos causados por quedas.<\/p>\n<p>Dimens\u00f5es (externas) 550 x 400 x 200 mm3<br \/>\nDimens\u00f5es (internas) 540 x 390 x 185 mm3<br \/>\nCarga \u00fatil m\u00e1x. 17kg<br \/>\nEstrutura em alum\u00ednio e materiais comp\u00f3sitos<br \/>\nBloqueio de press\u00e3o (trav\u00e1vel)<br \/>\nCor prata tit\u00e2nio<br \/>\nInser\u00e7\u00e3o de espuma em cubo<\/p>","protected":false},"excerpt":{"rendered":"<p>Modelo: SC-0023<\/p>\n<p>Tamanho: 550 x 400 x 200 mm<\/p>\n<p>Quantidade m\u00ednima: 100 pe\u00e7as<\/p>\n<p>Prazo de entrega: 15-25 dias<\/p>\n<p>Amostra: Dispon\u00edvel<\/p>","protected":false},"featured_media":21097,"template":"","meta":{"_gspb_post_css":""},"product_cat":[42,80],"product_tag":[],"featured_image_urls":{"full":["https:\/\/suncasesupply.com\/wp-content\/uploads\/2023\/08\/peaktech-7330-valise-universelle-400-x-300-x-100-mm-avec-cubed-foam-couleur-titanium-silver-4.jpg",600,600,false],"thumbnail":["https:\/\/suncasesupply.com\/wp-content\/uploads\/2023\/08\/peaktech-7330-valise-universelle-400-x-300-x-100-mm-avec-cubed-foam-couleur-titanium-silver-4-150x150.jpg",150,150,true],"medium":["https:\/\/suncasesupply.com\/wp-content\/uploads\/2023\/08\/peaktech-7330-valise-universelle-400-x-300-x-100-mm-avec-cubed-foam-couleur-titanium-silver-4-300x300.jpg",300,300,true],"medium_large":["https:\/\/suncasesupply.com\/wp-content\/uploads\/2023\/08\/peaktech-7330-valise-universelle-400-x-300-x-100-mm-avec-cubed-foam-couleur-titanium-silver-4.jpg",600,600,false],"large":["https:\/\/suncasesupply.com\/wp-content\/uploads\/2023\/08\/peaktech-7330-valise-universelle-400-x-300-x-100-mm-avec-cubed-foam-couleur-titanium-silver-4.jpg",600,600,false],"1536x1536":["https:\/\/suncasesupply.com\/wp-content\/uploads\/2023\/08\/peaktech-7330-valise-universelle-400-x-300-x-100-mm-avec-cubed-foam-couleur-titanium-silver-4.jpg",600,600,false],"2048x2048":["https:\/\/suncasesupply.com\/wp-content\/uploads\/2023\/08\/peaktech-7330-valise-universelle-400-x-300-x-100-mm-avec-cubed-foam-couleur-titanium-silver-4.jpg",600,600,false],"trp-custom-language-flag":["https:\/\/suncasesupply.com\/wp-content\/uploads\/2023\/08\/peaktech-7330-valise-universelle-400-x-300-x-100-mm-avec-cubed-foam-couleur-titanium-silver-4.jpg",12,12,false],"woocommerce_thumbnail":["https:\/\/suncasesupply.com\/wp-content\/uploads\/2023\/08\/peaktech-7330-valise-universelle-400-x-300-x-100-mm-avec-cubed-foam-couleur-titanium-silver-4-300x300.jpg",300,300,true],"woocommerce_single":["https:\/\/suncasesupply.com\/wp-content\/uploads\/2023\/08\/peaktech-7330-valise-universelle-400-x-300-x-100-mm-avec-cubed-foam-couleur-titanium-silver-4.jpg",600,600,false],"woocommerce_gallery_thumbnail":["https:\/\/suncasesupply.com\/wp-content\/uploads\/2023\/08\/peaktech-7330-valise-universelle-400-x-300-x-100-mm-avec-cubed-foam-couleur-titanium-silver-4-100x100.jpg",100,100,true]},"post_excerpt_stackable":"<p>Model : SC-0023<\/p>\n<p>Size: 550 x 400 x 200 mm<\/p>\n<p>MOQ: 100pcs<\/p>\n<p>Delivery Time : 15-25 Days<\/p>\n<p>Sample : Available<\/p>\n","category_list":"","author_info":{"name":"","url":""},"comments_num":"0 comments","_links":{"self":[{"href":"https:\/\/suncasesupply.com\/pt\/wp-json\/wp\/v2\/product\/21089"}],"collection":[{"href":"https:\/\/suncasesupply.com\/pt\/wp-json\/wp\/v2\/product"}],"about":[{"href":"https:\/\/suncasesupply.com\/pt\/wp-json\/wp\/v2\/types\/product"}],"wp:featuredmedia":[{"embeddable":true,"href":"https:\/\/suncasesupply.com\/pt\/wp-json\/wp\/v2\/media\/21097"}],"wp:attachment":[{"href":"https:\/\/suncasesupply.com\/pt\/wp-json\/wp\/v2\/media?parent=21089"}],"wp:term":[{"taxonomy":"product_cat","embeddable":true,"href":"https:\/\/suncasesupply.com\/pt\/wp-json\/wp\/v2\/product_cat?post=21089"},{"taxonomy":"product_tag","embeddable":true,"href":"https:\/\/suncasesupply.com\/pt\/wp-json\/wp\/v2\/product_tag?post=21089"}],"curies":[{"name":"wp","href":"https:\/\/api.w.org\/{rel}","templated":true}]}}