{"id":21088,"date":"2023-08-28T13:43:24","date_gmt":"2023-08-28T05:43:24","guid":{"rendered":"https:\/\/suncasesupply.com\/?post_type=product&#038;p=21088"},"modified":"2025-02-20T11:01:31","modified_gmt":"2025-02-20T03:01:31","slug":"ideal-storage-container-box-carry-case-horses-brushes-and-grooming-case","status":"publish","type":"product","link":"https:\/\/suncasesupply.com\/pt\/product\/ideal-storage-container-box-carry-case-horses-brushes-and-grooming-case\/","title":{"rendered":"Caixa de recipiente de armazenamento ideal para transporte de escovas de cavalos e estojo de higiene"},"content":{"rendered":"<p>&nbsp;<\/p>\n<table width=\"774\">\n<tbody>\n<tr>\n<td width=\"177\">Item<\/td>\n<td width=\"597\">Estojo de limpeza de alum\u00ednio<\/td>\n<\/tr>\n<tr>\n<td>Dimens\u00e3o<\/td>\n<td>37 x 33 x 28 cm ou personalizar<\/td>\n<\/tr>\n<tr>\n<td>Cores<\/td>\n<td>Como as imagens mostram ou personalizam<\/td>\n<\/tr>\n<tr>\n<td>Materiais<\/td>\n<td>Alum\u00ednio, painel ABS, placa MDF, forro de EVA\/espuma\/tecido\/PU, ferragens<\/td>\n<\/tr>\n<tr>\n<td>Logotipo<\/td>\n<td>Logotipo da placa de metal, logotipo impresso, logotipo em relevo, logotipo do laser<\/td>\n<\/tr>\n<tr>\n<td>Tempo de amostra<\/td>\n<td>7 dias<\/td>\n<\/tr>\n<tr>\n<td>Porto de embarque<\/td>\n<td>Cant\u00e3o, Shenzhen<\/td>\n<\/tr>\n<tr>\n<td>Termos de negocia\u00e7\u00e3o<\/td>\n<td>EXW, FOB, CIF, DDU, DDP<\/td>\n<\/tr>\n<tr>\n<td>M\u00e9todos de Pagamento<\/td>\n<td>T\/T, dinheiro, PayPal, cart\u00e3o de cr\u00e9dito<\/td>\n<\/tr>\n<\/tbody>\n<\/table>\n<p><span style=\"color: #003366;\">Caracter\u00edsticas:<\/span><\/p>\n<ul>\n<li>Muito espa\u00e7o de armazenamento \u2013 a caixa de higiene \u00e9 extremamente espa\u00e7osa e permite guardar convenientemente todos os kits de higiene. Voc\u00ea pode at\u00e9 colocar garrafas altas em p\u00e9.<\/li>\n<li>Tudo em ordem porque a caixa possui duas divis\u00f3rias vari\u00e1veis e uma prateleira para pequenos itens como picaretas, borrachas de crina, esponjas.<\/li>\n<li>Sempre seguro e est\u00e1vel \u2013 A caixa com moldura de alum\u00ednio protege o conte\u00fado e duas fechaduras garantem um fechamento seguro, para que nada se perca.<\/li>\n<li>Super confort\u00e1vel de transportar, com a ajuda da al\u00e7a refor\u00e7ada, a caixa de tosa pode ser transportada com facilidade e conforto<\/li>\n<li>Tamanho: 37 x 33 x 28 cm<\/li>\n<\/ul>","protected":false},"excerpt":{"rendered":"<p>Modelo: Z16<\/p>\n<p>Tamanho: 36 x 28 x 36 cm<\/p>\n<p>Quantidade m\u00ednima: 100 pe\u00e7as<\/p>\n<p>Prazo de entrega: 15-25 dias<\/p>\n<p>Amostra: Dispon\u00edvel<\/p>","protected":false},"featured_media":21090,"template":"","meta":{"_gspb_post_css":""},"product_cat":[86],"product_tag":[],"featured_image_urls":{"full":["https:\/\/suncasesupply.com\/wp-content\/uploads\/2023\/08\/49-2.jpg",1500,1500,false],"thumbnail":["https:\/\/suncasesupply.com\/wp-content\/uploads\/2023\/08\/49-2-150x150.jpg",150,150,true],"medium":["https:\/\/suncasesupply.com\/wp-content\/uploads\/2023\/08\/49-2-300x300.jpg",300,300,true],"medium_large":["https:\/\/suncasesupply.com\/wp-content\/uploads\/2023\/08\/49-2-768x768.jpg",768,768,true],"large":["https:\/\/suncasesupply.com\/wp-content\/uploads\/2023\/08\/49-2-1024x1024.jpg",1024,1024,true],"1536x1536":["https:\/\/suncasesupply.com\/wp-content\/uploads\/2023\/08\/49-2.jpg",1500,1500,false],"2048x2048":["https:\/\/suncasesupply.com\/wp-content\/uploads\/2023\/08\/49-2.jpg",1500,1500,false],"trp-custom-language-flag":["https:\/\/suncasesupply.com\/wp-content\/uploads\/2023\/08\/49-2.jpg",12,12,false],"woocommerce_thumbnail":["https:\/\/suncasesupply.com\/wp-content\/uploads\/2023\/08\/49-2-300x300.jpg",300,300,true],"woocommerce_single":["https:\/\/suncasesupply.com\/wp-content\/uploads\/2023\/08\/49-2-600x600.jpg",600,600,true],"woocommerce_gallery_thumbnail":["https:\/\/suncasesupply.com\/wp-content\/uploads\/2023\/08\/49-2-100x100.jpg",100,100,true]},"post_excerpt_stackable":"<p>Model : Z16<\/p>\n<p>Size: 36 x 28 x 36 cm<\/p>\n<p>MOQ: 100pcs<\/p>\n<p>Delivery Time : 15-25 Days<\/p>\n<p>Sample : Available<\/p>\n","category_list":"","author_info":{"name":"","url":""},"comments_num":"0 comments","_links":{"self":[{"href":"https:\/\/suncasesupply.com\/pt\/wp-json\/wp\/v2\/product\/21088"}],"collection":[{"href":"https:\/\/suncasesupply.com\/pt\/wp-json\/wp\/v2\/product"}],"about":[{"href":"https:\/\/suncasesupply.com\/pt\/wp-json\/wp\/v2\/types\/product"}],"wp:featuredmedia":[{"embeddable":true,"href":"https:\/\/suncasesupply.com\/pt\/wp-json\/wp\/v2\/media\/21090"}],"wp:attachment":[{"href":"https:\/\/suncasesupply.com\/pt\/wp-json\/wp\/v2\/media?parent=21088"}],"wp:term":[{"taxonomy":"product_cat","embeddable":true,"href":"https:\/\/suncasesupply.com\/pt\/wp-json\/wp\/v2\/product_cat?post=21088"},{"taxonomy":"product_tag","embeddable":true,"href":"https:\/\/suncasesupply.com\/pt\/wp-json\/wp\/v2\/product_tag?post=21088"}],"curies":[{"name":"wp","href":"https:\/\/api.w.org\/{rel}","templated":true}]}}