{"id":21013,"date":"2023-08-28T11:24:19","date_gmt":"2023-08-28T03:24:19","guid":{"rendered":"https:\/\/suncasesupply.com\/?post_type=product&#038;p=21013"},"modified":"2025-02-20T09:54:19","modified_gmt":"2025-02-20T01:54:19","slug":"aluminum-hard-case-camera-case-with-foam-for-cameraequipment","status":"publish","type":"product","link":"https:\/\/suncasesupply.com\/pt\/product\/aluminum-hard-case-camera-case-with-foam-for-cameraequipment\/","title":{"rendered":"Estojo r\u00edgido de alum\u00ednio para c\u00e2mera com espuma para c\u00e2mera, equipamento"},"content":{"rendered":"<p>&nbsp;<\/p>\n<table width=\"774\">\n<tbody>\n<tr>\n<td width=\"177\">Item<\/td>\n<td width=\"597\">Caixa de alum\u00ednio<\/td>\n<\/tr>\n<tr>\n<td>Dimens\u00e3o<\/td>\n<td>406*305*152mm ou personalizar<\/td>\n<\/tr>\n<tr>\n<td>Cores<\/td>\n<td>Como as imagens mostram ou personalizam<\/td>\n<\/tr>\n<tr>\n<td>Materiais<\/td>\n<td>Alum\u00ednio, painel ABS, placa MDF, forro de EVA\/espuma\/tecido\/PU, ferragens<\/td>\n<\/tr>\n<tr>\n<td>Logotipo<\/td>\n<td>Logotipo da placa de metal, logotipo impresso, logotipo em relevo, logotipo do laser<\/td>\n<\/tr>\n<tr>\n<td>Tempo de amostra<\/td>\n<td>7 dias<\/td>\n<\/tr>\n<tr>\n<td>Porto de embarque<\/td>\n<td>Cant\u00e3o, Shenzhen<\/td>\n<\/tr>\n<tr>\n<td>Termos de negocia\u00e7\u00e3o<\/td>\n<td>EXW, FOB, CIF, DDU, DDP<\/td>\n<\/tr>\n<tr>\n<td>M\u00e9todos de Pagamento<\/td>\n<td>T\/T, dinheiro, PayPal, cart\u00e3o de cr\u00e9dito<\/td>\n<\/tr>\n<\/tbody>\n<\/table>\n<p><span style=\"color: #003366;\">Caracter\u00edsticas:<\/span><\/p>\n<p>A estrutura da caixa \u00e9 feita de liga de alum\u00ednio com a parte central constru\u00edda em placa \u00e0 prova de fogo, proporcionando durabilidade e resist\u00eancia ao impacto. Caixa de trava com 2 travas e al\u00e7a de borracha, f\u00e1cil de transportar para qualquer lugar, a caixa protetora resistente \u00e0 \u00e1gua protege objetos de valor e quebr\u00e1veis contra exposi\u00e7\u00e3o acidental \u00e0 umidade<br \/>\nArmazenamento de tronco de carga de caixa seca r\u00edgida \u00e0 prova d&#039;\u00e1gua para camping, viagens, offroad, overlanding<br \/>\nO case r\u00edgido oferece durabilidade \u00e0 prova de esmagamento e recursos exclusivos exclusivos que s\u00e3o perfeitos para proteger equipamentos em ind\u00fastrias como fotografia, drones a\u00e9reos, laptops, ferramentas, m\u00fasica e medicina<br \/>\nARMAZENAMENTO PERSONALIZADO: cada estojo r\u00edgido \u00e0 prova d&#039;\u00e1gua oferece 3 camadas de espuma para escolher e arrancar. Arranque os cubos pr\u00e9-cortados para personalizar o ajuste especificamente para o seu equipamento.<\/p>","protected":false},"excerpt":{"rendered":"<p>Modelo: SC-0019<\/p>\n<p>Tamanho: 406*305*152mm<\/p>\n<p>Quantidade m\u00ednima: 100 pe\u00e7as<\/p>\n<p>Prazo de entrega: 15-25 dias<\/p>\n<p>Amostra: Dispon\u00edvel<\/p>","protected":false},"featured_media":21016,"template":"","meta":{"_gspb_post_css":""},"product_cat":[42,80],"product_tag":[],"featured_image_urls":{"full":["https:\/\/suncasesupply.com\/wp-content\/uploads\/2023\/08\/81iPaYZtHL._AC_SL1500_.jpg",1415,1390,false],"thumbnail":["https:\/\/suncasesupply.com\/wp-content\/uploads\/2023\/08\/81iPaYZtHL._AC_SL1500_-150x150.jpg",150,150,true],"medium":["https:\/\/suncasesupply.com\/wp-content\/uploads\/2023\/08\/81iPaYZtHL._AC_SL1500_-300x295.jpg",300,295,true],"medium_large":["https:\/\/suncasesupply.com\/wp-content\/uploads\/2023\/08\/81iPaYZtHL._AC_SL1500_-768x754.jpg",768,754,true],"large":["https:\/\/suncasesupply.com\/wp-content\/uploads\/2023\/08\/81iPaYZtHL._AC_SL1500_-1024x1006.jpg",1024,1006,true],"1536x1536":["https:\/\/suncasesupply.com\/wp-content\/uploads\/2023\/08\/81iPaYZtHL._AC_SL1500_.jpg",1415,1390,false],"2048x2048":["https:\/\/suncasesupply.com\/wp-content\/uploads\/2023\/08\/81iPaYZtHL._AC_SL1500_.jpg",1415,1390,false],"trp-custom-language-flag":["https:\/\/suncasesupply.com\/wp-content\/uploads\/2023\/08\/81iPaYZtHL._AC_SL1500_.jpg",12,12,false],"woocommerce_thumbnail":["https:\/\/suncasesupply.com\/wp-content\/uploads\/2023\/08\/81iPaYZtHL._AC_SL1500_-300x300.jpg",300,300,true],"woocommerce_single":["https:\/\/suncasesupply.com\/wp-content\/uploads\/2023\/08\/81iPaYZtHL._AC_SL1500_-600x589.jpg",600,589,true],"woocommerce_gallery_thumbnail":["https:\/\/suncasesupply.com\/wp-content\/uploads\/2023\/08\/81iPaYZtHL._AC_SL1500_-100x100.jpg",100,100,true]},"post_excerpt_stackable":"<p>Model : SC-0019<\/p>\n<p>Size: \u00a0406*305*152mm<\/p>\n<p>MOQ: 100pcs<\/p>\n<p>Delivery Time : 15-25 Days<\/p>\n<p>Sample : Available<\/p>\n","category_list":"","author_info":{"name":"","url":""},"comments_num":"0 comments","_links":{"self":[{"href":"https:\/\/suncasesupply.com\/pt\/wp-json\/wp\/v2\/product\/21013"}],"collection":[{"href":"https:\/\/suncasesupply.com\/pt\/wp-json\/wp\/v2\/product"}],"about":[{"href":"https:\/\/suncasesupply.com\/pt\/wp-json\/wp\/v2\/types\/product"}],"wp:featuredmedia":[{"embeddable":true,"href":"https:\/\/suncasesupply.com\/pt\/wp-json\/wp\/v2\/media\/21016"}],"wp:attachment":[{"href":"https:\/\/suncasesupply.com\/pt\/wp-json\/wp\/v2\/media?parent=21013"}],"wp:term":[{"taxonomy":"product_cat","embeddable":true,"href":"https:\/\/suncasesupply.com\/pt\/wp-json\/wp\/v2\/product_cat?post=21013"},{"taxonomy":"product_tag","embeddable":true,"href":"https:\/\/suncasesupply.com\/pt\/wp-json\/wp\/v2\/product_tag?post=21013"}],"curies":[{"name":"wp","href":"https:\/\/api.w.org\/{rel}","templated":true}]}}