{"id":20939,"date":"2023-08-28T10:54:25","date_gmt":"2023-08-28T02:54:25","guid":{"rendered":"https:\/\/suncasesupply.com\/?post_type=product&#038;p=20939"},"modified":"2023-08-28T11:00:41","modified_gmt":"2023-08-28T03:00:41","slug":"aluminum-portable-hard-carrying-case-with-foam-insert","status":"publish","type":"product","link":"https:\/\/suncasesupply.com\/pt\/product\/aluminum-portable-hard-carrying-case-with-foam-insert\/","title":{"rendered":"Maleta r\u00edgida port\u00e1til de alum\u00ednio com inser\u00e7\u00e3o de espuma"},"content":{"rendered":"<p>&nbsp;<\/p>\n<table width=\"774\">\n<tbody>\n<tr>\n<td width=\"177\">Item<\/td>\n<td width=\"597\">Caixa de alum\u00ednio<\/td>\n<\/tr>\n<tr>\n<td>Dimens\u00e3o<\/td>\n<td>32*18*11,5 cm ou personalizar<\/td>\n<\/tr>\n<tr>\n<td>Cores<\/td>\n<td>Como as imagens mostram ou personalizam<\/td>\n<\/tr>\n<tr>\n<td>Materiais<\/td>\n<td>Alum\u00ednio, painel ABS, placa MDF, forro de EVA\/espuma\/tecido\/PU, ferragens<\/td>\n<\/tr>\n<tr>\n<td>Logotipo<\/td>\n<td>Logotipo da placa de metal, logotipo impresso, logotipo em relevo, logotipo do laser<\/td>\n<\/tr>\n<tr>\n<td>Tempo de amostra<\/td>\n<td>7 dias<\/td>\n<\/tr>\n<tr>\n<td>Porto de embarque<\/td>\n<td>Cant\u00e3o, Shenzhen<\/td>\n<\/tr>\n<tr>\n<td>Termos de negocia\u00e7\u00e3o<\/td>\n<td>EXW, FOB, CIF, DDU, DDP<\/td>\n<\/tr>\n<tr>\n<td>M\u00e9todos de Pagamento<\/td>\n<td>T\/T, dinheiro, PayPal, cart\u00e3o de cr\u00e9dito<\/td>\n<\/tr>\n<\/tbody>\n<\/table>\n<p><span style=\"color: #003366;\">Caracter\u00edsticas:<\/span><\/p>\n<p>Nosso estojo de transporte resistente e dur\u00e1vel possui um exterior de liga de alum\u00ednio r\u00edgido, que pode proteger eficazmente seus itens contra danos. e a cor preta tornam esta maleta de liga de alum\u00ednio sofisticada e elegante.<br \/>\nO estojo de transporte possui uma camada de espuma pr\u00e9-cortada personaliz\u00e1vel para rasgar a espuma. Voc\u00ea pode rasgar a espuma de acordo com o tamanho da coloca\u00e7\u00e3o do item e fazer DIY no formato que voc\u00ea precisa.<br \/>\nNossas malas s\u00e3o equipadas com chaves para dar mais seguran\u00e7a aos seus objetos de valor. Voc\u00ea pode colocar seu microfone, microfone sem fio, microfone de placa de som, equipamento profissional, lentes, drones, pistolas, equipamento t\u00e1tico e assim por diante nesta caixa para f\u00e1cil transporte quando voc\u00ea sair.<\/p>","protected":false},"excerpt":{"rendered":"<p>Modelo: SC-0016<\/p>\n<p>Tamanho: 32*18*11,5 cm<\/p>\n<p>MOQ: Baixo MOQ aceit\u00e1vel<\/p>\n<p>Prazo de entrega: 15-25 dias<\/p>\n<p>Amostra: Dispon\u00edvel<\/p>","protected":false},"featured_media":20952,"template":"","meta":{"_gspb_post_css":""},"product_cat":[42],"product_tag":[],"featured_image_urls":{"full":["https:\/\/suncasesupply.com\/wp-content\/uploads\/2023\/08\/81oil4CzKKL._AC_SL1500_.jpg",1494,1500,false],"thumbnail":["https:\/\/suncasesupply.com\/wp-content\/uploads\/2023\/08\/81oil4CzKKL._AC_SL1500_-150x150.jpg",150,150,true],"medium":["https:\/\/suncasesupply.com\/wp-content\/uploads\/2023\/08\/81oil4CzKKL._AC_SL1500_-300x300.jpg",300,300,true],"medium_large":["https:\/\/suncasesupply.com\/wp-content\/uploads\/2023\/08\/81oil4CzKKL._AC_SL1500_-768x771.jpg",768,771,true],"large":["https:\/\/suncasesupply.com\/wp-content\/uploads\/2023\/08\/81oil4CzKKL._AC_SL1500_-1020x1024.jpg",1020,1024,true],"1536x1536":["https:\/\/suncasesupply.com\/wp-content\/uploads\/2023\/08\/81oil4CzKKL._AC_SL1500_.jpg",1494,1500,false],"2048x2048":["https:\/\/suncasesupply.com\/wp-content\/uploads\/2023\/08\/81oil4CzKKL._AC_SL1500_.jpg",1494,1500,false],"trp-custom-language-flag":["https:\/\/suncasesupply.com\/wp-content\/uploads\/2023\/08\/81oil4CzKKL._AC_SL1500_.jpg",12,12,false],"woocommerce_thumbnail":["https:\/\/suncasesupply.com\/wp-content\/uploads\/2023\/08\/81oil4CzKKL._AC_SL1500_-300x300.jpg",300,300,true],"woocommerce_single":["https:\/\/suncasesupply.com\/wp-content\/uploads\/2023\/08\/81oil4CzKKL._AC_SL1500_-600x602.jpg",600,602,true],"woocommerce_gallery_thumbnail":["https:\/\/suncasesupply.com\/wp-content\/uploads\/2023\/08\/81oil4CzKKL._AC_SL1500_-100x100.jpg",100,100,true]},"post_excerpt_stackable":"<p>Model : SC-0016<\/p>\n<p>Size: 32*18*11.5cm<\/p>\n<p>MOQ: Low MOQ acceptable<\/p>\n<p>Delivery Time : 15-25 Days<\/p>\n<p>Sample : Available<\/p>\n","category_list":"","author_info":{"name":"","url":""},"comments_num":"0 comments","_links":{"self":[{"href":"https:\/\/suncasesupply.com\/pt\/wp-json\/wp\/v2\/product\/20939"}],"collection":[{"href":"https:\/\/suncasesupply.com\/pt\/wp-json\/wp\/v2\/product"}],"about":[{"href":"https:\/\/suncasesupply.com\/pt\/wp-json\/wp\/v2\/types\/product"}],"wp:featuredmedia":[{"embeddable":true,"href":"https:\/\/suncasesupply.com\/pt\/wp-json\/wp\/v2\/media\/20952"}],"wp:attachment":[{"href":"https:\/\/suncasesupply.com\/pt\/wp-json\/wp\/v2\/media?parent=20939"}],"wp:term":[{"taxonomy":"product_cat","embeddable":true,"href":"https:\/\/suncasesupply.com\/pt\/wp-json\/wp\/v2\/product_cat?post=20939"},{"taxonomy":"product_tag","embeddable":true,"href":"https:\/\/suncasesupply.com\/pt\/wp-json\/wp\/v2\/product_tag?post=20939"}],"curies":[{"name":"wp","href":"https:\/\/api.w.org\/{rel}","templated":true}]}}