{"id":20903,"date":"2023-08-28T10:17:10","date_gmt":"2023-08-28T02:17:10","guid":{"rendered":"https:\/\/suncasesupply.com\/?post_type=product&#038;p=20903"},"modified":"2025-02-20T09:54:44","modified_gmt":"2025-02-20T01:54:44","slug":"aluminum-case-with-pluck-foam-interior-for-test-instruments-cameras-tools-parts-and-accessories-2","status":"publish","type":"product","link":"https:\/\/suncasesupply.com\/pt\/product\/aluminum-case-with-pluck-foam-interior-for-test-instruments-cameras-tools-parts-and-accessories-2\/","title":{"rendered":"Estojo de microfone de alum\u00ednio duro com estojo de armazenamento de ferramenta de transporte de espuma"},"content":{"rendered":"<p>&nbsp;<\/p>\n<table width=\"774\">\n<tbody>\n<tr>\n<td width=\"177\">Item<\/td>\n<td width=\"597\">Caixa de alum\u00ednio<\/td>\n<\/tr>\n<tr>\n<td>Dimens\u00e3o<\/td>\n<td>356 x 254 x 127 mm ou personalizar<\/td>\n<\/tr>\n<tr>\n<td>Cores<\/td>\n<td>Como as imagens mostram ou personalizam<\/td>\n<\/tr>\n<tr>\n<td>Materiais<\/td>\n<td>Alum\u00ednio, painel ABS, placa MDF, forro de EVA\/espuma\/tecido\/PU, ferragens<\/td>\n<\/tr>\n<tr>\n<td>Logotipo<\/td>\n<td>Logotipo da placa de metal, logotipo impresso, logotipo em relevo, logotipo do laser<\/td>\n<\/tr>\n<tr>\n<td>Tempo de amostra<\/td>\n<td>7 dias<\/td>\n<\/tr>\n<tr>\n<td>Porto de embarque<\/td>\n<td>Cant\u00e3o, Shenzhen<\/td>\n<\/tr>\n<tr>\n<td>Termos de negocia\u00e7\u00e3o<\/td>\n<td>EXW, FOB, CIF, DDU, DDP<\/td>\n<\/tr>\n<tr>\n<td>M\u00e9todos de Pagamento<\/td>\n<td>T\/T, dinheiro, PayPal, cart\u00e3o de cr\u00e9dito<\/td>\n<\/tr>\n<\/tbody>\n<\/table>\n<p><span style=\"color: #003366;\">Caracter\u00edsticas:<\/span><\/p>\n<p>Projetamos este case r\u00edgido para armazenar e transportar alguns instrumentos precisos e valiosos, como microfone, c\u00e2mera, lentes, pistola, arma, produto eletr\u00f4nico, etc.<br \/>\nDimens\u00f5es internas: C 13,5\u201dXL 9,7\u201dXA 3\u201d, Dimens\u00f5es externas: C 14\u201dXL 10,5\u201dXA 5,1\u201d, peso: 2,2 libras<br \/>\nA espuma foi cortada antecipadamente. Voc\u00ea pode fazer DIY no tamanho adequado de acordo com o tamanho da pe\u00e7a e coloc\u00e1-la no meio da esponja, a espuma mant\u00e9m seus objetos de valor protegidos dos choques e solavancos da estrada.<\/p>","protected":false},"excerpt":{"rendered":"<p>Modelo: SC-0015<\/p>\n<p>Tamanho: 356 x 254 x 127 mm<\/p>\n<p>Quantidade m\u00ednima: 100 pe\u00e7as<\/p>\n<p>Prazo de entrega: 15-25 dias<\/p>\n<p>Amostra: Dispon\u00edvel<\/p>","protected":false},"featured_media":20914,"template":"","meta":{"_gspb_post_css":""},"product_cat":[42,80],"product_tag":[],"featured_image_urls":{"full":["https:\/\/suncasesupply.com\/wp-content\/uploads\/2023\/08\/81rlkSidknL._AC_SL1500_.jpg",1459,1500,false],"thumbnail":["https:\/\/suncasesupply.com\/wp-content\/uploads\/2023\/08\/81rlkSidknL._AC_SL1500_-150x150.jpg",150,150,true],"medium":["https:\/\/suncasesupply.com\/wp-content\/uploads\/2023\/08\/81rlkSidknL._AC_SL1500_-292x300.jpg",292,300,true],"medium_large":["https:\/\/suncasesupply.com\/wp-content\/uploads\/2023\/08\/81rlkSidknL._AC_SL1500_-768x790.jpg",768,790,true],"large":["https:\/\/suncasesupply.com\/wp-content\/uploads\/2023\/08\/81rlkSidknL._AC_SL1500_-996x1024.jpg",996,1024,true],"1536x1536":["https:\/\/suncasesupply.com\/wp-content\/uploads\/2023\/08\/81rlkSidknL._AC_SL1500_.jpg",1459,1500,false],"2048x2048":["https:\/\/suncasesupply.com\/wp-content\/uploads\/2023\/08\/81rlkSidknL._AC_SL1500_.jpg",1459,1500,false],"trp-custom-language-flag":["https:\/\/suncasesupply.com\/wp-content\/uploads\/2023\/08\/81rlkSidknL._AC_SL1500_.jpg",12,12,false],"woocommerce_thumbnail":["https:\/\/suncasesupply.com\/wp-content\/uploads\/2023\/08\/81rlkSidknL._AC_SL1500_-300x300.jpg",300,300,true],"woocommerce_single":["https:\/\/suncasesupply.com\/wp-content\/uploads\/2023\/08\/81rlkSidknL._AC_SL1500_-600x617.jpg",600,617,true],"woocommerce_gallery_thumbnail":["https:\/\/suncasesupply.com\/wp-content\/uploads\/2023\/08\/81rlkSidknL._AC_SL1500_-100x100.jpg",100,100,true]},"post_excerpt_stackable":"<p>Model : SC-0015<\/p>\n<p>Size: \u00a0356 x 254 x 127mm<\/p>\n<p>MOQ: 100pcs<\/p>\n<p>Delivery Time : 15-25 Days<\/p>\n<p>Sample : Available<\/p>\n","category_list":"","author_info":{"name":"","url":""},"comments_num":"0 comments","_links":{"self":[{"href":"https:\/\/suncasesupply.com\/pt\/wp-json\/wp\/v2\/product\/20903"}],"collection":[{"href":"https:\/\/suncasesupply.com\/pt\/wp-json\/wp\/v2\/product"}],"about":[{"href":"https:\/\/suncasesupply.com\/pt\/wp-json\/wp\/v2\/types\/product"}],"wp:featuredmedia":[{"embeddable":true,"href":"https:\/\/suncasesupply.com\/pt\/wp-json\/wp\/v2\/media\/20914"}],"wp:attachment":[{"href":"https:\/\/suncasesupply.com\/pt\/wp-json\/wp\/v2\/media?parent=20903"}],"wp:term":[{"taxonomy":"product_cat","embeddable":true,"href":"https:\/\/suncasesupply.com\/pt\/wp-json\/wp\/v2\/product_cat?post=20903"},{"taxonomy":"product_tag","embeddable":true,"href":"https:\/\/suncasesupply.com\/pt\/wp-json\/wp\/v2\/product_tag?post=20903"}],"curies":[{"name":"wp","href":"https:\/\/api.w.org\/{rel}","templated":true}]}}