{"id":20863,"date":"2023-08-28T09:03:17","date_gmt":"2023-08-28T01:03:17","guid":{"rendered":"https:\/\/suncasesupply.com\/?post_type=product&#038;p=20863"},"modified":"2025-02-20T09:56:17","modified_gmt":"2025-02-20T01:56:17","slug":"lightweight-aluminum-water-resistant-travel-carry-case-for-dji-mavic-air","status":"publish","type":"product","link":"https:\/\/suncasesupply.com\/pt\/product\/lightweight-aluminum-water-resistant-travel-carry-case-for-dji-mavic-air\/","title":{"rendered":"Bolsa de viagem de alum\u00ednio leve \u00e0 prova de \u00e1gua para DJI Mavic Air"},"content":{"rendered":"<p>&nbsp;<\/p>\n<table width=\"774\">\n<tbody>\n<tr>\n<td width=\"177\">Item<\/td>\n<td width=\"597\">Caixa de alum\u00ednio<\/td>\n<\/tr>\n<tr>\n<td>Dimens\u00e3o<\/td>\n<td>41,6*36*19cm ou personalizar<\/td>\n<\/tr>\n<tr>\n<td>Cores<\/td>\n<td>Como as imagens mostram ou personalizam<\/td>\n<\/tr>\n<tr>\n<td>Materiais<\/td>\n<td>Alum\u00ednio, painel ABS, placa MDF, forro de EVA\/espuma\/tecido\/PU, ferragens<\/td>\n<\/tr>\n<tr>\n<td>Logotipo<\/td>\n<td>Logotipo da placa de metal, logotipo impresso, logotipo em relevo, logotipo do laser<\/td>\n<\/tr>\n<tr>\n<td>Tempo de amostra<\/td>\n<td>7 dias<\/td>\n<\/tr>\n<tr>\n<td>Porto de embarque<\/td>\n<td>Cant\u00e3o, Shenzhen<\/td>\n<\/tr>\n<tr>\n<td>Termos de negocia\u00e7\u00e3o<\/td>\n<td>EXW, FOB, CIF, DDU, DDP<\/td>\n<\/tr>\n<tr>\n<td>M\u00e9todos de Pagamento<\/td>\n<td>T\/T, dinheiro, PayPal, cart\u00e3o de cr\u00e9dito<\/td>\n<\/tr>\n<\/tbody>\n<\/table>\n<p><span style=\"color: #003366;\">Caracter\u00edsticas:<\/span><\/p>\n<p>Leve seu drone DJI Mavic Air com seguran\u00e7a em qualquer lugar com esta maleta de alum\u00ednio resistente \u00e0 \u00e1gua! Esta caixa de alum\u00ednio para DJI Mavic Air cria uma veda\u00e7\u00e3o herm\u00e9tica para proteger seu drone e seus acess\u00f3rios da chuva, sujeira e outros detritos. Os compartimentos de acess\u00f3rios com corte personalizado incluem todo o espa\u00e7o protegido que voc\u00ea precisa para todo o seu kit de drone. Leve e dur\u00e1vel, leve seu Mavic Air para qualquer lugar com a confian\u00e7a de que ele permanecer\u00e1 seguro e no lugar. Feito de alum\u00ednio dur\u00e1vel de alta qualidade, este case para drone protege seu drone sem adicionar peso desnecess\u00e1rio.<\/p>","protected":false},"excerpt":{"rendered":"<p>Modelo: SC-0013<\/p>\n<p>Tamanho: 41,6*36*19cm<\/p>\n<p>Quantidade m\u00ednima: 100 pe\u00e7as<\/p>\n<p>Prazo de entrega: 15-25 dias<\/p>\n<p>Amostra: Dispon\u00edvel<\/p>","protected":false},"featured_media":20872,"template":"","meta":{"_gspb_post_css":""},"product_cat":[42,80],"product_tag":[],"featured_image_urls":{"full":["https:\/\/suncasesupply.com\/wp-content\/uploads\/2023\/08\/3-26.jpg",1500,1481,false],"thumbnail":["https:\/\/suncasesupply.com\/wp-content\/uploads\/2023\/08\/3-26-150x150.jpg",150,150,true],"medium":["https:\/\/suncasesupply.com\/wp-content\/uploads\/2023\/08\/3-26-300x296.jpg",300,296,true],"medium_large":["https:\/\/suncasesupply.com\/wp-content\/uploads\/2023\/08\/3-26-768x758.jpg",768,758,true],"large":["https:\/\/suncasesupply.com\/wp-content\/uploads\/2023\/08\/3-26-1024x1011.jpg",1024,1011,true],"1536x1536":["https:\/\/suncasesupply.com\/wp-content\/uploads\/2023\/08\/3-26.jpg",1500,1481,false],"2048x2048":["https:\/\/suncasesupply.com\/wp-content\/uploads\/2023\/08\/3-26.jpg",1500,1481,false],"trp-custom-language-flag":["https:\/\/suncasesupply.com\/wp-content\/uploads\/2023\/08\/3-26.jpg",12,12,false],"woocommerce_thumbnail":["https:\/\/suncasesupply.com\/wp-content\/uploads\/2023\/08\/3-26-300x300.jpg",300,300,true],"woocommerce_single":["https:\/\/suncasesupply.com\/wp-content\/uploads\/2023\/08\/3-26-600x592.jpg",600,592,true],"woocommerce_gallery_thumbnail":["https:\/\/suncasesupply.com\/wp-content\/uploads\/2023\/08\/3-26-100x100.jpg",100,100,true]},"post_excerpt_stackable":"<p>Model : SC-0013<\/p>\n<p>Size: 41.6*36*19cm<\/p>\n<p>MOQ: 100pcs<\/p>\n<p>Delivery Time : 15-25 Days<\/p>\n<p>Sample : Available<\/p>\n","category_list":"","author_info":{"name":"","url":""},"comments_num":"0 comments","_links":{"self":[{"href":"https:\/\/suncasesupply.com\/pt\/wp-json\/wp\/v2\/product\/20863"}],"collection":[{"href":"https:\/\/suncasesupply.com\/pt\/wp-json\/wp\/v2\/product"}],"about":[{"href":"https:\/\/suncasesupply.com\/pt\/wp-json\/wp\/v2\/types\/product"}],"wp:featuredmedia":[{"embeddable":true,"href":"https:\/\/suncasesupply.com\/pt\/wp-json\/wp\/v2\/media\/20872"}],"wp:attachment":[{"href":"https:\/\/suncasesupply.com\/pt\/wp-json\/wp\/v2\/media?parent=20863"}],"wp:term":[{"taxonomy":"product_cat","embeddable":true,"href":"https:\/\/suncasesupply.com\/pt\/wp-json\/wp\/v2\/product_cat?post=20863"},{"taxonomy":"product_tag","embeddable":true,"href":"https:\/\/suncasesupply.com\/pt\/wp-json\/wp\/v2\/product_tag?post=20863"}],"curies":[{"name":"wp","href":"https:\/\/api.w.org\/{rel}","templated":true}]}}