{"id":20817,"date":"2023-08-25T17:36:01","date_gmt":"2023-08-25T09:36:01","guid":{"rendered":"https:\/\/suncasesupply.com\/?post_type=product&#038;p=20817"},"modified":"2025-02-20T09:56:39","modified_gmt":"2025-02-20T01:56:39","slug":"aluminum-alloy-carrying-case-with-two-layer-pick-and-pluck-foam-for-musicial-instruments","status":"publish","type":"product","link":"https:\/\/suncasesupply.com\/pt\/product\/aluminum-alloy-carrying-case-with-two-layer-pick-and-pluck-foam-for-musicial-instruments\/","title":{"rendered":"Maleta de transporte em liga de alum\u00ednio com espuma de duas camadas para instrumentos m\u00fasicos"},"content":{"rendered":"<p>&nbsp;<\/p>\n<table width=\"774\">\n<tbody>\n<tr>\n<td width=\"177\">Item<\/td>\n<td width=\"597\">Caixa de alum\u00ednio<\/td>\n<\/tr>\n<tr>\n<td>Dimens\u00e3o<\/td>\n<td>51,5*25,4*15cm ou personalizar<\/td>\n<\/tr>\n<tr>\n<td>Cores<\/td>\n<td>Como as imagens mostram ou personalizam<\/td>\n<\/tr>\n<tr>\n<td>Materiais<\/td>\n<td>Alum\u00ednio, painel ABS, placa MDF, forro de EVA\/espuma\/tecido\/PU, ferragens<\/td>\n<\/tr>\n<tr>\n<td>Logotipo<\/td>\n<td>Logotipo da placa de metal, logotipo impresso, logotipo em relevo, logotipo do laser<\/td>\n<\/tr>\n<tr>\n<td>Tempo de amostra<\/td>\n<td>7 dias<\/td>\n<\/tr>\n<tr>\n<td>Porto de embarque<\/td>\n<td>Cant\u00e3o, Shenzhen<\/td>\n<\/tr>\n<tr>\n<td>Termos de negocia\u00e7\u00e3o<\/td>\n<td>EXW, FOB, CIF, DDU, DDP<\/td>\n<\/tr>\n<tr>\n<td>M\u00e9todos de Pagamento<\/td>\n<td>T\/T, dinheiro, PayPal, cart\u00e3o de cr\u00e9dito<\/td>\n<\/tr>\n<\/tbody>\n<\/table>\n<p><span style=\"color: #003366;\">Caracter\u00edsticas:<\/span><\/p>\n<p>A maleta de transporte possui refor\u00e7o de al\u00e7a met\u00e1lica na parte externa, o que garante maior durabilidade durante transporte frequente e uso pesado, tornando-a ideal para passeios e shows. Este refor\u00e7o proporciona prote\u00e7\u00e3o extra ao seu equipamento e um bom toque, tornando-o uma op\u00e7\u00e3o confi\u00e1vel para qualquer profissional.<\/p>","protected":false},"excerpt":{"rendered":"<p>Modelo: SC-0013<\/p>\n<p>Tamanho: 51,5*25,4*15cm<\/p>\n<p>Quantidade m\u00ednima: 100 pe\u00e7as<\/p>\n<p>Prazo de entrega: 15-25 dias<\/p>\n<p>Amostra: Dispon\u00edvel<\/p>","protected":false},"featured_media":20820,"template":"","meta":{"_gspb_post_css":""},"product_cat":[42,80],"product_tag":[],"featured_image_urls":{"full":["https:\/\/suncasesupply.com\/wp-content\/uploads\/2023\/08\/81Z4w870mL._AC_SL1500_.jpg",1500,1367,false],"thumbnail":["https:\/\/suncasesupply.com\/wp-content\/uploads\/2023\/08\/81Z4w870mL._AC_SL1500_-150x150.jpg",150,150,true],"medium":["https:\/\/suncasesupply.com\/wp-content\/uploads\/2023\/08\/81Z4w870mL._AC_SL1500_-300x273.jpg",300,273,true],"medium_large":["https:\/\/suncasesupply.com\/wp-content\/uploads\/2023\/08\/81Z4w870mL._AC_SL1500_-768x700.jpg",768,700,true],"large":["https:\/\/suncasesupply.com\/wp-content\/uploads\/2023\/08\/81Z4w870mL._AC_SL1500_-1024x933.jpg",1024,933,true],"1536x1536":["https:\/\/suncasesupply.com\/wp-content\/uploads\/2023\/08\/81Z4w870mL._AC_SL1500_.jpg",1500,1367,false],"2048x2048":["https:\/\/suncasesupply.com\/wp-content\/uploads\/2023\/08\/81Z4w870mL._AC_SL1500_.jpg",1500,1367,false],"trp-custom-language-flag":["https:\/\/suncasesupply.com\/wp-content\/uploads\/2023\/08\/81Z4w870mL._AC_SL1500_.jpg",13,12,false],"woocommerce_thumbnail":["https:\/\/suncasesupply.com\/wp-content\/uploads\/2023\/08\/81Z4w870mL._AC_SL1500_-300x300.jpg",300,300,true],"woocommerce_single":["https:\/\/suncasesupply.com\/wp-content\/uploads\/2023\/08\/81Z4w870mL._AC_SL1500_-600x547.jpg",600,547,true],"woocommerce_gallery_thumbnail":["https:\/\/suncasesupply.com\/wp-content\/uploads\/2023\/08\/81Z4w870mL._AC_SL1500_-100x100.jpg",100,100,true]},"post_excerpt_stackable":"<p>Model : SC-0013<\/p>\n<p>Size: 51.5*25.4*15cm<\/p>\n<p>MOQ: 100pcs<\/p>\n<p>Delivery Time : 15-25 Days<\/p>\n<p>Sample : Available<\/p>\n","category_list":"","author_info":{"name":"","url":""},"comments_num":"0 comments","_links":{"self":[{"href":"https:\/\/suncasesupply.com\/pt\/wp-json\/wp\/v2\/product\/20817"}],"collection":[{"href":"https:\/\/suncasesupply.com\/pt\/wp-json\/wp\/v2\/product"}],"about":[{"href":"https:\/\/suncasesupply.com\/pt\/wp-json\/wp\/v2\/types\/product"}],"wp:featuredmedia":[{"embeddable":true,"href":"https:\/\/suncasesupply.com\/pt\/wp-json\/wp\/v2\/media\/20820"}],"wp:attachment":[{"href":"https:\/\/suncasesupply.com\/pt\/wp-json\/wp\/v2\/media?parent=20817"}],"wp:term":[{"taxonomy":"product_cat","embeddable":true,"href":"https:\/\/suncasesupply.com\/pt\/wp-json\/wp\/v2\/product_cat?post=20817"},{"taxonomy":"product_tag","embeddable":true,"href":"https:\/\/suncasesupply.com\/pt\/wp-json\/wp\/v2\/product_tag?post=20817"}],"curies":[{"name":"wp","href":"https:\/\/api.w.org\/{rel}","templated":true}]}}