{"id":20772,"date":"2023-08-25T16:25:55","date_gmt":"2023-08-25T08:25:55","guid":{"rendered":"https:\/\/suncasesupply.com\/?post_type=product&#038;p=20772"},"modified":"2025-02-20T10:00:00","modified_gmt":"2025-02-20T02:00:00","slug":"aluminum-briefcase-for-large-watches-storage-case-aluminum-watch-case","status":"publish","type":"product","link":"https:\/\/suncasesupply.com\/pt\/product\/aluminum-briefcase-for-large-watches-storage-case-aluminum-watch-case\/","title":{"rendered":"Pasta de alum\u00ednio para rel\u00f3gios grandes, caixa de armazenamento de rel\u00f3gio de alum\u00ednio"},"content":{"rendered":"<p>&nbsp;<\/p>\n<table width=\"774\">\n<tbody>\n<tr>\n<td width=\"177\">Item<\/td>\n<td width=\"597\">Caixa de alum\u00ednio<\/td>\n<\/tr>\n<tr>\n<td>Dimens\u00e3o<\/td>\n<td>368 x 222 x 102 mm ou personalizar<\/td>\n<\/tr>\n<tr>\n<td>Cores<\/td>\n<td>Como as imagens mostram ou personalizam<\/td>\n<\/tr>\n<tr>\n<td>Materiais<\/td>\n<td>Alum\u00ednio, painel ABS, placa MDF, forro de EVA\/espuma\/tecido\/PU, ferragens<\/td>\n<\/tr>\n<tr>\n<td>Logotipo<\/td>\n<td>Logotipo da placa de metal, logotipo impresso, logotipo em relevo, logotipo do laser<\/td>\n<\/tr>\n<tr>\n<td>Tempo de amostra<\/td>\n<td>7 dias<\/td>\n<\/tr>\n<tr>\n<td>Porto de embarque<\/td>\n<td>Cant\u00e3o, Shenzhen<\/td>\n<\/tr>\n<tr>\n<td>Termos de negocia\u00e7\u00e3o<\/td>\n<td>EXW, FOB, CIF, DDU, DDP<\/td>\n<\/tr>\n<tr>\n<td>M\u00e9todos de Pagamento<\/td>\n<td>T\/T, dinheiro, PayPal, cart\u00e3o de cr\u00e9dito<\/td>\n<\/tr>\n<\/tbody>\n<\/table>\n<p><span style=\"color: #003366;\">Caracter\u00edsticas:<\/span><\/p>\n<ul>\n<li>Caixa de rel\u00f3gio resistente - caixa de rel\u00f3gio de alum\u00ednio para 12 rel\u00f3gios grandes (ajustados at\u00e9 58 mm), design de pasta com al\u00e7a<\/li>\n<li>Fama de alum\u00ednio, exterior texturizado, camada de espuma na tampa para suporte adicional e al\u00e7a girat\u00f3ria<\/li>\n<li>Dimens\u00e3o da caixa: 14,5 \u2033 C x 8,75 \u2033 L x 4 \u2033 A Tamanho do compartimento: 3,25 \u2033 C x 2,25 \u2033 L x 3,75 \u2033 A<\/li>\n<li>A caixa do rel\u00f3gio \u00e9 perfeita para transportar e armazenar rel\u00f3gios. O colecionador de rel\u00f3gios vai adorar!<\/li>\n<li>Os compartimentos guardam rel\u00f3gios (cabe em caixas de rel\u00f3gios de at\u00e9 58 mm) Almofadas macias para caber em rel\u00f3gios masculinos e femininos, espa\u00e7o extra na tampa e travas frontais<\/li>\n<\/ul>","protected":false},"excerpt":{"rendered":"<p>Modelo: SC-0007<\/p>\n<p>Tamanho: 35x23x12cm<\/p>\n<p>Quantidade m\u00ednima: 100 pe\u00e7as<\/p>\n<p>Prazo de entrega: 15-25 dias<\/p>\n<p>Amostra: Dispon\u00edvel<\/p>","protected":false},"featured_media":20773,"template":"","meta":{"_gspb_post_css":""},"product_cat":[42,80],"product_tag":[],"featured_image_urls":{"full":["https:\/\/suncasesupply.com\/wp-content\/uploads\/2023\/08\/ALGN12_A__16502.jpg",2048,2048,false],"thumbnail":["https:\/\/suncasesupply.com\/wp-content\/uploads\/2023\/08\/ALGN12_A__16502-150x150.jpg",150,150,true],"medium":["https:\/\/suncasesupply.com\/wp-content\/uploads\/2023\/08\/ALGN12_A__16502-300x300.jpg",300,300,true],"medium_large":["https:\/\/suncasesupply.com\/wp-content\/uploads\/2023\/08\/ALGN12_A__16502-768x768.jpg",768,768,true],"large":["https:\/\/suncasesupply.com\/wp-content\/uploads\/2023\/08\/ALGN12_A__16502-1024x1024.jpg",1024,1024,true],"1536x1536":["https:\/\/suncasesupply.com\/wp-content\/uploads\/2023\/08\/ALGN12_A__16502-1536x1536.jpg",1536,1536,true],"2048x2048":["https:\/\/suncasesupply.com\/wp-content\/uploads\/2023\/08\/ALGN12_A__16502.jpg",2048,2048,false],"trp-custom-language-flag":["https:\/\/suncasesupply.com\/wp-content\/uploads\/2023\/08\/ALGN12_A__16502.jpg",12,12,false],"woocommerce_thumbnail":["https:\/\/suncasesupply.com\/wp-content\/uploads\/2023\/08\/ALGN12_A__16502-300x300.jpg",300,300,true],"woocommerce_single":["https:\/\/suncasesupply.com\/wp-content\/uploads\/2023\/08\/ALGN12_A__16502-600x600.jpg",600,600,true],"woocommerce_gallery_thumbnail":["https:\/\/suncasesupply.com\/wp-content\/uploads\/2023\/08\/ALGN12_A__16502-100x100.jpg",100,100,true]},"post_excerpt_stackable":"<p>Model : SC-0007<\/p>\n<p>Size: 35x23x12cm<\/p>\n<p>MOQ: 100pcs<\/p>\n<p>Delivery Time : 15-25 Days<\/p>\n<p>Sample : Available<\/p>\n","category_list":"","author_info":{"name":"","url":""},"comments_num":"0 comments","_links":{"self":[{"href":"https:\/\/suncasesupply.com\/pt\/wp-json\/wp\/v2\/product\/20772"}],"collection":[{"href":"https:\/\/suncasesupply.com\/pt\/wp-json\/wp\/v2\/product"}],"about":[{"href":"https:\/\/suncasesupply.com\/pt\/wp-json\/wp\/v2\/types\/product"}],"wp:featuredmedia":[{"embeddable":true,"href":"https:\/\/suncasesupply.com\/pt\/wp-json\/wp\/v2\/media\/20773"}],"wp:attachment":[{"href":"https:\/\/suncasesupply.com\/pt\/wp-json\/wp\/v2\/media?parent=20772"}],"wp:term":[{"taxonomy":"product_cat","embeddable":true,"href":"https:\/\/suncasesupply.com\/pt\/wp-json\/wp\/v2\/product_cat?post=20772"},{"taxonomy":"product_tag","embeddable":true,"href":"https:\/\/suncasesupply.com\/pt\/wp-json\/wp\/v2\/product_tag?post=20772"}],"curies":[{"name":"wp","href":"https:\/\/api.w.org\/{rel}","templated":true}]}}