{"id":20764,"date":"2023-08-25T16:11:43","date_gmt":"2023-08-25T08:11:43","guid":{"rendered":"https:\/\/suncasesupply.com\/?post_type=product&#038;p=20764"},"modified":"2025-02-20T10:00:18","modified_gmt":"2025-02-20T02:00:18","slug":"aluminum-hard-storage-case-carrying-tool-box","status":"publish","type":"product","link":"https:\/\/suncasesupply.com\/pt\/product\/aluminum-hard-storage-case-carrying-tool-box\/","title":{"rendered":"Caixa de ferramentas para transporte de estojo r\u00edgido de alum\u00ednio"},"content":{"rendered":"<p>&nbsp;<\/p>\n<table width=\"774\">\n<tbody>\n<tr>\n<td width=\"177\">Item<\/td>\n<td width=\"597\">Caixa de alum\u00ednio<\/td>\n<\/tr>\n<tr>\n<td>Dimens\u00e3o<\/td>\n<td>35x23x12cm ou personalizar<\/td>\n<\/tr>\n<tr>\n<td>Cores<\/td>\n<td>Como as imagens mostram ou personalizam<\/td>\n<\/tr>\n<tr>\n<td>Materiais<\/td>\n<td>Alum\u00ednio, painel ABS, placa MDF, forro de EVA\/espuma\/tecido\/PU, ferragens<\/td>\n<\/tr>\n<tr>\n<td>Logotipo<\/td>\n<td>Logotipo da placa de metal, logotipo impresso, logotipo em relevo, logotipo do laser<\/td>\n<\/tr>\n<tr>\n<td>Tempo de amostra<\/td>\n<td>7 dias<\/td>\n<\/tr>\n<tr>\n<td>Porto de embarque<\/td>\n<td>Cant\u00e3o, Shenzhen<\/td>\n<\/tr>\n<tr>\n<td>Termos de negocia\u00e7\u00e3o<\/td>\n<td>EXW, FOB, CIF, DDU, DDP<\/td>\n<\/tr>\n<tr>\n<td>M\u00e9todos de Pagamento<\/td>\n<td>T\/T, dinheiro, PayPal, cart\u00e3o de cr\u00e9dito<\/td>\n<\/tr>\n<\/tbody>\n<\/table>\n<p><span style=\"color: #003366;\">Caracter\u00edsticas:<\/span><\/p>\n<p>\u2013 Caixa universal de alum\u00ednio RC para JR, receptor, servo,.<br \/>\n\u2013 Travas dur\u00e1veis e trav\u00e1veis, interior em espuma de alta densidade.<br \/>\n\u2013 Pele de alum\u00ednio de capa dura endurecida e forro de alta qualidade.<br \/>\n\u2013 5 posi\u00e7\u00f5es de servo, 2 posi\u00e7\u00f5es de receptor e posi\u00e7\u00e3o de receptor.<br \/>\n\u2013 Adequado para JR Universal.<\/p>","protected":false},"excerpt":{"rendered":"<p>Modelo: SC-0006<\/p>\n<p>Tamanho: 35x23x12cm<\/p>\n<p>Quantidade m\u00ednima: 100 pe\u00e7as<\/p>\n<p>Prazo de entrega: 15-25 dias<\/p>\n<p>Amostra: Dispon\u00edvel<\/p>","protected":false},"featured_media":20765,"template":"","meta":{"_gspb_post_css":""},"product_cat":[42,80],"product_tag":[],"featured_image_urls":{"full":["https:\/\/suncasesupply.com\/wp-content\/uploads\/2023\/08\/51pBbHM9C3L._AC_SL1024_.jpg",857,891,false],"thumbnail":["https:\/\/suncasesupply.com\/wp-content\/uploads\/2023\/08\/51pBbHM9C3L._AC_SL1024_-150x150.jpg",150,150,true],"medium":["https:\/\/suncasesupply.com\/wp-content\/uploads\/2023\/08\/51pBbHM9C3L._AC_SL1024_-289x300.jpg",289,300,true],"medium_large":["https:\/\/suncasesupply.com\/wp-content\/uploads\/2023\/08\/51pBbHM9C3L._AC_SL1024_-768x798.jpg",768,798,true],"large":["https:\/\/suncasesupply.com\/wp-content\/uploads\/2023\/08\/51pBbHM9C3L._AC_SL1024_.jpg",857,891,false],"1536x1536":["https:\/\/suncasesupply.com\/wp-content\/uploads\/2023\/08\/51pBbHM9C3L._AC_SL1024_.jpg",857,891,false],"2048x2048":["https:\/\/suncasesupply.com\/wp-content\/uploads\/2023\/08\/51pBbHM9C3L._AC_SL1024_.jpg",857,891,false],"trp-custom-language-flag":["https:\/\/suncasesupply.com\/wp-content\/uploads\/2023\/08\/51pBbHM9C3L._AC_SL1024_.jpg",12,12,false],"woocommerce_thumbnail":["https:\/\/suncasesupply.com\/wp-content\/uploads\/2023\/08\/51pBbHM9C3L._AC_SL1024_-300x300.jpg",300,300,true],"woocommerce_single":["https:\/\/suncasesupply.com\/wp-content\/uploads\/2023\/08\/51pBbHM9C3L._AC_SL1024_-600x624.jpg",600,624,true],"woocommerce_gallery_thumbnail":["https:\/\/suncasesupply.com\/wp-content\/uploads\/2023\/08\/51pBbHM9C3L._AC_SL1024_-100x100.jpg",100,100,true]},"post_excerpt_stackable":"<p>Model : SC-0006<\/p>\n<p>Size: 35x23x12cm<\/p>\n<p>MOQ: 100pcs<\/p>\n<p>Delivery Time : 15-25 Days<\/p>\n<p>Sample : Available<\/p>\n","category_list":"","author_info":{"name":"","url":""},"comments_num":"0 comments","_links":{"self":[{"href":"https:\/\/suncasesupply.com\/pt\/wp-json\/wp\/v2\/product\/20764"}],"collection":[{"href":"https:\/\/suncasesupply.com\/pt\/wp-json\/wp\/v2\/product"}],"about":[{"href":"https:\/\/suncasesupply.com\/pt\/wp-json\/wp\/v2\/types\/product"}],"wp:featuredmedia":[{"embeddable":true,"href":"https:\/\/suncasesupply.com\/pt\/wp-json\/wp\/v2\/media\/20765"}],"wp:attachment":[{"href":"https:\/\/suncasesupply.com\/pt\/wp-json\/wp\/v2\/media?parent=20764"}],"wp:term":[{"taxonomy":"product_cat","embeddable":true,"href":"https:\/\/suncasesupply.com\/pt\/wp-json\/wp\/v2\/product_cat?post=20764"},{"taxonomy":"product_tag","embeddable":true,"href":"https:\/\/suncasesupply.com\/pt\/wp-json\/wp\/v2\/product_tag?post=20764"}],"curies":[{"name":"wp","href":"https:\/\/api.w.org\/{rel}","templated":true}]}}