{"id":20752,"date":"2023-08-25T15:45:04","date_gmt":"2023-08-25T07:45:04","guid":{"rendered":"https:\/\/suncasesupply.com\/?post_type=product&#038;p=20752"},"modified":"2025-02-26T11:28:19","modified_gmt":"2025-02-26T03:28:19","slug":"large-trolley-cosmetic-case-new-rolling-luggage-multi-layer-trolley-makeup-box-beauty-tattoo-manicure-case","status":"publish","type":"product","link":"https:\/\/suncasesupply.com\/pt\/product\/large-trolley-cosmetic-case-new-rolling-luggage-multi-layer-trolley-makeup-box-beauty-tattoo-manicure-case\/","title":{"rendered":"Carrinho grande, estojo cosm\u00e9tico, nova bagagem rolante, carrinho multicamadas, caixa de maquiagem, beleza, tatuagem, manicure"},"content":{"rendered":"<p>&nbsp;<\/p>\n<table width=\"774\">\n<tbody>\n<tr>\n<td width=\"177\">Item<\/td>\n<td width=\"597\">Estojo de maquiagem rolante<\/td>\n<\/tr>\n<tr>\n<td>Dimens\u00e3o<\/td>\n<td>69*37*24,5 cm ou personalizar<\/td>\n<\/tr>\n<tr>\n<td>Cores<\/td>\n<td>Como as imagens mostram ou personalizam<\/td>\n<\/tr>\n<tr>\n<td>Materiais<\/td>\n<td>Alum\u00ednio, painel ABS, placa MDF, forro de EVA\/espuma\/tecido\/PU, ferragens<\/td>\n<\/tr>\n<tr>\n<td>Logotipo<\/td>\n<td>Logotipo da placa de metal, logotipo impresso, logotipo em relevo, logotipo do laser<\/td>\n<\/tr>\n<tr>\n<td>Tempo de amostra<\/td>\n<td>7 dias<\/td>\n<\/tr>\n<tr>\n<td>Porto de embarque<\/td>\n<td>Cant\u00e3o, Shenzhen<\/td>\n<\/tr>\n<tr>\n<td>Termos de negocia\u00e7\u00e3o<\/td>\n<td>EXW, FOB, CIF, DDU, DDP<\/td>\n<\/tr>\n<tr>\n<td>M\u00e9todos de Pagamento<\/td>\n<td>T\/T, dinheiro, PayPal, cart\u00e3o de cr\u00e9dito<\/td>\n<\/tr>\n<\/tbody>\n<\/table>\n<p><span style=\"color: #003366;\">Caracter\u00edsticas:<\/span><\/p>\n<p>Mala de beleza: \u00e9 feita de materiais ecol\u00f3gicos de alta qualidade, seguros e n\u00e3o t\u00f3xicos. pode ser usado como cosm\u00e9tico<br \/>\nTecido tecnol\u00f3gico confort\u00e1vel: este carrinho grande \u00e9 feito de tecido respir\u00e1vel e que absorve a umidade, f\u00e1cil de limpar e manter. tamb\u00e9m possui material de microfibra anti-riscos, que pode proteger sua pele dos nocivos raios ultravioleta do sol.<br \/>\nCouro pu de alta qualidade: este estojo de armazenamento cosm\u00e9tico \u00e9 feito de couro pu de alta qualidade com superf\u00edcie lisa, o que o torna dur\u00e1vel e f\u00e1cil de limpar.<\/p>","protected":false},"excerpt":{"rendered":"<p>Modelo: SC-RM0021<\/p>\n<p>Tamanho: 69*37*24,5 cm<\/p>\n<p>Quantidade m\u00ednima: 50 pe\u00e7as<\/p>\n<p>Prazo de entrega: 15-25 dias<\/p>\n<p>Amostra: Dispon\u00edvel<\/p>","protected":false},"featured_media":20753,"template":"","meta":{"_gspb_post_css":""},"product_cat":[34,97],"product_tag":[],"featured_image_urls":{"full":["https:\/\/suncasesupply.com\/wp-content\/uploads\/2023\/08\/Women-Large-trolley-cosmetic-case-new-rolling-luggage-multi-layer-trolley-makeup-box-beauty-tattoo-manicure.jpg_220x220.jpg_.webp",220,220,false],"thumbnail":["https:\/\/suncasesupply.com\/wp-content\/uploads\/2023\/08\/Women-Large-trolley-cosmetic-case-new-rolling-luggage-multi-layer-trolley-makeup-box-beauty-tattoo-manicure.jpg_220x220.jpg_-150x150.webp",150,150,true],"medium":["https:\/\/suncasesupply.com\/wp-content\/uploads\/2023\/08\/Women-Large-trolley-cosmetic-case-new-rolling-luggage-multi-layer-trolley-makeup-box-beauty-tattoo-manicure.jpg_220x220.jpg_.webp",220,220,false],"medium_large":["https:\/\/suncasesupply.com\/wp-content\/uploads\/2023\/08\/Women-Large-trolley-cosmetic-case-new-rolling-luggage-multi-layer-trolley-makeup-box-beauty-tattoo-manicure.jpg_220x220.jpg_.webp",220,220,false],"large":["https:\/\/suncasesupply.com\/wp-content\/uploads\/2023\/08\/Women-Large-trolley-cosmetic-case-new-rolling-luggage-multi-layer-trolley-makeup-box-beauty-tattoo-manicure.jpg_220x220.jpg_.webp",220,220,false],"1536x1536":["https:\/\/suncasesupply.com\/wp-content\/uploads\/2023\/08\/Women-Large-trolley-cosmetic-case-new-rolling-luggage-multi-layer-trolley-makeup-box-beauty-tattoo-manicure.jpg_220x220.jpg_.webp",220,220,false],"2048x2048":["https:\/\/suncasesupply.com\/wp-content\/uploads\/2023\/08\/Women-Large-trolley-cosmetic-case-new-rolling-luggage-multi-layer-trolley-makeup-box-beauty-tattoo-manicure.jpg_220x220.jpg_.webp",220,220,false],"trp-custom-language-flag":["https:\/\/suncasesupply.com\/wp-content\/uploads\/2023\/08\/Women-Large-trolley-cosmetic-case-new-rolling-luggage-multi-layer-trolley-makeup-box-beauty-tattoo-manicure.jpg_220x220.jpg_.webp",12,12,false],"woocommerce_thumbnail":["https:\/\/suncasesupply.com\/wp-content\/uploads\/2023\/08\/Women-Large-trolley-cosmetic-case-new-rolling-luggage-multi-layer-trolley-makeup-box-beauty-tattoo-manicure.jpg_220x220.jpg_.webp",220,220,false],"woocommerce_single":["https:\/\/suncasesupply.com\/wp-content\/uploads\/2023\/08\/Women-Large-trolley-cosmetic-case-new-rolling-luggage-multi-layer-trolley-makeup-box-beauty-tattoo-manicure.jpg_220x220.jpg_.webp",220,220,false],"woocommerce_gallery_thumbnail":["https:\/\/suncasesupply.com\/wp-content\/uploads\/2023\/08\/Women-Large-trolley-cosmetic-case-new-rolling-luggage-multi-layer-trolley-makeup-box-beauty-tattoo-manicure.jpg_220x220.jpg_-100x100.webp",100,100,true]},"post_excerpt_stackable":"<p>Model : SC-RM0021<\/p>\n<p>Size: 69*37*24.5cm<\/p>\n<p>MOQ: 50pcs<\/p>\n<p>Delivery Time : 15-25 Days<\/p>\n<p>Sample : Available<\/p>\n","category_list":"","author_info":{"name":"","url":""},"comments_num":"0 comments","_links":{"self":[{"href":"https:\/\/suncasesupply.com\/pt\/wp-json\/wp\/v2\/product\/20752"}],"collection":[{"href":"https:\/\/suncasesupply.com\/pt\/wp-json\/wp\/v2\/product"}],"about":[{"href":"https:\/\/suncasesupply.com\/pt\/wp-json\/wp\/v2\/types\/product"}],"wp:featuredmedia":[{"embeddable":true,"href":"https:\/\/suncasesupply.com\/pt\/wp-json\/wp\/v2\/media\/20753"}],"wp:attachment":[{"href":"https:\/\/suncasesupply.com\/pt\/wp-json\/wp\/v2\/media?parent=20752"}],"wp:term":[{"taxonomy":"product_cat","embeddable":true,"href":"https:\/\/suncasesupply.com\/pt\/wp-json\/wp\/v2\/product_cat?post=20752"},{"taxonomy":"product_tag","embeddable":true,"href":"https:\/\/suncasesupply.com\/pt\/wp-json\/wp\/v2\/product_tag?post=20752"}],"curies":[{"name":"wp","href":"https:\/\/api.w.org\/{rel}","templated":true}]}}