{"id":20743,"date":"2023-08-25T15:17:00","date_gmt":"2023-08-25T07:17:00","guid":{"rendered":"https:\/\/suncasesupply.com\/?post_type=product&#038;p=20743"},"modified":"2025-02-26T11:28:34","modified_gmt":"2025-02-26T03:28:34","slug":"professional-trolley-cosmetic-case-lockable-vanity-case-with-wheels","status":"publish","type":"product","link":"https:\/\/suncasesupply.com\/pt\/product\/professional-trolley-cosmetic-case-lockable-vanity-case-with-wheels\/","title":{"rendered":"Estojo cosm\u00e9tico para carrinho profissional com fechadura e rodas"},"content":{"rendered":"<p>&nbsp;<\/p>\n<table width=\"774\">\n<tbody>\n<tr>\n<td width=\"177\">Item<\/td>\n<td width=\"597\">Estojo de maquiagem rolante<\/td>\n<\/tr>\n<tr>\n<td>Dimens\u00e3o<\/td>\n<td>38 x 26 x 56 cm \/ Personalizar<\/td>\n<\/tr>\n<tr>\n<td>Cores<\/td>\n<td>Como as imagens mostram ou personalizam<\/td>\n<\/tr>\n<tr>\n<td>Materiais<\/td>\n<td>Alum\u00ednio, painel ABS, placa MDF, forro de EVA\/espuma\/tecido\/PU, ferragens<\/td>\n<\/tr>\n<tr>\n<td>Logotipo<\/td>\n<td>Logotipo da placa de metal, logotipo impresso, logotipo em relevo, logotipo do laser<\/td>\n<\/tr>\n<tr>\n<td>Tempo de amostra<\/td>\n<td>7 dias<\/td>\n<\/tr>\n<tr>\n<td>Porto de embarque<\/td>\n<td>Cant\u00e3o, Shenzhen<\/td>\n<\/tr>\n<tr>\n<td>Termos de negocia\u00e7\u00e3o<\/td>\n<td>EXW, FOB, CIF, DDU, DDP<\/td>\n<\/tr>\n<tr>\n<td>M\u00e9todos de Pagamento<\/td>\n<td>T\/T, dinheiro, PayPal, cart\u00e3o de cr\u00e9dito<\/td>\n<\/tr>\n<\/tbody>\n<\/table>\n<p><span style=\"color: #003366;\">Caracter\u00edsticas:<\/span><\/p>\n<div class=\"mb3\">\n<div class=\"dangerous-html mb3\">\n<ul class=\"a-unordered-list a-vertical a-spacing-mini\">\n<li class=\"a-spacing-mini\"><span class=\"a-list-item\">Bom material: material de PVC de alta qualidade, estrutura em liga de alum\u00ednio, ecol\u00f3gico, inodoro, \u00e0 prova d&#039;\u00e1gua e resistente \u00e0 umidade, resistente ao desgaste e dur\u00e1vel, n\u00e3o \u00e9 f\u00e1cil de deformar, dur\u00e1vel.<\/span><\/li>\n<li class=\"a-spacing-mini\"><span class=\"a-list-item\">Tamanho do produto: 38 x 26 x 56 cm, altura do tirante 37 cm.<\/span><\/li>\n<li class=\"a-spacing-mini\"><span class=\"a-list-item\">Design de trava de seguran\u00e7a:Para garantir uma caixa externa segura, o design da dobradi\u00e7a de metal e a dobradi\u00e7a de metal de oito pinos melhoram a durabilidade da caixa de refor\u00e7o dur\u00e1vel.<\/span><\/li>\n<li class=\"a-spacing-mini\"><span class=\"a-list-item\">Tirante de uma pe\u00e7a: adota tirante telesc\u00f3pico de tr\u00eas se\u00e7\u00f5es e \u00e9 de liga. \u00c9 econ\u00f4mico, dur\u00e1vel e possui uma fun\u00e7\u00e3o de eleva\u00e7\u00e3o suave. Pode ser ajustado de acordo com a altura.<\/span><\/li>\n<li class=\"a-spacing-mini\"><span class=\"a-list-item\">Adequado para cenas: cabeleireiros profissionais, manicure, cabeleireiros e outras caixas de armazenamento de cosm\u00e9ticos profissionais. N\u00e3o h\u00e1 necessidade de comprometer suas ferramentas, n\u00e3o importa onde voc\u00ea v\u00e1, voc\u00ea pode lev\u00e1-las com voc\u00ea.<\/span><\/li>\n<\/ul>\n<\/div>\n<\/div>","protected":false},"excerpt":{"rendered":"<p>Modelo: SC-RM0019<\/p>\n<p>Tamanho: 38 x 26 x 56 cm<\/p>\n<p>Quantidade m\u00ednima: 50 pe\u00e7as<\/p>\n<p>Prazo de entrega: 15-25 dias<\/p>\n<p>Amostra: Dispon\u00edvel<\/p>","protected":false},"featured_media":20737,"template":"","meta":{"_gspb_post_css":""},"product_cat":[97],"product_tag":[],"featured_image_urls":{"full":["https:\/\/suncasesupply.com\/wp-content\/uploads\/2023\/08\/31dy7jNEjgL._SX300_SY300_QL70_ML2_.jpg",286,300,false],"thumbnail":["https:\/\/suncasesupply.com\/wp-content\/uploads\/2023\/08\/31dy7jNEjgL._SX300_SY300_QL70_ML2_-150x150.jpg",150,150,true],"medium":["https:\/\/suncasesupply.com\/wp-content\/uploads\/2023\/08\/31dy7jNEjgL._SX300_SY300_QL70_ML2_.jpg",286,300,false],"medium_large":["https:\/\/suncasesupply.com\/wp-content\/uploads\/2023\/08\/31dy7jNEjgL._SX300_SY300_QL70_ML2_.jpg",286,300,false],"large":["https:\/\/suncasesupply.com\/wp-content\/uploads\/2023\/08\/31dy7jNEjgL._SX300_SY300_QL70_ML2_.jpg",286,300,false],"1536x1536":["https:\/\/suncasesupply.com\/wp-content\/uploads\/2023\/08\/31dy7jNEjgL._SX300_SY300_QL70_ML2_.jpg",286,300,false],"2048x2048":["https:\/\/suncasesupply.com\/wp-content\/uploads\/2023\/08\/31dy7jNEjgL._SX300_SY300_QL70_ML2_.jpg",286,300,false],"trp-custom-language-flag":["https:\/\/suncasesupply.com\/wp-content\/uploads\/2023\/08\/31dy7jNEjgL._SX300_SY300_QL70_ML2_.jpg",11,12,false],"woocommerce_thumbnail":["https:\/\/suncasesupply.com\/wp-content\/uploads\/2023\/08\/31dy7jNEjgL._SX300_SY300_QL70_ML2_.jpg",286,300,false],"woocommerce_single":["https:\/\/suncasesupply.com\/wp-content\/uploads\/2023\/08\/31dy7jNEjgL._SX300_SY300_QL70_ML2_.jpg",286,300,false],"woocommerce_gallery_thumbnail":["https:\/\/suncasesupply.com\/wp-content\/uploads\/2023\/08\/31dy7jNEjgL._SX300_SY300_QL70_ML2_-100x100.jpg",100,100,true]},"post_excerpt_stackable":"<p>Model : SC-RM0019<\/p>\n<p>Size: \u00a038 x 26 x 56 cm<\/p>\n<p>MOQ: 50pcs<\/p>\n<p>Delivery Time : 15-25 Days<\/p>\n<p>Sample : Available<\/p>\n","category_list":"","author_info":{"name":"","url":""},"comments_num":"0 comments","_links":{"self":[{"href":"https:\/\/suncasesupply.com\/pt\/wp-json\/wp\/v2\/product\/20743"}],"collection":[{"href":"https:\/\/suncasesupply.com\/pt\/wp-json\/wp\/v2\/product"}],"about":[{"href":"https:\/\/suncasesupply.com\/pt\/wp-json\/wp\/v2\/types\/product"}],"wp:featuredmedia":[{"embeddable":true,"href":"https:\/\/suncasesupply.com\/pt\/wp-json\/wp\/v2\/media\/20737"}],"wp:attachment":[{"href":"https:\/\/suncasesupply.com\/pt\/wp-json\/wp\/v2\/media?parent=20743"}],"wp:term":[{"taxonomy":"product_cat","embeddable":true,"href":"https:\/\/suncasesupply.com\/pt\/wp-json\/wp\/v2\/product_cat?post=20743"},{"taxonomy":"product_tag","embeddable":true,"href":"https:\/\/suncasesupply.com\/pt\/wp-json\/wp\/v2\/product_tag?post=20743"}],"curies":[{"name":"wp","href":"https:\/\/api.w.org\/{rel}","templated":true}]}}