{"id":20722,"date":"2023-08-25T14:55:46","date_gmt":"2023-08-25T06:55:46","guid":{"rendered":"https:\/\/suncasesupply.com\/?post_type=product&#038;p=20722"},"modified":"2025-02-26T11:28:46","modified_gmt":"2025-02-26T03:28:46","slug":"professional-makeup-trolley-case-rolling-cosmetic-nail-storage-box","status":"publish","type":"product","link":"https:\/\/suncasesupply.com\/pt\/product\/professional-makeup-trolley-case-rolling-cosmetic-nail-storage-box\/","title":{"rendered":"Caixa de carrinho de maquiagem profissional rolando caixa de armazenamento de unhas cosm\u00e9ticas"},"content":{"rendered":"<p>&nbsp;<\/p>\n<table width=\"774\">\n<tbody>\n<tr>\n<td width=\"177\">Item<\/td>\n<td width=\"597\">Estojo de maquiagem rolante<\/td>\n<\/tr>\n<tr>\n<td>Dimens\u00e3o<\/td>\n<td>370*230*550mm\/Personalizar<\/td>\n<\/tr>\n<tr>\n<td>Cores<\/td>\n<td>Como as imagens mostram ou personalizam<\/td>\n<\/tr>\n<tr>\n<td>Materiais<\/td>\n<td>Alum\u00ednio, painel ABS, placa MDF, forro de EVA\/espuma\/tecido\/PU, ferragens<\/td>\n<\/tr>\n<tr>\n<td>Logotipo<\/td>\n<td>Logotipo da placa de metal, logotipo impresso, logotipo em relevo, logotipo do laser<\/td>\n<\/tr>\n<tr>\n<td>Tempo de amostra<\/td>\n<td>7 dias<\/td>\n<\/tr>\n<tr>\n<td>Porto de embarque<\/td>\n<td>Cant\u00e3o, Shenzhen<\/td>\n<\/tr>\n<tr>\n<td>Termos de negocia\u00e7\u00e3o<\/td>\n<td>EXW, FOB, CIF, DDU, DDP<\/td>\n<\/tr>\n<tr>\n<td>M\u00e9todos de Pagamento<\/td>\n<td>T\/T, dinheiro, PayPal, cart\u00e3o de cr\u00e9dito<\/td>\n<\/tr>\n<\/tbody>\n<\/table>\n<p><span style=\"color: #003366;\">Caracter\u00edsticas:<\/span><\/p>\n<div class=\"mb3\">\n<div class=\"dangerous-html mb3\">\n<p>Este fabuloso carrinho de alum\u00ednio com 4 rodas \u00e9 obrigat\u00f3rio para profissionais de maquiagem. Tem muito espa\u00e7o para tudo o que voc\u00ea precisa levar no trabalho. A ampla abertura inteligente com compartimentos separados torna-o ideal como esta\u00e7\u00e3o de maquilhagem port\u00e1til. Possui al\u00e7a telesc\u00f3pica para facilitar o manuseio. Com seu design pr\u00e1tico e apar\u00eancia glamorosa, \u00e9 a sua mala pronta para trabalhar.<\/p>\n<\/div>\n<\/div>","protected":false},"excerpt":{"rendered":"<p>Modelo: SC-RM0017<\/p>\n<p>Tamanho: 370*230*550mm<\/p>\n<p>Quantidade m\u00ednima: 50 pe\u00e7as<\/p>\n<p>Prazo de entrega: 15-25 dias<\/p>\n<p>Amostra: Dispon\u00edvel<\/p>","protected":false},"featured_media":20723,"template":"","meta":{"_gspb_post_css":""},"product_cat":[97],"product_tag":[],"featured_image_urls":{"full":["https:\/\/suncasesupply.com\/wp-content\/uploads\/2023\/08\/9186530_R_Z002A.webp",1500,880,false],"thumbnail":["https:\/\/suncasesupply.com\/wp-content\/uploads\/2023\/08\/9186530_R_Z002A-150x150.webp",150,150,true],"medium":["https:\/\/suncasesupply.com\/wp-content\/uploads\/2023\/08\/9186530_R_Z002A-300x176.webp",300,176,true],"medium_large":["https:\/\/suncasesupply.com\/wp-content\/uploads\/2023\/08\/9186530_R_Z002A-768x451.webp",768,451,true],"large":["https:\/\/suncasesupply.com\/wp-content\/uploads\/2023\/08\/9186530_R_Z002A-1024x601.webp",1024,601,true],"1536x1536":["https:\/\/suncasesupply.com\/wp-content\/uploads\/2023\/08\/9186530_R_Z002A.webp",1500,880,false],"2048x2048":["https:\/\/suncasesupply.com\/wp-content\/uploads\/2023\/08\/9186530_R_Z002A.webp",1500,880,false],"trp-custom-language-flag":["https:\/\/suncasesupply.com\/wp-content\/uploads\/2023\/08\/9186530_R_Z002A.webp",18,12,false],"woocommerce_thumbnail":["https:\/\/suncasesupply.com\/wp-content\/uploads\/2023\/08\/9186530_R_Z002A-300x300.webp",300,300,true],"woocommerce_single":["https:\/\/suncasesupply.com\/wp-content\/uploads\/2023\/08\/9186530_R_Z002A-600x352.webp",600,352,true],"woocommerce_gallery_thumbnail":["https:\/\/suncasesupply.com\/wp-content\/uploads\/2023\/08\/9186530_R_Z002A-100x100.webp",100,100,true]},"post_excerpt_stackable":"<p>Model : SC-RM0017<\/p>\n<p>Size: 370*230*550mm<\/p>\n<p>MOQ: 50pcs<\/p>\n<p>Delivery Time : 15-25 Days<\/p>\n<p>Sample : Available<\/p>\n","category_list":"","author_info":{"name":"","url":""},"comments_num":"0 comments","_links":{"self":[{"href":"https:\/\/suncasesupply.com\/pt\/wp-json\/wp\/v2\/product\/20722"}],"collection":[{"href":"https:\/\/suncasesupply.com\/pt\/wp-json\/wp\/v2\/product"}],"about":[{"href":"https:\/\/suncasesupply.com\/pt\/wp-json\/wp\/v2\/types\/product"}],"wp:featuredmedia":[{"embeddable":true,"href":"https:\/\/suncasesupply.com\/pt\/wp-json\/wp\/v2\/media\/20723"}],"wp:attachment":[{"href":"https:\/\/suncasesupply.com\/pt\/wp-json\/wp\/v2\/media?parent=20722"}],"wp:term":[{"taxonomy":"product_cat","embeddable":true,"href":"https:\/\/suncasesupply.com\/pt\/wp-json\/wp\/v2\/product_cat?post=20722"},{"taxonomy":"product_tag","embeddable":true,"href":"https:\/\/suncasesupply.com\/pt\/wp-json\/wp\/v2\/product_tag?post=20722"}],"curies":[{"name":"wp","href":"https:\/\/api.w.org\/{rel}","templated":true}]}}