{"id":20675,"date":"2023-08-25T11:12:28","date_gmt":"2023-08-25T03:12:28","guid":{"rendered":"https:\/\/suncasesupply.com\/?post_type=product&#038;p=20675"},"modified":"2025-02-26T11:31:05","modified_gmt":"2025-02-26T03:31:05","slug":"professional-makeup-trolley-case-for-makeup-artist-black","status":"publish","type":"product","link":"https:\/\/suncasesupply.com\/pt\/product\/professional-makeup-trolley-case-for-makeup-artist-black\/","title":{"rendered":"CARRINHO DE MAQUIAGEM PROFISSIONAL PARA MAQUIADOR PRETO"},"content":{"rendered":"<p>&nbsp;<\/p>\n<table width=\"774\">\n<tbody>\n<tr>\n<td width=\"177\">Item<\/td>\n<td width=\"597\">Estojo de maquiagem rolante<\/td>\n<\/tr>\n<tr>\n<td>Dimens\u00e3o<\/td>\n<td>34 x 24 x 41,5 cm ou personalizar<\/td>\n<\/tr>\n<tr>\n<td>Cores<\/td>\n<td>Como as imagens mostram ou personalizam<\/td>\n<\/tr>\n<tr>\n<td>Materiais<\/td>\n<td>Alum\u00ednio, painel ABS, placa MDF, forro de EVA\/espuma\/tecido\/PU, ferragens<\/td>\n<\/tr>\n<tr>\n<td>Logotipo<\/td>\n<td>Logotipo da placa de metal, logotipo impresso, logotipo em relevo, logotipo do laser<\/td>\n<\/tr>\n<tr>\n<td>Tempo de amostra<\/td>\n<td>7 dias<\/td>\n<\/tr>\n<tr>\n<td>Porto de embarque<\/td>\n<td>Cant\u00e3o, Shenzhen<\/td>\n<\/tr>\n<tr>\n<td>Termos de negocia\u00e7\u00e3o<\/td>\n<td>EXW, FOB, CIF, DDU, DDP<\/td>\n<\/tr>\n<tr>\n<td>M\u00e9todos de Pagamento<\/td>\n<td>T\/T, dinheiro, PayPal, cart\u00e3o de cr\u00e9dito<\/td>\n<\/tr>\n<\/tbody>\n<\/table>\n<p><span style=\"color: #003366;\">Caracter\u00edsticas:<\/span><\/p>\n<div class=\"mb3\">\n<div class=\"dangerous-html mb3\">\n<ul class=\"a-unordered-list a-vertical a-spacing-mini\">\n<li><span class=\"a-list-item\">\u3010Bandejas deslizantes com 4 trilhos\u3011: O trilho deslizante se expande suavemente, n\u00e3o desliza para fora quando n\u00e3o est\u00e1 em uso e est\u00e1 firmemente conectado. A bandeja de 4 camadas ajuda a organizar ferramentas de maquiagem, cole\u00e7\u00f5es de batons, paletas e pinc\u00e9is de maquiagem.<\/span><\/li>\n<li><span class=\"a-list-item\">\u3010Estojo resistente para rolamento de maquiagem\u3011: Bordas e cantos refor\u00e7ados em alum\u00ednio e metal grau A t\u00eam \u00f3timo desempenho em resist\u00eancia \u00e0 abras\u00e3o e s\u00e3o caracterizados por sua leveza e durabilidade. As hastes de tra\u00e7\u00e3o de alum\u00ednio tamb\u00e9m proporcionam opera\u00e7\u00e3o suave e resist\u00eancia \u00e0 corros\u00e3o. A superf\u00edcie preta \u00e0 prova d&#039;\u00e1gua torna este carrinho de maquiagem um excelente protetor para cosm\u00e9ticos ao ar livre.<\/span><\/li>\n<li><span class=\"a-list-item\">\u3010Carrinho de armazenamento de grande capacidade\u3011: H\u00e1 tamb\u00e9m um fundo grande que tem um \u00f3timo armazenamento para ferramentas de modelagem de cabelo, cosm\u00e9ticos e ferramentas para unhas. Perfeito para maquiadores profissionais, cabeleireiros, manicures, tatuadores ou quem tem uma montanha de cosm\u00e9ticos.<\/span><\/li>\n<li><span class=\"a-list-item\">\u3010Carrinho de maquiagem com rodas girat\u00f3rias de 360\u00b0\u3011:Esta maleta de trem equipada com quatro rodas girat\u00f3rias de 360\u00b0 de alta qualidade proporcionando movimento suave e silencioso, mais economia de trabalho. Rodas remov\u00edveis podem ser facilmente removidas ou substitu\u00eddas, se necess\u00e1rio.<\/span><\/li>\n<li><span class=\"a-list-item\">\u3010Presente requintado\u3011: O carrinho de maquiagem mant\u00e9m sua penteadeira limpa e arrumada. \u00c9 bastante elegante como presente e guardar\u00e1 muitas boas lembran\u00e7as. Sua filha, namorada ou pessoa amada ficar\u00e1 mais feliz se voc\u00ea receber um presente t\u00e3o bom no Dia dos Namorados, Natal, Ano Novo, anivers\u00e1rio, casamento, etc.<\/span><\/li>\n<\/ul>\n<\/div>\n<\/div>","protected":false},"excerpt":{"rendered":"<p>Modelo: SC-RM0010<\/p>\n<p>Tamanho: 34 x 24 x 41,5 cm<\/p>\n<p>Quantidade m\u00ednima: 50 pe\u00e7as<\/p>\n<p>Prazo de entrega: 15-25 dias<\/p>\n<p>Amostra: Dispon\u00edvel<\/p>","protected":false},"featured_media":20669,"template":"","meta":{"_gspb_post_css":""},"product_cat":[97],"product_tag":[],"featured_image_urls":{"full":["https:\/\/suncasesupply.com\/wp-content\/uploads\/2023\/08\/1-40-scaled.jpg",2560,2560,false],"thumbnail":["https:\/\/suncasesupply.com\/wp-content\/uploads\/2023\/08\/1-40-150x150.jpg",150,150,true],"medium":["https:\/\/suncasesupply.com\/wp-content\/uploads\/2023\/08\/1-40-300x300.jpg",300,300,true],"medium_large":["https:\/\/suncasesupply.com\/wp-content\/uploads\/2023\/08\/1-40-768x768.jpg",768,768,true],"large":["https:\/\/suncasesupply.com\/wp-content\/uploads\/2023\/08\/1-40-1024x1024.jpg",1024,1024,true],"1536x1536":["https:\/\/suncasesupply.com\/wp-content\/uploads\/2023\/08\/1-40-1536x1536.jpg",1536,1536,true],"2048x2048":["https:\/\/suncasesupply.com\/wp-content\/uploads\/2023\/08\/1-40-2048x2048.jpg",2048,2048,true],"trp-custom-language-flag":["https:\/\/suncasesupply.com\/wp-content\/uploads\/2023\/08\/1-40-scaled.jpg",12,12,false],"woocommerce_thumbnail":["https:\/\/suncasesupply.com\/wp-content\/uploads\/2023\/08\/1-40-300x300.jpg",300,300,true],"woocommerce_single":["https:\/\/suncasesupply.com\/wp-content\/uploads\/2023\/08\/1-40-600x600.jpg",600,600,true],"woocommerce_gallery_thumbnail":["https:\/\/suncasesupply.com\/wp-content\/uploads\/2023\/08\/1-40-100x100.jpg",100,100,true]},"post_excerpt_stackable":"<p>Model : SC-RM0010<\/p>\n<p>Size: 34 x 24 x 41.5cm<\/p>\n<p>MOQ: 50pcs<\/p>\n<p>Delivery Time : 15-25 Days<\/p>\n<p>Sample : Available<\/p>\n","category_list":"","author_info":{"name":"","url":""},"comments_num":"0 comments","_links":{"self":[{"href":"https:\/\/suncasesupply.com\/pt\/wp-json\/wp\/v2\/product\/20675"}],"collection":[{"href":"https:\/\/suncasesupply.com\/pt\/wp-json\/wp\/v2\/product"}],"about":[{"href":"https:\/\/suncasesupply.com\/pt\/wp-json\/wp\/v2\/types\/product"}],"wp:featuredmedia":[{"embeddable":true,"href":"https:\/\/suncasesupply.com\/pt\/wp-json\/wp\/v2\/media\/20669"}],"wp:attachment":[{"href":"https:\/\/suncasesupply.com\/pt\/wp-json\/wp\/v2\/media?parent=20675"}],"wp:term":[{"taxonomy":"product_cat","embeddable":true,"href":"https:\/\/suncasesupply.com\/pt\/wp-json\/wp\/v2\/product_cat?post=20675"},{"taxonomy":"product_tag","embeddable":true,"href":"https:\/\/suncasesupply.com\/pt\/wp-json\/wp\/v2\/product_tag?post=20675"}],"curies":[{"name":"wp","href":"https:\/\/api.w.org\/{rel}","templated":true}]}}