{"id":20640,"date":"2023-08-25T10:18:25","date_gmt":"2023-08-25T02:18:25","guid":{"rendered":"https:\/\/suncasesupply.com\/?post_type=product&#038;p=20640"},"modified":"2025-02-26T11:31:21","modified_gmt":"2025-02-26T03:31:21","slug":"trolley-makeup-case-with-drawers-rolling-professional-nail-makeup-box","status":"publish","type":"product","link":"https:\/\/suncasesupply.com\/pt\/product\/trolley-makeup-case-with-drawers-rolling-professional-nail-makeup-box\/","title":{"rendered":"Estojo de maquiagem com gavetas e caixa de maquiagem profissional para unhas"},"content":{"rendered":"<p>&nbsp;<\/p>\n<table width=\"774\">\n<tbody>\n<tr>\n<td width=\"177\">Item<\/td>\n<td width=\"597\">Estojo de maquiagem rolante<\/td>\n<\/tr>\n<tr>\n<td>Dimens\u00e3o<\/td>\n<td>342*241*559mm ou personalizar<\/td>\n<\/tr>\n<tr>\n<td>Cores<\/td>\n<td>Como as imagens mostram ou personalizam<\/td>\n<\/tr>\n<tr>\n<td>Materiais<\/td>\n<td>Alum\u00ednio, painel ABS, placa MDF, forro de EVA\/espuma\/tecido\/PU, ferragens<\/td>\n<\/tr>\n<tr>\n<td>Logotipo<\/td>\n<td>Logotipo da placa de metal, logotipo impresso, logotipo em relevo, logotipo do laser<\/td>\n<\/tr>\n<tr>\n<td>Tempo de amostra<\/td>\n<td>7 dias<\/td>\n<\/tr>\n<tr>\n<td>Porto de embarque<\/td>\n<td>Cant\u00e3o, Shenzhen<\/td>\n<\/tr>\n<tr>\n<td>Termos de negocia\u00e7\u00e3o<\/td>\n<td>EXW, FOB, CIF, DDU, DDP<\/td>\n<\/tr>\n<tr>\n<td>M\u00e9todos de Pagamento<\/td>\n<td>T\/T, dinheiro, PayPal, cart\u00e3o de cr\u00e9dito<\/td>\n<\/tr>\n<\/tbody>\n<\/table>\n<p><span style=\"color: #003366;\">Caracter\u00edsticas:<\/span><\/p>\n<div class=\"mb3\">\n<div class=\"dangerous-html mb3\">\n<p>Este estojo de trem de maquiagem \u00e9 constru\u00eddo com folheado de pl\u00e1stico ABS de alta qualidade, bordas e cantos refor\u00e7ados com alum\u00ednio e metal, forro de poli\u00e9ster 210D resistente ao desgaste e ferragens de metal resistentes. Trilhos deslizantes de alum\u00ednio e uma al\u00e7a de puxar garantem um funcionamento suave e tamb\u00e9m resist\u00eancia \u00e0 ferrugem. Este estojo de maquiagem n\u00e3o \u00e9 apenas uma ferramenta pr\u00e1tica, mas tamb\u00e9m um acess\u00f3rio moderno. O ABS \u00e0 prova d&#039;\u00e1gua torna este estojo de maquiagem um protetor perfeito para seus cosm\u00e9ticos quando usado ao ar livre. O folheado ABS brilhante e o padr\u00e3o de diamante em relevo adicionam uma camada de beleza de vis\u00e3o dimensional a este estojo de maquiagem. Este estojo de maquiagem adota 4 rodas remov\u00edveis de alta qualidade para um rolamento silencioso e sem esfor\u00e7o. Uma al\u00e7a deslizante suavemente com tubos hexagonais inovadores garante excelente estabilidade. Al\u00e7a na parte superior para transporte conveniente. Em compara\u00e7\u00e3o com a haste telesc\u00f3pica circular tradicional, adotamos uma haste telesc\u00f3pica hexagonal, que \u00e9 muito mais s\u00f3lida e dur\u00e1vel. 4 gavetas laterais deslizantes s\u00e3o projetadas para itens pequenos como esmalte, batom, \u00f3leo essencial, grampos de cabelo, etc. 1 compartimento superior grande pode conter chapinha\/chapinha, sprays, paletas e outros itens em tamanho relativamente grande. Uma gaveta inferior pode manter escovas de cabelo e frascos curtos \u00e0 m\u00e3o e arrumados. As embreagens superiores podem ser travadas para seguran\u00e7a; 2 chaves para as fechaduras. Cada canto deste estojo de maquiagem \u00e9 bem protegido com metal e pl\u00e1stico para maior durabilidade e robustez.<\/p>\n<ul>\n<li>Dimens\u00e3o da caixa (altura da roda inclu\u00edda): 13,5 x 9,5 x 22 \u2033 (CxLxA)<\/li>\n<li>Altura m\u00e1xima da al\u00e7a telesc\u00f3pica: 39,5\u2033<\/li>\n<li>Tamanho da gaveta lateral: 7,3 x 5,7 x 1,4\u2033; 8 x 5,7 x 1,4\u2033 (CxLxA)<\/li>\n<li>Tamanho interno do compartimento superior: 13 x 9 x 8,7\u2033 (CxLxP)<\/li>\n<li>Tamanho interno da gaveta inferior: 10,4 x 8,4 x 4 \u2033 (CxLxP)<\/li>\n<\/ul>\n<\/div>\n<\/div>","protected":false},"excerpt":{"rendered":"<p>Modelo: SC-RM0008<\/p>\n<p>Tamanho: 342*241*559mm<\/p>\n<p>Quantidade m\u00ednima: 50 pe\u00e7as<\/p>\n<p>Prazo de entrega: 15-25 dias<\/p>\n<p>Amostra: Dispon\u00edvel<\/p>","protected":false},"featured_media":20641,"template":"","meta":{"_gspb_post_css":""},"product_cat":[97],"product_tag":[],"featured_image_urls":{"full":["https:\/\/suncasesupply.com\/wp-content\/uploads\/2023\/08\/4505c384-5b87-4ba5-80f8-84baeed48579.434133fd27a44df84ca262b2f0100127.webp",1000,1000,false],"thumbnail":["https:\/\/suncasesupply.com\/wp-content\/uploads\/2023\/08\/4505c384-5b87-4ba5-80f8-84baeed48579.434133fd27a44df84ca262b2f0100127-150x150.webp",150,150,true],"medium":["https:\/\/suncasesupply.com\/wp-content\/uploads\/2023\/08\/4505c384-5b87-4ba5-80f8-84baeed48579.434133fd27a44df84ca262b2f0100127-300x300.webp",300,300,true],"medium_large":["https:\/\/suncasesupply.com\/wp-content\/uploads\/2023\/08\/4505c384-5b87-4ba5-80f8-84baeed48579.434133fd27a44df84ca262b2f0100127-768x768.webp",768,768,true],"large":["https:\/\/suncasesupply.com\/wp-content\/uploads\/2023\/08\/4505c384-5b87-4ba5-80f8-84baeed48579.434133fd27a44df84ca262b2f0100127.webp",1000,1000,false],"1536x1536":["https:\/\/suncasesupply.com\/wp-content\/uploads\/2023\/08\/4505c384-5b87-4ba5-80f8-84baeed48579.434133fd27a44df84ca262b2f0100127.webp",1000,1000,false],"2048x2048":["https:\/\/suncasesupply.com\/wp-content\/uploads\/2023\/08\/4505c384-5b87-4ba5-80f8-84baeed48579.434133fd27a44df84ca262b2f0100127.webp",1000,1000,false],"trp-custom-language-flag":["https:\/\/suncasesupply.com\/wp-content\/uploads\/2023\/08\/4505c384-5b87-4ba5-80f8-84baeed48579.434133fd27a44df84ca262b2f0100127.webp",12,12,false],"woocommerce_thumbnail":["https:\/\/suncasesupply.com\/wp-content\/uploads\/2023\/08\/4505c384-5b87-4ba5-80f8-84baeed48579.434133fd27a44df84ca262b2f0100127-300x300.webp",300,300,true],"woocommerce_single":["https:\/\/suncasesupply.com\/wp-content\/uploads\/2023\/08\/4505c384-5b87-4ba5-80f8-84baeed48579.434133fd27a44df84ca262b2f0100127-600x600.webp",600,600,true],"woocommerce_gallery_thumbnail":["https:\/\/suncasesupply.com\/wp-content\/uploads\/2023\/08\/4505c384-5b87-4ba5-80f8-84baeed48579.434133fd27a44df84ca262b2f0100127-100x100.webp",100,100,true]},"post_excerpt_stackable":"<p>Model : SC-RM0008<\/p>\n<p>Size: 342*241*559mm<\/p>\n<p>MOQ: 50pcs<\/p>\n<p>Delivery Time : 15-25 Days<\/p>\n<p>Sample : Available<\/p>\n","category_list":"","author_info":{"name":"","url":""},"comments_num":"0 comments","_links":{"self":[{"href":"https:\/\/suncasesupply.com\/pt\/wp-json\/wp\/v2\/product\/20640"}],"collection":[{"href":"https:\/\/suncasesupply.com\/pt\/wp-json\/wp\/v2\/product"}],"about":[{"href":"https:\/\/suncasesupply.com\/pt\/wp-json\/wp\/v2\/types\/product"}],"wp:featuredmedia":[{"embeddable":true,"href":"https:\/\/suncasesupply.com\/pt\/wp-json\/wp\/v2\/media\/20641"}],"wp:attachment":[{"href":"https:\/\/suncasesupply.com\/pt\/wp-json\/wp\/v2\/media?parent=20640"}],"wp:term":[{"taxonomy":"product_cat","embeddable":true,"href":"https:\/\/suncasesupply.com\/pt\/wp-json\/wp\/v2\/product_cat?post=20640"},{"taxonomy":"product_tag","embeddable":true,"href":"https:\/\/suncasesupply.com\/pt\/wp-json\/wp\/v2\/product_tag?post=20640"}],"curies":[{"name":"wp","href":"https:\/\/api.w.org\/{rel}","templated":true}]}}