{"id":20619,"date":"2023-08-25T09:31:23","date_gmt":"2023-08-25T01:31:23","guid":{"rendered":"https:\/\/suncasesupply.com\/?post_type=product&#038;p=20619"},"modified":"2025-02-26T11:09:15","modified_gmt":"2025-02-26T03:09:15","slug":"carry-nail-polish-box-case-makeup-vanity-beauty-storage-box","status":"publish","type":"product","link":"https:\/\/suncasesupply.com\/pt\/product\/carry-nail-polish-box-case-makeup-vanity-beauty-storage-box\/","title":{"rendered":"Leve caixa de esmalte para maquiagem, vaidade, beleza, caixa de armazenamento"},"content":{"rendered":"<p>&nbsp;<\/p>\n<table width=\"774\">\n<tbody>\n<tr>\n<td width=\"177\">Item<\/td>\n<td width=\"597\">Estojo de maquiagem de alum\u00ednio<\/td>\n<\/tr>\n<tr>\n<td>Dimens\u00e3o<\/td>\n<td>Customizar<\/td>\n<\/tr>\n<tr>\n<td>Cores<\/td>\n<td>Como as imagens mostram ou personalizam<\/td>\n<\/tr>\n<tr>\n<td>Materiais<\/td>\n<td>Alum\u00ednio, painel ABS, placa MDF, forro de EVA\/espuma\/tecido\/PU, ferragens<\/td>\n<\/tr>\n<tr>\n<td>Logotipo<\/td>\n<td>Logotipo da placa de metal, logotipo impresso, logotipo em relevo, logotipo do laser<\/td>\n<\/tr>\n<tr>\n<td>Tempo de amostra<\/td>\n<td>7 dias<\/td>\n<\/tr>\n<tr>\n<td>Porto de embarque<\/td>\n<td>Cant\u00e3o, Shenzhen<\/td>\n<\/tr>\n<tr>\n<td>Termos de negocia\u00e7\u00e3o<\/td>\n<td>EXW, FOB, CIF, DDU, DDP<\/td>\n<\/tr>\n<tr>\n<td>M\u00e9todos de Pagamento<\/td>\n<td>T\/T, dinheiro, PayPal, cart\u00e3o de cr\u00e9dito<\/td>\n<\/tr>\n<\/tbody>\n<\/table>\n<p><span style=\"color: #003366;\">Caracter\u00edsticas:<\/span><\/p>\n<ul id=\"bullets\">\n<li data-title=\"24 Removable nail polish compartments (NAIL POLISH NOT INCLUDED).\">24 Compartimentos remov\u00edveis para esmaltes (POLIMENTO N\u00c3O INCLU\u00cdDO).<\/li>\n<li data-title=\"8 Manicure tool\/file holders.\">8 porta-ferramentas\/arquivos de manicure.<\/li>\n<li data-title=\"8 Manicure tool\/file holders.\">Gaveta extra\u00edvel profunda para armazenamento generoso de acess\u00f3rios de nail art.<\/li>\n<li data-title=\"Made from robust aluminium.\">Fabricado em alum\u00ednio robusto.<\/li>\n<li data-title=\"Faux leather trim handle for comfort and style.\">Al\u00e7a com acabamento em couro sint\u00e9tico para conforto e estilo.<\/li>\n<li data-title=\"Removable nail polish compartments for flexible storage.\">Compartimentos remov\u00edveis para esmaltes para armazenamento flex\u00edvel.<\/li>\n<li data-title=\"High quality robust locking clasps to keep your accessories safe and secure.\">Fechos de travamento robustos de alta qualidade para manter seus acess\u00f3rios seguros e protegidos.<\/li>\n<li data-title=\"Faux leather trim handle for comfort and style.\">Al\u00e7a com acabamento em couro sint\u00e9tico para conforto e estilo.<\/li>\n<li data-title=\"Other Beauty Cases are available - please see other listings.\">Outros estojos de beleza est\u00e3o dispon\u00edveis \u2013 consulte outras listagens.<\/li>\n<li data-title=\"Nail polish not included.\">Esmalte n\u00e3o inclu\u00eddo.<\/li>\n<\/ul>","protected":false},"excerpt":{"rendered":"<p>Modelo: SC-CM0022<\/p>\n<p>Tamanho: Personalizado<\/p>\n<p>Quantidade m\u00ednima: 100 pe\u00e7as<\/p>\n<p>Prazo de entrega: 15-25 dias<\/p>\n<p>Amostra: Dispon\u00edvel<\/p>","protected":false},"featured_media":20620,"template":"","meta":{"_gspb_post_css":""},"product_cat":[96],"product_tag":[],"featured_image_urls":{"full":["https:\/\/suncasesupply.com\/wp-content\/uploads\/2023\/08\/8ad51000-1c6e-4452-8dd1-f522605f4789.jpg",1719,1800,false],"thumbnail":["https:\/\/suncasesupply.com\/wp-content\/uploads\/2023\/08\/8ad51000-1c6e-4452-8dd1-f522605f4789-150x150.jpg",150,150,true],"medium":["https:\/\/suncasesupply.com\/wp-content\/uploads\/2023\/08\/8ad51000-1c6e-4452-8dd1-f522605f4789-287x300.jpg",287,300,true],"medium_large":["https:\/\/suncasesupply.com\/wp-content\/uploads\/2023\/08\/8ad51000-1c6e-4452-8dd1-f522605f4789-768x804.jpg",768,804,true],"large":["https:\/\/suncasesupply.com\/wp-content\/uploads\/2023\/08\/8ad51000-1c6e-4452-8dd1-f522605f4789-978x1024.jpg",978,1024,true],"1536x1536":["https:\/\/suncasesupply.com\/wp-content\/uploads\/2023\/08\/8ad51000-1c6e-4452-8dd1-f522605f4789-1467x1536.jpg",1467,1536,true],"2048x2048":["https:\/\/suncasesupply.com\/wp-content\/uploads\/2023\/08\/8ad51000-1c6e-4452-8dd1-f522605f4789.jpg",1719,1800,false],"trp-custom-language-flag":["https:\/\/suncasesupply.com\/wp-content\/uploads\/2023\/08\/8ad51000-1c6e-4452-8dd1-f522605f4789.jpg",11,12,false],"woocommerce_thumbnail":["https:\/\/suncasesupply.com\/wp-content\/uploads\/2023\/08\/8ad51000-1c6e-4452-8dd1-f522605f4789-300x300.jpg",300,300,true],"woocommerce_single":["https:\/\/suncasesupply.com\/wp-content\/uploads\/2023\/08\/8ad51000-1c6e-4452-8dd1-f522605f4789-600x628.jpg",600,628,true],"woocommerce_gallery_thumbnail":["https:\/\/suncasesupply.com\/wp-content\/uploads\/2023\/08\/8ad51000-1c6e-4452-8dd1-f522605f4789-100x100.jpg",100,100,true]},"post_excerpt_stackable":"<p>Model : SC-CM0022<\/p>\n<p>Size: Customized<\/p>\n<p>MOQ: 100pcs<\/p>\n<p>Delivery Time : 15-25 Days<\/p>\n<p>Sample : Available<\/p>\n","category_list":"","author_info":{"name":"","url":""},"comments_num":"0 comments","_links":{"self":[{"href":"https:\/\/suncasesupply.com\/pt\/wp-json\/wp\/v2\/product\/20619"}],"collection":[{"href":"https:\/\/suncasesupply.com\/pt\/wp-json\/wp\/v2\/product"}],"about":[{"href":"https:\/\/suncasesupply.com\/pt\/wp-json\/wp\/v2\/types\/product"}],"wp:featuredmedia":[{"embeddable":true,"href":"https:\/\/suncasesupply.com\/pt\/wp-json\/wp\/v2\/media\/20620"}],"wp:attachment":[{"href":"https:\/\/suncasesupply.com\/pt\/wp-json\/wp\/v2\/media?parent=20619"}],"wp:term":[{"taxonomy":"product_cat","embeddable":true,"href":"https:\/\/suncasesupply.com\/pt\/wp-json\/wp\/v2\/product_cat?post=20619"},{"taxonomy":"product_tag","embeddable":true,"href":"https:\/\/suncasesupply.com\/pt\/wp-json\/wp\/v2\/product_tag?post=20619"}],"curies":[{"name":"wp","href":"https:\/\/api.w.org\/{rel}","templated":true}]}}