{"id":20604,"date":"2023-08-24T18:06:29","date_gmt":"2023-08-24T10:06:29","guid":{"rendered":"https:\/\/suncasesupply.com\/?post_type=product&#038;p=20604"},"modified":"2025-02-26T11:09:34","modified_gmt":"2025-02-26T03:09:34","slug":"portable-makeup-case-cosmetic-beauty-storage-box","status":"publish","type":"product","link":"https:\/\/suncasesupply.com\/pt\/product\/portable-makeup-case-cosmetic-beauty-storage-box\/","title":{"rendered":"Estojo de maquiagem port\u00e1til Caixa de armazenamento de beleza cosm\u00e9tica"},"content":{"rendered":"<p>&nbsp;<\/p>\n<table width=\"774\">\n<tbody>\n<tr>\n<td width=\"177\">Item<\/td>\n<td width=\"597\">Estojo de maquiagem de alum\u00ednio<\/td>\n<\/tr>\n<tr>\n<td>Dimens\u00e3o<\/td>\n<td>35 x 24,5 x 30 cm ou personalizar<\/td>\n<\/tr>\n<tr>\n<td>Cores<\/td>\n<td>Como as imagens mostram ou personalizam<\/td>\n<\/tr>\n<tr>\n<td>Materiais<\/td>\n<td>Alum\u00ednio, painel ABS, placa MDF, forro de EVA\/espuma\/tecido\/PU, ferragens<\/td>\n<\/tr>\n<tr>\n<td>Logotipo<\/td>\n<td>Logotipo da placa de metal, logotipo impresso, logotipo em relevo, logotipo do laser<\/td>\n<\/tr>\n<tr>\n<td>Tempo de amostra<\/td>\n<td>7 dias<\/td>\n<\/tr>\n<tr>\n<td>Porto de embarque<\/td>\n<td>Cant\u00e3o, Shenzhen<\/td>\n<\/tr>\n<tr>\n<td>Termos de negocia\u00e7\u00e3o<\/td>\n<td>EXW, FOB, CIF, DDU, DDP<\/td>\n<\/tr>\n<tr>\n<td>M\u00e9todos de Pagamento<\/td>\n<td>T\/T, dinheiro, PayPal, cart\u00e3o de cr\u00e9dito<\/td>\n<\/tr>\n<\/tbody>\n<\/table>\n<p><span style=\"color: #003366;\">Caracter\u00edsticas:<\/span><\/p>\n<p>Cada estilista de unhas m\u00f3vel pode transportar r\u00e1pida e facilmente os produtos necess\u00e1rios para\u00a0<strong>uma manicure ou pedicure em gel UV.\u00a0<\/strong>Basta pegar mais\u00a0<strong>estojo cosm\u00e9tico espa\u00e7oso!<\/strong>\u00a0Com a sua ajuda voc\u00ea manter\u00e1 seus esmaltes de gel UV, ferramentas e acess\u00f3rios em ordem e ao mesmo tempo facilitar\u00e1 para voc\u00ea\u00a0<strong>armazenar e transportar<\/strong>\u00a0tudo que voc\u00ea precisa durante seu trabalho como estilista m\u00f3vel.\u00a0<strong>Estojo cosm\u00e9tico preto<\/strong>\u00a0da NEONAIL n\u00e3o \u00e9 apenas pr\u00e1tico, mas tamb\u00e9m extremamente elegante\u00a0<strong>\u2013 acess\u00f3rios elegantes e de design\u00a0<\/strong>significa que este produto tamb\u00e9m pode se tornar um elemento decorativo do seu interior.<\/p>","protected":false},"excerpt":{"rendered":"<p>Modelo: SC-CM0020<\/p>\n<p>Tamanho: 35 x 24,5 x 30 cm<\/p>\n<p>Quantidade m\u00ednima: 100 pe\u00e7as<\/p>\n<p>Prazo de entrega: 15-25 dias<\/p>\n<p>Amostra: Dispon\u00edvel<\/p>","protected":false},"featured_media":20609,"template":"","meta":{"_gspb_post_css":""},"product_cat":[96],"product_tag":[],"featured_image_urls":{"full":["https:\/\/suncasesupply.com\/wp-content\/uploads\/2023\/08\/cosmetic-case-m.webp",750,750,false],"thumbnail":["https:\/\/suncasesupply.com\/wp-content\/uploads\/2023\/08\/cosmetic-case-m-150x150.webp",150,150,true],"medium":["https:\/\/suncasesupply.com\/wp-content\/uploads\/2023\/08\/cosmetic-case-m-300x300.webp",300,300,true],"medium_large":["https:\/\/suncasesupply.com\/wp-content\/uploads\/2023\/08\/cosmetic-case-m.webp",750,750,false],"large":["https:\/\/suncasesupply.com\/wp-content\/uploads\/2023\/08\/cosmetic-case-m.webp",750,750,false],"1536x1536":["https:\/\/suncasesupply.com\/wp-content\/uploads\/2023\/08\/cosmetic-case-m.webp",750,750,false],"2048x2048":["https:\/\/suncasesupply.com\/wp-content\/uploads\/2023\/08\/cosmetic-case-m.webp",750,750,false],"trp-custom-language-flag":["https:\/\/suncasesupply.com\/wp-content\/uploads\/2023\/08\/cosmetic-case-m.webp",12,12,false],"woocommerce_thumbnail":["https:\/\/suncasesupply.com\/wp-content\/uploads\/2023\/08\/cosmetic-case-m-300x300.webp",300,300,true],"woocommerce_single":["https:\/\/suncasesupply.com\/wp-content\/uploads\/2023\/08\/cosmetic-case-m-600x600.webp",600,600,true],"woocommerce_gallery_thumbnail":["https:\/\/suncasesupply.com\/wp-content\/uploads\/2023\/08\/cosmetic-case-m-100x100.webp",100,100,true]},"post_excerpt_stackable":"<p>Model : SC-CM0020<\/p>\n<p>Size: 35 x 24.5 x 30 cm<\/p>\n<p>MOQ: 100pcs<\/p>\n<p>Delivery Time : 15-25 Days<\/p>\n<p>Sample : Available<\/p>\n","category_list":"","author_info":{"name":"","url":""},"comments_num":"0 comments","_links":{"self":[{"href":"https:\/\/suncasesupply.com\/pt\/wp-json\/wp\/v2\/product\/20604"}],"collection":[{"href":"https:\/\/suncasesupply.com\/pt\/wp-json\/wp\/v2\/product"}],"about":[{"href":"https:\/\/suncasesupply.com\/pt\/wp-json\/wp\/v2\/types\/product"}],"wp:featuredmedia":[{"embeddable":true,"href":"https:\/\/suncasesupply.com\/pt\/wp-json\/wp\/v2\/media\/20609"}],"wp:attachment":[{"href":"https:\/\/suncasesupply.com\/pt\/wp-json\/wp\/v2\/media?parent=20604"}],"wp:term":[{"taxonomy":"product_cat","embeddable":true,"href":"https:\/\/suncasesupply.com\/pt\/wp-json\/wp\/v2\/product_cat?post=20604"},{"taxonomy":"product_tag","embeddable":true,"href":"https:\/\/suncasesupply.com\/pt\/wp-json\/wp\/v2\/product_tag?post=20604"}],"curies":[{"name":"wp","href":"https:\/\/api.w.org\/{rel}","templated":true}]}}