{"id":20597,"date":"2023-08-24T17:59:46","date_gmt":"2023-08-24T09:59:46","guid":{"rendered":"https:\/\/suncasesupply.com\/?post_type=product&#038;p=20597"},"modified":"2025-02-26T11:10:39","modified_gmt":"2025-02-26T03:10:39","slug":"carry-aluminum-nail-case-cosmetic-storage-case-for-nail-polish","status":"publish","type":"product","link":"https:\/\/suncasesupply.com\/pt\/product\/carry-aluminum-nail-case-cosmetic-storage-case-for-nail-polish\/","title":{"rendered":"Leve caixa de armazenamento cosm\u00e9tico de alum\u00ednio para unhas para esmalte"},"content":{"rendered":"<p>&nbsp;<\/p>\n<table width=\"774\">\n<tbody>\n<tr>\n<td width=\"177\">Item<\/td>\n<td width=\"597\">Estojo de maquiagem de alum\u00ednio<\/td>\n<\/tr>\n<tr>\n<td>Dimens\u00e3o<\/td>\n<td>35*25*40cm ou personalizar<\/td>\n<\/tr>\n<tr>\n<td>Cores<\/td>\n<td>Como as imagens mostram ou personalizam<\/td>\n<\/tr>\n<tr>\n<td>Materiais<\/td>\n<td>Alum\u00ednio, painel ABS, placa MDF, forro de EVA\/espuma\/tecido\/PU, ferragens<\/td>\n<\/tr>\n<tr>\n<td>Logotipo<\/td>\n<td>Logotipo da placa de metal, logotipo impresso, logotipo em relevo, logotipo do laser<\/td>\n<\/tr>\n<tr>\n<td>Tempo de amostra<\/td>\n<td>7 dias<\/td>\n<\/tr>\n<tr>\n<td>Porto de embarque<\/td>\n<td>Cant\u00e3o, Shenzhen<\/td>\n<\/tr>\n<tr>\n<td>Termos de negocia\u00e7\u00e3o<\/td>\n<td>EXW, FOB, CIF, DDU, DDP<\/td>\n<\/tr>\n<tr>\n<td>M\u00e9todos de Pagamento<\/td>\n<td>T\/T, dinheiro, PayPal, cart\u00e3o de cr\u00e9dito<\/td>\n<\/tr>\n<\/tbody>\n<\/table>\n<p><span style=\"color: #003366;\">Caracter\u00edsticas:<\/span><\/p>\n<p><strong>Estojo cosm\u00e9tico\/cabeleireiro<\/strong>\u00a0ideal para estilistas de unhas, esteticistas, maquiadores que trabalham na \u00e1rea ou para guardar cosm\u00e9ticos em casa. O tamanho do porta-malas, de fabrica\u00e7\u00e3o s\u00f3lida, dobr\u00e1vel e idealmente selecionado, permite inserir facilmente uma l\u00e2mpada UV e LED de tamanho normal no interior.<\/p>\n<p><strong>porta-malas<\/strong>\u00a0aberta nas duas faces possui 2 prateleiras deslizantes para pequenos utens\u00edlios, como vernizes h\u00edbridos, pinc\u00e9is, cosm\u00e9ticos pequenos e grandes.<\/p>\n<p>O tamanho do porta-malas, de fabrica\u00e7\u00e3o s\u00f3lida, dobr\u00e1vel e idealmente selecionado, permite inserir facilmente uma l\u00e2mpada UV e LED de tamanho normal no interior. O ba\u00fa dupla face possui prateleiras deslizantes e seguran\u00e7a em forma de duas fechaduras com chave.<\/p>\n<p>Ideal para trabalhos de campo devido ao seu baixo peso. Um ba\u00fa elegante para apresentar produtos durante reuni\u00f5es oficiais, por exemplo, reuni\u00f5es de neg\u00f3cios. Funcionar\u00e1 em qualquer situa\u00e7\u00e3o!<\/p>\n<p><strong>Dois peda\u00e7os<\/strong>\u00a0\u2013 voc\u00ea pode usar toda ou apenas uma parte destac\u00e1vel.<\/p>\n<p>Voc\u00ea pode guardar itens com seguran\u00e7a no porta-malas, gra\u00e7as a duas travas que prendem o conte\u00fado. O porta-malas vem com 2 chaves.<\/p>\n<ul>\n<li class=\"active\">Perfeito para esteticistas e estilistas.<\/li>\n<li>Abertura dupla face.<\/li>\n<li>Tranc\u00e1vel com chave, 2 fechaduras.<\/li>\n<li>Design atemporal \u2013 extremamente exclusivo e moderno.<\/li>\n<li>F\u00e1cil de limpar \u2013 a superf\u00edcie \u00e9 totalmente lav\u00e1vel.<\/li>\n<li>O interior \u00e9 forrado com um material macio imitando veludo.<\/li>\n<li>Pr\u00e1tico \u2013 um ba\u00fa f\u00e1cil de transportar, ideal para guardar cosm\u00e9ticos.<\/li>\n<li>1 compartimento grande na parte superior.<\/li>\n<li>1 compartimento grande na parte inferior.<\/li>\n<li>Capacidade muito grande para l\u00e2mpada LED UV de 48\/54 W<\/li>\n<li>Possui esponjas para vernizes.<\/li>\n<\/ul>","protected":false},"excerpt":{"rendered":"<p>Modelo: SC-CM0019<\/p>\n<p>Tamanho: 35*25*40 cm<\/p>\n<p>Quantidade m\u00ednima: 100 pe\u00e7as<\/p>\n<p>Prazo de entrega: 15-25 dias<\/p>\n<p>Amostra: Dispon\u00edvel<\/p>","protected":false},"featured_media":20598,"template":"","meta":{"_gspb_post_css":""},"product_cat":[96],"product_tag":[],"featured_image_urls":{"full":["https:\/\/suncasesupply.com\/wp-content\/uploads\/2023\/08\/cosmetic-case-l.webp",750,750,false],"thumbnail":["https:\/\/suncasesupply.com\/wp-content\/uploads\/2023\/08\/cosmetic-case-l-150x150.webp",150,150,true],"medium":["https:\/\/suncasesupply.com\/wp-content\/uploads\/2023\/08\/cosmetic-case-l-300x300.webp",300,300,true],"medium_large":["https:\/\/suncasesupply.com\/wp-content\/uploads\/2023\/08\/cosmetic-case-l.webp",750,750,false],"large":["https:\/\/suncasesupply.com\/wp-content\/uploads\/2023\/08\/cosmetic-case-l.webp",750,750,false],"1536x1536":["https:\/\/suncasesupply.com\/wp-content\/uploads\/2023\/08\/cosmetic-case-l.webp",750,750,false],"2048x2048":["https:\/\/suncasesupply.com\/wp-content\/uploads\/2023\/08\/cosmetic-case-l.webp",750,750,false],"trp-custom-language-flag":["https:\/\/suncasesupply.com\/wp-content\/uploads\/2023\/08\/cosmetic-case-l.webp",12,12,false],"woocommerce_thumbnail":["https:\/\/suncasesupply.com\/wp-content\/uploads\/2023\/08\/cosmetic-case-l-300x300.webp",300,300,true],"woocommerce_single":["https:\/\/suncasesupply.com\/wp-content\/uploads\/2023\/08\/cosmetic-case-l-600x600.webp",600,600,true],"woocommerce_gallery_thumbnail":["https:\/\/suncasesupply.com\/wp-content\/uploads\/2023\/08\/cosmetic-case-l-100x100.webp",100,100,true]},"post_excerpt_stackable":"<p>Model : SC-CM0019<\/p>\n<p>Size: 35*25*40 cm<\/p>\n<p>MOQ: 100pcs<\/p>\n<p>Delivery Time : 15-25 Days<\/p>\n<p>Sample : Available<\/p>\n","category_list":"","author_info":{"name":"","url":""},"comments_num":"0 comments","_links":{"self":[{"href":"https:\/\/suncasesupply.com\/pt\/wp-json\/wp\/v2\/product\/20597"}],"collection":[{"href":"https:\/\/suncasesupply.com\/pt\/wp-json\/wp\/v2\/product"}],"about":[{"href":"https:\/\/suncasesupply.com\/pt\/wp-json\/wp\/v2\/types\/product"}],"wp:featuredmedia":[{"embeddable":true,"href":"https:\/\/suncasesupply.com\/pt\/wp-json\/wp\/v2\/media\/20598"}],"wp:attachment":[{"href":"https:\/\/suncasesupply.com\/pt\/wp-json\/wp\/v2\/media?parent=20597"}],"wp:term":[{"taxonomy":"product_cat","embeddable":true,"href":"https:\/\/suncasesupply.com\/pt\/wp-json\/wp\/v2\/product_cat?post=20597"},{"taxonomy":"product_tag","embeddable":true,"href":"https:\/\/suncasesupply.com\/pt\/wp-json\/wp\/v2\/product_tag?post=20597"}],"curies":[{"name":"wp","href":"https:\/\/api.w.org\/{rel}","templated":true}]}}