{"id":20565,"date":"2023-08-24T17:16:11","date_gmt":"2023-08-24T09:16:11","guid":{"rendered":"https:\/\/suncasesupply.com\/?post_type=product&#038;p=20565"},"modified":"2025-02-26T11:11:14","modified_gmt":"2025-02-26T03:11:14","slug":"aluminum-beauty-case-rose-gold-makeup-travel-train-box-cosmetic-salon-box","status":"publish","type":"product","link":"https:\/\/suncasesupply.com\/pt\/product\/aluminum-beauty-case-rose-gold-makeup-travel-train-box-cosmetic-salon-box\/","title":{"rendered":"Estojo de beleza de alum\u00ednio rosa ouro maquiagem caixa de trem de viagem caixa de sal\u00e3o de cosm\u00e9ticos"},"content":{"rendered":"<p>&nbsp;<\/p>\n<table width=\"774\">\n<tbody>\n<tr>\n<td width=\"177\">Item<\/td>\n<td width=\"597\">Estojo de maquiagem de alum\u00ednio<\/td>\n<\/tr>\n<tr>\n<td>Dimens\u00e3o<\/td>\n<td>348*220*249mm ou personalizar<\/td>\n<\/tr>\n<tr>\n<td>Cores<\/td>\n<td>Como as imagens mostram ou personalizam<\/td>\n<\/tr>\n<tr>\n<td>Materiais<\/td>\n<td>Alum\u00ednio, painel ABS, placa MDF, forro de EVA\/espuma\/tecido\/PU, ferragens<\/td>\n<\/tr>\n<tr>\n<td>Logotipo<\/td>\n<td>Logotipo da placa de metal, logotipo impresso, logotipo em relevo, logotipo do laser<\/td>\n<\/tr>\n<tr>\n<td>Tempo de amostra<\/td>\n<td>7 dias<\/td>\n<\/tr>\n<tr>\n<td>Porto de embarque<\/td>\n<td>Cant\u00e3o, Shenzhen<\/td>\n<\/tr>\n<tr>\n<td>Termos de negocia\u00e7\u00e3o<\/td>\n<td>EXW, FOB, CIF, DDU, DDP<\/td>\n<\/tr>\n<tr>\n<td>M\u00e9todos de Pagamento<\/td>\n<td>T\/T, dinheiro, PayPal, cart\u00e3o de cr\u00e9dito<\/td>\n<\/tr>\n<\/tbody>\n<\/table>\n<p><span style=\"color: #003366;\">Caracter\u00edsticas:<\/span><\/p>\n<p>Bandejas com Divis\u00f3rias: 4 bandejas extens\u00edveis possuem 8 divis\u00f3rias ajust\u00e1veis\/remov\u00edveis para personalizar os compartimentos de acordo com suas necessidades, deixando seus cosm\u00e9ticos limpos e arrumados. acabamento requintado reflete qualidade de ponta, muito moderno e elegante, adequado tanto para viagens quanto para uso dom\u00e9stico di\u00e1rio<\/p>","protected":false},"excerpt":{"rendered":"<p>Modelo: SC-CM0014<\/p>\n<p>Tamanho: 348*220*249mm<\/p>\n<p>Quantidade m\u00ednima: 100 pe\u00e7as<br \/>\nPrazo de entrega: 15-25 dias<\/p>\n<p>Amostra: Dispon\u00edvel<\/p>","protected":false},"featured_media":20566,"template":"","meta":{"_gspb_post_css":""},"product_cat":[96],"product_tag":[],"featured_image_urls":{"full":["https:\/\/suncasesupply.com\/wp-content\/uploads\/2023\/08\/79122RG_5000x.jpg",731,731,false],"thumbnail":["https:\/\/suncasesupply.com\/wp-content\/uploads\/2023\/08\/79122RG_5000x-150x150.jpg",150,150,true],"medium":["https:\/\/suncasesupply.com\/wp-content\/uploads\/2023\/08\/79122RG_5000x-300x300.jpg",300,300,true],"medium_large":["https:\/\/suncasesupply.com\/wp-content\/uploads\/2023\/08\/79122RG_5000x.jpg",731,731,false],"large":["https:\/\/suncasesupply.com\/wp-content\/uploads\/2023\/08\/79122RG_5000x.jpg",731,731,false],"1536x1536":["https:\/\/suncasesupply.com\/wp-content\/uploads\/2023\/08\/79122RG_5000x.jpg",731,731,false],"2048x2048":["https:\/\/suncasesupply.com\/wp-content\/uploads\/2023\/08\/79122RG_5000x.jpg",731,731,false],"trp-custom-language-flag":["https:\/\/suncasesupply.com\/wp-content\/uploads\/2023\/08\/79122RG_5000x.jpg",12,12,false],"woocommerce_thumbnail":["https:\/\/suncasesupply.com\/wp-content\/uploads\/2023\/08\/79122RG_5000x-300x300.jpg",300,300,true],"woocommerce_single":["https:\/\/suncasesupply.com\/wp-content\/uploads\/2023\/08\/79122RG_5000x-600x600.jpg",600,600,true],"woocommerce_gallery_thumbnail":["https:\/\/suncasesupply.com\/wp-content\/uploads\/2023\/08\/79122RG_5000x-100x100.jpg",100,100,true]},"post_excerpt_stackable":"<p>Model : SC-CM0014<\/p>\n<p>Size: 348*220 *249 mm<\/p>\n<p>MOQ: 100pcs<br \/>\nDelivery Time : 15-25 Days<\/p>\n<p>Sample : Available<\/p>\n","category_list":"","author_info":{"name":"","url":""},"comments_num":"0 comments","_links":{"self":[{"href":"https:\/\/suncasesupply.com\/pt\/wp-json\/wp\/v2\/product\/20565"}],"collection":[{"href":"https:\/\/suncasesupply.com\/pt\/wp-json\/wp\/v2\/product"}],"about":[{"href":"https:\/\/suncasesupply.com\/pt\/wp-json\/wp\/v2\/types\/product"}],"wp:featuredmedia":[{"embeddable":true,"href":"https:\/\/suncasesupply.com\/pt\/wp-json\/wp\/v2\/media\/20566"}],"wp:attachment":[{"href":"https:\/\/suncasesupply.com\/pt\/wp-json\/wp\/v2\/media?parent=20565"}],"wp:term":[{"taxonomy":"product_cat","embeddable":true,"href":"https:\/\/suncasesupply.com\/pt\/wp-json\/wp\/v2\/product_cat?post=20565"},{"taxonomy":"product_tag","embeddable":true,"href":"https:\/\/suncasesupply.com\/pt\/wp-json\/wp\/v2\/product_tag?post=20565"}],"curies":[{"name":"wp","href":"https:\/\/api.w.org\/{rel}","templated":true}]}}