{"id":20564,"date":"2023-08-24T17:09:20","date_gmt":"2023-08-24T09:09:20","guid":{"rendered":"https:\/\/suncasesupply.com\/?post_type=product&#038;p=20564"},"modified":"2025-02-26T11:11:24","modified_gmt":"2025-02-26T03:11:24","slug":"aluminum-cosmetic-organizer-storage-case-with-mirror-makeup-travel-organizer-jewelry-box","status":"publish","type":"product","link":"https:\/\/suncasesupply.com\/pt\/product\/aluminum-cosmetic-organizer-storage-case-with-mirror-makeup-travel-organizer-jewelry-box\/","title":{"rendered":"Caixa de armazenamento de organizador cosm\u00e9tico de alum\u00ednio com espelho maquiagem organizador de viagem caixa de j\u00f3ias"},"content":{"rendered":"<p>&nbsp;<\/p>\n<table width=\"774\">\n<tbody>\n<tr>\n<td width=\"177\">Item<\/td>\n<td width=\"597\">Estojo de maquiagem de alum\u00ednio<\/td>\n<\/tr>\n<tr>\n<td>Dimens\u00e3o<\/td>\n<td>23 x 15 x 15 cm ou personalizar<\/td>\n<\/tr>\n<tr>\n<td>Cores<\/td>\n<td>Como as imagens mostram ou personalizam<\/td>\n<\/tr>\n<tr>\n<td>Materiais<\/td>\n<td>Alum\u00ednio, painel ABS, placa MDF, forro de EVA\/espuma\/tecido\/PU, ferragens<\/td>\n<\/tr>\n<tr>\n<td>Logotipo<\/td>\n<td>Logotipo da placa de metal, logotipo impresso, logotipo em relevo, logotipo do laser<\/td>\n<\/tr>\n<tr>\n<td>Tempo de amostra<\/td>\n<td>7 dias<\/td>\n<\/tr>\n<tr>\n<td>Porto de embarque<\/td>\n<td>Cant\u00e3o, Shenzhen<\/td>\n<\/tr>\n<tr>\n<td>Termos de negocia\u00e7\u00e3o<\/td>\n<td>EXW, FOB, CIF, DDU, DDP<\/td>\n<\/tr>\n<tr>\n<td>M\u00e9todos de Pagamento<\/td>\n<td>T\/T, dinheiro, PayPal, cart\u00e3o de cr\u00e9dito<\/td>\n<\/tr>\n<\/tbody>\n<\/table>\n<p><span style=\"color: #003366;\">Caracter\u00edsticas:<\/span><\/p>\n<p>S\u00e3o diversas divis\u00f3rias que podem ser colocadas no estojo de maquiagem, bandejas retr\u00e1teis e armazenamento intermedi\u00e1rio remov\u00edvel, que ajudam voc\u00ea a organizar seus cosm\u00e9ticos de forma mais organizada e arrumada. E ajuste-os em comprimentos diferentes para maquiagens de v\u00e1rios tamanhos, para que n\u00e3o derramem. Grandes compartimentos superior e inferior sem divis\u00f3rias podem armazenar alisadores de cabelo, sprays, sacos de escova e outros itens de tamanho relativamente grande. Al\u00e9m disso, tamb\u00e9m possui um espelho embutido, que pode ser desdobrado na posi\u00e7\u00e3o vertical para aplica\u00e7\u00f5es de maquiagem f\u00e1ceis e em movimento.<\/p>","protected":false},"excerpt":{"rendered":"<p>Modelo: SC-CM00113<\/p>\n<p>Tamanho: 23x15x15cm<\/p>\n<p>Quantidade m\u00ednima: 100 pe\u00e7as<br \/>\nPrazo de entrega: 15-25 dias<\/p>\n<p>Amostra: Dispon\u00edvel<\/p>","protected":false},"featured_media":20557,"template":"","meta":{"_gspb_post_css":""},"product_cat":[96],"product_tag":[],"featured_image_urls":{"full":["https:\/\/suncasesupply.com\/wp-content\/uploads\/2023\/08\/5_a3cb2c29-d40a-4daf-905a-f09c588bfc3a_2048x.webp",612,612,false],"thumbnail":["https:\/\/suncasesupply.com\/wp-content\/uploads\/2023\/08\/5_a3cb2c29-d40a-4daf-905a-f09c588bfc3a_2048x-150x150.webp",150,150,true],"medium":["https:\/\/suncasesupply.com\/wp-content\/uploads\/2023\/08\/5_a3cb2c29-d40a-4daf-905a-f09c588bfc3a_2048x-300x300.webp",300,300,true],"medium_large":["https:\/\/suncasesupply.com\/wp-content\/uploads\/2023\/08\/5_a3cb2c29-d40a-4daf-905a-f09c588bfc3a_2048x.webp",612,612,false],"large":["https:\/\/suncasesupply.com\/wp-content\/uploads\/2023\/08\/5_a3cb2c29-d40a-4daf-905a-f09c588bfc3a_2048x.webp",612,612,false],"1536x1536":["https:\/\/suncasesupply.com\/wp-content\/uploads\/2023\/08\/5_a3cb2c29-d40a-4daf-905a-f09c588bfc3a_2048x.webp",612,612,false],"2048x2048":["https:\/\/suncasesupply.com\/wp-content\/uploads\/2023\/08\/5_a3cb2c29-d40a-4daf-905a-f09c588bfc3a_2048x.webp",612,612,false],"trp-custom-language-flag":["https:\/\/suncasesupply.com\/wp-content\/uploads\/2023\/08\/5_a3cb2c29-d40a-4daf-905a-f09c588bfc3a_2048x.webp",12,12,false],"woocommerce_thumbnail":["https:\/\/suncasesupply.com\/wp-content\/uploads\/2023\/08\/5_a3cb2c29-d40a-4daf-905a-f09c588bfc3a_2048x-300x300.webp",300,300,true],"woocommerce_single":["https:\/\/suncasesupply.com\/wp-content\/uploads\/2023\/08\/5_a3cb2c29-d40a-4daf-905a-f09c588bfc3a_2048x-600x600.webp",600,600,true],"woocommerce_gallery_thumbnail":["https:\/\/suncasesupply.com\/wp-content\/uploads\/2023\/08\/5_a3cb2c29-d40a-4daf-905a-f09c588bfc3a_2048x-100x100.webp",100,100,true]},"post_excerpt_stackable":"<p>Model : SC-CM00113<\/p>\n<p>Size: 23 x 15 x 15cm<\/p>\n<p>MOQ: 100pcs<br \/>\nDelivery Time : 15-25 Days<\/p>\n<p>Sample : Available<\/p>\n","category_list":"","author_info":{"name":"","url":""},"comments_num":"0 comments","_links":{"self":[{"href":"https:\/\/suncasesupply.com\/pt\/wp-json\/wp\/v2\/product\/20564"}],"collection":[{"href":"https:\/\/suncasesupply.com\/pt\/wp-json\/wp\/v2\/product"}],"about":[{"href":"https:\/\/suncasesupply.com\/pt\/wp-json\/wp\/v2\/types\/product"}],"wp:featuredmedia":[{"embeddable":true,"href":"https:\/\/suncasesupply.com\/pt\/wp-json\/wp\/v2\/media\/20557"}],"wp:attachment":[{"href":"https:\/\/suncasesupply.com\/pt\/wp-json\/wp\/v2\/media?parent=20564"}],"wp:term":[{"taxonomy":"product_cat","embeddable":true,"href":"https:\/\/suncasesupply.com\/pt\/wp-json\/wp\/v2\/product_cat?post=20564"},{"taxonomy":"product_tag","embeddable":true,"href":"https:\/\/suncasesupply.com\/pt\/wp-json\/wp\/v2\/product_tag?post=20564"}],"curies":[{"name":"wp","href":"https:\/\/api.w.org\/{rel}","templated":true}]}}