{"id":20525,"date":"2023-08-24T16:08:23","date_gmt":"2023-08-24T08:08:23","guid":{"rendered":"https:\/\/suncasesupply.com\/?post_type=product&#038;p=20525"},"modified":"2025-02-20T14:37:03","modified_gmt":"2025-02-20T06:37:03","slug":"carrying-aluminum-lp-storage-case-portable-vinyl-record-case-25-lps","status":"publish","type":"product","link":"https:\/\/suncasesupply.com\/pt\/product\/carrying-aluminum-lp-storage-case-portable-vinyl-record-case-25-lps\/","title":{"rendered":"Estojo de armazenamento de LP de alum\u00ednio para transporte Estojo port\u00e1til para discos de vinil (25 LPs)"},"content":{"rendered":"<p>&nbsp;<\/p>\n<table width=\"774\">\n<tbody>\n<tr>\n<td width=\"177\">Item<\/td>\n<td width=\"597\">Caixa de alum\u00ednio<\/td>\n<\/tr>\n<tr>\n<td>Dimens\u00e3o<\/td>\n<td>36 x 12 x 36 cm ou personalizar<\/td>\n<\/tr>\n<tr>\n<td>Cores<\/td>\n<td>Como as imagens mostram ou personalizam<\/td>\n<\/tr>\n<tr>\n<td>Materiais<\/td>\n<td>Alum\u00ednio, painel ABS, placa MDF, forro de EVA\/espuma\/tecido\/PU, ferragens<\/td>\n<\/tr>\n<tr>\n<td>Logotipo<\/td>\n<td>Logotipo da placa de metal, logotipo impresso, logotipo em relevo, logotipo do laser<\/td>\n<\/tr>\n<tr>\n<td>Tempo de amostra<\/td>\n<td>7 dias<\/td>\n<\/tr>\n<tr>\n<td>Porto de embarque<\/td>\n<td>Cant\u00e3o, Shenzhen<\/td>\n<\/tr>\n<tr>\n<td>Termos de negocia\u00e7\u00e3o<\/td>\n<td>EXW, FOB, CIF, DDU, DDP<\/td>\n<\/tr>\n<tr>\n<td>M\u00e9todos de Pagamento<\/td>\n<td>T\/T, dinheiro, PayPal, cart\u00e3o de cr\u00e9dito<\/td>\n<\/tr>\n<\/tbody>\n<\/table>\n<p><span style=\"color: #003366;\">Caracter\u00edsticas:<\/span><\/p>\n<p>Esta caixa de registro de 12\u2033 foi projetada para arquivar e transportar no m\u00e1ximo 25 LPs de 12 polegadas. Este formato \u00e9 a solu\u00e7\u00e3o mais compacta da s\u00e9rie e \u00e9 ideal para guardar raridades. A tampa da caixa de discos est\u00e1 firmemente instalada em duas dobradi\u00e7as de metal e uma trava de press\u00e3o com chave protege contra roubo de discos individuais.<\/p>\n<p>Apesar de seu design robusto, a caixa do disco tem baixo peso morto e a al\u00e7a da caixa montada na superf\u00edcie torna a caixa facilmente empilh\u00e1vel. A constru\u00e7\u00e3o em alum\u00ednio, pain\u00e9is de MDF plastificados, rebites e estofamento macio no interior garantem \u00f3tima prote\u00e7\u00e3o aos discos. A caixa de disco DJ est\u00e1 dispon\u00edvel em tr\u00eas variantes de cores: prata\/prata, prata\/preto e preto\/preto.<\/p>\n<p>Detalhes t\u00e9cnicos:<br \/>\n\u2022 Estojo de discos com capacidade m\u00e1xima de 25 unidades. Registros de 12\u2033.<br \/>\n\u2022 Tampa fixa, trava de press\u00e3o<br \/>\n\u2022 Material: alum\u00ednio, pain\u00e9is de MDF revestidos de pl\u00e1stico<br \/>\n\u2022 Cantos protetores de metal protegem contra choques e desgaste<br \/>\n\u2022 P\u00e9s de borracha antiderrapantes<br \/>\n\u2022 Dispon\u00edvel em tr\u00eas cores: Prata\/prata, prata\/preto; Preto Preto<br \/>\n\u2022 Dimens\u00f5es (CxLxA): 36 x 12 x 36 cm<br \/>\n\u2022 Peso 2 kg<\/p>","protected":false},"excerpt":{"rendered":"<p>Modelo: SC-LP0022<\/p>\n<p>Tamanho: 36 x 12 x 36 cm<\/p>\n<p>Capacidade: 70 LPs de 12\u2033<\/p>\n<p>Quantidade m\u00ednima: 100 pe\u00e7as<\/p>\n<p>Prazo de entrega: 15-25 dias<\/p>\n<p>Amostra: Dispon\u00edvel<\/p>","protected":false},"featured_media":20526,"template":"","meta":{"_gspb_post_css":""},"product_cat":[83],"product_tag":[],"featured_image_urls":{"full":["https:\/\/suncasesupply.com\/wp-content\/uploads\/2023\/08\/3-vinyl-case-12-record-case-25-lps-silver-silver.webp",970,970,false],"thumbnail":["https:\/\/suncasesupply.com\/wp-content\/uploads\/2023\/08\/3-vinyl-case-12-record-case-25-lps-silver-silver-150x150.webp",150,150,true],"medium":["https:\/\/suncasesupply.com\/wp-content\/uploads\/2023\/08\/3-vinyl-case-12-record-case-25-lps-silver-silver-300x300.webp",300,300,true],"medium_large":["https:\/\/suncasesupply.com\/wp-content\/uploads\/2023\/08\/3-vinyl-case-12-record-case-25-lps-silver-silver-768x768.webp",768,768,true],"large":["https:\/\/suncasesupply.com\/wp-content\/uploads\/2023\/08\/3-vinyl-case-12-record-case-25-lps-silver-silver.webp",970,970,false],"1536x1536":["https:\/\/suncasesupply.com\/wp-content\/uploads\/2023\/08\/3-vinyl-case-12-record-case-25-lps-silver-silver.webp",970,970,false],"2048x2048":["https:\/\/suncasesupply.com\/wp-content\/uploads\/2023\/08\/3-vinyl-case-12-record-case-25-lps-silver-silver.webp",970,970,false],"trp-custom-language-flag":["https:\/\/suncasesupply.com\/wp-content\/uploads\/2023\/08\/3-vinyl-case-12-record-case-25-lps-silver-silver.webp",12,12,false],"woocommerce_thumbnail":["https:\/\/suncasesupply.com\/wp-content\/uploads\/2023\/08\/3-vinyl-case-12-record-case-25-lps-silver-silver-300x300.webp",300,300,true],"woocommerce_single":["https:\/\/suncasesupply.com\/wp-content\/uploads\/2023\/08\/3-vinyl-case-12-record-case-25-lps-silver-silver-600x600.webp",600,600,true],"woocommerce_gallery_thumbnail":["https:\/\/suncasesupply.com\/wp-content\/uploads\/2023\/08\/3-vinyl-case-12-record-case-25-lps-silver-silver-100x100.webp",100,100,true]},"post_excerpt_stackable":"<p>Model : SC-LP0022<\/p>\n<p>Size: 36 x 12 x 36 cm<\/p>\n<p>Capacity: 70 12&#8243; LPs<\/p>\n<p>MOQ: 100pcs<\/p>\n<p>Delivery Time : 15-25 Days<\/p>\n<p>Sample : Available<\/p>\n","category_list":"","author_info":{"name":"","url":""},"comments_num":"0 comments","_links":{"self":[{"href":"https:\/\/suncasesupply.com\/pt\/wp-json\/wp\/v2\/product\/20525"}],"collection":[{"href":"https:\/\/suncasesupply.com\/pt\/wp-json\/wp\/v2\/product"}],"about":[{"href":"https:\/\/suncasesupply.com\/pt\/wp-json\/wp\/v2\/types\/product"}],"wp:featuredmedia":[{"embeddable":true,"href":"https:\/\/suncasesupply.com\/pt\/wp-json\/wp\/v2\/media\/20526"}],"wp:attachment":[{"href":"https:\/\/suncasesupply.com\/pt\/wp-json\/wp\/v2\/media?parent=20525"}],"wp:term":[{"taxonomy":"product_cat","embeddable":true,"href":"https:\/\/suncasesupply.com\/pt\/wp-json\/wp\/v2\/product_cat?post=20525"},{"taxonomy":"product_tag","embeddable":true,"href":"https:\/\/suncasesupply.com\/pt\/wp-json\/wp\/v2\/product_tag?post=20525"}],"curies":[{"name":"wp","href":"https:\/\/api.w.org\/{rel}","templated":true}]}}