{"id":20502,"date":"2023-08-24T15:30:02","date_gmt":"2023-08-24T07:30:02","guid":{"rendered":"https:\/\/suncasesupply.com\/?post_type=product&#038;p=20502"},"modified":"2025-07-14T16:17:24","modified_gmt":"2025-07-14T08:17:24","slug":"leather-portable-record-carrying-case-for-30-vinyl-albums-vinyl-record-storage-box","status":"publish","type":"product","link":"https:\/\/suncasesupply.com\/pt\/product\/leather-portable-record-carrying-case-for-30-vinyl-albums-vinyl-record-storage-box\/","title":{"rendered":"Estojo port\u00e1til de couro para transporte de discos, para mais de 30 \u00e1lbuns de vinil, caixa de armazenamento de discos de vinil"},"content":{"rendered":"<h4><span style=\"color: #003366;\">Caracter\u00edsticas:<\/span><\/h4>\n<p>Este estojo de PU vintage \u00e9 a solu\u00e7\u00e3o perfeita para armazenar e colecionar todos os seus preciosos discos de vinil de 12&quot;. Ele tem um design elegante com couro vermelho por fora e forro preto por dentro, al\u00e9m de ser uma decora\u00e7\u00e3o muito bonita para sua casa e uma boa escolha como presente.<\/p>\n<p>Tem capacidade perfeita para 30 a 50 LPs de 12\u2033. O interior totalmente forrado protege seu vinil contra danos.<\/p>\n<h4><span style=\"color: #003366;\">Detalhes do produto:<\/span><\/h4>\n<div style=\"display: flex; gap: 20px;\">\n<div style=\"flex: 1; text-align: center;\">\n<p><img decoding=\"async\" style=\"max-width: 100%; height: auto; margin-bottom: 10px;\" src=\"https:\/\/suncasesupply.com\/wp-content\/uploads\/2025\/03\/stylish-surface.png\" alt=\"Superf\u00edcie elegante\" \/><\/p>\n<p style=\"font-weight: bold; margin: 5px 0;\">Superf\u00edcie elegante<\/p>\n<p style=\"margin: 0;\">Projetado com couro PU elegante, que \u00e9 muito \u00e0 prova d&#039;\u00e1gua e f\u00e1cil de limpar. N\u00e3o \u00e9 apenas um bom armazenamento de discos, mas tamb\u00e9m uma boa decora\u00e7\u00e3o para sua casa.<\/p>\n<\/div>\n<p><!-- \u7b2c\u4e8c\u680f --><\/p>\n<div style=\"flex: 1; text-align: center;\">\n<p><img decoding=\"async\" style=\"max-width: 100%; height: auto; margin-bottom: 10px;\" src=\"https:\/\/suncasesupply.com\/wp-content\/uploads\/2025\/03\/solid-hardware.png\" alt=\"hardware s\u00f3lido\" \/><\/p>\n<p style=\"font-weight: bold; margin: 5px 0;\">Hardware s\u00f3lido<\/p>\n<p style=\"margin: 0;\">Este estojo de discos \u00e9 constru\u00eddo em alum\u00ednio e madeira, com cantos de metal refor\u00e7ados para maior durabilidade. E o estojo tem uma trava para manter seus discos seguros e protegidos. E sua al\u00e7a resistente e ergon\u00f4mica facilita levar seus discos de vinil para qualquer lugar.<\/p>\n<\/div>\n<p><!-- \u7b2c\u4e09\u680f --><\/p>\n<div style=\"flex: 1; text-align: center;\">\n<p><img decoding=\"async\" style=\"max-width: 100%; height: auto; margin-bottom: 10px;\" src=\"https:\/\/suncasesupply.com\/wp-content\/uploads\/2025\/03\/Fully-lined-interior.png\" alt=\"Interior totalmente forrado\" \/><\/p>\n<p style=\"font-weight: bold; margin: 5px 0;\">Interior totalmente forrado<\/p>\n<p style=\"margin: 0;\">Este estojo LP \u00e9 totalmente forrado com veludo, dando prote\u00e7\u00e3o extra para seus discos de vinil dentro. E h\u00e1 muitas cores que voc\u00ea pode escolher para o forro.<\/p>\n<\/div>\n<p><!-- \u7b2c\u56db\u680f --><\/p>\n<div style=\"flex: 1; text-align: center;\">\n<p><img decoding=\"async\" style=\"max-width: 100%; height: auto; margin-bottom: 10px;\" src=\"https:\/\/suncasesupply.com\/wp-content\/uploads\/2025\/03\/feet-1.png\" alt=\"p\u00e9s\" \/><\/p>\n<p style=\"font-weight: bold; margin: 5px 0;\">P\u00e9s anti-fric\u00e7\u00e3o<\/p>\n<p style=\"margin: 0;\">H\u00e1 4 p\u00e9s instalados na parte de tr\u00e1s da caixa, o que pode evitar atrito e proteger a caixa quando voc\u00ea a coloca sobre a mesa ou no ch\u00e3o, tornando-a mais dur\u00e1vel.<\/p>\n<\/div>\n<\/div>\n<h4><span style=\"color: #003366;\">Processo de fabrica\u00e7\u00e3o da caixa de PU LP:<\/span><\/h4>\n<p><img decoding=\"async\" style=\"max-width: 100%; height: auto; margin-bottom: 10px;\" src=\"https:\/\/suncasesupply.com\/wp-content\/uploads\/2025\/07\/Manufacturing-Process.png\" alt=\"Processo de fabrica\u00e7\u00e3o do Suncase\" \/><\/p>\n<div style=\"display: flex; gap: 20px;\">\n<p><!-- \u7b2c\u4e00\u680f \u6d41\u7a0b1--><\/p>\n<div style=\"flex: 1; text-align: center;\"><\/div>\n<\/div>\n<div style=\"display: flex; gap: 20px;\">\n<div style=\"flex: 1; text-align: center;\">\n<p style=\"font-weight: bold; margin: 5px 0;\">\n<\/div>\n<\/div>\n<h4><span style=\"color: #003366;\">Informa\u00e7\u00f5es \u00fateis para compradores em massa:<\/span><\/h4>\n<ul>\n<li class=\"page-title\" title=\"O que torna os cart\u00f5es esportivos t\u00e3o valiosos?\">\n<p class=\"page-title\" title=\"Qual \u00e9 o tamanho da caixa do disco de vinil?\"><a href=\"https:\/\/suncasesupply.com\/pt\/blog\/size-of-the-vinyl-record-case\/\">Qual \u00e9 o tamanho da caixa do disco de vinil &gt;&gt;<\/a><\/p>\n<\/li>\n<li title=\"O que torna os cart\u00f5es esportivos t\u00e3o valiosos?\"><a href=\"https:\/\/suncasesupply.com\/pt\/blog\/what-vinyl-record-case-made-of\/\">Do que s\u00e3o feitas as caixas de discos de vinil?<\/a><\/li>\n<li title=\"O que torna os cart\u00f5es esportivos t\u00e3o valiosos?\"><a href=\"https:\/\/suncasesupply.com\/pt\/blog\/custom-aluminum-case\/aluminum-storage-box-for-organization\/\">Como armazenar discos de vinil em uma caixa de alum\u00ednio?<\/a><\/li>\n<\/ul>\n<p>&nbsp;<\/p>","protected":false},"excerpt":{"rendered":"<p>Modelo: SC-LP0019<\/p>\n<p>Tamanho: 34x16x36cm<\/p>\n<p>Capacidade: 50 LPs de 12\u2033<\/p>\n<p>Quantidade m\u00ednima: 100 pe\u00e7as<\/p>\n<p>Prazo de entrega: 15-25 dias<\/p>\n<p>Amostra: Dispon\u00edvel<\/p>","protected":false},"featured_media":20508,"template":"","meta":{"_gspb_post_css":""},"product_cat":[83],"product_tag":[],"featured_image_urls":{"full":["https:\/\/suncasesupply.com\/wp-content\/uploads\/2023\/08\/7-9-scaled.jpg",2560,2560,false],"thumbnail":["https:\/\/suncasesupply.com\/wp-content\/uploads\/2023\/08\/7-9-150x150.jpg",150,150,true],"medium":["https:\/\/suncasesupply.com\/wp-content\/uploads\/2023\/08\/7-9-300x300.jpg",300,300,true],"medium_large":["https:\/\/suncasesupply.com\/wp-content\/uploads\/2023\/08\/7-9-768x768.jpg",768,768,true],"large":["https:\/\/suncasesupply.com\/wp-content\/uploads\/2023\/08\/7-9-1024x1024.jpg",1024,1024,true],"1536x1536":["https:\/\/suncasesupply.com\/wp-content\/uploads\/2023\/08\/7-9-1536x1536.jpg",1536,1536,true],"2048x2048":["https:\/\/suncasesupply.com\/wp-content\/uploads\/2023\/08\/7-9-2048x2048.jpg",2048,2048,true],"trp-custom-language-flag":["https:\/\/suncasesupply.com\/wp-content\/uploads\/2023\/08\/7-9-scaled.jpg",12,12,false],"woocommerce_thumbnail":["https:\/\/suncasesupply.com\/wp-content\/uploads\/2023\/08\/7-9-300x300.jpg",300,300,true],"woocommerce_single":["https:\/\/suncasesupply.com\/wp-content\/uploads\/2023\/08\/7-9-600x600.jpg",600,600,true],"woocommerce_gallery_thumbnail":["https:\/\/suncasesupply.com\/wp-content\/uploads\/2023\/08\/7-9-100x100.jpg",100,100,true]},"post_excerpt_stackable":"<p>Model : SC-LP0019<\/p>\n<p>Size: 34 x 16 x 36cm<\/p>\n<p>Capacity: 50 12&#8243; LPs<\/p>\n<p>MOQ: 100pcs<\/p>\n<p>Delivery Time : 15-25 Days<\/p>\n<p>Sample : Available<\/p>\n","category_list":"","author_info":{"name":"","url":""},"comments_num":"0 comments","_links":{"self":[{"href":"https:\/\/suncasesupply.com\/pt\/wp-json\/wp\/v2\/product\/20502"}],"collection":[{"href":"https:\/\/suncasesupply.com\/pt\/wp-json\/wp\/v2\/product"}],"about":[{"href":"https:\/\/suncasesupply.com\/pt\/wp-json\/wp\/v2\/types\/product"}],"wp:featuredmedia":[{"embeddable":true,"href":"https:\/\/suncasesupply.com\/pt\/wp-json\/wp\/v2\/media\/20508"}],"wp:attachment":[{"href":"https:\/\/suncasesupply.com\/pt\/wp-json\/wp\/v2\/media?parent=20502"}],"wp:term":[{"taxonomy":"product_cat","embeddable":true,"href":"https:\/\/suncasesupply.com\/pt\/wp-json\/wp\/v2\/product_cat?post=20502"},{"taxonomy":"product_tag","embeddable":true,"href":"https:\/\/suncasesupply.com\/pt\/wp-json\/wp\/v2\/product_tag?post=20502"}],"curies":[{"name":"wp","href":"https:\/\/api.w.org\/{rel}","templated":true}]}}