{"id":20480,"date":"2023-08-24T14:35:02","date_gmt":"2023-08-24T06:35:02","guid":{"rendered":"https:\/\/suncasesupply.com\/?post_type=product&#038;p=20480"},"modified":"2025-02-20T14:39:52","modified_gmt":"2025-02-20T06:39:52","slug":"pu-vinyl-record-case-leather-lp-case-vintage-brown","status":"publish","type":"product","link":"https:\/\/suncasesupply.com\/pt\/product\/pu-vinyl-record-case-leather-lp-case-vintage-brown\/","title":{"rendered":"Estojo para discos de vinil PU Estojo para LP em couro \u2013 Marrom vintage"},"content":{"rendered":"<p>&nbsp;<\/p>\n<table width=\"774\">\n<tbody>\n<tr>\n<td width=\"177\">Item<\/td>\n<td width=\"597\">Caixa de alum\u00ednio<\/td>\n<\/tr>\n<tr>\n<td>Dimens\u00e3o<\/td>\n<td>34 x 16 x 38 cm ou personalizar<\/td>\n<\/tr>\n<tr>\n<td>Cores<\/td>\n<td>Como as imagens mostram ou personalizam<\/td>\n<\/tr>\n<tr>\n<td>Materiais<\/td>\n<td>Alum\u00ednio, painel ABS, placa MDF, forro de EVA\/espuma\/tecido\/PU, ferragens<\/td>\n<\/tr>\n<tr>\n<td>Logotipo<\/td>\n<td>Logotipo da placa de metal, logotipo impresso, logotipo em relevo, logotipo do laser<\/td>\n<\/tr>\n<tr>\n<td>Tempo de amostra<\/td>\n<td>7 dias<\/td>\n<\/tr>\n<tr>\n<td>Porto de embarque<\/td>\n<td>Cant\u00e3o, Shenzhen<\/td>\n<\/tr>\n<tr>\n<td>Termos de negocia\u00e7\u00e3o<\/td>\n<td>EXW, FOB, CIF, DDU, DDP<\/td>\n<\/tr>\n<tr>\n<td>M\u00e9todos de Pagamento<\/td>\n<td>T\/T, dinheiro, PayPal, cart\u00e3o de cr\u00e9dito<\/td>\n<\/tr>\n<\/tbody>\n<\/table>\n<p><span style=\"color: #003366;\">Caracter\u00edsticas:<\/span><\/p>\n<ul>\n<li>cor marrom vintage<\/li>\n<li>Tampa remov\u00edvel para f\u00e1cil acesso<\/li>\n<li>Armazena at\u00e9 35 registros facilmente<\/li>\n<li>O forro interno de veludo proteger\u00e1 seu vinil<\/li>\n<li>Refor\u00e7a fechos e bordas para prote\u00e7\u00e3o e estilo<\/li>\n<li>Possui al\u00e7a para f\u00e1cil transporte<\/li>\n<li>Os fechos fecham a tampa com seguran\u00e7a para prote\u00e7\u00e3o<\/li>\n<li>Dimens\u00f5es da unidade: 34 x 16 x 38 cm<\/li>\n<li>Peso: 2,5kg<\/li>\n<\/ul>","protected":false},"excerpt":{"rendered":"<p>Modelo: SC-LP0015<\/p>\n<p>Tamanho: 34x16x38cm<\/p>\n<p>Capacidade: 50 LPs de 12\u2033<\/p>\n<p>Quantidade m\u00ednima: 100 pe\u00e7as<\/p>\n<p>Prazo de entrega: 15-25 dias<\/p>\n<p>Amostra: Dispon\u00edvel<\/p>","protected":false},"featured_media":20481,"template":"","meta":{"_gspb_post_css":""},"product_cat":[83],"product_tag":[],"featured_image_urls":{"full":["https:\/\/suncasesupply.com\/wp-content\/uploads\/2023\/08\/GPO-Vinyl-Record-Case-Vintage-Brown-R-6.jpg",1000,1000,false],"thumbnail":["https:\/\/suncasesupply.com\/wp-content\/uploads\/2023\/08\/GPO-Vinyl-Record-Case-Vintage-Brown-R-6-150x150.jpg",150,150,true],"medium":["https:\/\/suncasesupply.com\/wp-content\/uploads\/2023\/08\/GPO-Vinyl-Record-Case-Vintage-Brown-R-6-300x300.jpg",300,300,true],"medium_large":["https:\/\/suncasesupply.com\/wp-content\/uploads\/2023\/08\/GPO-Vinyl-Record-Case-Vintage-Brown-R-6-768x768.jpg",768,768,true],"large":["https:\/\/suncasesupply.com\/wp-content\/uploads\/2023\/08\/GPO-Vinyl-Record-Case-Vintage-Brown-R-6.jpg",1000,1000,false],"1536x1536":["https:\/\/suncasesupply.com\/wp-content\/uploads\/2023\/08\/GPO-Vinyl-Record-Case-Vintage-Brown-R-6.jpg",1000,1000,false],"2048x2048":["https:\/\/suncasesupply.com\/wp-content\/uploads\/2023\/08\/GPO-Vinyl-Record-Case-Vintage-Brown-R-6.jpg",1000,1000,false],"trp-custom-language-flag":["https:\/\/suncasesupply.com\/wp-content\/uploads\/2023\/08\/GPO-Vinyl-Record-Case-Vintage-Brown-R-6.jpg",12,12,false],"woocommerce_thumbnail":["https:\/\/suncasesupply.com\/wp-content\/uploads\/2023\/08\/GPO-Vinyl-Record-Case-Vintage-Brown-R-6-300x300.jpg",300,300,true],"woocommerce_single":["https:\/\/suncasesupply.com\/wp-content\/uploads\/2023\/08\/GPO-Vinyl-Record-Case-Vintage-Brown-R-6-600x600.jpg",600,600,true],"woocommerce_gallery_thumbnail":["https:\/\/suncasesupply.com\/wp-content\/uploads\/2023\/08\/GPO-Vinyl-Record-Case-Vintage-Brown-R-6-100x100.jpg",100,100,true]},"post_excerpt_stackable":"<p>Model : SC-LP0015<\/p>\n<p>Size: 34 x 16 x 38cm<\/p>\n<p>Capacity: 50 12&#8243; LPs<\/p>\n<p>MOQ: 100pcs<\/p>\n<p>Delivery Time : 15-25 Days<\/p>\n<p>Sample : Available<\/p>\n","category_list":"","author_info":{"name":"","url":""},"comments_num":"0 comments","_links":{"self":[{"href":"https:\/\/suncasesupply.com\/pt\/wp-json\/wp\/v2\/product\/20480"}],"collection":[{"href":"https:\/\/suncasesupply.com\/pt\/wp-json\/wp\/v2\/product"}],"about":[{"href":"https:\/\/suncasesupply.com\/pt\/wp-json\/wp\/v2\/types\/product"}],"wp:featuredmedia":[{"embeddable":true,"href":"https:\/\/suncasesupply.com\/pt\/wp-json\/wp\/v2\/media\/20481"}],"wp:attachment":[{"href":"https:\/\/suncasesupply.com\/pt\/wp-json\/wp\/v2\/media?parent=20480"}],"wp:term":[{"taxonomy":"product_cat","embeddable":true,"href":"https:\/\/suncasesupply.com\/pt\/wp-json\/wp\/v2\/product_cat?post=20480"},{"taxonomy":"product_tag","embeddable":true,"href":"https:\/\/suncasesupply.com\/pt\/wp-json\/wp\/v2\/product_tag?post=20480"}],"curies":[{"name":"wp","href":"https:\/\/api.w.org\/{rel}","templated":true}]}}