{"id":20269,"date":"2023-08-23T16:42:26","date_gmt":"2023-08-23T08:42:26","guid":{"rendered":"https:\/\/suncasesupply.com\/?post_type=product&#038;p=20269"},"modified":"2025-02-20T15:04:08","modified_gmt":"2025-02-20T07:04:08","slug":"extra-large-dj-controller-mixer-media-player-case","status":"publish","type":"product","link":"https:\/\/suncasesupply.com\/pt\/product\/extra-large-dj-controller-mixer-media-player-case\/","title":{"rendered":"Estojo extra grande para DJ Controller Mixer Media Player"},"content":{"rendered":"<p>&nbsp;<\/p>\n<table width=\"774\">\n<tbody>\n<tr>\n<td width=\"177\">Item<\/td>\n<td width=\"597\">Bolsa EVA<\/td>\n<\/tr>\n<tr>\n<td>Dimens\u00e3o<\/td>\n<td>58,42*39,37*20,32 cm ou personalizar<\/td>\n<\/tr>\n<tr>\n<td>Cores<\/td>\n<td>Como as imagens mostram ou personalizam<\/td>\n<\/tr>\n<tr>\n<td>Materiais<\/td>\n<td>oxford\/PU, z\u00edperes de pl\u00e1stico\/metal, EVA, PVC, Nylon\u2026<\/td>\n<\/tr>\n<tr>\n<td>Logotipo<\/td>\n<td>Logotipo da placa de metal, logotipo impresso, logotipo em relevo, logotipo do laser<\/td>\n<\/tr>\n<tr>\n<td>Tempo de amostra<\/td>\n<td>7 dias<\/td>\n<\/tr>\n<tr>\n<td>Porto de embarque<\/td>\n<td>Cant\u00e3o, Shenzhen<\/td>\n<\/tr>\n<tr>\n<td>Termos de negocia\u00e7\u00e3o<\/td>\n<td>EXW, FOB, CIF, DDU, DDP<\/td>\n<\/tr>\n<tr>\n<td>M\u00e9todos de Pagamento<\/td>\n<td>T\/T, dinheiro, PayPal, cart\u00e3o de cr\u00e9dito<\/td>\n<\/tr>\n<\/tbody>\n<\/table>\n<p><span style=\"color: #003366;\">Caracter\u00edsticas:<\/span><\/p>\n<div>O case, cases de \u00faltima gera\u00e7\u00e3o para DJ \/ Remixer \/ Produtor em movimento de hoje. Cada design n\u00e3o apenas faz voc\u00ea parecer bem, mas tamb\u00e9m faz voc\u00ea se sentir bem. O case Redline\u2122 Digital XLE permite que voc\u00ea leve uma grande variedade de equipamentos essenciais para sua configura\u00e7\u00e3o digital de um show para outro. Dentro do compartimento principal h\u00e1 inser\u00e7\u00f5es de espuma exclusivas que podem ser facilmente reconfiguradas ou removidas para que voc\u00ea possa armazenar com seguran\u00e7a qualquer coisa que seu show exigir no momento, como mixers e reprodutores de m\u00eddia de mesa de grande formato ou controlador digital como o Denon DN-MC4000, Traktor Kontrol S4 MK2, Numark Mixtrack PRO 3 e NVII ou Pioneer DDJ-RB. Possui bolsos suficientes para guardar todas as suas necessidades e \u00e9 totalmente acolchoado em todos os lugares certos com refor\u00e7o de estrutura de a\u00e7o para o m\u00e1ximo em prote\u00e7\u00e3o de equipamentos digitais.<\/div>","protected":false},"excerpt":{"rendered":"<p>Modelo: SC-EC0003<\/p>\n<p>Tamanho: 58,42*39,37*20,32cm<\/p>\n<p>Quantidade m\u00ednima: 500 pe\u00e7as<\/p>\n<p>Prazo de entrega: 15-25 dias<\/p>\n<p>Amostra: Dispon\u00edvel<\/p>","protected":false},"featured_media":20271,"template":"","meta":{"_gspb_post_css":""},"product_cat":[37],"product_tag":[],"featured_image_urls":{"full":["https:\/\/suncasesupply.com\/wp-content\/uploads\/2023\/08\/brldigitalxle_02.webp",1500,1500,false],"thumbnail":["https:\/\/suncasesupply.com\/wp-content\/uploads\/2023\/08\/brldigitalxle_02-150x150.webp",150,150,true],"medium":["https:\/\/suncasesupply.com\/wp-content\/uploads\/2023\/08\/brldigitalxle_02-300x300.webp",300,300,true],"medium_large":["https:\/\/suncasesupply.com\/wp-content\/uploads\/2023\/08\/brldigitalxle_02-768x768.webp",768,768,true],"large":["https:\/\/suncasesupply.com\/wp-content\/uploads\/2023\/08\/brldigitalxle_02-1024x1024.webp",1024,1024,true],"1536x1536":["https:\/\/suncasesupply.com\/wp-content\/uploads\/2023\/08\/brldigitalxle_02.webp",1500,1500,false],"2048x2048":["https:\/\/suncasesupply.com\/wp-content\/uploads\/2023\/08\/brldigitalxle_02.webp",1500,1500,false],"trp-custom-language-flag":["https:\/\/suncasesupply.com\/wp-content\/uploads\/2023\/08\/brldigitalxle_02.webp",12,12,false],"woocommerce_thumbnail":["https:\/\/suncasesupply.com\/wp-content\/uploads\/2023\/08\/brldigitalxle_02-300x300.webp",300,300,true],"woocommerce_single":["https:\/\/suncasesupply.com\/wp-content\/uploads\/2023\/08\/brldigitalxle_02-600x600.webp",600,600,true],"woocommerce_gallery_thumbnail":["https:\/\/suncasesupply.com\/wp-content\/uploads\/2023\/08\/brldigitalxle_02-100x100.webp",100,100,true]},"post_excerpt_stackable":"<p>Model : SC-EC0003<\/p>\n<p>Size: \u00a058.42*39.37*20.32cm<\/p>\n<p>MOQ: 500pcs<\/p>\n<p>Delivery Time : 15-25 Days<\/p>\n<p>Sample : Available<\/p>\n","category_list":"","author_info":{"name":"","url":""},"comments_num":"0 comments","_links":{"self":[{"href":"https:\/\/suncasesupply.com\/pt\/wp-json\/wp\/v2\/product\/20269"}],"collection":[{"href":"https:\/\/suncasesupply.com\/pt\/wp-json\/wp\/v2\/product"}],"about":[{"href":"https:\/\/suncasesupply.com\/pt\/wp-json\/wp\/v2\/types\/product"}],"wp:featuredmedia":[{"embeddable":true,"href":"https:\/\/suncasesupply.com\/pt\/wp-json\/wp\/v2\/media\/20271"}],"wp:attachment":[{"href":"https:\/\/suncasesupply.com\/pt\/wp-json\/wp\/v2\/media?parent=20269"}],"wp:term":[{"taxonomy":"product_cat","embeddable":true,"href":"https:\/\/suncasesupply.com\/pt\/wp-json\/wp\/v2\/product_cat?post=20269"},{"taxonomy":"product_tag","embeddable":true,"href":"https:\/\/suncasesupply.com\/pt\/wp-json\/wp\/v2\/product_tag?post=20269"}],"curies":[{"name":"wp","href":"https:\/\/api.w.org\/{rel}","templated":true}]}}