{"id":20241,"date":"2023-08-23T16:06:36","date_gmt":"2023-08-23T08:06:36","guid":{"rendered":"https:\/\/suncasesupply.com\/?post_type=product&#038;p=20241"},"modified":"2025-02-26T11:51:28","modified_gmt":"2025-02-26T03:51:28","slug":"custom-screen-flight-case-to-hold-2-screens","status":"publish","type":"product","link":"https:\/\/suncasesupply.com\/pt\/product\/custom-screen-flight-case-to-hold-2-screens\/","title":{"rendered":"Capa de voo com tela personalizada para armazenar 2 telas"},"content":{"rendered":"<p>&nbsp;<\/p>\n<table width=\"774\">\n<tbody>\n<tr>\n<td width=\"177\">Item<\/td>\n<td width=\"597\">Caso de v\u00f4o<\/td>\n<\/tr>\n<tr>\n<td>Dimens\u00e3o<\/td>\n<td>Customizar<\/td>\n<\/tr>\n<tr>\n<td>Cores<\/td>\n<td>Como as imagens mostram ou personalizam<\/td>\n<\/tr>\n<tr>\n<td>Materiais<\/td>\n<td>Alum\u00ednio, madeira compensada, EVA\/espuma\/tecido\/forro de PU, ferragens<\/td>\n<\/tr>\n<tr>\n<td>Logotipo<\/td>\n<td>Logotipo da placa de metal, logotipo impresso, logotipo em relevo, logotipo do laser<\/td>\n<\/tr>\n<tr>\n<td>Tempo de amostra<\/td>\n<td>7 dias<\/td>\n<\/tr>\n<tr>\n<td>Porto de embarque<\/td>\n<td>Cant\u00e3o, Shenzhen<\/td>\n<\/tr>\n<tr>\n<td>Termos de negocia\u00e7\u00e3o<\/td>\n<td>EXW, FOB, CIF, DDU, DDP<\/td>\n<\/tr>\n<tr>\n<td>M\u00e9todos de Pagamento<\/td>\n<td>T\/T, dinheiro, PayPal, cart\u00e3o de cr\u00e9dito<\/td>\n<\/tr>\n<\/tbody>\n<\/table>\n<p><span style=\"color: #003366;\">Caracter\u00edsticas:<\/span><\/p>\n<p>Este case de v\u00f4o foi projetado para acomodar as 2 telas. Hardware Penn garantindo prote\u00e7\u00e3o m\u00e1xima enquanto mant\u00e9m o tamanho externo do case no m\u00ednimo.<\/p>","protected":false},"excerpt":{"rendered":"<p>Modelo: SC-FL0010<\/p>\n<p>Tamanho: Personalizado<\/p>\n<p>Quantidade m\u00ednima: 5 pe\u00e7as<\/p>\n<p>Prazo de entrega: 15-25 dias<\/p>\n<p>Amostra: Dispon\u00edvel<\/p>","protected":false},"featured_media":20242,"template":"","meta":{"_gspb_post_css":""},"product_cat":[94],"product_tag":[],"featured_image_urls":{"full":["https:\/\/suncasesupply.com\/wp-content\/uploads\/2023\/08\/1-21.jpg",1300,1110,false],"thumbnail":["https:\/\/suncasesupply.com\/wp-content\/uploads\/2023\/08\/1-21-150x150.jpg",150,150,true],"medium":["https:\/\/suncasesupply.com\/wp-content\/uploads\/2023\/08\/1-21-300x256.jpg",300,256,true],"medium_large":["https:\/\/suncasesupply.com\/wp-content\/uploads\/2023\/08\/1-21-768x656.jpg",768,656,true],"large":["https:\/\/suncasesupply.com\/wp-content\/uploads\/2023\/08\/1-21-1024x874.jpg",1024,874,true],"1536x1536":["https:\/\/suncasesupply.com\/wp-content\/uploads\/2023\/08\/1-21.jpg",1300,1110,false],"2048x2048":["https:\/\/suncasesupply.com\/wp-content\/uploads\/2023\/08\/1-21.jpg",1300,1110,false],"trp-custom-language-flag":["https:\/\/suncasesupply.com\/wp-content\/uploads\/2023\/08\/1-21.jpg",14,12,false],"woocommerce_thumbnail":["https:\/\/suncasesupply.com\/wp-content\/uploads\/2023\/08\/1-21-300x300.jpg",300,300,true],"woocommerce_single":["https:\/\/suncasesupply.com\/wp-content\/uploads\/2023\/08\/1-21-600x512.jpg",600,512,true],"woocommerce_gallery_thumbnail":["https:\/\/suncasesupply.com\/wp-content\/uploads\/2023\/08\/1-21-100x100.jpg",100,100,true]},"post_excerpt_stackable":"<p>Model : SC-FL0010<\/p>\n<p>Size: Customized<\/p>\n<p>MOQ: 5pcs<\/p>\n<p>Delivery Time : 15-25 Days<\/p>\n<p>Sample : Available<\/p>\n","category_list":"","author_info":{"name":"","url":""},"comments_num":"0 comments","_links":{"self":[{"href":"https:\/\/suncasesupply.com\/pt\/wp-json\/wp\/v2\/product\/20241"}],"collection":[{"href":"https:\/\/suncasesupply.com\/pt\/wp-json\/wp\/v2\/product"}],"about":[{"href":"https:\/\/suncasesupply.com\/pt\/wp-json\/wp\/v2\/types\/product"}],"wp:featuredmedia":[{"embeddable":true,"href":"https:\/\/suncasesupply.com\/pt\/wp-json\/wp\/v2\/media\/20242"}],"wp:attachment":[{"href":"https:\/\/suncasesupply.com\/pt\/wp-json\/wp\/v2\/media?parent=20241"}],"wp:term":[{"taxonomy":"product_cat","embeddable":true,"href":"https:\/\/suncasesupply.com\/pt\/wp-json\/wp\/v2\/product_cat?post=20241"},{"taxonomy":"product_tag","embeddable":true,"href":"https:\/\/suncasesupply.com\/pt\/wp-json\/wp\/v2\/product_tag?post=20241"}],"curies":[{"name":"wp","href":"https:\/\/api.w.org\/{rel}","templated":true}]}}