{"id":20170,"date":"2023-08-23T13:46:13","date_gmt":"2023-08-23T05:46:13","guid":{"rendered":"https:\/\/suncasesupply.com\/?post_type=product&#038;p=20170"},"modified":"2023-08-23T14:00:34","modified_gmt":"2023-08-23T06:00:34","slug":"flight-case-truck-storage-road-case-with-dividers-tray","status":"publish","type":"product","link":"https:\/\/suncasesupply.com\/pt\/product\/flight-case-truck-storage-road-case-with-dividers-tray\/","title":{"rendered":"Flight Case Truck Storage Road Case com bandeja divis\u00f3ria"},"content":{"rendered":"<p>&nbsp;<\/p>\n<table width=\"774\">\n<tbody>\n<tr>\n<td width=\"177\">Item<\/td>\n<td width=\"597\">Caso de v\u00f4o<\/td>\n<\/tr>\n<tr>\n<td>Dimens\u00e3o<\/td>\n<td>Customizar<\/td>\n<\/tr>\n<tr>\n<td>Cores<\/td>\n<td>Como as imagens mostram ou personalizam<\/td>\n<\/tr>\n<tr>\n<td>Materiais<\/td>\n<td>Alum\u00ednio, madeira compensada, EVA\/espuma\/tecido\/forro de PU, ferragens<\/td>\n<\/tr>\n<tr>\n<td>Logotipo<\/td>\n<td>Logotipo da placa de metal, logotipo impresso, logotipo em relevo, logotipo do laser<\/td>\n<\/tr>\n<tr>\n<td>Tempo de amostra<\/td>\n<td>7 dias<\/td>\n<\/tr>\n<tr>\n<td>Porto de embarque<\/td>\n<td>Cant\u00e3o, Shenzhen<\/td>\n<\/tr>\n<tr>\n<td>Termos de negocia\u00e7\u00e3o<\/td>\n<td>EXW, FOB, CIF, DDU, DDP<\/td>\n<\/tr>\n<tr>\n<td>M\u00e9todos de Pagamento<\/td>\n<td>T\/T, dinheiro, PayPal, cart\u00e3o de cr\u00e9dito<\/td>\n<\/tr>\n<\/tbody>\n<\/table>\n<p><span style=\"color: #003366;\">Caracter\u00edsticas:<\/span><\/p>\n<p>O case \u00e9 equipado com dobradi\u00e7as de tampa \u201chold-open\u201d para conveni\u00eancia e seguran\u00e7a. Inclui uma bandeja de utilidades remov\u00edvel e divis\u00f3rias para organizar seu equipamento. Ele tamb\u00e9m vem equipado com rod\u00edzios empilh\u00e1veis e um inserto de etiqueta de apagamento a seco. Este case de estrada resistente foi constru\u00eddo para durar a vida toda*, com sua constru\u00e7\u00e3o robusta e materiais e m\u00e3o de obra de alta qualidade para oferecer a voc\u00ea o m\u00e1ximo em seguran\u00e7a para seu equipamento.<\/p>","protected":false},"excerpt":{"rendered":"<p>Modelo: SC-FL0004<\/p>\n<p>Tamanho: 77,5*61*76,2 cm\/Personalizado<\/p>\n<p>MOQ: Baixo MOQ aceit\u00e1vel<\/p>\n<p>Prazo de entrega: 15-25 dias<\/p>\n<p>Amostra: Dispon\u00edvel<\/p>","protected":false},"featured_media":20171,"template":"","meta":{"_gspb_post_css":""},"product_cat":[39],"product_tag":[],"featured_image_urls":{"full":["https:\/\/suncasesupply.com\/wp-content\/uploads\/2023\/08\/3-9.jpg",2500,2496,false],"thumbnail":["https:\/\/suncasesupply.com\/wp-content\/uploads\/2023\/08\/3-9-150x150.jpg",150,150,true],"medium":["https:\/\/suncasesupply.com\/wp-content\/uploads\/2023\/08\/3-9-300x300.jpg",300,300,true],"medium_large":["https:\/\/suncasesupply.com\/wp-content\/uploads\/2023\/08\/3-9-768x767.jpg",768,767,true],"large":["https:\/\/suncasesupply.com\/wp-content\/uploads\/2023\/08\/3-9-1024x1022.jpg",1024,1022,true],"1536x1536":["https:\/\/suncasesupply.com\/wp-content\/uploads\/2023\/08\/3-9-1536x1534.jpg",1536,1534,true],"2048x2048":["https:\/\/suncasesupply.com\/wp-content\/uploads\/2023\/08\/3-9-2048x2045.jpg",2048,2045,true],"trp-custom-language-flag":["https:\/\/suncasesupply.com\/wp-content\/uploads\/2023\/08\/3-9.jpg",12,12,false],"woocommerce_thumbnail":["https:\/\/suncasesupply.com\/wp-content\/uploads\/2023\/08\/3-9-300x300.jpg",300,300,true],"woocommerce_single":["https:\/\/suncasesupply.com\/wp-content\/uploads\/2023\/08\/3-9-600x599.jpg",600,599,true],"woocommerce_gallery_thumbnail":["https:\/\/suncasesupply.com\/wp-content\/uploads\/2023\/08\/3-9-100x100.jpg",100,100,true]},"post_excerpt_stackable":"<p>Model : SC-FL0004<\/p>\n<p>Size: 77.5*61*76.2cm \/ Customized<\/p>\n<p>MOQ: Low MOQ acceptable<\/p>\n<p>Delivery Time : 15-25 Days<\/p>\n<p>Sample : Available<\/p>\n","category_list":"","author_info":{"name":"","url":""},"comments_num":"0 comments","_links":{"self":[{"href":"https:\/\/suncasesupply.com\/pt\/wp-json\/wp\/v2\/product\/20170"}],"collection":[{"href":"https:\/\/suncasesupply.com\/pt\/wp-json\/wp\/v2\/product"}],"about":[{"href":"https:\/\/suncasesupply.com\/pt\/wp-json\/wp\/v2\/types\/product"}],"wp:featuredmedia":[{"embeddable":true,"href":"https:\/\/suncasesupply.com\/pt\/wp-json\/wp\/v2\/media\/20171"}],"wp:attachment":[{"href":"https:\/\/suncasesupply.com\/pt\/wp-json\/wp\/v2\/media?parent=20170"}],"wp:term":[{"taxonomy":"product_cat","embeddable":true,"href":"https:\/\/suncasesupply.com\/pt\/wp-json\/wp\/v2\/product_cat?post=20170"},{"taxonomy":"product_tag","embeddable":true,"href":"https:\/\/suncasesupply.com\/pt\/wp-json\/wp\/v2\/product_tag?post=20170"}],"curies":[{"name":"wp","href":"https:\/\/api.w.org\/{rel}","templated":true}]}}