{"id":20139,"date":"2023-08-23T11:03:14","date_gmt":"2023-08-23T03:03:14","guid":{"rendered":"https:\/\/suncasesupply.com\/?post_type=product&#038;p=20139"},"modified":"2025-02-26T11:24:07","modified_gmt":"2025-02-26T03:24:07","slug":"double-layer-nail-polish-storage-and-nail-dryer-case-holds-30-bottles","status":"publish","type":"product","link":"https:\/\/suncasesupply.com\/pt\/product\/double-layer-nail-polish-storage-and-nail-dryer-case-holds-30-bottles\/","title":{"rendered":"Armazenamento de esmalte de camada dupla e estojo para secador de unhas comporta 30 garrafas"},"content":{"rendered":"<p>&nbsp;<\/p>\n<table width=\"774\">\n<tbody>\n<tr>\n<td width=\"177\">Item<\/td>\n<td width=\"597\">Maleta maquiagem<\/td>\n<\/tr>\n<tr>\n<td>Dimens\u00e3o<\/td>\n<td>24*20*24cm ou personalizar<\/td>\n<\/tr>\n<tr>\n<td>Cores<\/td>\n<td>Como as imagens mostram ou personalizam<\/td>\n<\/tr>\n<tr>\n<td>Materiais<\/td>\n<td>oxford\/PU, z\u00edperes de pl\u00e1stico\/metal, EVA, PVC, Nylon\u2026<\/td>\n<\/tr>\n<tr>\n<td>Logotipo<\/td>\n<td>Logotipo da placa de metal, logotipo impresso, logotipo em relevo, logotipo do laser<\/td>\n<\/tr>\n<tr>\n<td>Tempo de amostra<\/td>\n<td>7 dias<\/td>\n<\/tr>\n<tr>\n<td>Porto de embarque<\/td>\n<td>Cant\u00e3o, Shenzhen<\/td>\n<\/tr>\n<tr>\n<td>Termos de negocia\u00e7\u00e3o<\/td>\n<td>EXW, FOB, CIF, DDU, DDP<\/td>\n<\/tr>\n<tr>\n<td>M\u00e9todos de Pagamento<\/td>\n<td>T\/T, dinheiro, PayPal, cart\u00e3o de cr\u00e9dito<\/td>\n<\/tr>\n<\/tbody>\n<\/table>\n<p><span style=\"color: #003366;\">Caracter\u00edsticas:<\/span><\/p>\n<p>Capacidade m\u00e1xima 30, PODE armazenar 26 garrafas de esmalte de 0,5Fl Oz\/15ml e bolsos de canto podem conter 4 esmaltes pequenos.<br \/>\nOrganizador de armazenamento de ferramentas de conjunto de esmaltes e manicure com compartimentos duplos. Feito de materiais resistentes para desempenho duradouro. O revestimento externo bem acolchoado oferece excelente prote\u00e7\u00e3o aos frascos de esmalte. Este resistente recipiente organizador de esmaltes \u00e9 ideal tanto para profissionais quanto para amadores de unhas.<br \/>\nO compartimento inferior oferece amplo espa\u00e7o de armazenamento para frascos de esmalte de 0,5Fl Oz\/15ml, capacidade m\u00e1xima de 30. Divis\u00f3rias macias fornecem flexibilidade m\u00e1xima na organiza\u00e7\u00e3o de frascos de tamanhos variados. Eles tamb\u00e9m protegem as garrafas contra esmagamento umas contra as outras<br \/>\nO compartimento superior oferece espa\u00e7o de armazenamento suficiente para l\u00e2mpada de unha e outras ferramentas de manicure, como limas, broca de unha, removedor de esmalte, almofadas de algod\u00e3o e etc.<\/p>","protected":false},"excerpt":{"rendered":"<p>Modelo: SC-MB0013<\/p>\n<p>Tamanho: 24*20*24cm<\/p>\n<p>Quantidade m\u00ednima: 100 pe\u00e7as<\/p>\n<p>Prazo de entrega: 15-25 dias<\/p>\n<p>Amostra: Dispon\u00edvel<\/p>","protected":false},"featured_media":20147,"template":"","meta":{"_gspb_post_css":""},"product_cat":[95],"product_tag":[],"featured_image_urls":{"full":["https:\/\/suncasesupply.com\/wp-content\/uploads\/2023\/08\/1-13-scaled.jpg",2560,2560,false],"thumbnail":["https:\/\/suncasesupply.com\/wp-content\/uploads\/2023\/08\/1-13-150x150.jpg",150,150,true],"medium":["https:\/\/suncasesupply.com\/wp-content\/uploads\/2023\/08\/1-13-300x300.jpg",300,300,true],"medium_large":["https:\/\/suncasesupply.com\/wp-content\/uploads\/2023\/08\/1-13-768x768.jpg",768,768,true],"large":["https:\/\/suncasesupply.com\/wp-content\/uploads\/2023\/08\/1-13-1024x1024.jpg",1024,1024,true],"1536x1536":["https:\/\/suncasesupply.com\/wp-content\/uploads\/2023\/08\/1-13-1536x1536.jpg",1536,1536,true],"2048x2048":["https:\/\/suncasesupply.com\/wp-content\/uploads\/2023\/08\/1-13-2048x2048.jpg",2048,2048,true],"trp-custom-language-flag":["https:\/\/suncasesupply.com\/wp-content\/uploads\/2023\/08\/1-13-scaled.jpg",12,12,false],"woocommerce_thumbnail":["https:\/\/suncasesupply.com\/wp-content\/uploads\/2023\/08\/1-13-300x300.jpg",300,300,true],"woocommerce_single":["https:\/\/suncasesupply.com\/wp-content\/uploads\/2023\/08\/1-13-600x600.jpg",600,600,true],"woocommerce_gallery_thumbnail":["https:\/\/suncasesupply.com\/wp-content\/uploads\/2023\/08\/1-13-100x100.jpg",100,100,true]},"post_excerpt_stackable":"<p>Model : SC-MB0013<\/p>\n<p>Size: 24*20*24cm<\/p>\n<p>MOQ: 100pcs<\/p>\n<p>Delivery Time : 15-25 Days<\/p>\n<p>Sample : Available<\/p>\n","category_list":"","author_info":{"name":"","url":""},"comments_num":"0 comments","_links":{"self":[{"href":"https:\/\/suncasesupply.com\/pt\/wp-json\/wp\/v2\/product\/20139"}],"collection":[{"href":"https:\/\/suncasesupply.com\/pt\/wp-json\/wp\/v2\/product"}],"about":[{"href":"https:\/\/suncasesupply.com\/pt\/wp-json\/wp\/v2\/types\/product"}],"wp:featuredmedia":[{"embeddable":true,"href":"https:\/\/suncasesupply.com\/pt\/wp-json\/wp\/v2\/media\/20147"}],"wp:attachment":[{"href":"https:\/\/suncasesupply.com\/pt\/wp-json\/wp\/v2\/media?parent=20139"}],"wp:term":[{"taxonomy":"product_cat","embeddable":true,"href":"https:\/\/suncasesupply.com\/pt\/wp-json\/wp\/v2\/product_cat?post=20139"},{"taxonomy":"product_tag","embeddable":true,"href":"https:\/\/suncasesupply.com\/pt\/wp-json\/wp\/v2\/product_tag?post=20139"}],"curies":[{"name":"wp","href":"https:\/\/api.w.org\/{rel}","templated":true}]}}