{"id":20132,"date":"2023-08-23T10:57:02","date_gmt":"2023-08-23T02:57:02","guid":{"rendered":"https:\/\/suncasesupply.com\/?post_type=product&#038;p=20132"},"modified":"2025-02-26T11:24:16","modified_gmt":"2025-02-26T03:24:16","slug":"nail-polish-carrying-bag-case-holds-24-bottles-15ml-0-5-fl-oz","status":"publish","type":"product","link":"https:\/\/suncasesupply.com\/pt\/product\/nail-polish-carrying-bag-case-holds-24-bottles-15ml-0-5-fl-oz\/","title":{"rendered":"Bolsa para transporte de esmalte de unha comporta 24 frascos (15ml\/0,5 fl.oz)"},"content":{"rendered":"<p>&nbsp;<\/p>\n<table width=\"774\">\n<tbody>\n<tr>\n<td width=\"177\">Item<\/td>\n<td width=\"597\">Maleta maquiagem<\/td>\n<\/tr>\n<tr>\n<td>Dimens\u00e3o<\/td>\n<td>27*18*9,4 cm ou personalizar<\/td>\n<\/tr>\n<tr>\n<td>Cores<\/td>\n<td>Como as imagens mostram ou personalizam<\/td>\n<\/tr>\n<tr>\n<td>Materiais<\/td>\n<td>oxford\/PU, z\u00edperes de pl\u00e1stico\/metal, EVA, PVC, Nylon\u2026<\/td>\n<\/tr>\n<tr>\n<td>Logotipo<\/td>\n<td>Logotipo da placa de metal, logotipo impresso, logotipo em relevo, logotipo do laser<\/td>\n<\/tr>\n<tr>\n<td>Tempo de amostra<\/td>\n<td>7 dias<\/td>\n<\/tr>\n<tr>\n<td>Porto de embarque<\/td>\n<td>Cant\u00e3o, Shenzhen<\/td>\n<\/tr>\n<tr>\n<td>Termos de negocia\u00e7\u00e3o<\/td>\n<td>EXW, FOB, CIF, DDU, DDP<\/td>\n<\/tr>\n<tr>\n<td>M\u00e9todos de Pagamento<\/td>\n<td>T\/T, dinheiro, PayPal, cart\u00e3o de cr\u00e9dito<\/td>\n<\/tr>\n<\/tbody>\n<\/table>\n<p><span style=\"color: #003366;\">Caracter\u00edsticas:<\/span><\/p>\n<p>O design bem acolchoado ajuda a manter o formato da bolsa e oferece \u00f3tima prote\u00e7\u00e3o para esmaltes. O material de poli\u00e9ster repelente \u00e0 \u00e1gua mant\u00e9m-no longe de poeira e l\u00edquidos. (SOMENTE BOLSA)<br \/>\nO compartimento principal com divis\u00f3ria de frasco ajust\u00e1vel comporta 24 frascos de esmaltes (15ml\/0,5 fl.oz) (at\u00e9 3,6\u2033 de altura). 1 bolsos transparentes com z\u00edper para guardar ferramentas de pontilhamento, pinc\u00e9is, limas, adesivos e outros acess\u00f3rios de manicure.<\/p>","protected":false},"excerpt":{"rendered":"<p>Modelo: SC-MB0012<\/p>\n<p>Tamanho: 27*18*9,4 cm<\/p>\n<p>Quantidade m\u00ednima: 100 pe\u00e7as<\/p>\n<p>Prazo de entrega: 15-25 dias<\/p>\n<p>Amostra: Dispon\u00edvel<\/p>","protected":false},"featured_media":20133,"template":"","meta":{"_gspb_post_css":""},"product_cat":[95],"product_tag":[],"featured_image_urls":{"full":["https:\/\/suncasesupply.com\/wp-content\/uploads\/2023\/08\/71aGYOG6LzL._SL1500_-1.jpg",1500,1500,false],"thumbnail":["https:\/\/suncasesupply.com\/wp-content\/uploads\/2023\/08\/71aGYOG6LzL._SL1500_-1-150x150.jpg",150,150,true],"medium":["https:\/\/suncasesupply.com\/wp-content\/uploads\/2023\/08\/71aGYOG6LzL._SL1500_-1-300x300.jpg",300,300,true],"medium_large":["https:\/\/suncasesupply.com\/wp-content\/uploads\/2023\/08\/71aGYOG6LzL._SL1500_-1-768x768.jpg",768,768,true],"large":["https:\/\/suncasesupply.com\/wp-content\/uploads\/2023\/08\/71aGYOG6LzL._SL1500_-1-1024x1024.jpg",1024,1024,true],"1536x1536":["https:\/\/suncasesupply.com\/wp-content\/uploads\/2023\/08\/71aGYOG6LzL._SL1500_-1.jpg",1500,1500,false],"2048x2048":["https:\/\/suncasesupply.com\/wp-content\/uploads\/2023\/08\/71aGYOG6LzL._SL1500_-1.jpg",1500,1500,false],"trp-custom-language-flag":["https:\/\/suncasesupply.com\/wp-content\/uploads\/2023\/08\/71aGYOG6LzL._SL1500_-1.jpg",12,12,false],"woocommerce_thumbnail":["https:\/\/suncasesupply.com\/wp-content\/uploads\/2023\/08\/71aGYOG6LzL._SL1500_-1-300x300.jpg",300,300,true],"woocommerce_single":["https:\/\/suncasesupply.com\/wp-content\/uploads\/2023\/08\/71aGYOG6LzL._SL1500_-1-600x600.jpg",600,600,true],"woocommerce_gallery_thumbnail":["https:\/\/suncasesupply.com\/wp-content\/uploads\/2023\/08\/71aGYOG6LzL._SL1500_-1-100x100.jpg",100,100,true]},"post_excerpt_stackable":"<p>Model : SC-MB0012<\/p>\n<p>Size: 27*18*9.4cm<\/p>\n<p>MOQ: 100pcs<\/p>\n<p>Delivery Time : 15-25 Days<\/p>\n<p>Sample : Available<\/p>\n","category_list":"","author_info":{"name":"","url":""},"comments_num":"0 comments","_links":{"self":[{"href":"https:\/\/suncasesupply.com\/pt\/wp-json\/wp\/v2\/product\/20132"}],"collection":[{"href":"https:\/\/suncasesupply.com\/pt\/wp-json\/wp\/v2\/product"}],"about":[{"href":"https:\/\/suncasesupply.com\/pt\/wp-json\/wp\/v2\/types\/product"}],"wp:featuredmedia":[{"embeddable":true,"href":"https:\/\/suncasesupply.com\/pt\/wp-json\/wp\/v2\/media\/20133"}],"wp:attachment":[{"href":"https:\/\/suncasesupply.com\/pt\/wp-json\/wp\/v2\/media?parent=20132"}],"wp:term":[{"taxonomy":"product_cat","embeddable":true,"href":"https:\/\/suncasesupply.com\/pt\/wp-json\/wp\/v2\/product_cat?post=20132"},{"taxonomy":"product_tag","embeddable":true,"href":"https:\/\/suncasesupply.com\/pt\/wp-json\/wp\/v2\/product_tag?post=20132"}],"curies":[{"name":"wp","href":"https:\/\/api.w.org\/{rel}","templated":true}]}}